{"id":6321,"date":"2025-03-25T22:31:44","date_gmt":"2025-03-25T21:31:44","guid":{"rendered":"https:\/\/www.barberiayciencia.com\/producto\/champo-anti-queda-de-cabelo-com-cafeina\/"},"modified":"2025-03-25T22:31:44","modified_gmt":"2025-03-25T21:31:44","slug":"champo-anti-queda-de-cabelo-com-cafeina","status":"publish","type":"product","link":"https:\/\/www.barberiayciencia.com\/pt-pt\/producto\/champo-anti-queda-de-cabelo-com-cafeina\/","title":{"rendered":"CHAMP\u00d4 ANTI-QUEDA DE CABELO COM CAFE\u00cdNA"},"content":{"rendered":"<p>Champ\u00f4 adequado para todos os tipos de cabelo, especialmente adequado para cabelos finos e fr\u00e1geis. Ativa a circula\u00e7\u00e3o sangu\u00ednea, estimula o crescimento do cabelo e a velocidade de crescimento do cabelo. Evita a queda prematura do cabelo e a alopecia. Com as propriedades naturais do extrato natural de can\u00e1bis e todos os benef\u00edcios da cafe\u00edna.   <\/p>\n<p>Proporciona beleza ao cabelo, estimula o crescimento, melhora a sa\u00fade do couro cabeludo, previne e trata o excesso de oleosidade e caspa, al\u00e9m de estimular a circula\u00e7\u00e3o sangu\u00ednea, que \u00e9 vital para prolongar a sa\u00fade do bulbo capilar e combater a queda do cabelo.<\/p>\n<p>Por sua vez, possui um alto teor de amino\u00e1cidos, \u00e1cido fen\u00f3lico, Vitamina E, Arginina e antioxidantes. Apresenta uma grande capacidade de absor\u00e7\u00e3o celular, caracter\u00edstica fundamental para a efic\u00e1cia dos \u00e1cidos graxos \u00f4mega 3, 6 e 9, assim como dos demais princ\u00edpios ativos. <\/p>\n<p>O cannabis tamb\u00e9m \u00e9 um potente condicionador e reparador da fibra capilar, gra\u00e7as ao seu alto teor de \u00e1cidos gama-linol\u00eanicos, que desempenham essa fun\u00e7\u00e3o de forma excepcional.<\/p>\n<p>Voc\u00ea pode descobrir todos os&#8230;<span> <\/span><a href=\"https:\/\/okdiario.com\/look\/estilo\/principales-beneficios-del-cannabis-piel-cabello-932279\">benef\u00edcios do cannabis para o seu cabelo.<\/a><span> <\/span>atrav\u00e9s deste link. Se est\u00e1s \u00e0 procura de um champ\u00f4 anti-queda de cabelo revolucion\u00e1rio, inovador e exclusivo, este \u00e9 o produto para ti. De facto, fomos os pioneiros na inclus\u00e3o de extrato natural de can\u00e1bis em champ\u00f4s para combater a queda de cabelo.  <\/p>\n<p>Todos os champ\u00f4s <strong>Barberscience<\/strong> s\u00e3o especialmente desenvolvidos para o cuidado da pele e do cabelo do homem. Com agentes hidratantes e de tratamento, os nossos champ\u00f4s s\u00e3o formulados para combater os diferentes problemas e necessidades dos homens de hoje. <\/p>\n<p class=\"\" data-start=\"0\" data-end=\"199\">Reformul\u00e1mos o nosso champ\u00f4 anti-queda de cabelo habitual adicionando cafe\u00edna devido aos seus m\u00faltiplos benef\u00edcios para o couro cabeludo e o fol\u00edculo piloso. Aqui tens alguns dos seus principais benef\u00edcios: <\/p>\n<h5 data-start=\"201\" data-end=\"250\">1. <strong data-start=\"208\" data-end=\"248\">Estimula o crescimento do cabelo<\/strong><\/h5>\n<ul data-start=\"254\" data-end=\"566\">\n<li class=\"\" data-start=\"254\" data-end=\"436\">\n<p class=\"\" data-start=\"256\" data-end=\"436\">A cafe\u00edna pode ajudar a <strong data-start=\"282\" data-end=\"338\">bloquear os efeitos da DHT (dihidrotestosterona)<\/strong>, a hormona respons\u00e1vel pela miniaturiza\u00e7\u00e3o do fol\u00edculo piloso na alopecia androgen\u00e9tica.<\/p>\n<\/li>\n<li class=\"\" data-start=\"440\" data-end=\"566\">\n<p class=\"\" data-start=\"442\" data-end=\"566\">Promove a <strong data-start=\"454\" data-end=\"470\">fase an\u00e1gena<\/strong> (fase de crescimento do cabelo), ajudando o cabelo a permanecer mais tempo nesta fase.<\/p>\n<\/li>\n<\/ul>\n<h5 data-start=\"568\" data-end=\"607\">2. <strong data-start=\"575\" data-end=\"605\">melhora a microcircula\u00e7\u00e3o<\/strong><\/h5>\n<ul data-start=\"611\" data-end=\"762\">\n<li class=\"\" data-start=\"611\" data-end=\"762\">\n<p class=\"\" data-start=\"613\" data-end=\"762\">A cafe\u00edna <strong data-start=\"624\" data-end=\"683\">estimula a circula\u00e7\u00e3o sangu\u00ednea no couro cabeludo<\/strong>, permitindo que os fol\u00edculos recebam mais oxig\u00e9nio e nutrientes essenciais.<\/p>\n<\/li>\n<\/ul>\n<h5 data-start=\"764\" data-end=\"804\">3. <strong data-start=\"771\" data-end=\"802\">Fortalece o cabelo<\/strong><\/h5>\n<ul data-start=\"808\" data-end=\"900\">\n<li class=\"\" data-start=\"808\" data-end=\"900\">\n<p class=\"\" data-start=\"810\" data-end=\"900\">Reduz a fragilidade do cabelo e melhora a sua resist\u00eancia, evitando que se parta facilmente.<\/p>\n<\/li>\n<\/ul>\n<h5 data-start=\"902\" data-end=\"933\">4. <strong data-start=\"909\" data-end=\"931\">Efeito energizante<\/strong><\/h5>\n<ul data-start=\"937\" data-end=\"1094\">\n<li class=\"\" data-start=\"937\" data-end=\"1094\">\n<p class=\"\" data-start=\"939\" data-end=\"1094\">Ao atuar no metabolismo celular, a cafe\u00edna fornece um <strong data-start=\"1005\" data-end=\"1027\">impulso de energia<\/strong> aos fol\u00edculos capilares, promovendo um crescimento mais saud\u00e1vel.<\/p>\n<\/li>\n<\/ul>\n<h5 data-start=\"1096\" data-end=\"1138\">5. <strong data-start=\"1103\" data-end=\"1136\">Regula\u00e7\u00e3o do excesso de sebo<\/strong><\/h5>\n<ul data-start=\"1142\" data-end=\"1300\">\n<li class=\"\" data-start=\"1142\" data-end=\"1300\">\n<p class=\"\" data-start=\"1144\" data-end=\"1300\">Tem propriedades <strong data-start=\"1162\" data-end=\"1178\">adstringentes<\/strong>, que podem ser \u00fateis para equilibrar a produ\u00e7\u00e3o de \u00f3leo no couro cabeludo, evitando a obstru\u00e7\u00e3o dos poros.<\/p>\n<\/li>\n<\/ul>\n<h5 data-start=\"1302\" data-end=\"1348\">6. <strong data-start=\"1309\" data-end=\"1346\">Absor\u00e7\u00e3o r\u00e1pida e efeito direto<\/strong><\/h5>\n<ul data-start=\"1352\" data-end=\"1517\">\n<li class=\"\" data-start=\"1352\" data-end=\"1517\">\n<p class=\"\" data-start=\"1354\" data-end=\"1517\">Aplicada topicamente no couro cabeludo, a cafe\u00edna \u00e9 <strong data-start=\"1429\" data-end=\"1460\">absorvida em poucos minutos<\/strong> e chega aos fol\u00edculos sem ser metabolizada.<\/p>\n<\/li>\n<\/ul>\n","protected":false},"excerpt":{"rendered":"<p>SHAMPOO ANTI-QUEDA 300 ml<\/p>\n","protected":false},"featured_media":6351,"comment_status":"closed","ping_status":"closed","template":"","meta":{"_joinchat":[]},"product_brand":[],"product_cat":[301,302],"product_tag":[],"class_list":{"0":"post-6321","1":"product","2":"type-product","3":"status-publish","4":"has-post-thumbnail","6":"product_cat-champus-de-tratamiento-pt-pt","7":"product_cat-tratamientos-pt-pt","9":"first","10":"instock","11":"taxable","12":"shipping-taxable","13":"purchasable","14":"product-type-simple"},"yoast_head":"<!-- This site is optimized with the Yoast SEO plugin v27.2 - https:\/\/yoast.com\/product\/yoast-seo-wordpress\/ -->\n<title>CHAMP\u00d4 ANTI-QUEDA DE CABELO COM CAFE\u00cdNA - 1948 BARBERSCIENCE<\/title>\n<meta name=\"description\" content=\"Champ\u00f4 anti-queda de cabelo com cafe\u00edna e CBD adequado para todos os tipos de cabelo, especialmente adequado para cabelos finos e fr\u00e1geis.\" \/>\n<meta name=\"robots\" content=\"index, follow, max-snippet:-1, max-image-preview:large, max-video-preview:-1\" \/>\n<link rel=\"canonical\" href=\"https:\/\/www.barberiayciencia.com\/pt-pt\/producto\/champo-anti-queda-de-cabelo-com-cafeina\/\" \/>\n<meta property=\"og:locale\" content=\"pt_PT\" \/>\n<meta property=\"og:type\" content=\"article\" \/>\n<meta property=\"og:title\" content=\"CHAMP\u00d4 ANTI-QUEDA DE CABELO COM CAFE\u00cdNA - 1948 BARBERSCIENCE\" \/>\n<meta property=\"og:description\" content=\"Champ\u00f4 anti-queda de cabelo com cafe\u00edna e CBD adequado para todos os tipos de cabelo, especialmente adequado para cabelos finos e fr\u00e1geis.\" \/>\n<meta property=\"og:url\" content=\"https:\/\/www.barberiayciencia.com\/pt-pt\/producto\/champo-anti-queda-de-cabelo-com-cafeina\/\" \/>\n<meta property=\"og:site_name\" content=\"1948 BARBERSCIENCE\" \/>\n<meta property=\"article:publisher\" content=\"https:\/\/www.facebook.com\/1948barberscience\" \/>\n<meta property=\"og:image\" content=\"https:\/\/www.barberiayciencia.com\/wp-content\/uploads\/2025\/03\/champu-anticaida-cafeina.jpg\" \/>\n\t<meta property=\"og:image:width\" content=\"800\" \/>\n\t<meta property=\"og:image:height\" content=\"800\" \/>\n\t<meta property=\"og:image:type\" content=\"image\/jpeg\" \/>\n<meta name=\"twitter:card\" content=\"summary_large_image\" \/>\n<meta name=\"twitter:label1\" content=\"Tempo estimado de leitura\" \/>\n\t<meta name=\"twitter:data1\" content=\"3 minutos\" \/>\n<script type=\"application\/ld+json\" class=\"yoast-schema-graph\">{\"@context\":\"https:\/\/schema.org\",\"@graph\":[{\"@type\":\"WebPage\",\"@id\":\"https:\/\/www.barberiayciencia.com\/pt-pt\/producto\/champo-anti-queda-de-cabelo-com-cafeina\/\",\"url\":\"https:\/\/www.barberiayciencia.com\/pt-pt\/producto\/champo-anti-queda-de-cabelo-com-cafeina\/\",\"name\":\"CHAMP\u00d4 ANTI-QUEDA DE CABELO COM CAFE\u00cdNA - 1948 BARBERSCIENCE\",\"isPartOf\":{\"@id\":\"https:\/\/www.barberiayciencia.com\/#website\"},\"primaryImageOfPage\":{\"@id\":\"https:\/\/www.barberiayciencia.com\/pt-pt\/producto\/champo-anti-queda-de-cabelo-com-cafeina\/#primaryimage\"},\"image\":{\"@id\":\"https:\/\/www.barberiayciencia.com\/pt-pt\/producto\/champo-anti-queda-de-cabelo-com-cafeina\/#primaryimage\"},\"thumbnailUrl\":\"https:\/\/www.barberiayciencia.com\/wp-content\/uploads\/2025\/03\/champu-anticaida-cafeina-300.jpg\",\"datePublished\":\"2025-03-25T21:31:44+00:00\",\"description\":\"Champ\u00f4 anti-queda de cabelo com cafe\u00edna e CBD adequado para todos os tipos de cabelo, especialmente adequado para cabelos finos e fr\u00e1geis.\",\"breadcrumb\":{\"@id\":\"https:\/\/www.barberiayciencia.com\/pt-pt\/producto\/champo-anti-queda-de-cabelo-com-cafeina\/#breadcrumb\"},\"inLanguage\":\"pt-PT\",\"potentialAction\":[{\"@type\":\"ReadAction\",\"target\":[\"https:\/\/www.barberiayciencia.com\/pt-pt\/producto\/champo-anti-queda-de-cabelo-com-cafeina\/\"]}]},{\"@type\":\"ImageObject\",\"inLanguage\":\"pt-PT\",\"@id\":\"https:\/\/www.barberiayciencia.com\/pt-pt\/producto\/champo-anti-queda-de-cabelo-com-cafeina\/#primaryimage\",\"url\":\"https:\/\/www.barberiayciencia.com\/wp-content\/uploads\/2025\/03\/champu-anticaida-cafeina-300.jpg\",\"contentUrl\":\"https:\/\/www.barberiayciencia.com\/wp-content\/uploads\/2025\/03\/champu-anticaida-cafeina-300.jpg\",\"width\":800,\"height\":800},{\"@type\":\"BreadcrumbList\",\"@id\":\"https:\/\/www.barberiayciencia.com\/pt-pt\/producto\/champo-anti-queda-de-cabelo-com-cafeina\/#breadcrumb\",\"itemListElement\":[{\"@type\":\"ListItem\",\"position\":1,\"name\":\"Portada\",\"item\":\"https:\/\/www.barberiayciencia.com\/pt-pt\/\"},{\"@type\":\"ListItem\",\"position\":2,\"name\":\"Loja online\",\"item\":\"https:\/\/www.barberiayciencia.com\/pt-pt\/tienda-online\/\"},{\"@type\":\"ListItem\",\"position\":3,\"name\":\"CHAMP\u00d4 ANTI-QUEDA DE CABELO COM CAFE\u00cdNA\"}]},{\"@type\":\"WebSite\",\"@id\":\"https:\/\/www.barberiayciencia.com\/#website\",\"url\":\"https:\/\/www.barberiayciencia.com\/\",\"name\":\"1948 BARBERSCIENCE\",\"description\":\"Alta Cosm\u00e9tica Capilar para Barbershops\",\"publisher\":{\"@id\":\"https:\/\/www.barberiayciencia.com\/#organization\"},\"potentialAction\":[{\"@type\":\"SearchAction\",\"target\":{\"@type\":\"EntryPoint\",\"urlTemplate\":\"https:\/\/www.barberiayciencia.com\/?s={search_term_string}\"},\"query-input\":{\"@type\":\"PropertyValueSpecification\",\"valueRequired\":true,\"valueName\":\"search_term_string\"}}],\"inLanguage\":\"pt-PT\"},{\"@type\":\"Organization\",\"@id\":\"https:\/\/www.barberiayciencia.com\/#organization\",\"name\":\"1948 BARBERSCIENCE\",\"url\":\"https:\/\/www.barberiayciencia.com\/\",\"logo\":{\"@type\":\"ImageObject\",\"inLanguage\":\"pt-PT\",\"@id\":\"https:\/\/www.barberiayciencia.com\/#\/schema\/logo\/image\/\",\"url\":\"https:\/\/www.barberiayciencia.com\/wp-content\/uploads\/2023\/06\/logo-300x159bn.png\",\"contentUrl\":\"https:\/\/www.barberiayciencia.com\/wp-content\/uploads\/2023\/06\/logo-300x159bn.png\",\"width\":300,\"height\":159,\"caption\":\"1948 BARBERSCIENCE\"},\"image\":{\"@id\":\"https:\/\/www.barberiayciencia.com\/#\/schema\/logo\/image\/\"},\"sameAs\":[\"https:\/\/www.facebook.com\/1948barberscience\",\"https:\/\/www.instagram.com\/1948barberscience\/\"]}]}<\/script>\n<!-- \/ Yoast SEO plugin. -->","yoast_head_json":{"title":"CHAMP\u00d4 ANTI-QUEDA DE CABELO COM CAFE\u00cdNA - 1948 BARBERSCIENCE","description":"Champ\u00f4 anti-queda de cabelo com cafe\u00edna e CBD adequado para todos os tipos de cabelo, especialmente adequado para cabelos finos e fr\u00e1geis.","robots":{"index":"index","follow":"follow","max-snippet":"max-snippet:-1","max-image-preview":"max-image-preview:large","max-video-preview":"max-video-preview:-1"},"canonical":"https:\/\/www.barberiayciencia.com\/pt-pt\/producto\/champo-anti-queda-de-cabelo-com-cafeina\/","og_locale":"pt_PT","og_type":"article","og_title":"CHAMP\u00d4 ANTI-QUEDA DE CABELO COM CAFE\u00cdNA - 1948 BARBERSCIENCE","og_description":"Champ\u00f4 anti-queda de cabelo com cafe\u00edna e CBD adequado para todos os tipos de cabelo, especialmente adequado para cabelos finos e fr\u00e1geis.","og_url":"https:\/\/www.barberiayciencia.com\/pt-pt\/producto\/champo-anti-queda-de-cabelo-com-cafeina\/","og_site_name":"1948 BARBERSCIENCE","article_publisher":"https:\/\/www.facebook.com\/1948barberscience","og_image":[{"width":800,"height":800,"url":"https:\/\/www.barberiayciencia.com\/wp-content\/uploads\/2025\/03\/champu-anticaida-cafeina.jpg","type":"image\/jpeg"}],"twitter_card":"summary_large_image","twitter_misc":{"Tempo estimado de leitura":"3 minutos"},"schema":{"@context":"https:\/\/schema.org","@graph":[{"@type":"WebPage","@id":"https:\/\/www.barberiayciencia.com\/pt-pt\/producto\/champo-anti-queda-de-cabelo-com-cafeina\/","url":"https:\/\/www.barberiayciencia.com\/pt-pt\/producto\/champo-anti-queda-de-cabelo-com-cafeina\/","name":"CHAMP\u00d4 ANTI-QUEDA DE CABELO COM CAFE\u00cdNA - 1948 BARBERSCIENCE","isPartOf":{"@id":"https:\/\/www.barberiayciencia.com\/#website"},"primaryImageOfPage":{"@id":"https:\/\/www.barberiayciencia.com\/pt-pt\/producto\/champo-anti-queda-de-cabelo-com-cafeina\/#primaryimage"},"image":{"@id":"https:\/\/www.barberiayciencia.com\/pt-pt\/producto\/champo-anti-queda-de-cabelo-com-cafeina\/#primaryimage"},"thumbnailUrl":"https:\/\/www.barberiayciencia.com\/wp-content\/uploads\/2025\/03\/champu-anticaida-cafeina-300.jpg","datePublished":"2025-03-25T21:31:44+00:00","description":"Champ\u00f4 anti-queda de cabelo com cafe\u00edna e CBD adequado para todos os tipos de cabelo, especialmente adequado para cabelos finos e fr\u00e1geis.","breadcrumb":{"@id":"https:\/\/www.barberiayciencia.com\/pt-pt\/producto\/champo-anti-queda-de-cabelo-com-cafeina\/#breadcrumb"},"inLanguage":"pt-PT","potentialAction":[{"@type":"ReadAction","target":["https:\/\/www.barberiayciencia.com\/pt-pt\/producto\/champo-anti-queda-de-cabelo-com-cafeina\/"]}]},{"@type":"ImageObject","inLanguage":"pt-PT","@id":"https:\/\/www.barberiayciencia.com\/pt-pt\/producto\/champo-anti-queda-de-cabelo-com-cafeina\/#primaryimage","url":"https:\/\/www.barberiayciencia.com\/wp-content\/uploads\/2025\/03\/champu-anticaida-cafeina-300.jpg","contentUrl":"https:\/\/www.barberiayciencia.com\/wp-content\/uploads\/2025\/03\/champu-anticaida-cafeina-300.jpg","width":800,"height":800},{"@type":"BreadcrumbList","@id":"https:\/\/www.barberiayciencia.com\/pt-pt\/producto\/champo-anti-queda-de-cabelo-com-cafeina\/#breadcrumb","itemListElement":[{"@type":"ListItem","position":1,"name":"Portada","item":"https:\/\/www.barberiayciencia.com\/pt-pt\/"},{"@type":"ListItem","position":2,"name":"Loja online","item":"https:\/\/www.barberiayciencia.com\/pt-pt\/tienda-online\/"},{"@type":"ListItem","position":3,"name":"CHAMP\u00d4 ANTI-QUEDA DE CABELO COM CAFE\u00cdNA"}]},{"@type":"WebSite","@id":"https:\/\/www.barberiayciencia.com\/#website","url":"https:\/\/www.barberiayciencia.com\/","name":"1948 BARBERSCIENCE","description":"Alta Cosm\u00e9tica Capilar para Barbershops","publisher":{"@id":"https:\/\/www.barberiayciencia.com\/#organization"},"potentialAction":[{"@type":"SearchAction","target":{"@type":"EntryPoint","urlTemplate":"https:\/\/www.barberiayciencia.com\/?s={search_term_string}"},"query-input":{"@type":"PropertyValueSpecification","valueRequired":true,"valueName":"search_term_string"}}],"inLanguage":"pt-PT"},{"@type":"Organization","@id":"https:\/\/www.barberiayciencia.com\/#organization","name":"1948 BARBERSCIENCE","url":"https:\/\/www.barberiayciencia.com\/","logo":{"@type":"ImageObject","inLanguage":"pt-PT","@id":"https:\/\/www.barberiayciencia.com\/#\/schema\/logo\/image\/","url":"https:\/\/www.barberiayciencia.com\/wp-content\/uploads\/2023\/06\/logo-300x159bn.png","contentUrl":"https:\/\/www.barberiayciencia.com\/wp-content\/uploads\/2023\/06\/logo-300x159bn.png","width":300,"height":159,"caption":"1948 BARBERSCIENCE"},"image":{"@id":"https:\/\/www.barberiayciencia.com\/#\/schema\/logo\/image\/"},"sameAs":["https:\/\/www.facebook.com\/1948barberscience","https:\/\/www.instagram.com\/1948barberscience\/"]}]}},"_links":{"self":[{"href":"https:\/\/www.barberiayciencia.com\/pt-pt\/wp-json\/wp\/v2\/product\/6321","targetHints":{"allow":["GET"]}}],"collection":[{"href":"https:\/\/www.barberiayciencia.com\/pt-pt\/wp-json\/wp\/v2\/product"}],"about":[{"href":"https:\/\/www.barberiayciencia.com\/pt-pt\/wp-json\/wp\/v2\/types\/product"}],"replies":[{"embeddable":true,"href":"https:\/\/www.barberiayciencia.com\/pt-pt\/wp-json\/wp\/v2\/comments?post=6321"}],"wp:featuredmedia":[{"embeddable":true,"href":"https:\/\/www.barberiayciencia.com\/pt-pt\/wp-json\/wp\/v2\/media\/6351"}],"wp:attachment":[{"href":"https:\/\/www.barberiayciencia.com\/pt-pt\/wp-json\/wp\/v2\/media?parent=6321"}],"wp:term":[{"taxonomy":"product_brand","embeddable":true,"href":"https:\/\/www.barberiayciencia.com\/pt-pt\/wp-json\/wp\/v2\/product_brand?post=6321"},{"taxonomy":"product_cat","embeddable":true,"href":"https:\/\/www.barberiayciencia.com\/pt-pt\/wp-json\/wp\/v2\/product_cat?post=6321"},{"taxonomy":"product_tag","embeddable":true,"href":"https:\/\/www.barberiayciencia.com\/pt-pt\/wp-json\/wp\/v2\/product_tag?post=6321"}],"curies":[{"name":"wp","href":"https:\/\/api.w.org\/{rel}","templated":true}]}}