{"id":6272,"date":"2022-04-06T09:51:13","date_gmt":"2022-04-06T07:51:13","guid":{"rendered":"https:\/\/www.barberiayciencia.com\/producto\/soft-pomade-silver-280-ml\/"},"modified":"2025-03-17T14:19:54","modified_gmt":"2025-03-17T13:19:54","slug":"soft-pomade-silver-280-ml","status":"publish","type":"product","link":"https:\/\/www.barberiayciencia.com\/pt-pt\/producto\/soft-pomade-silver-280-ml\/","title":{"rendered":"SOFT POMADE SILVER 280 ML"},"content":{"rendered":"<p>SOFT POMADE SILVER pode ser utilizado tanto no cabelo h\u00famido como no seco, mesmo como base para secar o cabelo com o secador. Consegue sem esfor\u00e7o o melhor acabamento para o teu penteado com um brilho muito natural e um cabelo com aspeto saud\u00e1vel.<\/p>\n<p>A sua textura de densidade m\u00e1xima e de fixa\u00e7\u00e3o m\u00e1xima torna-a \u00fanica quando se trata de moldar o teu cabelo \u00e0 forma desejada, esta qualidade \u00e9 referida por muitos barbeiros como fixa\u00e7\u00e3o imediata.<\/p>\n<p>ALTA COSM\u00c9TICA CAPILAR PARA OS PENTEADOS MAIS EXIGENTES.<\/p>\n","protected":false},"excerpt":{"rendered":"<p style=\"text-align: justify;\">Sem \u00e1lcool, sem parabenos, sem silicone. Embalado a frio para proteger a sa\u00fade dos test\u00edculos e da tiroide, saud\u00e1vel para o couro cabeludo e o cabelo. Reestrutura\u00e7\u00e3o cuticular com resultados vis\u00edveis em poucas aplica\u00e7\u00f5es. Fixa\u00e7\u00e3o m\u00e1xima com efeito de brilho acetinado. A primeira laca do mundo centrada na sa\u00fade e na vida do cabelo, bem como nos melhores resultados para os penteados mais exigentes. Frasco de 280 ml.<\/p>\n","protected":false},"featured_media":6273,"comment_status":"closed","ping_status":"closed","template":"","meta":{"_joinchat":[]},"product_brand":[],"product_cat":[277,281],"product_tag":[],"class_list":{"0":"post-6272","1":"product","2":"type-product","3":"status-publish","4":"has-post-thumbnail","6":"product_cat-acabado-y-fijacion-pt-pt","7":"product_cat-soft-pomade-pt-pt","9":"first","10":"instock","11":"taxable","12":"shipping-taxable","13":"purchasable","14":"product-type-simple"},"yoast_head":"<!-- This site is optimized with the Yoast SEO plugin v27.2 - https:\/\/yoast.com\/product\/yoast-seo-wordpress\/ -->\n<title>SOFT POMADE SILVER 280 ML - 1948 BARBERSCIENCE<\/title>\n<meta name=\"description\" content=\"SOFT POMADE SILVER pode ser utilizado tanto em cabelos secos como molhados, mesmo como base para secar o cabelo com o secador. Tem uma fixa\u00e7\u00e3o e densidade m\u00e1ximas.\" \/>\n<meta name=\"robots\" content=\"index, follow, max-snippet:-1, max-image-preview:large, max-video-preview:-1\" \/>\n<link rel=\"canonical\" href=\"https:\/\/www.barberiayciencia.com\/pt-pt\/producto\/soft-pomade-silver-280-ml\/\" \/>\n<meta property=\"og:locale\" content=\"pt_PT\" \/>\n<meta property=\"og:type\" content=\"article\" \/>\n<meta property=\"og:title\" content=\"SOFT POMADE SILVER 280 ML - 1948 BARBERSCIENCE\" \/>\n<meta property=\"og:description\" content=\"SOFT POMADE SILVER pode ser utilizado tanto em cabelos secos como molhados, mesmo como base para secar o cabelo com o secador. Tem uma fixa\u00e7\u00e3o e densidade m\u00e1ximas.\" \/>\n<meta property=\"og:url\" content=\"https:\/\/www.barberiayciencia.com\/pt-pt\/producto\/soft-pomade-silver-280-ml\/\" \/>\n<meta property=\"og:site_name\" content=\"1948 BARBERSCIENCE\" \/>\n<meta property=\"article:publisher\" content=\"https:\/\/www.facebook.com\/1948barberscience\" \/>\n<meta property=\"article:modified_time\" content=\"2025-03-17T13:19:54+00:00\" \/>\n<meta property=\"og:image\" content=\"https:\/\/www.barberiayciencia.com\/wp-content\/uploads\/2022\/04\/SILVER-280.jpg\" \/>\n\t<meta property=\"og:image:width\" content=\"800\" \/>\n\t<meta property=\"og:image:height\" content=\"800\" \/>\n\t<meta property=\"og:image:type\" content=\"image\/jpeg\" \/>\n<meta name=\"twitter:card\" content=\"summary_large_image\" \/>\n<meta name=\"twitter:label1\" content=\"Tempo estimado de leitura\" \/>\n\t<meta name=\"twitter:data1\" content=\"1 minuto\" \/>\n<script type=\"application\/ld+json\" class=\"yoast-schema-graph\">{\"@context\":\"https:\/\/schema.org\",\"@graph\":[{\"@type\":\"WebPage\",\"@id\":\"https:\/\/www.barberiayciencia.com\/pt-pt\/producto\/soft-pomade-silver-280-ml\/\",\"url\":\"https:\/\/www.barberiayciencia.com\/pt-pt\/producto\/soft-pomade-silver-280-ml\/\",\"name\":\"SOFT POMADE SILVER 280 ML - 1948 BARBERSCIENCE\",\"isPartOf\":{\"@id\":\"https:\/\/www.barberiayciencia.com\/#website\"},\"primaryImageOfPage\":{\"@id\":\"https:\/\/www.barberiayciencia.com\/pt-pt\/producto\/soft-pomade-silver-280-ml\/#primaryimage\"},\"image\":{\"@id\":\"https:\/\/www.barberiayciencia.com\/pt-pt\/producto\/soft-pomade-silver-280-ml\/#primaryimage\"},\"thumbnailUrl\":\"https:\/\/www.barberiayciencia.com\/wp-content\/uploads\/2022\/04\/SILVER-280.jpg\",\"datePublished\":\"2022-04-06T07:51:13+00:00\",\"dateModified\":\"2025-03-17T13:19:54+00:00\",\"description\":\"SOFT POMADE SILVER pode ser utilizado tanto em cabelos secos como molhados, mesmo como base para secar o cabelo com o secador. Tem uma fixa\u00e7\u00e3o e densidade m\u00e1ximas.\",\"breadcrumb\":{\"@id\":\"https:\/\/www.barberiayciencia.com\/pt-pt\/producto\/soft-pomade-silver-280-ml\/#breadcrumb\"},\"inLanguage\":\"pt-PT\",\"potentialAction\":[{\"@type\":\"ReadAction\",\"target\":[\"https:\/\/www.barberiayciencia.com\/pt-pt\/producto\/soft-pomade-silver-280-ml\/\"]}]},{\"@type\":\"ImageObject\",\"inLanguage\":\"pt-PT\",\"@id\":\"https:\/\/www.barberiayciencia.com\/pt-pt\/producto\/soft-pomade-silver-280-ml\/#primaryimage\",\"url\":\"https:\/\/www.barberiayciencia.com\/wp-content\/uploads\/2022\/04\/SILVER-280.jpg\",\"contentUrl\":\"https:\/\/www.barberiayciencia.com\/wp-content\/uploads\/2022\/04\/SILVER-280.jpg\",\"width\":800,\"height\":800},{\"@type\":\"BreadcrumbList\",\"@id\":\"https:\/\/www.barberiayciencia.com\/pt-pt\/producto\/soft-pomade-silver-280-ml\/#breadcrumb\",\"itemListElement\":[{\"@type\":\"ListItem\",\"position\":1,\"name\":\"Portada\",\"item\":\"https:\/\/www.barberiayciencia.com\/pt-pt\/\"},{\"@type\":\"ListItem\",\"position\":2,\"name\":\"Loja online\",\"item\":\"https:\/\/www.barberiayciencia.com\/pt-pt\/tienda-online\/\"},{\"@type\":\"ListItem\",\"position\":3,\"name\":\"SOFT POMADE SILVER 280 ML\"}]},{\"@type\":\"WebSite\",\"@id\":\"https:\/\/www.barberiayciencia.com\/#website\",\"url\":\"https:\/\/www.barberiayciencia.com\/\",\"name\":\"1948 BARBERSCIENCE\",\"description\":\"Alta Cosm\u00e9tica Capilar para Barbershops\",\"publisher\":{\"@id\":\"https:\/\/www.barberiayciencia.com\/#organization\"},\"potentialAction\":[{\"@type\":\"SearchAction\",\"target\":{\"@type\":\"EntryPoint\",\"urlTemplate\":\"https:\/\/www.barberiayciencia.com\/?s={search_term_string}\"},\"query-input\":{\"@type\":\"PropertyValueSpecification\",\"valueRequired\":true,\"valueName\":\"search_term_string\"}}],\"inLanguage\":\"pt-PT\"},{\"@type\":\"Organization\",\"@id\":\"https:\/\/www.barberiayciencia.com\/#organization\",\"name\":\"1948 BARBERSCIENCE\",\"url\":\"https:\/\/www.barberiayciencia.com\/\",\"logo\":{\"@type\":\"ImageObject\",\"inLanguage\":\"pt-PT\",\"@id\":\"https:\/\/www.barberiayciencia.com\/#\/schema\/logo\/image\/\",\"url\":\"https:\/\/www.barberiayciencia.com\/wp-content\/uploads\/2023\/06\/logo-300x159bn.png\",\"contentUrl\":\"https:\/\/www.barberiayciencia.com\/wp-content\/uploads\/2023\/06\/logo-300x159bn.png\",\"width\":300,\"height\":159,\"caption\":\"1948 BARBERSCIENCE\"},\"image\":{\"@id\":\"https:\/\/www.barberiayciencia.com\/#\/schema\/logo\/image\/\"},\"sameAs\":[\"https:\/\/www.facebook.com\/1948barberscience\",\"https:\/\/www.instagram.com\/1948barberscience\/\"]}]}<\/script>\n<!-- \/ Yoast SEO plugin. -->","yoast_head_json":{"title":"SOFT POMADE SILVER 280 ML - 1948 BARBERSCIENCE","description":"SOFT POMADE SILVER pode ser utilizado tanto em cabelos secos como molhados, mesmo como base para secar o cabelo com o secador. Tem uma fixa\u00e7\u00e3o e densidade m\u00e1ximas.","robots":{"index":"index","follow":"follow","max-snippet":"max-snippet:-1","max-image-preview":"max-image-preview:large","max-video-preview":"max-video-preview:-1"},"canonical":"https:\/\/www.barberiayciencia.com\/pt-pt\/producto\/soft-pomade-silver-280-ml\/","og_locale":"pt_PT","og_type":"article","og_title":"SOFT POMADE SILVER 280 ML - 1948 BARBERSCIENCE","og_description":"SOFT POMADE SILVER pode ser utilizado tanto em cabelos secos como molhados, mesmo como base para secar o cabelo com o secador. Tem uma fixa\u00e7\u00e3o e densidade m\u00e1ximas.","og_url":"https:\/\/www.barberiayciencia.com\/pt-pt\/producto\/soft-pomade-silver-280-ml\/","og_site_name":"1948 BARBERSCIENCE","article_publisher":"https:\/\/www.facebook.com\/1948barberscience","article_modified_time":"2025-03-17T13:19:54+00:00","og_image":[{"width":800,"height":800,"url":"https:\/\/www.barberiayciencia.com\/wp-content\/uploads\/2022\/04\/SILVER-280.jpg","type":"image\/jpeg"}],"twitter_card":"summary_large_image","twitter_misc":{"Tempo estimado de leitura":"1 minuto"},"schema":{"@context":"https:\/\/schema.org","@graph":[{"@type":"WebPage","@id":"https:\/\/www.barberiayciencia.com\/pt-pt\/producto\/soft-pomade-silver-280-ml\/","url":"https:\/\/www.barberiayciencia.com\/pt-pt\/producto\/soft-pomade-silver-280-ml\/","name":"SOFT POMADE SILVER 280 ML - 1948 BARBERSCIENCE","isPartOf":{"@id":"https:\/\/www.barberiayciencia.com\/#website"},"primaryImageOfPage":{"@id":"https:\/\/www.barberiayciencia.com\/pt-pt\/producto\/soft-pomade-silver-280-ml\/#primaryimage"},"image":{"@id":"https:\/\/www.barberiayciencia.com\/pt-pt\/producto\/soft-pomade-silver-280-ml\/#primaryimage"},"thumbnailUrl":"https:\/\/www.barberiayciencia.com\/wp-content\/uploads\/2022\/04\/SILVER-280.jpg","datePublished":"2022-04-06T07:51:13+00:00","dateModified":"2025-03-17T13:19:54+00:00","description":"SOFT POMADE SILVER pode ser utilizado tanto em cabelos secos como molhados, mesmo como base para secar o cabelo com o secador. Tem uma fixa\u00e7\u00e3o e densidade m\u00e1ximas.","breadcrumb":{"@id":"https:\/\/www.barberiayciencia.com\/pt-pt\/producto\/soft-pomade-silver-280-ml\/#breadcrumb"},"inLanguage":"pt-PT","potentialAction":[{"@type":"ReadAction","target":["https:\/\/www.barberiayciencia.com\/pt-pt\/producto\/soft-pomade-silver-280-ml\/"]}]},{"@type":"ImageObject","inLanguage":"pt-PT","@id":"https:\/\/www.barberiayciencia.com\/pt-pt\/producto\/soft-pomade-silver-280-ml\/#primaryimage","url":"https:\/\/www.barberiayciencia.com\/wp-content\/uploads\/2022\/04\/SILVER-280.jpg","contentUrl":"https:\/\/www.barberiayciencia.com\/wp-content\/uploads\/2022\/04\/SILVER-280.jpg","width":800,"height":800},{"@type":"BreadcrumbList","@id":"https:\/\/www.barberiayciencia.com\/pt-pt\/producto\/soft-pomade-silver-280-ml\/#breadcrumb","itemListElement":[{"@type":"ListItem","position":1,"name":"Portada","item":"https:\/\/www.barberiayciencia.com\/pt-pt\/"},{"@type":"ListItem","position":2,"name":"Loja online","item":"https:\/\/www.barberiayciencia.com\/pt-pt\/tienda-online\/"},{"@type":"ListItem","position":3,"name":"SOFT POMADE SILVER 280 ML"}]},{"@type":"WebSite","@id":"https:\/\/www.barberiayciencia.com\/#website","url":"https:\/\/www.barberiayciencia.com\/","name":"1948 BARBERSCIENCE","description":"Alta Cosm\u00e9tica Capilar para Barbershops","publisher":{"@id":"https:\/\/www.barberiayciencia.com\/#organization"},"potentialAction":[{"@type":"SearchAction","target":{"@type":"EntryPoint","urlTemplate":"https:\/\/www.barberiayciencia.com\/?s={search_term_string}"},"query-input":{"@type":"PropertyValueSpecification","valueRequired":true,"valueName":"search_term_string"}}],"inLanguage":"pt-PT"},{"@type":"Organization","@id":"https:\/\/www.barberiayciencia.com\/#organization","name":"1948 BARBERSCIENCE","url":"https:\/\/www.barberiayciencia.com\/","logo":{"@type":"ImageObject","inLanguage":"pt-PT","@id":"https:\/\/www.barberiayciencia.com\/#\/schema\/logo\/image\/","url":"https:\/\/www.barberiayciencia.com\/wp-content\/uploads\/2023\/06\/logo-300x159bn.png","contentUrl":"https:\/\/www.barberiayciencia.com\/wp-content\/uploads\/2023\/06\/logo-300x159bn.png","width":300,"height":159,"caption":"1948 BARBERSCIENCE"},"image":{"@id":"https:\/\/www.barberiayciencia.com\/#\/schema\/logo\/image\/"},"sameAs":["https:\/\/www.facebook.com\/1948barberscience","https:\/\/www.instagram.com\/1948barberscience\/"]}]}},"_links":{"self":[{"href":"https:\/\/www.barberiayciencia.com\/pt-pt\/wp-json\/wp\/v2\/product\/6272","targetHints":{"allow":["GET"]}}],"collection":[{"href":"https:\/\/www.barberiayciencia.com\/pt-pt\/wp-json\/wp\/v2\/product"}],"about":[{"href":"https:\/\/www.barberiayciencia.com\/pt-pt\/wp-json\/wp\/v2\/types\/product"}],"replies":[{"embeddable":true,"href":"https:\/\/www.barberiayciencia.com\/pt-pt\/wp-json\/wp\/v2\/comments?post=6272"}],"wp:featuredmedia":[{"embeddable":true,"href":"https:\/\/www.barberiayciencia.com\/pt-pt\/wp-json\/wp\/v2\/media\/6273"}],"wp:attachment":[{"href":"https:\/\/www.barberiayciencia.com\/pt-pt\/wp-json\/wp\/v2\/media?parent=6272"}],"wp:term":[{"taxonomy":"product_brand","embeddable":true,"href":"https:\/\/www.barberiayciencia.com\/pt-pt\/wp-json\/wp\/v2\/product_brand?post=6272"},{"taxonomy":"product_cat","embeddable":true,"href":"https:\/\/www.barberiayciencia.com\/pt-pt\/wp-json\/wp\/v2\/product_cat?post=6272"},{"taxonomy":"product_tag","embeddable":true,"href":"https:\/\/www.barberiayciencia.com\/pt-pt\/wp-json\/wp\/v2\/product_tag?post=6272"}],"curies":[{"name":"wp","href":"https:\/\/api.w.org\/{rel}","templated":true}]}}