{"id":6270,"date":"2022-04-19T08:34:45","date_gmt":"2022-04-19T06:34:45","guid":{"rendered":"https:\/\/www.barberiayciencia.com\/producto\/pomada-sophisticated\/"},"modified":"2025-03-17T14:17:36","modified_gmt":"2025-03-17T13:17:36","slug":"pomada-sophisticated","status":"publish","type":"product","link":"https:\/\/www.barberiayciencia.com\/pt-pt\/producto\/pomada-sophisticated\/","title":{"rendered":"POMADA SOPHISTICATED"},"content":{"rendered":"<p style=\"text-align: justify;\">Textura de grande consist\u00eancia, f\u00e1cil de pentear e com uma grande fixa\u00e7\u00e3o flex\u00edvel. Adequado para todos os tipos de penteados, especialmente em cabelos secos, proporciona um brilho espetacular gra\u00e7as \u00e0s suas subst\u00e2ncias abrilhantadoras, sem dar ao cabelo uma sensa\u00e7\u00e3o de humidade, ao contr\u00e1rio dos g\u00e9is fixadores. N\u00edvel de brilho m\u00e9dio e natural. A menos viscosa, mais limpa e menos gordurosa de todas as ceras de brilho. Lava-se ao primeiro contacto com a \u00e1gua.<\/p>\n<p>HAIR POMADE SOPHISTICATED \u00e9 um adjuvante perfeito para a vida do cabelo e para a sa\u00fade geral do couro cabeludo, reestruturando o cabelo e o couro cabeludo com resultados vis\u00edveis em poucos dias de utiliza\u00e7\u00e3o cont\u00ednua, mesmo em cabelos descolorados! Aplicados diretamente no couro cabeludo para pentear, s\u00e3o a terapia p\u00f3s-descolora\u00e7\u00e3o perfeita, combatendo a secura, a comich\u00e3o, a irritabilidade e a micro-inflama\u00e7\u00e3o causadas pela descolora\u00e7\u00e3o, t\u00e3o prejudicial \u00e0 alopecia androg\u00e9nica.<\/p>\n<p>COSM\u00c9TICOS CAPILARES DE ALTA QUALIDADE PARA HOMENS EXIGENTES.<\/p>\n","protected":false},"excerpt":{"rendered":"<p>Pomada SOPHISTICATED 130 ml.<\/p>\n","protected":false},"featured_media":6271,"comment_status":"closed","ping_status":"closed","template":"","meta":{"_joinchat":[]},"product_brand":[],"product_cat":[277,280],"product_tag":[],"class_list":{"0":"post-6270","1":"product","2":"type-product","3":"status-publish","4":"has-post-thumbnail","6":"product_cat-acabado-y-fijacion-pt-pt","7":"product_cat-pomadas-pt-pt","9":"first","10":"instock","11":"taxable","12":"shipping-taxable","13":"purchasable","14":"product-type-simple"},"yoast_head":"<!-- This site is optimized with the Yoast SEO plugin v27.2 - https:\/\/yoast.com\/product\/yoast-seo-wordpress\/ -->\n<title>POMADA SOPHISTICATED - 1948 BARBERSCIENCE<\/title>\n<meta name=\"description\" content=\"POMADA SOPHISTICATED. Pomada SOPHISTICATED para todos os tipos de cabelo e penteados, cl\u00e1ssicos e modernos. Pode ser usada seca ou molhada.\" \/>\n<meta name=\"robots\" content=\"index, follow, max-snippet:-1, max-image-preview:large, max-video-preview:-1\" \/>\n<link rel=\"canonical\" href=\"https:\/\/www.barberiayciencia.com\/pt-pt\/producto\/pomada-sophisticated\/\" \/>\n<meta property=\"og:locale\" content=\"pt_PT\" \/>\n<meta property=\"og:type\" content=\"article\" \/>\n<meta property=\"og:title\" content=\"POMADA SOPHISTICATED - 1948 BARBERSCIENCE\" \/>\n<meta property=\"og:description\" content=\"POMADA SOPHISTICATED. Pomada SOPHISTICATED para todos os tipos de cabelo e penteados, cl\u00e1ssicos e modernos. Pode ser usada seca ou molhada.\" \/>\n<meta property=\"og:url\" content=\"https:\/\/www.barberiayciencia.com\/pt-pt\/producto\/pomada-sophisticated\/\" \/>\n<meta property=\"og:site_name\" content=\"1948 BARBERSCIENCE\" \/>\n<meta property=\"article:publisher\" content=\"https:\/\/www.facebook.com\/1948barberscience\" \/>\n<meta property=\"article:modified_time\" content=\"2025-03-17T13:17:36+00:00\" \/>\n<meta property=\"og:image\" content=\"https:\/\/www.barberiayciencia.com\/wp-content\/uploads\/2022\/04\/SOPHISTICATED.jpg\" \/>\n\t<meta property=\"og:image:width\" content=\"800\" \/>\n\t<meta property=\"og:image:height\" content=\"800\" \/>\n\t<meta property=\"og:image:type\" content=\"image\/jpeg\" \/>\n<meta name=\"twitter:card\" content=\"summary_large_image\" \/>\n<meta name=\"twitter:label1\" content=\"Tempo estimado de leitura\" \/>\n\t<meta name=\"twitter:data1\" content=\"1 minuto\" \/>\n<script type=\"application\/ld+json\" class=\"yoast-schema-graph\">{\"@context\":\"https:\/\/schema.org\",\"@graph\":[{\"@type\":\"WebPage\",\"@id\":\"https:\/\/www.barberiayciencia.com\/pt-pt\/producto\/pomada-sophisticated\/\",\"url\":\"https:\/\/www.barberiayciencia.com\/pt-pt\/producto\/pomada-sophisticated\/\",\"name\":\"POMADA SOPHISTICATED - 1948 BARBERSCIENCE\",\"isPartOf\":{\"@id\":\"https:\/\/www.barberiayciencia.com\/#website\"},\"primaryImageOfPage\":{\"@id\":\"https:\/\/www.barberiayciencia.com\/pt-pt\/producto\/pomada-sophisticated\/#primaryimage\"},\"image\":{\"@id\":\"https:\/\/www.barberiayciencia.com\/pt-pt\/producto\/pomada-sophisticated\/#primaryimage\"},\"thumbnailUrl\":\"https:\/\/www.barberiayciencia.com\/wp-content\/uploads\/2022\/04\/SOPHISTICATED.jpg\",\"datePublished\":\"2022-04-19T06:34:45+00:00\",\"dateModified\":\"2025-03-17T13:17:36+00:00\",\"description\":\"POMADA SOPHISTICATED. Pomada SOPHISTICATED para todos os tipos de cabelo e penteados, cl\u00e1ssicos e modernos. Pode ser usada seca ou molhada.\",\"breadcrumb\":{\"@id\":\"https:\/\/www.barberiayciencia.com\/pt-pt\/producto\/pomada-sophisticated\/#breadcrumb\"},\"inLanguage\":\"pt-PT\",\"potentialAction\":[{\"@type\":\"ReadAction\",\"target\":[\"https:\/\/www.barberiayciencia.com\/pt-pt\/producto\/pomada-sophisticated\/\"]}]},{\"@type\":\"ImageObject\",\"inLanguage\":\"pt-PT\",\"@id\":\"https:\/\/www.barberiayciencia.com\/pt-pt\/producto\/pomada-sophisticated\/#primaryimage\",\"url\":\"https:\/\/www.barberiayciencia.com\/wp-content\/uploads\/2022\/04\/SOPHISTICATED.jpg\",\"contentUrl\":\"https:\/\/www.barberiayciencia.com\/wp-content\/uploads\/2022\/04\/SOPHISTICATED.jpg\",\"width\":800,\"height\":800},{\"@type\":\"BreadcrumbList\",\"@id\":\"https:\/\/www.barberiayciencia.com\/pt-pt\/producto\/pomada-sophisticated\/#breadcrumb\",\"itemListElement\":[{\"@type\":\"ListItem\",\"position\":1,\"name\":\"Portada\",\"item\":\"https:\/\/www.barberiayciencia.com\/pt-pt\/\"},{\"@type\":\"ListItem\",\"position\":2,\"name\":\"Loja online\",\"item\":\"https:\/\/www.barberiayciencia.com\/pt-pt\/tienda-online\/\"},{\"@type\":\"ListItem\",\"position\":3,\"name\":\"POMADA SOPHISTICATED\"}]},{\"@type\":\"WebSite\",\"@id\":\"https:\/\/www.barberiayciencia.com\/#website\",\"url\":\"https:\/\/www.barberiayciencia.com\/\",\"name\":\"1948 BARBERSCIENCE\",\"description\":\"Alta Cosm\u00e9tica Capilar para Barbershops\",\"publisher\":{\"@id\":\"https:\/\/www.barberiayciencia.com\/#organization\"},\"potentialAction\":[{\"@type\":\"SearchAction\",\"target\":{\"@type\":\"EntryPoint\",\"urlTemplate\":\"https:\/\/www.barberiayciencia.com\/?s={search_term_string}\"},\"query-input\":{\"@type\":\"PropertyValueSpecification\",\"valueRequired\":true,\"valueName\":\"search_term_string\"}}],\"inLanguage\":\"pt-PT\"},{\"@type\":\"Organization\",\"@id\":\"https:\/\/www.barberiayciencia.com\/#organization\",\"name\":\"1948 BARBERSCIENCE\",\"url\":\"https:\/\/www.barberiayciencia.com\/\",\"logo\":{\"@type\":\"ImageObject\",\"inLanguage\":\"pt-PT\",\"@id\":\"https:\/\/www.barberiayciencia.com\/#\/schema\/logo\/image\/\",\"url\":\"https:\/\/www.barberiayciencia.com\/wp-content\/uploads\/2023\/06\/logo-300x159bn.png\",\"contentUrl\":\"https:\/\/www.barberiayciencia.com\/wp-content\/uploads\/2023\/06\/logo-300x159bn.png\",\"width\":300,\"height\":159,\"caption\":\"1948 BARBERSCIENCE\"},\"image\":{\"@id\":\"https:\/\/www.barberiayciencia.com\/#\/schema\/logo\/image\/\"},\"sameAs\":[\"https:\/\/www.facebook.com\/1948barberscience\",\"https:\/\/www.instagram.com\/1948barberscience\/\"]}]}<\/script>\n<!-- \/ Yoast SEO plugin. -->","yoast_head_json":{"title":"POMADA SOPHISTICATED - 1948 BARBERSCIENCE","description":"POMADA SOPHISTICATED. Pomada SOPHISTICATED para todos os tipos de cabelo e penteados, cl\u00e1ssicos e modernos. Pode ser usada seca ou molhada.","robots":{"index":"index","follow":"follow","max-snippet":"max-snippet:-1","max-image-preview":"max-image-preview:large","max-video-preview":"max-video-preview:-1"},"canonical":"https:\/\/www.barberiayciencia.com\/pt-pt\/producto\/pomada-sophisticated\/","og_locale":"pt_PT","og_type":"article","og_title":"POMADA SOPHISTICATED - 1948 BARBERSCIENCE","og_description":"POMADA SOPHISTICATED. Pomada SOPHISTICATED para todos os tipos de cabelo e penteados, cl\u00e1ssicos e modernos. Pode ser usada seca ou molhada.","og_url":"https:\/\/www.barberiayciencia.com\/pt-pt\/producto\/pomada-sophisticated\/","og_site_name":"1948 BARBERSCIENCE","article_publisher":"https:\/\/www.facebook.com\/1948barberscience","article_modified_time":"2025-03-17T13:17:36+00:00","og_image":[{"width":800,"height":800,"url":"https:\/\/www.barberiayciencia.com\/wp-content\/uploads\/2022\/04\/SOPHISTICATED.jpg","type":"image\/jpeg"}],"twitter_card":"summary_large_image","twitter_misc":{"Tempo estimado de leitura":"1 minuto"},"schema":{"@context":"https:\/\/schema.org","@graph":[{"@type":"WebPage","@id":"https:\/\/www.barberiayciencia.com\/pt-pt\/producto\/pomada-sophisticated\/","url":"https:\/\/www.barberiayciencia.com\/pt-pt\/producto\/pomada-sophisticated\/","name":"POMADA SOPHISTICATED - 1948 BARBERSCIENCE","isPartOf":{"@id":"https:\/\/www.barberiayciencia.com\/#website"},"primaryImageOfPage":{"@id":"https:\/\/www.barberiayciencia.com\/pt-pt\/producto\/pomada-sophisticated\/#primaryimage"},"image":{"@id":"https:\/\/www.barberiayciencia.com\/pt-pt\/producto\/pomada-sophisticated\/#primaryimage"},"thumbnailUrl":"https:\/\/www.barberiayciencia.com\/wp-content\/uploads\/2022\/04\/SOPHISTICATED.jpg","datePublished":"2022-04-19T06:34:45+00:00","dateModified":"2025-03-17T13:17:36+00:00","description":"POMADA SOPHISTICATED. Pomada SOPHISTICATED para todos os tipos de cabelo e penteados, cl\u00e1ssicos e modernos. Pode ser usada seca ou molhada.","breadcrumb":{"@id":"https:\/\/www.barberiayciencia.com\/pt-pt\/producto\/pomada-sophisticated\/#breadcrumb"},"inLanguage":"pt-PT","potentialAction":[{"@type":"ReadAction","target":["https:\/\/www.barberiayciencia.com\/pt-pt\/producto\/pomada-sophisticated\/"]}]},{"@type":"ImageObject","inLanguage":"pt-PT","@id":"https:\/\/www.barberiayciencia.com\/pt-pt\/producto\/pomada-sophisticated\/#primaryimage","url":"https:\/\/www.barberiayciencia.com\/wp-content\/uploads\/2022\/04\/SOPHISTICATED.jpg","contentUrl":"https:\/\/www.barberiayciencia.com\/wp-content\/uploads\/2022\/04\/SOPHISTICATED.jpg","width":800,"height":800},{"@type":"BreadcrumbList","@id":"https:\/\/www.barberiayciencia.com\/pt-pt\/producto\/pomada-sophisticated\/#breadcrumb","itemListElement":[{"@type":"ListItem","position":1,"name":"Portada","item":"https:\/\/www.barberiayciencia.com\/pt-pt\/"},{"@type":"ListItem","position":2,"name":"Loja online","item":"https:\/\/www.barberiayciencia.com\/pt-pt\/tienda-online\/"},{"@type":"ListItem","position":3,"name":"POMADA SOPHISTICATED"}]},{"@type":"WebSite","@id":"https:\/\/www.barberiayciencia.com\/#website","url":"https:\/\/www.barberiayciencia.com\/","name":"1948 BARBERSCIENCE","description":"Alta Cosm\u00e9tica Capilar para Barbershops","publisher":{"@id":"https:\/\/www.barberiayciencia.com\/#organization"},"potentialAction":[{"@type":"SearchAction","target":{"@type":"EntryPoint","urlTemplate":"https:\/\/www.barberiayciencia.com\/?s={search_term_string}"},"query-input":{"@type":"PropertyValueSpecification","valueRequired":true,"valueName":"search_term_string"}}],"inLanguage":"pt-PT"},{"@type":"Organization","@id":"https:\/\/www.barberiayciencia.com\/#organization","name":"1948 BARBERSCIENCE","url":"https:\/\/www.barberiayciencia.com\/","logo":{"@type":"ImageObject","inLanguage":"pt-PT","@id":"https:\/\/www.barberiayciencia.com\/#\/schema\/logo\/image\/","url":"https:\/\/www.barberiayciencia.com\/wp-content\/uploads\/2023\/06\/logo-300x159bn.png","contentUrl":"https:\/\/www.barberiayciencia.com\/wp-content\/uploads\/2023\/06\/logo-300x159bn.png","width":300,"height":159,"caption":"1948 BARBERSCIENCE"},"image":{"@id":"https:\/\/www.barberiayciencia.com\/#\/schema\/logo\/image\/"},"sameAs":["https:\/\/www.facebook.com\/1948barberscience","https:\/\/www.instagram.com\/1948barberscience\/"]}]}},"_links":{"self":[{"href":"https:\/\/www.barberiayciencia.com\/pt-pt\/wp-json\/wp\/v2\/product\/6270","targetHints":{"allow":["GET"]}}],"collection":[{"href":"https:\/\/www.barberiayciencia.com\/pt-pt\/wp-json\/wp\/v2\/product"}],"about":[{"href":"https:\/\/www.barberiayciencia.com\/pt-pt\/wp-json\/wp\/v2\/types\/product"}],"replies":[{"embeddable":true,"href":"https:\/\/www.barberiayciencia.com\/pt-pt\/wp-json\/wp\/v2\/comments?post=6270"}],"wp:featuredmedia":[{"embeddable":true,"href":"https:\/\/www.barberiayciencia.com\/pt-pt\/wp-json\/wp\/v2\/media\/6271"}],"wp:attachment":[{"href":"https:\/\/www.barberiayciencia.com\/pt-pt\/wp-json\/wp\/v2\/media?parent=6270"}],"wp:term":[{"taxonomy":"product_brand","embeddable":true,"href":"https:\/\/www.barberiayciencia.com\/pt-pt\/wp-json\/wp\/v2\/product_brand?post=6270"},{"taxonomy":"product_cat","embeddable":true,"href":"https:\/\/www.barberiayciencia.com\/pt-pt\/wp-json\/wp\/v2\/product_cat?post=6270"},{"taxonomy":"product_tag","embeddable":true,"href":"https:\/\/www.barberiayciencia.com\/pt-pt\/wp-json\/wp\/v2\/product_tag?post=6270"}],"curies":[{"name":"wp","href":"https:\/\/api.w.org\/{rel}","templated":true}]}}