{"id":6268,"date":"2022-04-19T08:49:33","date_gmt":"2022-04-19T06:49:33","guid":{"rendered":"https:\/\/www.barberiayciencia.com\/producto\/puro-barro\/"},"modified":"2025-03-17T14:16:40","modified_gmt":"2025-03-17T13:16:40","slug":"puro-barro","status":"publish","type":"product","link":"https:\/\/www.barberiayciencia.com\/pt-pt\/producto\/puro-barro\/","title":{"rendered":"PURO BARRO"},"content":{"rendered":"<p>Argila para pentear ULTRA MATTE 100% org\u00e2nica.<\/p>\n<p>Produto de acabamento e base para penteados com secador.<\/p>\n<p>Fixa\u00e7\u00e3o m\u00e1xima e grande capacidade de texturiza\u00e7\u00e3o.<\/p>\n<p>Cera de abelha, \u00f3leos essenciais e lama n\u00e3o s\u00f3 oferecem o melhor acabamento, mas tamb\u00e9m proporcionam ao couro cabeludo uma terapia eficaz para a sa\u00fade geral e a vida do cabelo, actuando como um coadjuvante perfeito contra a alopecia androgen\u00e9tica.<\/p>\n<p>Reestrutura a cut\u00edcula do cabelo com resultados vis\u00edveis mesmo em cabelos descoloridos.<\/p>\n<p>Terapia p\u00f3s-descolora\u00e7\u00e3o eficaz para combater a secura, a irrita\u00e7\u00e3o, a comich\u00e3o e a microinflama\u00e7\u00e3o causadas pela descolora\u00e7\u00e3o.<\/p>\n<p>Embalado em vidro para proteger a sa\u00fade da tiroide e dos test\u00edculos do utilizador.<a href=\"https:\/\/www.youtube.com\/watch?v=Zy73ZmDNnnU\"><strong> Clica aqui<\/strong><\/a> para mais informa\u00e7\u00f5es )<\/p>\n<p>Modo de utiliza\u00e7\u00e3o: Espalha uma pequena quantidade nos dedos e massaja at\u00e9 desaparecer completamente, depois aplica no cabelo.<\/p>\n<p>Aplica-se ao cabelo, ao bigode e \u00e0 barba.<\/p>\n<p><strong>Descobre os benef\u00edcios da lama para o cabelo e para a pele<\/strong><\/p>\n<p>No mundo da cosm\u00e9tica natural, a lama ganhou um lugar especial como aliada dos cuidados da pele e do cabelo. Com s\u00e9culos de hist\u00f3ria nos rituais de beleza, este elemento natural oferece propriedades purificantes, revitalizantes e hidratantes que o tornam ideal para in\u00fameros tratamentos.<\/p>\n<ol>\n<li><strong> Purifica\u00e7\u00e3o e desintoxica\u00e7\u00e3o profunda<\/strong><\/li>\n<\/ol>\n<p>A lama \u00e9 conhecida pela sua capacidade de absorver impurezas e toxinas, actuando como um \u00edman para os res\u00edduos que se podem acumular na pele e no couro cabeludo. Gra\u00e7as \u00e0 sua elevada concentra\u00e7\u00e3o de minerais (como a s\u00edlica, o magn\u00e9sio e o c\u00e1lcio), a lama ajuda a limpar profundamente os poros, removendo as c\u00e9lulas mortas da pele e o excesso de sebo, resultando numa pele e num cabelo visivelmente mais limpos e frescos.<\/p>\n<ul>\n<li><strong>Para o couro cabeludo:<\/strong> A aplica\u00e7\u00e3o de uma m\u00e1scara de lama ajuda a reduzir o excesso de oleosidade, minimiza o aparecimento de poros e previne a forma\u00e7\u00e3o de pontos negros e acne.<\/li>\n<li><strong>Para o cabelo:<\/strong> A argila, especialmente a argila de bentonite, \u00e9 excelente para o cabelo oleoso, pois absorve o excesso de sebo sem secar, deixando o couro cabeludo equilibrado e limpo.<\/li>\n<\/ul>\n<ol start=\"2\">\n<li><strong> Nutri\u00e7\u00e3o e Mineraliza\u00e7\u00e3o<\/strong><\/li>\n<\/ol>\n<p>A lama \u00e9 rica em minerais naturais que ajudam a nutrir a pele e o cabelo, fornecendo elementos essenciais para a sa\u00fade e a vitalidade. Estes minerais fortalecem o cabelo desde a raiz, melhoram a elasticidade da pele e favorecem a sua regenera\u00e7\u00e3o, ajudando a mant\u00ea-la jovem e radiante.<\/p>\n<ul>\n<li><strong>Para o couro cabeludo:<\/strong> As m\u00e1scaras de lama fornecem \u00e0 pele um impulso mineral que promove a elasticidade e a firmeza, ajudando a reduzir os sinais de envelhecimento e a manter uma apar\u00eancia saud\u00e1vel e luminosa.<\/li>\n<li><strong>Para o cabelo:<\/strong> A lama ajuda a nutrir o couro cabeludo, o que pode estimular o crescimento do cabelo ao melhorar a sa\u00fade dos fol\u00edculos capilares.<\/li>\n<\/ul>\n<ol start=\"3\">\n<li><strong> Hidrata\u00e7\u00e3o e equil\u00edbrio<\/strong><\/li>\n<\/ol>\n<p>Apesar do seu poder de absor\u00e7\u00e3o, a lama tem a capacidade de manter a pele e o cabelo hidratados. A lama, por exemplo, \u00e9 conhecida pela sua suavidade e \u00e9 ideal para peles e cabelos sens\u00edveis, pois ajuda a equilibrar os n\u00edveis de hidrata\u00e7\u00e3o sem secar.<\/p>\n<ul>\n<li><strong>Para o couro cabeludo:<\/strong> A lama ajuda a reter a humidade natural da pele, deixando-a suave e fresca. Isto \u00e9 especialmente ben\u00e9fico para quem tem pele mista, pois equilibra as zonas oleosas sem secar as zonas mais secas.<\/li>\n<li><strong>Para o cabelo:<\/strong> A lama Rhassoul, origin\u00e1ria de Marrocos, \u00e9 excelente para cabelos secos ou com tend\u00eancia para o frisado, pois limpa enquanto ret\u00e9m a humidade natural, deixando o cabelo sedoso e f\u00e1cil de pentear.<\/li>\n<\/ul>\n<p>&nbsp;<\/p>\n<ol start=\"4\">\n<li><strong> Efeito calmante e anti-inflamat\u00f3rio<\/strong><\/li>\n<\/ol>\n<p>A lama tem propriedades anti-inflamat\u00f3rias que s\u00e3o \u00fateis para acalmar a pele irritada, sens\u00edvel ou propensa a erup\u00e7\u00f5es. Isto torna-as ingredientes perfeitos para aliviar problemas de pele como acne, eczema e dermatite seborreica.<\/p>\n<ul>\n<li><strong>Para o couro cabeludo:<\/strong> A lama do Mar Morto, em particular, tem efeitos calmantes e \u00e9 conhecida por reduzir a vermelhid\u00e3o e acalmar as irrita\u00e7\u00f5es da pele. Tamb\u00e9m tem propriedades antimicrobianas que ajudam a combater as bact\u00e9rias causadoras do acne.<\/li>\n<li><strong>Para o cabelo:<\/strong> Para quem tem o couro cabeludo sens\u00edvel ou com comich\u00e3o, aplicar lama pode acalmar a pele e reduzir a inflama\u00e7\u00e3o, promovendo um couro cabeludo mais saud\u00e1vel.<\/li>\n<\/ul>\n","protected":false},"excerpt":{"rendered":"<p>PURO BARRO 90 ml.<\/p>\n","protected":false},"featured_media":6269,"comment_status":"closed","ping_status":"closed","template":"","meta":{"_joinchat":[]},"product_brand":[],"product_cat":[277,278],"product_tag":[],"class_list":{"0":"post-6268","1":"product","2":"type-product","3":"status-publish","4":"has-post-thumbnail","6":"product_cat-acabado-y-fijacion-pt-pt","7":"product_cat-ceras-de-peinado-pt-pt","9":"first","10":"instock","11":"featured","12":"taxable","13":"shipping-taxable","14":"purchasable","15":"product-type-simple"},"yoast_head":"<!-- This site is optimized with the Yoast SEO plugin v27.2 - https:\/\/yoast.com\/product\/yoast-seo-wordpress\/ -->\n<title>PURO BARRO - 1948 BARBERSCIENCE<\/title>\n<meta name=\"description\" content=\"Argila para pentear ULTRA MATTE 100% org\u00e2nica. Fixa\u00e7\u00e3o m\u00e1xima e grande capacidade de texturiza\u00e7\u00e3o.\" \/>\n<meta name=\"robots\" content=\"index, follow, max-snippet:-1, max-image-preview:large, max-video-preview:-1\" \/>\n<link rel=\"canonical\" href=\"https:\/\/www.barberiayciencia.com\/pt-pt\/producto\/puro-barro\/\" \/>\n<meta property=\"og:locale\" content=\"pt_PT\" \/>\n<meta property=\"og:type\" content=\"article\" \/>\n<meta property=\"og:title\" content=\"PURO BARRO - 1948 BARBERSCIENCE\" \/>\n<meta property=\"og:description\" content=\"Argila para pentear ULTRA MATTE 100% org\u00e2nica. Fixa\u00e7\u00e3o m\u00e1xima e grande capacidade de texturiza\u00e7\u00e3o.\" \/>\n<meta property=\"og:url\" content=\"https:\/\/www.barberiayciencia.com\/pt-pt\/producto\/puro-barro\/\" \/>\n<meta property=\"og:site_name\" content=\"1948 BARBERSCIENCE\" \/>\n<meta property=\"article:publisher\" content=\"https:\/\/www.facebook.com\/1948barberscience\" \/>\n<meta property=\"article:modified_time\" content=\"2025-03-17T13:16:40+00:00\" \/>\n<meta property=\"og:image\" content=\"https:\/\/www.barberiayciencia.com\/wp-content\/uploads\/2022\/04\/puro-barro01.jpg\" \/>\n\t<meta property=\"og:image:width\" content=\"800\" \/>\n\t<meta property=\"og:image:height\" content=\"800\" \/>\n\t<meta property=\"og:image:type\" content=\"image\/jpeg\" \/>\n<meta name=\"twitter:card\" content=\"summary_large_image\" \/>\n<meta name=\"twitter:label1\" content=\"Tempo estimado de leitura\" \/>\n\t<meta name=\"twitter:data1\" content=\"4 minutos\" \/>\n<script type=\"application\/ld+json\" class=\"yoast-schema-graph\">{\"@context\":\"https:\/\/schema.org\",\"@graph\":[{\"@type\":\"WebPage\",\"@id\":\"https:\/\/www.barberiayciencia.com\/pt-pt\/producto\/puro-barro\/\",\"url\":\"https:\/\/www.barberiayciencia.com\/pt-pt\/producto\/puro-barro\/\",\"name\":\"PURO BARRO - 1948 BARBERSCIENCE\",\"isPartOf\":{\"@id\":\"https:\/\/www.barberiayciencia.com\/#website\"},\"primaryImageOfPage\":{\"@id\":\"https:\/\/www.barberiayciencia.com\/pt-pt\/producto\/puro-barro\/#primaryimage\"},\"image\":{\"@id\":\"https:\/\/www.barberiayciencia.com\/pt-pt\/producto\/puro-barro\/#primaryimage\"},\"thumbnailUrl\":\"https:\/\/www.barberiayciencia.com\/wp-content\/uploads\/2022\/04\/puro-barro01.jpg\",\"datePublished\":\"2022-04-19T06:49:33+00:00\",\"dateModified\":\"2025-03-17T13:16:40+00:00\",\"description\":\"Argila para pentear ULTRA MATTE 100% org\u00e2nica. Fixa\u00e7\u00e3o m\u00e1xima e grande capacidade de texturiza\u00e7\u00e3o.\",\"breadcrumb\":{\"@id\":\"https:\/\/www.barberiayciencia.com\/pt-pt\/producto\/puro-barro\/#breadcrumb\"},\"inLanguage\":\"pt-PT\",\"potentialAction\":[{\"@type\":\"ReadAction\",\"target\":[\"https:\/\/www.barberiayciencia.com\/pt-pt\/producto\/puro-barro\/\"]}]},{\"@type\":\"ImageObject\",\"inLanguage\":\"pt-PT\",\"@id\":\"https:\/\/www.barberiayciencia.com\/pt-pt\/producto\/puro-barro\/#primaryimage\",\"url\":\"https:\/\/www.barberiayciencia.com\/wp-content\/uploads\/2022\/04\/puro-barro01.jpg\",\"contentUrl\":\"https:\/\/www.barberiayciencia.com\/wp-content\/uploads\/2022\/04\/puro-barro01.jpg\",\"width\":800,\"height\":800,\"caption\":\"PURO BARRO\"},{\"@type\":\"BreadcrumbList\",\"@id\":\"https:\/\/www.barberiayciencia.com\/pt-pt\/producto\/puro-barro\/#breadcrumb\",\"itemListElement\":[{\"@type\":\"ListItem\",\"position\":1,\"name\":\"Portada\",\"item\":\"https:\/\/www.barberiayciencia.com\/pt-pt\/\"},{\"@type\":\"ListItem\",\"position\":2,\"name\":\"Loja online\",\"item\":\"https:\/\/www.barberiayciencia.com\/pt-pt\/tienda-online\/\"},{\"@type\":\"ListItem\",\"position\":3,\"name\":\"PURO BARRO\"}]},{\"@type\":\"WebSite\",\"@id\":\"https:\/\/www.barberiayciencia.com\/#website\",\"url\":\"https:\/\/www.barberiayciencia.com\/\",\"name\":\"1948 BARBERSCIENCE\",\"description\":\"Alta Cosm\u00e9tica Capilar para Barbershops\",\"publisher\":{\"@id\":\"https:\/\/www.barberiayciencia.com\/#organization\"},\"potentialAction\":[{\"@type\":\"SearchAction\",\"target\":{\"@type\":\"EntryPoint\",\"urlTemplate\":\"https:\/\/www.barberiayciencia.com\/?s={search_term_string}\"},\"query-input\":{\"@type\":\"PropertyValueSpecification\",\"valueRequired\":true,\"valueName\":\"search_term_string\"}}],\"inLanguage\":\"pt-PT\"},{\"@type\":\"Organization\",\"@id\":\"https:\/\/www.barberiayciencia.com\/#organization\",\"name\":\"1948 BARBERSCIENCE\",\"url\":\"https:\/\/www.barberiayciencia.com\/\",\"logo\":{\"@type\":\"ImageObject\",\"inLanguage\":\"pt-PT\",\"@id\":\"https:\/\/www.barberiayciencia.com\/#\/schema\/logo\/image\/\",\"url\":\"https:\/\/www.barberiayciencia.com\/wp-content\/uploads\/2023\/06\/logo-300x159bn.png\",\"contentUrl\":\"https:\/\/www.barberiayciencia.com\/wp-content\/uploads\/2023\/06\/logo-300x159bn.png\",\"width\":300,\"height\":159,\"caption\":\"1948 BARBERSCIENCE\"},\"image\":{\"@id\":\"https:\/\/www.barberiayciencia.com\/#\/schema\/logo\/image\/\"},\"sameAs\":[\"https:\/\/www.facebook.com\/1948barberscience\",\"https:\/\/www.instagram.com\/1948barberscience\/\"]}]}<\/script>\n<!-- \/ Yoast SEO plugin. -->","yoast_head_json":{"title":"PURO BARRO - 1948 BARBERSCIENCE","description":"Argila para pentear ULTRA MATTE 100% org\u00e2nica. Fixa\u00e7\u00e3o m\u00e1xima e grande capacidade de texturiza\u00e7\u00e3o.","robots":{"index":"index","follow":"follow","max-snippet":"max-snippet:-1","max-image-preview":"max-image-preview:large","max-video-preview":"max-video-preview:-1"},"canonical":"https:\/\/www.barberiayciencia.com\/pt-pt\/producto\/puro-barro\/","og_locale":"pt_PT","og_type":"article","og_title":"PURO BARRO - 1948 BARBERSCIENCE","og_description":"Argila para pentear ULTRA MATTE 100% org\u00e2nica. Fixa\u00e7\u00e3o m\u00e1xima e grande capacidade de texturiza\u00e7\u00e3o.","og_url":"https:\/\/www.barberiayciencia.com\/pt-pt\/producto\/puro-barro\/","og_site_name":"1948 BARBERSCIENCE","article_publisher":"https:\/\/www.facebook.com\/1948barberscience","article_modified_time":"2025-03-17T13:16:40+00:00","og_image":[{"width":800,"height":800,"url":"https:\/\/www.barberiayciencia.com\/wp-content\/uploads\/2022\/04\/puro-barro01.jpg","type":"image\/jpeg"}],"twitter_card":"summary_large_image","twitter_misc":{"Tempo estimado de leitura":"4 minutos"},"schema":{"@context":"https:\/\/schema.org","@graph":[{"@type":"WebPage","@id":"https:\/\/www.barberiayciencia.com\/pt-pt\/producto\/puro-barro\/","url":"https:\/\/www.barberiayciencia.com\/pt-pt\/producto\/puro-barro\/","name":"PURO BARRO - 1948 BARBERSCIENCE","isPartOf":{"@id":"https:\/\/www.barberiayciencia.com\/#website"},"primaryImageOfPage":{"@id":"https:\/\/www.barberiayciencia.com\/pt-pt\/producto\/puro-barro\/#primaryimage"},"image":{"@id":"https:\/\/www.barberiayciencia.com\/pt-pt\/producto\/puro-barro\/#primaryimage"},"thumbnailUrl":"https:\/\/www.barberiayciencia.com\/wp-content\/uploads\/2022\/04\/puro-barro01.jpg","datePublished":"2022-04-19T06:49:33+00:00","dateModified":"2025-03-17T13:16:40+00:00","description":"Argila para pentear ULTRA MATTE 100% org\u00e2nica. Fixa\u00e7\u00e3o m\u00e1xima e grande capacidade de texturiza\u00e7\u00e3o.","breadcrumb":{"@id":"https:\/\/www.barberiayciencia.com\/pt-pt\/producto\/puro-barro\/#breadcrumb"},"inLanguage":"pt-PT","potentialAction":[{"@type":"ReadAction","target":["https:\/\/www.barberiayciencia.com\/pt-pt\/producto\/puro-barro\/"]}]},{"@type":"ImageObject","inLanguage":"pt-PT","@id":"https:\/\/www.barberiayciencia.com\/pt-pt\/producto\/puro-barro\/#primaryimage","url":"https:\/\/www.barberiayciencia.com\/wp-content\/uploads\/2022\/04\/puro-barro01.jpg","contentUrl":"https:\/\/www.barberiayciencia.com\/wp-content\/uploads\/2022\/04\/puro-barro01.jpg","width":800,"height":800,"caption":"PURO BARRO"},{"@type":"BreadcrumbList","@id":"https:\/\/www.barberiayciencia.com\/pt-pt\/producto\/puro-barro\/#breadcrumb","itemListElement":[{"@type":"ListItem","position":1,"name":"Portada","item":"https:\/\/www.barberiayciencia.com\/pt-pt\/"},{"@type":"ListItem","position":2,"name":"Loja online","item":"https:\/\/www.barberiayciencia.com\/pt-pt\/tienda-online\/"},{"@type":"ListItem","position":3,"name":"PURO BARRO"}]},{"@type":"WebSite","@id":"https:\/\/www.barberiayciencia.com\/#website","url":"https:\/\/www.barberiayciencia.com\/","name":"1948 BARBERSCIENCE","description":"Alta Cosm\u00e9tica Capilar para Barbershops","publisher":{"@id":"https:\/\/www.barberiayciencia.com\/#organization"},"potentialAction":[{"@type":"SearchAction","target":{"@type":"EntryPoint","urlTemplate":"https:\/\/www.barberiayciencia.com\/?s={search_term_string}"},"query-input":{"@type":"PropertyValueSpecification","valueRequired":true,"valueName":"search_term_string"}}],"inLanguage":"pt-PT"},{"@type":"Organization","@id":"https:\/\/www.barberiayciencia.com\/#organization","name":"1948 BARBERSCIENCE","url":"https:\/\/www.barberiayciencia.com\/","logo":{"@type":"ImageObject","inLanguage":"pt-PT","@id":"https:\/\/www.barberiayciencia.com\/#\/schema\/logo\/image\/","url":"https:\/\/www.barberiayciencia.com\/wp-content\/uploads\/2023\/06\/logo-300x159bn.png","contentUrl":"https:\/\/www.barberiayciencia.com\/wp-content\/uploads\/2023\/06\/logo-300x159bn.png","width":300,"height":159,"caption":"1948 BARBERSCIENCE"},"image":{"@id":"https:\/\/www.barberiayciencia.com\/#\/schema\/logo\/image\/"},"sameAs":["https:\/\/www.facebook.com\/1948barberscience","https:\/\/www.instagram.com\/1948barberscience\/"]}]}},"_links":{"self":[{"href":"https:\/\/www.barberiayciencia.com\/pt-pt\/wp-json\/wp\/v2\/product\/6268","targetHints":{"allow":["GET"]}}],"collection":[{"href":"https:\/\/www.barberiayciencia.com\/pt-pt\/wp-json\/wp\/v2\/product"}],"about":[{"href":"https:\/\/www.barberiayciencia.com\/pt-pt\/wp-json\/wp\/v2\/types\/product"}],"replies":[{"embeddable":true,"href":"https:\/\/www.barberiayciencia.com\/pt-pt\/wp-json\/wp\/v2\/comments?post=6268"}],"wp:featuredmedia":[{"embeddable":true,"href":"https:\/\/www.barberiayciencia.com\/pt-pt\/wp-json\/wp\/v2\/media\/6269"}],"wp:attachment":[{"href":"https:\/\/www.barberiayciencia.com\/pt-pt\/wp-json\/wp\/v2\/media?parent=6268"}],"wp:term":[{"taxonomy":"product_brand","embeddable":true,"href":"https:\/\/www.barberiayciencia.com\/pt-pt\/wp-json\/wp\/v2\/product_brand?post=6268"},{"taxonomy":"product_cat","embeddable":true,"href":"https:\/\/www.barberiayciencia.com\/pt-pt\/wp-json\/wp\/v2\/product_cat?post=6268"},{"taxonomy":"product_tag","embeddable":true,"href":"https:\/\/www.barberiayciencia.com\/pt-pt\/wp-json\/wp\/v2\/product_tag?post=6268"}],"curies":[{"name":"wp","href":"https:\/\/api.w.org\/{rel}","templated":true}]}}