{"id":6262,"date":"2022-04-26T10:20:12","date_gmt":"2022-04-26T08:20:12","guid":{"rendered":"https:\/\/www.barberiayciencia.com\/producto\/oleo-de-barba-de-canabis\/"},"modified":"2025-03-17T14:13:08","modified_gmt":"2025-03-17T13:13:08","slug":"oleo-de-barba-de-canabis","status":"publish","type":"product","link":"https:\/\/www.barberiayciencia.com\/pt-pt\/producto\/oleo-de-barba-de-canabis\/","title":{"rendered":"\u00d3LEO DE BARBA DE CAN\u00c1BIS"},"content":{"rendered":"<p>1948 O \u00f3leo para a barba Barberscience com extrato natural de can\u00e1bis \u00e9 uma mistura de \u00f3leos essenciais extra\u00eddos a alta temperatura e microfiltrados. Esta \u00e9 a \u00fanica forma de obter um \u00f3leo altamente absorvente para os p\u00ealos faciais e para o rosto. Al\u00e9m disso, este \u00f3leo tem os benef\u00edcios que o extrato natural de can\u00e1bis traz \u00e0 pele e aos p\u00ealos da barba.<\/p>\n<ul>\n<li>Hidrata, nutre e cuida do cabelo e da pele.<\/li>\n<li>Condiciona e perfuma o rosto sem oleosidade.<\/li>\n<li>Reduz a comich\u00e3o e a descama\u00e7\u00e3o do rosto.<\/li>\n<li>Aumenta a facilidade de pentear os p\u00ealos faciais.<\/li>\n<li>M\u00e1xima suavidade mesmo nos p\u00ealos mais dif\u00edceis.<\/li>\n<\/ul>\n<p>&nbsp;<\/p>\n<p><iframe loading=\"lazy\" title=\"Leitor de v\u00eddeo do YouTube\" src=\"https:\/\/www.youtube.com\/embed\/aw048bZeSx4\" width=\"560\" height=\"315\" frameborder=\"0\" allowfullscreen=\"allowfullscreen\"><span style=\"display: inline-block; width: 0px; overflow: hidden; line-height: 0;\" data-mce-type=\"bookmark\" class=\"mce_SELRES_start\"><\/span><\/iframe><\/p>\n<p>Aqui est\u00e3o alguns dos principais benef\u00edcios da utiliza\u00e7\u00e3o do nosso \u00f3leo de barba de can\u00e1bis:<\/p>\n<ol>\n<li><strong> Hidrata\u00e7\u00e3o profunda para a pele e p\u00ealos faciais<\/strong><\/li>\n<\/ol>\n<ul>\n<li>O \u00f3leo para a barba 1948 BARBERSCIENCE com can\u00e1bis \u00e9 rico em \u00e1cidos gordos essenciais, como os \u00f3mega 3, 6 e 9, que s\u00e3o altamente hidratantes. Isto ajuda a manter a barba macia e male\u00e1vel, evitando a secura e o frisado.<\/li>\n<li>Estes \u00e1cidos gordos tamb\u00e9m nutrem a pele por baixo da barba, evitando a descama\u00e7\u00e3o e o aparecimento de &#8220;caspa da barba&#8221;, um problema comum que afecta muitos homens.<\/li>\n<\/ul>\n<ol start=\"2\">\n<li><strong> Propriedades anti-inflamat\u00f3rias e calmantes<\/strong><\/li>\n<\/ol>\n<ul>\n<li>O canabidiol (CBD), um componente da can\u00e1bis, tem propriedades anti-inflamat\u00f3rias e antioxidantes. Isto pode ser especialmente \u00fatil para homens com pele sens\u00edvel ou propensa a irrita\u00e7\u00f5es causadas pelo barbear ou pelo crescimento do pelo.<\/li>\n<li>Ao reduzir a inflama\u00e7\u00e3o, o \u00f3leo de can\u00e1bis acalma a pele e minimiza a vermelhid\u00e3o, a comich\u00e3o e o desconforto que podem ocorrer na zona da barba.<\/li>\n<\/ul>\n<ol start=\"3\">\n<li><strong> Estimula\u00e7\u00e3o do crescimento da barba<\/strong><\/li>\n<\/ol>\n<ul>\n<li>Os nutrientes do nosso \u00f3leo de can\u00e1bis para a barba, como a vitamina E e os \u00e1cidos gordos, podem estimular os fol\u00edculos capilares, promovendo um crescimento mais saud\u00e1vel e forte dos p\u00ealos faciais.<\/li>\n<li>Massajar regularmente a barba com \u00f3leo de can\u00e1bis tamb\u00e9m melhora a circula\u00e7\u00e3o sangu\u00ednea na pele, o que \u00e9 ben\u00e9fico para o crescimento do cabelo, uma vez que os fol\u00edculos recebem mais oxig\u00e9nio e nutrientes.<\/li>\n<\/ul>\n<ol start=\"4\">\n<li><strong> Suavidade e brilho naturais<\/strong><\/li>\n<\/ol>\n<ul>\n<li>O nosso \u00f3leo para a barba proporciona uma hidrata\u00e7\u00e3o que penetra profundamente no pelo, tornando-o mais macio e f\u00e1cil de pentear. Isto \u00e9 especialmente ben\u00e9fico para quem tem barbas espessas ou com tend\u00eancia para o frisado.<\/li>\n<li>O uso consistente do \u00f3leo para a barba 1948 BARBERSCIENCE proporciona um brilho natural sem deixar uma sensa\u00e7\u00e3o gordurosa, melhorando a apar\u00eancia da barba e dando-lhe um aspeto bem cuidado.<\/li>\n<\/ul>\n<ol start=\"5\">\n<li><strong> Redu\u00e7\u00e3o das pontas dos p\u00e9s e da quebra<\/strong><\/li>\n<\/ol>\n<ul>\n<li>Ao fortalecer e nutrir os p\u00ealos faciais desde a raiz, o \u00f3leo de can\u00e1bis ajuda a reduzir as pontas espigadas e a quebra, que \u00e9 comum nas barbas compridas.<\/li>\n<li>A hidrata\u00e7\u00e3o cont\u00ednua do \u00f3leo de can\u00e1bis melhora a elasticidade do cabelo, evitando que se parta ou se torne \u00e1spero.<\/li>\n<\/ul>\n<ol start=\"6\">\n<li><strong> Aroma natural e relaxante<\/strong><\/li>\n<\/ol>\n<ul>\n<li>A nossa f\u00f3rmula de \u00f3leo para a barba com infus\u00e3o de can\u00e1bis tem um aroma masculino e de alta perfumaria. Este aroma \u00e9 relaxante e fresco, perfeito para aqueles que preferem fragr\u00e2ncias subtis.<\/li>\n<li>Al\u00e9m disso, quando utilizas CBD, os efeitos relaxantes deste componente podem ajudar a reduzir o stress, oferecendo uma experi\u00eancia de autocuidado ainda mais agrad\u00e1vel.<\/li>\n<\/ul>\n<ol start=\"7\">\n<li><strong> Prote\u00e7\u00e3o Antioxidante<\/strong><\/li>\n<\/ol>\n<ul>\n<li>O CBD no nosso \u00f3leo para a barba tem propriedades antioxidantes, protegendo a pele e os p\u00ealos faciais dos danos causados pelos radicais livres. Isto ajuda a manter a barba e a pele da zona mais jovens e menos expostas aos efeitos do envelhecimento e do stress ambiental.<\/li>\n<\/ul>\n<p><strong>Como utilizar o nosso \u00f3leo para a barba:<\/strong><\/p>\n<ul>\n<li><strong>Limpa bem a barba<\/strong> antes de aplicar o \u00f3leo para remover as impurezas.<\/li>\n<li>Aplica algumas gotas de \u00f3leo nas tuas m\u00e3os e <strong>massaja suavemente<\/strong> a barba e a pele subjacente.<\/li>\n<li><strong>Penteia a barba<\/strong> depois de aplicar o \u00f3leo para o distribuir uniformemente, dando \u00e0 barba um aspeto mais polido.<\/li>\n<\/ul>\n<p><strong>Em resumo&#8230;<\/strong><\/p>\n<p>O \u00f3leo de can\u00e1bis para a barba n\u00e3o s\u00f3 hidrata e suaviza os p\u00ealos faciais, como tamb\u00e9m protege e nutre a pele por baixo. O uso consistente pode resultar numa barba mais saud\u00e1vel, mais forte e mais manej\u00e1vel, sem os problemas comuns de secura ou irrita\u00e7\u00e3o. Com as suas propriedades anti-inflamat\u00f3rias, antioxidantes e estimulantes do crescimento, a can\u00e1bis \u00e9 um excelente aliado no cuidado da barba.<\/p>\n","protected":false},"excerpt":{"rendered":"<p>\u00d3LEO DE BARBA DE CANNABIS 50 ml<\/p>\n","protected":false},"featured_media":6263,"comment_status":"closed","ping_status":"closed","template":"","meta":{"_joinchat":[]},"product_brand":[],"product_cat":[283,284],"product_tag":[],"class_list":{"0":"post-6262","1":"product","2":"type-product","3":"status-publish","4":"has-post-thumbnail","6":"product_cat-barba-y-afeitado-pt-pt","7":"product_cat-aceites-de-barba-pt-pt","9":"first","10":"instock","11":"featured","12":"taxable","13":"shipping-taxable","14":"purchasable","15":"product-type-simple"},"yoast_head":"<!-- This site is optimized with the Yoast SEO plugin v27.2 - https:\/\/yoast.com\/product\/yoast-seo-wordpress\/ -->\n<title>\u00d3LEO DE BARBA DE CAN\u00c1BIS - 1948 BARBERSCIENCE<\/title>\n<meta name=\"description\" content=\"\u00d3LEO DE BARBA DE CAN\u00c1BIS. O \u00f3leo para a barba Barberscience 1948 com extrato natural de can\u00e1bis \u00e9 uma mistura de \u00f3leos essenciais extra\u00eddos a alta temperatura e microfiltrados.\" \/>\n<meta name=\"robots\" content=\"index, follow, max-snippet:-1, max-image-preview:large, max-video-preview:-1\" \/>\n<link rel=\"canonical\" href=\"https:\/\/www.barberiayciencia.com\/pt-pt\/producto\/oleo-de-barba-de-canabis\/\" \/>\n<meta property=\"og:locale\" content=\"pt_PT\" \/>\n<meta property=\"og:type\" content=\"article\" \/>\n<meta property=\"og:title\" content=\"\u00d3LEO DE BARBA DE CAN\u00c1BIS - 1948 BARBERSCIENCE\" \/>\n<meta property=\"og:description\" content=\"\u00d3LEO DE BARBA DE CAN\u00c1BIS. O \u00f3leo para a barba Barberscience 1948 com extrato natural de can\u00e1bis \u00e9 uma mistura de \u00f3leos essenciais extra\u00eddos a alta temperatura e microfiltrados.\" \/>\n<meta property=\"og:url\" content=\"https:\/\/www.barberiayciencia.com\/pt-pt\/producto\/oleo-de-barba-de-canabis\/\" \/>\n<meta property=\"og:site_name\" content=\"1948 BARBERSCIENCE\" \/>\n<meta property=\"article:publisher\" content=\"https:\/\/www.facebook.com\/1948barberscience\" \/>\n<meta property=\"article:modified_time\" content=\"2025-03-17T13:13:08+00:00\" \/>\n<meta property=\"og:image\" content=\"https:\/\/www.barberiayciencia.com\/wp-content\/uploads\/2022\/04\/aceitebarbacannabis.jpg\" \/>\n\t<meta property=\"og:image:width\" content=\"800\" \/>\n\t<meta property=\"og:image:height\" content=\"800\" \/>\n\t<meta property=\"og:image:type\" content=\"image\/jpeg\" \/>\n<meta name=\"twitter:card\" content=\"summary_large_image\" \/>\n<meta name=\"twitter:label1\" content=\"Tempo estimado de leitura\" \/>\n\t<meta name=\"twitter:data1\" content=\"4 minutos\" \/>\n<script type=\"application\/ld+json\" class=\"yoast-schema-graph\">{\"@context\":\"https:\/\/schema.org\",\"@graph\":[{\"@type\":\"WebPage\",\"@id\":\"https:\/\/www.barberiayciencia.com\/pt-pt\/producto\/oleo-de-barba-de-canabis\/\",\"url\":\"https:\/\/www.barberiayciencia.com\/pt-pt\/producto\/oleo-de-barba-de-canabis\/\",\"name\":\"\u00d3LEO DE BARBA DE CAN\u00c1BIS - 1948 BARBERSCIENCE\",\"isPartOf\":{\"@id\":\"https:\/\/www.barberiayciencia.com\/#website\"},\"primaryImageOfPage\":{\"@id\":\"https:\/\/www.barberiayciencia.com\/pt-pt\/producto\/oleo-de-barba-de-canabis\/#primaryimage\"},\"image\":{\"@id\":\"https:\/\/www.barberiayciencia.com\/pt-pt\/producto\/oleo-de-barba-de-canabis\/#primaryimage\"},\"thumbnailUrl\":\"https:\/\/www.barberiayciencia.com\/wp-content\/uploads\/2022\/04\/aceitebarbacannabis.jpg\",\"datePublished\":\"2022-04-26T08:20:12+00:00\",\"dateModified\":\"2025-03-17T13:13:08+00:00\",\"description\":\"\u00d3LEO DE BARBA DE CAN\u00c1BIS. O \u00f3leo para a barba Barberscience 1948 com extrato natural de can\u00e1bis \u00e9 uma mistura de \u00f3leos essenciais extra\u00eddos a alta temperatura e microfiltrados.\",\"breadcrumb\":{\"@id\":\"https:\/\/www.barberiayciencia.com\/pt-pt\/producto\/oleo-de-barba-de-canabis\/#breadcrumb\"},\"inLanguage\":\"pt-PT\",\"potentialAction\":[{\"@type\":\"ReadAction\",\"target\":[\"https:\/\/www.barberiayciencia.com\/pt-pt\/producto\/oleo-de-barba-de-canabis\/\"]}]},{\"@type\":\"ImageObject\",\"inLanguage\":\"pt-PT\",\"@id\":\"https:\/\/www.barberiayciencia.com\/pt-pt\/producto\/oleo-de-barba-de-canabis\/#primaryimage\",\"url\":\"https:\/\/www.barberiayciencia.com\/wp-content\/uploads\/2022\/04\/aceitebarbacannabis.jpg\",\"contentUrl\":\"https:\/\/www.barberiayciencia.com\/wp-content\/uploads\/2022\/04\/aceitebarbacannabis.jpg\",\"width\":800,\"height\":800},{\"@type\":\"BreadcrumbList\",\"@id\":\"https:\/\/www.barberiayciencia.com\/pt-pt\/producto\/oleo-de-barba-de-canabis\/#breadcrumb\",\"itemListElement\":[{\"@type\":\"ListItem\",\"position\":1,\"name\":\"Portada\",\"item\":\"https:\/\/www.barberiayciencia.com\/pt-pt\/\"},{\"@type\":\"ListItem\",\"position\":2,\"name\":\"Loja online\",\"item\":\"https:\/\/www.barberiayciencia.com\/pt-pt\/tienda-online\/\"},{\"@type\":\"ListItem\",\"position\":3,\"name\":\"\u00d3LEO DE BARBA DE CAN\u00c1BIS\"}]},{\"@type\":\"WebSite\",\"@id\":\"https:\/\/www.barberiayciencia.com\/#website\",\"url\":\"https:\/\/www.barberiayciencia.com\/\",\"name\":\"1948 BARBERSCIENCE\",\"description\":\"Alta Cosm\u00e9tica Capilar para Barbershops\",\"publisher\":{\"@id\":\"https:\/\/www.barberiayciencia.com\/#organization\"},\"potentialAction\":[{\"@type\":\"SearchAction\",\"target\":{\"@type\":\"EntryPoint\",\"urlTemplate\":\"https:\/\/www.barberiayciencia.com\/?s={search_term_string}\"},\"query-input\":{\"@type\":\"PropertyValueSpecification\",\"valueRequired\":true,\"valueName\":\"search_term_string\"}}],\"inLanguage\":\"pt-PT\"},{\"@type\":\"Organization\",\"@id\":\"https:\/\/www.barberiayciencia.com\/#organization\",\"name\":\"1948 BARBERSCIENCE\",\"url\":\"https:\/\/www.barberiayciencia.com\/\",\"logo\":{\"@type\":\"ImageObject\",\"inLanguage\":\"pt-PT\",\"@id\":\"https:\/\/www.barberiayciencia.com\/#\/schema\/logo\/image\/\",\"url\":\"https:\/\/www.barberiayciencia.com\/wp-content\/uploads\/2023\/06\/logo-300x159bn.png\",\"contentUrl\":\"https:\/\/www.barberiayciencia.com\/wp-content\/uploads\/2023\/06\/logo-300x159bn.png\",\"width\":300,\"height\":159,\"caption\":\"1948 BARBERSCIENCE\"},\"image\":{\"@id\":\"https:\/\/www.barberiayciencia.com\/#\/schema\/logo\/image\/\"},\"sameAs\":[\"https:\/\/www.facebook.com\/1948barberscience\",\"https:\/\/www.instagram.com\/1948barberscience\/\"]}]}<\/script>\n<!-- \/ Yoast SEO plugin. -->","yoast_head_json":{"title":"\u00d3LEO DE BARBA DE CAN\u00c1BIS - 1948 BARBERSCIENCE","description":"\u00d3LEO DE BARBA DE CAN\u00c1BIS. O \u00f3leo para a barba Barberscience 1948 com extrato natural de can\u00e1bis \u00e9 uma mistura de \u00f3leos essenciais extra\u00eddos a alta temperatura e microfiltrados.","robots":{"index":"index","follow":"follow","max-snippet":"max-snippet:-1","max-image-preview":"max-image-preview:large","max-video-preview":"max-video-preview:-1"},"canonical":"https:\/\/www.barberiayciencia.com\/pt-pt\/producto\/oleo-de-barba-de-canabis\/","og_locale":"pt_PT","og_type":"article","og_title":"\u00d3LEO DE BARBA DE CAN\u00c1BIS - 1948 BARBERSCIENCE","og_description":"\u00d3LEO DE BARBA DE CAN\u00c1BIS. O \u00f3leo para a barba Barberscience 1948 com extrato natural de can\u00e1bis \u00e9 uma mistura de \u00f3leos essenciais extra\u00eddos a alta temperatura e microfiltrados.","og_url":"https:\/\/www.barberiayciencia.com\/pt-pt\/producto\/oleo-de-barba-de-canabis\/","og_site_name":"1948 BARBERSCIENCE","article_publisher":"https:\/\/www.facebook.com\/1948barberscience","article_modified_time":"2025-03-17T13:13:08+00:00","og_image":[{"width":800,"height":800,"url":"https:\/\/www.barberiayciencia.com\/wp-content\/uploads\/2022\/04\/aceitebarbacannabis.jpg","type":"image\/jpeg"}],"twitter_card":"summary_large_image","twitter_misc":{"Tempo estimado de leitura":"4 minutos"},"schema":{"@context":"https:\/\/schema.org","@graph":[{"@type":"WebPage","@id":"https:\/\/www.barberiayciencia.com\/pt-pt\/producto\/oleo-de-barba-de-canabis\/","url":"https:\/\/www.barberiayciencia.com\/pt-pt\/producto\/oleo-de-barba-de-canabis\/","name":"\u00d3LEO DE BARBA DE CAN\u00c1BIS - 1948 BARBERSCIENCE","isPartOf":{"@id":"https:\/\/www.barberiayciencia.com\/#website"},"primaryImageOfPage":{"@id":"https:\/\/www.barberiayciencia.com\/pt-pt\/producto\/oleo-de-barba-de-canabis\/#primaryimage"},"image":{"@id":"https:\/\/www.barberiayciencia.com\/pt-pt\/producto\/oleo-de-barba-de-canabis\/#primaryimage"},"thumbnailUrl":"https:\/\/www.barberiayciencia.com\/wp-content\/uploads\/2022\/04\/aceitebarbacannabis.jpg","datePublished":"2022-04-26T08:20:12+00:00","dateModified":"2025-03-17T13:13:08+00:00","description":"\u00d3LEO DE BARBA DE CAN\u00c1BIS. O \u00f3leo para a barba Barberscience 1948 com extrato natural de can\u00e1bis \u00e9 uma mistura de \u00f3leos essenciais extra\u00eddos a alta temperatura e microfiltrados.","breadcrumb":{"@id":"https:\/\/www.barberiayciencia.com\/pt-pt\/producto\/oleo-de-barba-de-canabis\/#breadcrumb"},"inLanguage":"pt-PT","potentialAction":[{"@type":"ReadAction","target":["https:\/\/www.barberiayciencia.com\/pt-pt\/producto\/oleo-de-barba-de-canabis\/"]}]},{"@type":"ImageObject","inLanguage":"pt-PT","@id":"https:\/\/www.barberiayciencia.com\/pt-pt\/producto\/oleo-de-barba-de-canabis\/#primaryimage","url":"https:\/\/www.barberiayciencia.com\/wp-content\/uploads\/2022\/04\/aceitebarbacannabis.jpg","contentUrl":"https:\/\/www.barberiayciencia.com\/wp-content\/uploads\/2022\/04\/aceitebarbacannabis.jpg","width":800,"height":800},{"@type":"BreadcrumbList","@id":"https:\/\/www.barberiayciencia.com\/pt-pt\/producto\/oleo-de-barba-de-canabis\/#breadcrumb","itemListElement":[{"@type":"ListItem","position":1,"name":"Portada","item":"https:\/\/www.barberiayciencia.com\/pt-pt\/"},{"@type":"ListItem","position":2,"name":"Loja online","item":"https:\/\/www.barberiayciencia.com\/pt-pt\/tienda-online\/"},{"@type":"ListItem","position":3,"name":"\u00d3LEO DE BARBA DE CAN\u00c1BIS"}]},{"@type":"WebSite","@id":"https:\/\/www.barberiayciencia.com\/#website","url":"https:\/\/www.barberiayciencia.com\/","name":"1948 BARBERSCIENCE","description":"Alta Cosm\u00e9tica Capilar para Barbershops","publisher":{"@id":"https:\/\/www.barberiayciencia.com\/#organization"},"potentialAction":[{"@type":"SearchAction","target":{"@type":"EntryPoint","urlTemplate":"https:\/\/www.barberiayciencia.com\/?s={search_term_string}"},"query-input":{"@type":"PropertyValueSpecification","valueRequired":true,"valueName":"search_term_string"}}],"inLanguage":"pt-PT"},{"@type":"Organization","@id":"https:\/\/www.barberiayciencia.com\/#organization","name":"1948 BARBERSCIENCE","url":"https:\/\/www.barberiayciencia.com\/","logo":{"@type":"ImageObject","inLanguage":"pt-PT","@id":"https:\/\/www.barberiayciencia.com\/#\/schema\/logo\/image\/","url":"https:\/\/www.barberiayciencia.com\/wp-content\/uploads\/2023\/06\/logo-300x159bn.png","contentUrl":"https:\/\/www.barberiayciencia.com\/wp-content\/uploads\/2023\/06\/logo-300x159bn.png","width":300,"height":159,"caption":"1948 BARBERSCIENCE"},"image":{"@id":"https:\/\/www.barberiayciencia.com\/#\/schema\/logo\/image\/"},"sameAs":["https:\/\/www.facebook.com\/1948barberscience","https:\/\/www.instagram.com\/1948barberscience\/"]}]}},"_links":{"self":[{"href":"https:\/\/www.barberiayciencia.com\/pt-pt\/wp-json\/wp\/v2\/product\/6262","targetHints":{"allow":["GET"]}}],"collection":[{"href":"https:\/\/www.barberiayciencia.com\/pt-pt\/wp-json\/wp\/v2\/product"}],"about":[{"href":"https:\/\/www.barberiayciencia.com\/pt-pt\/wp-json\/wp\/v2\/types\/product"}],"replies":[{"embeddable":true,"href":"https:\/\/www.barberiayciencia.com\/pt-pt\/wp-json\/wp\/v2\/comments?post=6262"}],"wp:featuredmedia":[{"embeddable":true,"href":"https:\/\/www.barberiayciencia.com\/pt-pt\/wp-json\/wp\/v2\/media\/6263"}],"wp:attachment":[{"href":"https:\/\/www.barberiayciencia.com\/pt-pt\/wp-json\/wp\/v2\/media?parent=6262"}],"wp:term":[{"taxonomy":"product_brand","embeddable":true,"href":"https:\/\/www.barberiayciencia.com\/pt-pt\/wp-json\/wp\/v2\/product_brand?post=6262"},{"taxonomy":"product_cat","embeddable":true,"href":"https:\/\/www.barberiayciencia.com\/pt-pt\/wp-json\/wp\/v2\/product_cat?post=6262"},{"taxonomy":"product_tag","embeddable":true,"href":"https:\/\/www.barberiayciencia.com\/pt-pt\/wp-json\/wp\/v2\/product_tag?post=6262"}],"curies":[{"name":"wp","href":"https:\/\/api.w.org\/{rel}","templated":true}]}}