{"id":6260,"date":"2022-04-26T16:41:48","date_gmt":"2022-04-26T14:41:48","guid":{"rendered":"https:\/\/www.barberiayciencia.com\/producto\/cera-liquida-para-a-barba\/"},"modified":"2025-03-17T14:11:48","modified_gmt":"2025-03-17T13:11:48","slug":"cera-liquida-para-a-barba","status":"publish","type":"product","link":"https:\/\/www.barberiayciencia.com\/pt-pt\/producto\/cera-liquida-para-a-barba\/","title":{"rendered":"CERA L\u00cdQUIDA PARA A BARBA"},"content":{"rendered":"<p>Cera l\u00edquida com condicionadores concentrados n\u00e3o gordurosos. D\u00e1 textura e facilidade de pentear \u00e0 barba. Recomendado para barbas cheias.<\/p>\n<p>Enriquecido com <strong>extrato natural de Cannabis<\/strong> que traz in\u00fameros benef\u00edcios para a sa\u00fade e o cuidado da tua barba.<\/p>\n<p>A can\u00e1bis, especialmente o \u00f3leo de c\u00e2nhamo e o CBD (canabidiol), ganhou popularidade nos cuidados pessoais devido \u00e0s suas propriedades ben\u00e9ficas para a pele e o cabelo. Quando incorporado na nossa cera para a barba, os seus benef\u00edcios melhoram a sa\u00fade da barba e da pele do rosto. Aqui explicamos-te algumas das suas principais vantagens:<\/p>\n<p><strong>1. Hidrata\u00e7\u00e3o e suaviza\u00e7\u00e3o<\/strong><br \/>\nO \u00f3leo de c\u00e2nhamo \u00e9 um excelente hidratante. Na nossa cera l\u00edquida para a barba, ajuda a manter a barba macia, hidratada e male\u00e1vel. Os seus \u00e1cidos gordos essenciais, como o \u00f3mega 3 e o \u00f3mega 6, penetram profundamente na fibra capilar, evitando a secura e proporcionando um acabamento sedoso.<\/p>\n<p><strong>2. Propriedades calmantes<\/strong><br \/>\nO CBD e outros compostos de can\u00e1bis t\u00eam propriedades anti-inflamat\u00f3rias que podem acalmar a pele irritada por baixo da barba, especialmente depois do barbear ou da exposi\u00e7\u00e3o a factores externos como o sol ou o vento. Isto ajuda a reduzir a comich\u00e3o ou a irrita\u00e7\u00e3o, que \u00e9 comum na zona dos p\u00ealos faciais.<\/p>\n<p><strong>3. Estimula o crescimento do cabelo<\/strong><br \/>\nO \u00f3leo de c\u00e2nhamo tem propriedades que promovem a circula\u00e7\u00e3o sangu\u00ednea na \u00e1rea onde \u00e9 aplicado. Isto pode ajudar a nutrir os fol\u00edculos capilares e a promover um crescimento mais saud\u00e1vel da barba. Al\u00e9m disso, ao fortalecer a base do cabelo, reduz a queda prematura do cabelo.<\/p>\n<p><strong>4. Evita a caspa e a comich\u00e3o<\/strong><br \/>\nA pele debaixo da barba pode ficar seca e propensa \u00e0 caspa ou \u00e0 descama\u00e7\u00e3o. A cera de can\u00e1bis para a barba ajuda a equilibrar a hidrata\u00e7\u00e3o da pele, o que pode evitar a descama\u00e7\u00e3o e a comich\u00e3o, problemas comuns para quem tem barbas espessas.<\/p>\n<p><strong>5. Controlo do frisado e fixa\u00e7\u00e3o natural<\/strong><br \/>\nA cannabis, sendo um ingrediente natural, ajuda a suavizar o cabelo rebelde e a manter um controlo adequado do frisado sem deixar um res\u00edduo pesado. Tamb\u00e9m proporciona uma fixa\u00e7\u00e3o leve e natural para manter o estilo da barba sem parecer r\u00edgida ou artificial.<\/p>\n<p><strong>6. Propriedades Antioxidantes<\/strong><br \/>\nA can\u00e1bis \u00e9 rica em antioxidantes, que podem ajudar a proteger a pele e os p\u00ealos faciais contra os danos ambientais e os radicais livres. Estes antioxidantes tamb\u00e9m ajudam a prevenir o envelhecimento prematuro da pele e mant\u00eam a barba num estado saud\u00e1vel.<\/p>\n<p><strong>7. Sebum Balance<\/strong><br \/>\nA cannabis regula a produ\u00e7\u00e3o de sebo na pele, que \u00e9 essencial para manter uma pele e p\u00ealos faciais saud\u00e1veis. Isto \u00e9 especialmente ben\u00e9fico para quem tem uma barba com tend\u00eancia para a oleosidade ou para a secura, pois mant\u00e9m um equil\u00edbrio adequado.<\/p>\n<p>Em suma, a cera l\u00edquida para a barba com can\u00e1bis 1948 BARBERSCIENCE \u00e9 um excelente produto para manteres a tua barba bem cuidada, hidratada e saud\u00e1vel. Para al\u00e9m dos benef\u00edcios para os p\u00ealos faciais, tamb\u00e9m melhora a sa\u00fade da pele por baixo da barba, oferecendo um cuidado abrangente que vai para al\u00e9m da simples est\u00e9tica.<\/p>\n","protected":false},"excerpt":{"rendered":"<p>CERA DE BARBA L\u00cdQUIDA 50 ml<\/p>\n","protected":false},"featured_media":6261,"comment_status":"closed","ping_status":"closed","template":"","meta":{"_joinchat":[]},"product_brand":[],"product_cat":[283,287],"product_tag":[],"class_list":{"0":"post-6260","1":"product","2":"type-product","3":"status-publish","4":"has-post-thumbnail","6":"product_cat-barba-y-afeitado-pt-pt","7":"product_cat-cera-de-barba-pt-pt","9":"first","10":"instock","11":"taxable","12":"shipping-taxable","13":"purchasable","14":"product-type-simple"},"yoast_head":"<!-- This site is optimized with the Yoast SEO plugin v27.2 - https:\/\/yoast.com\/product\/yoast-seo-wordpress\/ -->\n<title>CERA L\u00cdQUIDA PARA A BARBA - 1948 BARBERSCIENCE<\/title>\n<meta name=\"description\" content=\"Cera l\u00edquida com condicionadores concentrados n\u00e3o gordurosos. D\u00e1 textura e facilidade de pentear \u00e0 barba. Recomendado para barbas cheias.\" \/>\n<meta name=\"robots\" content=\"index, follow, max-snippet:-1, max-image-preview:large, max-video-preview:-1\" \/>\n<link rel=\"canonical\" href=\"https:\/\/www.barberiayciencia.com\/pt-pt\/producto\/cera-liquida-para-a-barba\/\" \/>\n<meta property=\"og:locale\" content=\"pt_PT\" \/>\n<meta property=\"og:type\" content=\"article\" \/>\n<meta property=\"og:title\" content=\"CERA L\u00cdQUIDA PARA A BARBA - 1948 BARBERSCIENCE\" \/>\n<meta property=\"og:description\" content=\"Cera l\u00edquida com condicionadores concentrados n\u00e3o gordurosos. D\u00e1 textura e facilidade de pentear \u00e0 barba. Recomendado para barbas cheias.\" \/>\n<meta property=\"og:url\" content=\"https:\/\/www.barberiayciencia.com\/pt-pt\/producto\/cera-liquida-para-a-barba\/\" \/>\n<meta property=\"og:site_name\" content=\"1948 BARBERSCIENCE\" \/>\n<meta property=\"article:publisher\" content=\"https:\/\/www.facebook.com\/1948barberscience\" \/>\n<meta property=\"article:modified_time\" content=\"2025-03-17T13:11:48+00:00\" \/>\n<meta property=\"og:image\" content=\"https:\/\/www.barberiayciencia.com\/wp-content\/uploads\/2022\/04\/CERA-DE-BARBA.jpg\" \/>\n\t<meta property=\"og:image:width\" content=\"800\" \/>\n\t<meta property=\"og:image:height\" content=\"800\" \/>\n\t<meta property=\"og:image:type\" content=\"image\/jpeg\" \/>\n<meta name=\"twitter:card\" content=\"summary_large_image\" \/>\n<meta name=\"twitter:label1\" content=\"Tempo estimado de leitura\" \/>\n\t<meta name=\"twitter:data1\" content=\"3 minutos\" \/>\n<script type=\"application\/ld+json\" class=\"yoast-schema-graph\">{\"@context\":\"https:\/\/schema.org\",\"@graph\":[{\"@type\":\"WebPage\",\"@id\":\"https:\/\/www.barberiayciencia.com\/pt-pt\/producto\/cera-liquida-para-a-barba\/\",\"url\":\"https:\/\/www.barberiayciencia.com\/pt-pt\/producto\/cera-liquida-para-a-barba\/\",\"name\":\"CERA L\u00cdQUIDA PARA A BARBA - 1948 BARBERSCIENCE\",\"isPartOf\":{\"@id\":\"https:\/\/www.barberiayciencia.com\/#website\"},\"primaryImageOfPage\":{\"@id\":\"https:\/\/www.barberiayciencia.com\/pt-pt\/producto\/cera-liquida-para-a-barba\/#primaryimage\"},\"image\":{\"@id\":\"https:\/\/www.barberiayciencia.com\/pt-pt\/producto\/cera-liquida-para-a-barba\/#primaryimage\"},\"thumbnailUrl\":\"https:\/\/www.barberiayciencia.com\/wp-content\/uploads\/2022\/04\/CERA-DE-BARBA.jpg\",\"datePublished\":\"2022-04-26T14:41:48+00:00\",\"dateModified\":\"2025-03-17T13:11:48+00:00\",\"description\":\"Cera l\u00edquida com condicionadores concentrados n\u00e3o gordurosos. D\u00e1 textura e facilidade de pentear \u00e0 barba. Recomendado para barbas cheias.\",\"breadcrumb\":{\"@id\":\"https:\/\/www.barberiayciencia.com\/pt-pt\/producto\/cera-liquida-para-a-barba\/#breadcrumb\"},\"inLanguage\":\"pt-PT\",\"potentialAction\":[{\"@type\":\"ReadAction\",\"target\":[\"https:\/\/www.barberiayciencia.com\/pt-pt\/producto\/cera-liquida-para-a-barba\/\"]}]},{\"@type\":\"ImageObject\",\"inLanguage\":\"pt-PT\",\"@id\":\"https:\/\/www.barberiayciencia.com\/pt-pt\/producto\/cera-liquida-para-a-barba\/#primaryimage\",\"url\":\"https:\/\/www.barberiayciencia.com\/wp-content\/uploads\/2022\/04\/CERA-DE-BARBA.jpg\",\"contentUrl\":\"https:\/\/www.barberiayciencia.com\/wp-content\/uploads\/2022\/04\/CERA-DE-BARBA.jpg\",\"width\":800,\"height\":800,\"caption\":\"cera l\u00edquida de barba 1948\"},{\"@type\":\"BreadcrumbList\",\"@id\":\"https:\/\/www.barberiayciencia.com\/pt-pt\/producto\/cera-liquida-para-a-barba\/#breadcrumb\",\"itemListElement\":[{\"@type\":\"ListItem\",\"position\":1,\"name\":\"Portada\",\"item\":\"https:\/\/www.barberiayciencia.com\/pt-pt\/\"},{\"@type\":\"ListItem\",\"position\":2,\"name\":\"Loja online\",\"item\":\"https:\/\/www.barberiayciencia.com\/pt-pt\/tienda-online\/\"},{\"@type\":\"ListItem\",\"position\":3,\"name\":\"CERA L\u00cdQUIDA PARA A BARBA\"}]},{\"@type\":\"WebSite\",\"@id\":\"https:\/\/www.barberiayciencia.com\/#website\",\"url\":\"https:\/\/www.barberiayciencia.com\/\",\"name\":\"1948 BARBERSCIENCE\",\"description\":\"Alta Cosm\u00e9tica Capilar para Barbershops\",\"publisher\":{\"@id\":\"https:\/\/www.barberiayciencia.com\/#organization\"},\"potentialAction\":[{\"@type\":\"SearchAction\",\"target\":{\"@type\":\"EntryPoint\",\"urlTemplate\":\"https:\/\/www.barberiayciencia.com\/?s={search_term_string}\"},\"query-input\":{\"@type\":\"PropertyValueSpecification\",\"valueRequired\":true,\"valueName\":\"search_term_string\"}}],\"inLanguage\":\"pt-PT\"},{\"@type\":\"Organization\",\"@id\":\"https:\/\/www.barberiayciencia.com\/#organization\",\"name\":\"1948 BARBERSCIENCE\",\"url\":\"https:\/\/www.barberiayciencia.com\/\",\"logo\":{\"@type\":\"ImageObject\",\"inLanguage\":\"pt-PT\",\"@id\":\"https:\/\/www.barberiayciencia.com\/#\/schema\/logo\/image\/\",\"url\":\"https:\/\/www.barberiayciencia.com\/wp-content\/uploads\/2023\/06\/logo-300x159bn.png\",\"contentUrl\":\"https:\/\/www.barberiayciencia.com\/wp-content\/uploads\/2023\/06\/logo-300x159bn.png\",\"width\":300,\"height\":159,\"caption\":\"1948 BARBERSCIENCE\"},\"image\":{\"@id\":\"https:\/\/www.barberiayciencia.com\/#\/schema\/logo\/image\/\"},\"sameAs\":[\"https:\/\/www.facebook.com\/1948barberscience\",\"https:\/\/www.instagram.com\/1948barberscience\/\"]}]}<\/script>\n<!-- \/ Yoast SEO plugin. -->","yoast_head_json":{"title":"CERA L\u00cdQUIDA PARA A BARBA - 1948 BARBERSCIENCE","description":"Cera l\u00edquida com condicionadores concentrados n\u00e3o gordurosos. D\u00e1 textura e facilidade de pentear \u00e0 barba. Recomendado para barbas cheias.","robots":{"index":"index","follow":"follow","max-snippet":"max-snippet:-1","max-image-preview":"max-image-preview:large","max-video-preview":"max-video-preview:-1"},"canonical":"https:\/\/www.barberiayciencia.com\/pt-pt\/producto\/cera-liquida-para-a-barba\/","og_locale":"pt_PT","og_type":"article","og_title":"CERA L\u00cdQUIDA PARA A BARBA - 1948 BARBERSCIENCE","og_description":"Cera l\u00edquida com condicionadores concentrados n\u00e3o gordurosos. D\u00e1 textura e facilidade de pentear \u00e0 barba. Recomendado para barbas cheias.","og_url":"https:\/\/www.barberiayciencia.com\/pt-pt\/producto\/cera-liquida-para-a-barba\/","og_site_name":"1948 BARBERSCIENCE","article_publisher":"https:\/\/www.facebook.com\/1948barberscience","article_modified_time":"2025-03-17T13:11:48+00:00","og_image":[{"width":800,"height":800,"url":"https:\/\/www.barberiayciencia.com\/wp-content\/uploads\/2022\/04\/CERA-DE-BARBA.jpg","type":"image\/jpeg"}],"twitter_card":"summary_large_image","twitter_misc":{"Tempo estimado de leitura":"3 minutos"},"schema":{"@context":"https:\/\/schema.org","@graph":[{"@type":"WebPage","@id":"https:\/\/www.barberiayciencia.com\/pt-pt\/producto\/cera-liquida-para-a-barba\/","url":"https:\/\/www.barberiayciencia.com\/pt-pt\/producto\/cera-liquida-para-a-barba\/","name":"CERA L\u00cdQUIDA PARA A BARBA - 1948 BARBERSCIENCE","isPartOf":{"@id":"https:\/\/www.barberiayciencia.com\/#website"},"primaryImageOfPage":{"@id":"https:\/\/www.barberiayciencia.com\/pt-pt\/producto\/cera-liquida-para-a-barba\/#primaryimage"},"image":{"@id":"https:\/\/www.barberiayciencia.com\/pt-pt\/producto\/cera-liquida-para-a-barba\/#primaryimage"},"thumbnailUrl":"https:\/\/www.barberiayciencia.com\/wp-content\/uploads\/2022\/04\/CERA-DE-BARBA.jpg","datePublished":"2022-04-26T14:41:48+00:00","dateModified":"2025-03-17T13:11:48+00:00","description":"Cera l\u00edquida com condicionadores concentrados n\u00e3o gordurosos. D\u00e1 textura e facilidade de pentear \u00e0 barba. Recomendado para barbas cheias.","breadcrumb":{"@id":"https:\/\/www.barberiayciencia.com\/pt-pt\/producto\/cera-liquida-para-a-barba\/#breadcrumb"},"inLanguage":"pt-PT","potentialAction":[{"@type":"ReadAction","target":["https:\/\/www.barberiayciencia.com\/pt-pt\/producto\/cera-liquida-para-a-barba\/"]}]},{"@type":"ImageObject","inLanguage":"pt-PT","@id":"https:\/\/www.barberiayciencia.com\/pt-pt\/producto\/cera-liquida-para-a-barba\/#primaryimage","url":"https:\/\/www.barberiayciencia.com\/wp-content\/uploads\/2022\/04\/CERA-DE-BARBA.jpg","contentUrl":"https:\/\/www.barberiayciencia.com\/wp-content\/uploads\/2022\/04\/CERA-DE-BARBA.jpg","width":800,"height":800,"caption":"cera l\u00edquida de barba 1948"},{"@type":"BreadcrumbList","@id":"https:\/\/www.barberiayciencia.com\/pt-pt\/producto\/cera-liquida-para-a-barba\/#breadcrumb","itemListElement":[{"@type":"ListItem","position":1,"name":"Portada","item":"https:\/\/www.barberiayciencia.com\/pt-pt\/"},{"@type":"ListItem","position":2,"name":"Loja online","item":"https:\/\/www.barberiayciencia.com\/pt-pt\/tienda-online\/"},{"@type":"ListItem","position":3,"name":"CERA L\u00cdQUIDA PARA A BARBA"}]},{"@type":"WebSite","@id":"https:\/\/www.barberiayciencia.com\/#website","url":"https:\/\/www.barberiayciencia.com\/","name":"1948 BARBERSCIENCE","description":"Alta Cosm\u00e9tica Capilar para Barbershops","publisher":{"@id":"https:\/\/www.barberiayciencia.com\/#organization"},"potentialAction":[{"@type":"SearchAction","target":{"@type":"EntryPoint","urlTemplate":"https:\/\/www.barberiayciencia.com\/?s={search_term_string}"},"query-input":{"@type":"PropertyValueSpecification","valueRequired":true,"valueName":"search_term_string"}}],"inLanguage":"pt-PT"},{"@type":"Organization","@id":"https:\/\/www.barberiayciencia.com\/#organization","name":"1948 BARBERSCIENCE","url":"https:\/\/www.barberiayciencia.com\/","logo":{"@type":"ImageObject","inLanguage":"pt-PT","@id":"https:\/\/www.barberiayciencia.com\/#\/schema\/logo\/image\/","url":"https:\/\/www.barberiayciencia.com\/wp-content\/uploads\/2023\/06\/logo-300x159bn.png","contentUrl":"https:\/\/www.barberiayciencia.com\/wp-content\/uploads\/2023\/06\/logo-300x159bn.png","width":300,"height":159,"caption":"1948 BARBERSCIENCE"},"image":{"@id":"https:\/\/www.barberiayciencia.com\/#\/schema\/logo\/image\/"},"sameAs":["https:\/\/www.facebook.com\/1948barberscience","https:\/\/www.instagram.com\/1948barberscience\/"]}]}},"_links":{"self":[{"href":"https:\/\/www.barberiayciencia.com\/pt-pt\/wp-json\/wp\/v2\/product\/6260","targetHints":{"allow":["GET"]}}],"collection":[{"href":"https:\/\/www.barberiayciencia.com\/pt-pt\/wp-json\/wp\/v2\/product"}],"about":[{"href":"https:\/\/www.barberiayciencia.com\/pt-pt\/wp-json\/wp\/v2\/types\/product"}],"replies":[{"embeddable":true,"href":"https:\/\/www.barberiayciencia.com\/pt-pt\/wp-json\/wp\/v2\/comments?post=6260"}],"wp:featuredmedia":[{"embeddable":true,"href":"https:\/\/www.barberiayciencia.com\/pt-pt\/wp-json\/wp\/v2\/media\/6261"}],"wp:attachment":[{"href":"https:\/\/www.barberiayciencia.com\/pt-pt\/wp-json\/wp\/v2\/media?parent=6260"}],"wp:term":[{"taxonomy":"product_brand","embeddable":true,"href":"https:\/\/www.barberiayciencia.com\/pt-pt\/wp-json\/wp\/v2\/product_brand?post=6260"},{"taxonomy":"product_cat","embeddable":true,"href":"https:\/\/www.barberiayciencia.com\/pt-pt\/wp-json\/wp\/v2\/product_cat?post=6260"},{"taxonomy":"product_tag","embeddable":true,"href":"https:\/\/www.barberiayciencia.com\/pt-pt\/wp-json\/wp\/v2\/product_tag?post=6260"}],"curies":[{"name":"wp","href":"https:\/\/api.w.org\/{rel}","templated":true}]}}