{"id":6258,"date":"2022-04-26T16:45:00","date_gmt":"2022-04-26T14:45:00","guid":{"rendered":"https:\/\/www.barberiayciencia.com\/producto\/barbear-terapeutico\/"},"modified":"2025-03-17T14:10:35","modified_gmt":"2025-03-17T13:10:35","slug":"barbear-terapeutico","status":"publish","type":"product","link":"https:\/\/www.barberiayciencia.com\/pt-pt\/producto\/barbear-terapeutico\/","title":{"rendered":"BARBEAR TERAP\u00caUTICO"},"content":{"rendered":"<p>A depila\u00e7\u00e3o terap\u00eautica \u00e9 um tratamento especializado que vai para al\u00e9m da simples depila\u00e7\u00e3o facial. Foi concebido para cuidar, reparar e hidratar a pele durante e ap\u00f3s o barbear, proporcionando um cuidado hol\u00edstico e melhorando a sa\u00fade da pele.<\/p>\n<p>Este tipo de barbear utiliza produtos com ingredientes activos que combatem a irrita\u00e7\u00e3o, a inflama\u00e7\u00e3o e outros desconfortos comuns relacionados com o barbear.<\/p>\n<p><strong>Benef\u00edcios do barbear terap\u00eautico:<\/strong><\/p>\n<p><strong>Redu\u00e7\u00e3o da irrita\u00e7\u00e3o:<\/strong> Ajuda a reduzir a irrita\u00e7\u00e3o e a vermelhid\u00e3o ap\u00f3s o barbear, proporcionando uma sensa\u00e7\u00e3o imediata de frescura.<br \/>\n<strong>Hidrata\u00e7\u00e3o profunda:<\/strong> nutre a pele, evitando a secura e deixando-a macia.<br \/>\n<strong>Preven\u00e7\u00e3o de pontos negros e p\u00ealos encravados:<\/strong> O barbear terap\u00eautico promove uma pele saud\u00e1vel, minimizando problemas como os p\u00ealos encravados e os pontos negros.<br \/>\n<strong>Repara\u00e7\u00e3o da pele:<\/strong> Com o uso regular deste tratamento, a pele regenera-se, melhora a sua elasticidade e fica com um aspeto mais saud\u00e1vel.<br \/>\n\u00c9 uma excelente op\u00e7\u00e3o para quem procura um barbear confort\u00e1vel, sem agress\u00e3o \u00e0 pele, e com foco no cuidado e bem-estar facial.<\/p>\n<p>O seu potente efeito t\u00e9rmico reduz o crescimento dos p\u00ealos em mais de 80% e a sua transpar\u00eancia permite um barbear com a m\u00e1xima precis\u00e3o. Recomenda-se a sua utiliza\u00e7\u00e3o ap\u00f3s o duche.<\/p>\n","protected":false},"excerpt":{"rendered":"<p>BARBEAR TERAP\u00caUTICO 300 ml<\/p>\n","protected":false},"featured_media":6259,"comment_status":"closed","ping_status":"closed","template":"","meta":{"_joinchat":[]},"product_brand":[],"product_cat":[283,285],"product_tag":[],"class_list":{"0":"post-6258","1":"product","2":"type-product","3":"status-publish","4":"has-post-thumbnail","6":"product_cat-barba-y-afeitado-pt-pt","7":"product_cat-afeitado-terapeutico-pt-pt","9":"first","10":"instock","11":"taxable","12":"shipping-taxable","13":"purchasable","14":"product-type-simple"},"yoast_head":"<!-- This site is optimized with the Yoast SEO plugin v27.2 - https:\/\/yoast.com\/product\/yoast-seo-wordpress\/ -->\n<title>BARBEAR TERAP\u00caUTICO - 1948 BARBERSCIENCE<\/title>\n<meta name=\"description\" content=\"BARBEAR TERAP\u00caUTICO. F\u00f3rmula desenvolvida para combater os problemas comuns do barbear masculino, como a pele sens\u00edvel, os p\u00ealos teimosos do rosto, os p\u00ealos purulentos, etc.\" \/>\n<meta name=\"robots\" content=\"index, follow, max-snippet:-1, max-image-preview:large, max-video-preview:-1\" \/>\n<link rel=\"canonical\" href=\"https:\/\/www.barberiayciencia.com\/pt-pt\/producto\/barbear-terapeutico\/\" \/>\n<meta property=\"og:locale\" content=\"pt_PT\" \/>\n<meta property=\"og:type\" content=\"article\" \/>\n<meta property=\"og:title\" content=\"BARBEAR TERAP\u00caUTICO - 1948 BARBERSCIENCE\" \/>\n<meta property=\"og:description\" content=\"BARBEAR TERAP\u00caUTICO. F\u00f3rmula desenvolvida para combater os problemas comuns do barbear masculino, como a pele sens\u00edvel, os p\u00ealos teimosos do rosto, os p\u00ealos purulentos, etc.\" \/>\n<meta property=\"og:url\" content=\"https:\/\/www.barberiayciencia.com\/pt-pt\/producto\/barbear-terapeutico\/\" \/>\n<meta property=\"og:site_name\" content=\"1948 BARBERSCIENCE\" \/>\n<meta property=\"article:publisher\" content=\"https:\/\/www.facebook.com\/1948barberscience\" \/>\n<meta property=\"article:modified_time\" content=\"2025-03-17T13:10:35+00:00\" \/>\n<meta property=\"og:image\" content=\"https:\/\/www.barberiayciencia.com\/wp-content\/uploads\/2022\/04\/afeitado-terapeutico.jpg\" \/>\n\t<meta property=\"og:image:width\" content=\"800\" \/>\n\t<meta property=\"og:image:height\" content=\"800\" \/>\n\t<meta property=\"og:image:type\" content=\"image\/jpeg\" \/>\n<meta name=\"twitter:card\" content=\"summary_large_image\" \/>\n<meta name=\"twitter:label1\" content=\"Tempo estimado de leitura\" \/>\n\t<meta name=\"twitter:data1\" content=\"2 minutos\" \/>\n<script type=\"application\/ld+json\" class=\"yoast-schema-graph\">{\"@context\":\"https:\/\/schema.org\",\"@graph\":[{\"@type\":\"WebPage\",\"@id\":\"https:\/\/www.barberiayciencia.com\/pt-pt\/producto\/barbear-terapeutico\/\",\"url\":\"https:\/\/www.barberiayciencia.com\/pt-pt\/producto\/barbear-terapeutico\/\",\"name\":\"BARBEAR TERAP\u00caUTICO - 1948 BARBERSCIENCE\",\"isPartOf\":{\"@id\":\"https:\/\/www.barberiayciencia.com\/#website\"},\"primaryImageOfPage\":{\"@id\":\"https:\/\/www.barberiayciencia.com\/pt-pt\/producto\/barbear-terapeutico\/#primaryimage\"},\"image\":{\"@id\":\"https:\/\/www.barberiayciencia.com\/pt-pt\/producto\/barbear-terapeutico\/#primaryimage\"},\"thumbnailUrl\":\"https:\/\/www.barberiayciencia.com\/wp-content\/uploads\/2022\/04\/afeitado-terapeutico.jpg\",\"datePublished\":\"2022-04-26T14:45:00+00:00\",\"dateModified\":\"2025-03-17T13:10:35+00:00\",\"description\":\"BARBEAR TERAP\u00caUTICO. F\u00f3rmula desenvolvida para combater os problemas comuns do barbear masculino, como a pele sens\u00edvel, os p\u00ealos teimosos do rosto, os p\u00ealos purulentos, etc.\",\"breadcrumb\":{\"@id\":\"https:\/\/www.barberiayciencia.com\/pt-pt\/producto\/barbear-terapeutico\/#breadcrumb\"},\"inLanguage\":\"pt-PT\",\"potentialAction\":[{\"@type\":\"ReadAction\",\"target\":[\"https:\/\/www.barberiayciencia.com\/pt-pt\/producto\/barbear-terapeutico\/\"]}]},{\"@type\":\"ImageObject\",\"inLanguage\":\"pt-PT\",\"@id\":\"https:\/\/www.barberiayciencia.com\/pt-pt\/producto\/barbear-terapeutico\/#primaryimage\",\"url\":\"https:\/\/www.barberiayciencia.com\/wp-content\/uploads\/2022\/04\/afeitado-terapeutico.jpg\",\"contentUrl\":\"https:\/\/www.barberiayciencia.com\/wp-content\/uploads\/2022\/04\/afeitado-terapeutico.jpg\",\"width\":800,\"height\":800,\"caption\":\"AFEITADO TERAP\u00c9UTICO 1948 BARBERSCIENCE\"},{\"@type\":\"BreadcrumbList\",\"@id\":\"https:\/\/www.barberiayciencia.com\/pt-pt\/producto\/barbear-terapeutico\/#breadcrumb\",\"itemListElement\":[{\"@type\":\"ListItem\",\"position\":1,\"name\":\"Portada\",\"item\":\"https:\/\/www.barberiayciencia.com\/pt-pt\/\"},{\"@type\":\"ListItem\",\"position\":2,\"name\":\"Loja online\",\"item\":\"https:\/\/www.barberiayciencia.com\/pt-pt\/tienda-online\/\"},{\"@type\":\"ListItem\",\"position\":3,\"name\":\"BARBEAR TERAP\u00caUTICO\"}]},{\"@type\":\"WebSite\",\"@id\":\"https:\/\/www.barberiayciencia.com\/#website\",\"url\":\"https:\/\/www.barberiayciencia.com\/\",\"name\":\"1948 BARBERSCIENCE\",\"description\":\"Alta Cosm\u00e9tica Capilar para Barbershops\",\"publisher\":{\"@id\":\"https:\/\/www.barberiayciencia.com\/#organization\"},\"potentialAction\":[{\"@type\":\"SearchAction\",\"target\":{\"@type\":\"EntryPoint\",\"urlTemplate\":\"https:\/\/www.barberiayciencia.com\/?s={search_term_string}\"},\"query-input\":{\"@type\":\"PropertyValueSpecification\",\"valueRequired\":true,\"valueName\":\"search_term_string\"}}],\"inLanguage\":\"pt-PT\"},{\"@type\":\"Organization\",\"@id\":\"https:\/\/www.barberiayciencia.com\/#organization\",\"name\":\"1948 BARBERSCIENCE\",\"url\":\"https:\/\/www.barberiayciencia.com\/\",\"logo\":{\"@type\":\"ImageObject\",\"inLanguage\":\"pt-PT\",\"@id\":\"https:\/\/www.barberiayciencia.com\/#\/schema\/logo\/image\/\",\"url\":\"https:\/\/www.barberiayciencia.com\/wp-content\/uploads\/2023\/06\/logo-300x159bn.png\",\"contentUrl\":\"https:\/\/www.barberiayciencia.com\/wp-content\/uploads\/2023\/06\/logo-300x159bn.png\",\"width\":300,\"height\":159,\"caption\":\"1948 BARBERSCIENCE\"},\"image\":{\"@id\":\"https:\/\/www.barberiayciencia.com\/#\/schema\/logo\/image\/\"},\"sameAs\":[\"https:\/\/www.facebook.com\/1948barberscience\",\"https:\/\/www.instagram.com\/1948barberscience\/\"]}]}<\/script>\n<!-- \/ Yoast SEO plugin. -->","yoast_head_json":{"title":"BARBEAR TERAP\u00caUTICO - 1948 BARBERSCIENCE","description":"BARBEAR TERAP\u00caUTICO. F\u00f3rmula desenvolvida para combater os problemas comuns do barbear masculino, como a pele sens\u00edvel, os p\u00ealos teimosos do rosto, os p\u00ealos purulentos, etc.","robots":{"index":"index","follow":"follow","max-snippet":"max-snippet:-1","max-image-preview":"max-image-preview:large","max-video-preview":"max-video-preview:-1"},"canonical":"https:\/\/www.barberiayciencia.com\/pt-pt\/producto\/barbear-terapeutico\/","og_locale":"pt_PT","og_type":"article","og_title":"BARBEAR TERAP\u00caUTICO - 1948 BARBERSCIENCE","og_description":"BARBEAR TERAP\u00caUTICO. F\u00f3rmula desenvolvida para combater os problemas comuns do barbear masculino, como a pele sens\u00edvel, os p\u00ealos teimosos do rosto, os p\u00ealos purulentos, etc.","og_url":"https:\/\/www.barberiayciencia.com\/pt-pt\/producto\/barbear-terapeutico\/","og_site_name":"1948 BARBERSCIENCE","article_publisher":"https:\/\/www.facebook.com\/1948barberscience","article_modified_time":"2025-03-17T13:10:35+00:00","og_image":[{"width":800,"height":800,"url":"https:\/\/www.barberiayciencia.com\/wp-content\/uploads\/2022\/04\/afeitado-terapeutico.jpg","type":"image\/jpeg"}],"twitter_card":"summary_large_image","twitter_misc":{"Tempo estimado de leitura":"2 minutos"},"schema":{"@context":"https:\/\/schema.org","@graph":[{"@type":"WebPage","@id":"https:\/\/www.barberiayciencia.com\/pt-pt\/producto\/barbear-terapeutico\/","url":"https:\/\/www.barberiayciencia.com\/pt-pt\/producto\/barbear-terapeutico\/","name":"BARBEAR TERAP\u00caUTICO - 1948 BARBERSCIENCE","isPartOf":{"@id":"https:\/\/www.barberiayciencia.com\/#website"},"primaryImageOfPage":{"@id":"https:\/\/www.barberiayciencia.com\/pt-pt\/producto\/barbear-terapeutico\/#primaryimage"},"image":{"@id":"https:\/\/www.barberiayciencia.com\/pt-pt\/producto\/barbear-terapeutico\/#primaryimage"},"thumbnailUrl":"https:\/\/www.barberiayciencia.com\/wp-content\/uploads\/2022\/04\/afeitado-terapeutico.jpg","datePublished":"2022-04-26T14:45:00+00:00","dateModified":"2025-03-17T13:10:35+00:00","description":"BARBEAR TERAP\u00caUTICO. F\u00f3rmula desenvolvida para combater os problemas comuns do barbear masculino, como a pele sens\u00edvel, os p\u00ealos teimosos do rosto, os p\u00ealos purulentos, etc.","breadcrumb":{"@id":"https:\/\/www.barberiayciencia.com\/pt-pt\/producto\/barbear-terapeutico\/#breadcrumb"},"inLanguage":"pt-PT","potentialAction":[{"@type":"ReadAction","target":["https:\/\/www.barberiayciencia.com\/pt-pt\/producto\/barbear-terapeutico\/"]}]},{"@type":"ImageObject","inLanguage":"pt-PT","@id":"https:\/\/www.barberiayciencia.com\/pt-pt\/producto\/barbear-terapeutico\/#primaryimage","url":"https:\/\/www.barberiayciencia.com\/wp-content\/uploads\/2022\/04\/afeitado-terapeutico.jpg","contentUrl":"https:\/\/www.barberiayciencia.com\/wp-content\/uploads\/2022\/04\/afeitado-terapeutico.jpg","width":800,"height":800,"caption":"AFEITADO TERAP\u00c9UTICO 1948 BARBERSCIENCE"},{"@type":"BreadcrumbList","@id":"https:\/\/www.barberiayciencia.com\/pt-pt\/producto\/barbear-terapeutico\/#breadcrumb","itemListElement":[{"@type":"ListItem","position":1,"name":"Portada","item":"https:\/\/www.barberiayciencia.com\/pt-pt\/"},{"@type":"ListItem","position":2,"name":"Loja online","item":"https:\/\/www.barberiayciencia.com\/pt-pt\/tienda-online\/"},{"@type":"ListItem","position":3,"name":"BARBEAR TERAP\u00caUTICO"}]},{"@type":"WebSite","@id":"https:\/\/www.barberiayciencia.com\/#website","url":"https:\/\/www.barberiayciencia.com\/","name":"1948 BARBERSCIENCE","description":"Alta Cosm\u00e9tica Capilar para Barbershops","publisher":{"@id":"https:\/\/www.barberiayciencia.com\/#organization"},"potentialAction":[{"@type":"SearchAction","target":{"@type":"EntryPoint","urlTemplate":"https:\/\/www.barberiayciencia.com\/?s={search_term_string}"},"query-input":{"@type":"PropertyValueSpecification","valueRequired":true,"valueName":"search_term_string"}}],"inLanguage":"pt-PT"},{"@type":"Organization","@id":"https:\/\/www.barberiayciencia.com\/#organization","name":"1948 BARBERSCIENCE","url":"https:\/\/www.barberiayciencia.com\/","logo":{"@type":"ImageObject","inLanguage":"pt-PT","@id":"https:\/\/www.barberiayciencia.com\/#\/schema\/logo\/image\/","url":"https:\/\/www.barberiayciencia.com\/wp-content\/uploads\/2023\/06\/logo-300x159bn.png","contentUrl":"https:\/\/www.barberiayciencia.com\/wp-content\/uploads\/2023\/06\/logo-300x159bn.png","width":300,"height":159,"caption":"1948 BARBERSCIENCE"},"image":{"@id":"https:\/\/www.barberiayciencia.com\/#\/schema\/logo\/image\/"},"sameAs":["https:\/\/www.facebook.com\/1948barberscience","https:\/\/www.instagram.com\/1948barberscience\/"]}]}},"_links":{"self":[{"href":"https:\/\/www.barberiayciencia.com\/pt-pt\/wp-json\/wp\/v2\/product\/6258","targetHints":{"allow":["GET"]}}],"collection":[{"href":"https:\/\/www.barberiayciencia.com\/pt-pt\/wp-json\/wp\/v2\/product"}],"about":[{"href":"https:\/\/www.barberiayciencia.com\/pt-pt\/wp-json\/wp\/v2\/types\/product"}],"replies":[{"embeddable":true,"href":"https:\/\/www.barberiayciencia.com\/pt-pt\/wp-json\/wp\/v2\/comments?post=6258"}],"wp:featuredmedia":[{"embeddable":true,"href":"https:\/\/www.barberiayciencia.com\/pt-pt\/wp-json\/wp\/v2\/media\/6259"}],"wp:attachment":[{"href":"https:\/\/www.barberiayciencia.com\/pt-pt\/wp-json\/wp\/v2\/media?parent=6258"}],"wp:term":[{"taxonomy":"product_brand","embeddable":true,"href":"https:\/\/www.barberiayciencia.com\/pt-pt\/wp-json\/wp\/v2\/product_brand?post=6258"},{"taxonomy":"product_cat","embeddable":true,"href":"https:\/\/www.barberiayciencia.com\/pt-pt\/wp-json\/wp\/v2\/product_cat?post=6258"},{"taxonomy":"product_tag","embeddable":true,"href":"https:\/\/www.barberiayciencia.com\/pt-pt\/wp-json\/wp\/v2\/product_tag?post=6258"}],"curies":[{"name":"wp","href":"https:\/\/api.w.org\/{rel}","templated":true}]}}