{"id":6237,"date":"2022-04-26T18:17:47","date_gmt":"2022-04-26T16:17:47","guid":{"rendered":"https:\/\/www.barberiayciencia.com\/producto\/locao-anti-queda-de-cabelo\/"},"modified":"2025-03-17T13:54:54","modified_gmt":"2025-03-17T12:54:54","slug":"locao-anti-queda-de-cabelo","status":"publish","type":"product","link":"https:\/\/www.barberiayciencia.com\/pt-pt\/producto\/locao-anti-queda-de-cabelo\/","title":{"rendered":"LO\u00c7\u00c3O ANTI-QUEDA DE CABELO"},"content":{"rendered":"<p>Lo\u00e7\u00e3o anti-queda de cabelo com biotina, com efeito t\u00e9rmico e extrato natural de Cannabis. Regenera, fortalece e hidrata o cabelo, dando-lhe elasticidade e brilho.<\/p>\n<p>A sua a\u00e7\u00e3o estimulante inovadora associa a Biotina a outros princ\u00edpios activos (complexo vitam\u00ednico B1, B2, B6, Pantenol, hidrolisado de queratina e oligoelementos) para estimular o crescimento do cabelo, travar a queda e melhorar a circula\u00e7\u00e3o sangu\u00ednea no couro cabeludo.<\/p>\n","protected":false},"excerpt":{"rendered":"<p>LO\u00c7\u00c3O ANTI-QUEDA 300 ml<\/p>\n","protected":false},"featured_media":6238,"comment_status":"closed","ping_status":"closed","template":"","meta":{"_joinchat":[]},"product_brand":[],"product_cat":[301,302],"product_tag":[],"class_list":{"0":"post-6237","1":"product","2":"type-product","3":"status-publish","4":"has-post-thumbnail","6":"product_cat-champus-de-tratamiento-pt-pt","7":"product_cat-tratamientos-pt-pt","9":"first","10":"instock","11":"taxable","12":"shipping-taxable","13":"purchasable","14":"product-type-simple"},"yoast_head":"<!-- This site is optimized with the Yoast SEO plugin v27.2 - https:\/\/yoast.com\/product\/yoast-seo-wordpress\/ -->\n<title>LO\u00c7\u00c3O ANTI-QUEDA DE CABELO - 1948 BARBERSCIENCE<\/title>\n<meta name=\"description\" content=\"LO\u00c7\u00c3O ANTI-QUEDA. Lo\u00e7\u00e3o anti-queda de cabelo com biotina, com efeito t\u00e9rmico e extrato natural de Cannabis. Regenera, fortalece e hidrata o cabelo, dando-lhe elasticidade e brilho.\" \/>\n<meta name=\"robots\" content=\"index, follow, max-snippet:-1, max-image-preview:large, max-video-preview:-1\" \/>\n<link rel=\"canonical\" href=\"https:\/\/www.barberiayciencia.com\/pt-pt\/producto\/locao-anti-queda-de-cabelo\/\" \/>\n<meta property=\"og:locale\" content=\"pt_PT\" \/>\n<meta property=\"og:type\" content=\"article\" \/>\n<meta property=\"og:title\" content=\"LO\u00c7\u00c3O ANTI-QUEDA DE CABELO - 1948 BARBERSCIENCE\" \/>\n<meta property=\"og:description\" content=\"LO\u00c7\u00c3O ANTI-QUEDA. Lo\u00e7\u00e3o anti-queda de cabelo com biotina, com efeito t\u00e9rmico e extrato natural de Cannabis. Regenera, fortalece e hidrata o cabelo, dando-lhe elasticidade e brilho.\" \/>\n<meta property=\"og:url\" content=\"https:\/\/www.barberiayciencia.com\/pt-pt\/producto\/locao-anti-queda-de-cabelo\/\" \/>\n<meta property=\"og:site_name\" content=\"1948 BARBERSCIENCE\" \/>\n<meta property=\"article:publisher\" content=\"https:\/\/www.facebook.com\/1948barberscience\" \/>\n<meta property=\"article:modified_time\" content=\"2025-03-17T12:54:54+00:00\" \/>\n<meta property=\"og:image\" content=\"https:\/\/www.barberiayciencia.com\/wp-content\/uploads\/2022\/04\/locionanticaida-1.jpg\" \/>\n\t<meta property=\"og:image:width\" content=\"800\" \/>\n\t<meta property=\"og:image:height\" content=\"800\" \/>\n\t<meta property=\"og:image:type\" content=\"image\/jpeg\" \/>\n<meta name=\"twitter:card\" content=\"summary_large_image\" \/>\n<meta name=\"twitter:label1\" content=\"Tempo estimado de leitura\" \/>\n\t<meta name=\"twitter:data1\" content=\"1 minuto\" \/>\n<script type=\"application\/ld+json\" class=\"yoast-schema-graph\">{\"@context\":\"https:\/\/schema.org\",\"@graph\":[{\"@type\":\"WebPage\",\"@id\":\"https:\/\/www.barberiayciencia.com\/pt-pt\/producto\/locao-anti-queda-de-cabelo\/\",\"url\":\"https:\/\/www.barberiayciencia.com\/pt-pt\/producto\/locao-anti-queda-de-cabelo\/\",\"name\":\"LO\u00c7\u00c3O ANTI-QUEDA DE CABELO - 1948 BARBERSCIENCE\",\"isPartOf\":{\"@id\":\"https:\/\/www.barberiayciencia.com\/#website\"},\"primaryImageOfPage\":{\"@id\":\"https:\/\/www.barberiayciencia.com\/pt-pt\/producto\/locao-anti-queda-de-cabelo\/#primaryimage\"},\"image\":{\"@id\":\"https:\/\/www.barberiayciencia.com\/pt-pt\/producto\/locao-anti-queda-de-cabelo\/#primaryimage\"},\"thumbnailUrl\":\"https:\/\/www.barberiayciencia.com\/wp-content\/uploads\/2022\/04\/locionanticaida-1.jpg\",\"datePublished\":\"2022-04-26T16:17:47+00:00\",\"dateModified\":\"2025-03-17T12:54:54+00:00\",\"description\":\"LO\u00c7\u00c3O ANTI-QUEDA. Lo\u00e7\u00e3o anti-queda de cabelo com biotina, com efeito t\u00e9rmico e extrato natural de Cannabis. Regenera, fortalece e hidrata o cabelo, dando-lhe elasticidade e brilho.\",\"breadcrumb\":{\"@id\":\"https:\/\/www.barberiayciencia.com\/pt-pt\/producto\/locao-anti-queda-de-cabelo\/#breadcrumb\"},\"inLanguage\":\"pt-PT\",\"potentialAction\":[{\"@type\":\"ReadAction\",\"target\":[\"https:\/\/www.barberiayciencia.com\/pt-pt\/producto\/locao-anti-queda-de-cabelo\/\"]}]},{\"@type\":\"ImageObject\",\"inLanguage\":\"pt-PT\",\"@id\":\"https:\/\/www.barberiayciencia.com\/pt-pt\/producto\/locao-anti-queda-de-cabelo\/#primaryimage\",\"url\":\"https:\/\/www.barberiayciencia.com\/wp-content\/uploads\/2022\/04\/locionanticaida-1.jpg\",\"contentUrl\":\"https:\/\/www.barberiayciencia.com\/wp-content\/uploads\/2022\/04\/locionanticaida-1.jpg\",\"width\":800,\"height\":800,\"caption\":\"Loci\u00f3n Anticaida 1948 Barberscience\"},{\"@type\":\"BreadcrumbList\",\"@id\":\"https:\/\/www.barberiayciencia.com\/pt-pt\/producto\/locao-anti-queda-de-cabelo\/#breadcrumb\",\"itemListElement\":[{\"@type\":\"ListItem\",\"position\":1,\"name\":\"Portada\",\"item\":\"https:\/\/www.barberiayciencia.com\/pt-pt\/\"},{\"@type\":\"ListItem\",\"position\":2,\"name\":\"Loja online\",\"item\":\"https:\/\/www.barberiayciencia.com\/pt-pt\/tienda-online\/\"},{\"@type\":\"ListItem\",\"position\":3,\"name\":\"LO\u00c7\u00c3O ANTI-QUEDA DE CABELO\"}]},{\"@type\":\"WebSite\",\"@id\":\"https:\/\/www.barberiayciencia.com\/#website\",\"url\":\"https:\/\/www.barberiayciencia.com\/\",\"name\":\"1948 BARBERSCIENCE\",\"description\":\"Alta Cosm\u00e9tica Capilar para Barbershops\",\"publisher\":{\"@id\":\"https:\/\/www.barberiayciencia.com\/#organization\"},\"potentialAction\":[{\"@type\":\"SearchAction\",\"target\":{\"@type\":\"EntryPoint\",\"urlTemplate\":\"https:\/\/www.barberiayciencia.com\/?s={search_term_string}\"},\"query-input\":{\"@type\":\"PropertyValueSpecification\",\"valueRequired\":true,\"valueName\":\"search_term_string\"}}],\"inLanguage\":\"pt-PT\"},{\"@type\":\"Organization\",\"@id\":\"https:\/\/www.barberiayciencia.com\/#organization\",\"name\":\"1948 BARBERSCIENCE\",\"url\":\"https:\/\/www.barberiayciencia.com\/\",\"logo\":{\"@type\":\"ImageObject\",\"inLanguage\":\"pt-PT\",\"@id\":\"https:\/\/www.barberiayciencia.com\/#\/schema\/logo\/image\/\",\"url\":\"https:\/\/www.barberiayciencia.com\/wp-content\/uploads\/2023\/06\/logo-300x159bn.png\",\"contentUrl\":\"https:\/\/www.barberiayciencia.com\/wp-content\/uploads\/2023\/06\/logo-300x159bn.png\",\"width\":300,\"height\":159,\"caption\":\"1948 BARBERSCIENCE\"},\"image\":{\"@id\":\"https:\/\/www.barberiayciencia.com\/#\/schema\/logo\/image\/\"},\"sameAs\":[\"https:\/\/www.facebook.com\/1948barberscience\",\"https:\/\/www.instagram.com\/1948barberscience\/\"]}]}<\/script>\n<!-- \/ Yoast SEO plugin. -->","yoast_head_json":{"title":"LO\u00c7\u00c3O ANTI-QUEDA DE CABELO - 1948 BARBERSCIENCE","description":"LO\u00c7\u00c3O ANTI-QUEDA. Lo\u00e7\u00e3o anti-queda de cabelo com biotina, com efeito t\u00e9rmico e extrato natural de Cannabis. Regenera, fortalece e hidrata o cabelo, dando-lhe elasticidade e brilho.","robots":{"index":"index","follow":"follow","max-snippet":"max-snippet:-1","max-image-preview":"max-image-preview:large","max-video-preview":"max-video-preview:-1"},"canonical":"https:\/\/www.barberiayciencia.com\/pt-pt\/producto\/locao-anti-queda-de-cabelo\/","og_locale":"pt_PT","og_type":"article","og_title":"LO\u00c7\u00c3O ANTI-QUEDA DE CABELO - 1948 BARBERSCIENCE","og_description":"LO\u00c7\u00c3O ANTI-QUEDA. Lo\u00e7\u00e3o anti-queda de cabelo com biotina, com efeito t\u00e9rmico e extrato natural de Cannabis. Regenera, fortalece e hidrata o cabelo, dando-lhe elasticidade e brilho.","og_url":"https:\/\/www.barberiayciencia.com\/pt-pt\/producto\/locao-anti-queda-de-cabelo\/","og_site_name":"1948 BARBERSCIENCE","article_publisher":"https:\/\/www.facebook.com\/1948barberscience","article_modified_time":"2025-03-17T12:54:54+00:00","og_image":[{"width":800,"height":800,"url":"https:\/\/www.barberiayciencia.com\/wp-content\/uploads\/2022\/04\/locionanticaida-1.jpg","type":"image\/jpeg"}],"twitter_card":"summary_large_image","twitter_misc":{"Tempo estimado de leitura":"1 minuto"},"schema":{"@context":"https:\/\/schema.org","@graph":[{"@type":"WebPage","@id":"https:\/\/www.barberiayciencia.com\/pt-pt\/producto\/locao-anti-queda-de-cabelo\/","url":"https:\/\/www.barberiayciencia.com\/pt-pt\/producto\/locao-anti-queda-de-cabelo\/","name":"LO\u00c7\u00c3O ANTI-QUEDA DE CABELO - 1948 BARBERSCIENCE","isPartOf":{"@id":"https:\/\/www.barberiayciencia.com\/#website"},"primaryImageOfPage":{"@id":"https:\/\/www.barberiayciencia.com\/pt-pt\/producto\/locao-anti-queda-de-cabelo\/#primaryimage"},"image":{"@id":"https:\/\/www.barberiayciencia.com\/pt-pt\/producto\/locao-anti-queda-de-cabelo\/#primaryimage"},"thumbnailUrl":"https:\/\/www.barberiayciencia.com\/wp-content\/uploads\/2022\/04\/locionanticaida-1.jpg","datePublished":"2022-04-26T16:17:47+00:00","dateModified":"2025-03-17T12:54:54+00:00","description":"LO\u00c7\u00c3O ANTI-QUEDA. Lo\u00e7\u00e3o anti-queda de cabelo com biotina, com efeito t\u00e9rmico e extrato natural de Cannabis. Regenera, fortalece e hidrata o cabelo, dando-lhe elasticidade e brilho.","breadcrumb":{"@id":"https:\/\/www.barberiayciencia.com\/pt-pt\/producto\/locao-anti-queda-de-cabelo\/#breadcrumb"},"inLanguage":"pt-PT","potentialAction":[{"@type":"ReadAction","target":["https:\/\/www.barberiayciencia.com\/pt-pt\/producto\/locao-anti-queda-de-cabelo\/"]}]},{"@type":"ImageObject","inLanguage":"pt-PT","@id":"https:\/\/www.barberiayciencia.com\/pt-pt\/producto\/locao-anti-queda-de-cabelo\/#primaryimage","url":"https:\/\/www.barberiayciencia.com\/wp-content\/uploads\/2022\/04\/locionanticaida-1.jpg","contentUrl":"https:\/\/www.barberiayciencia.com\/wp-content\/uploads\/2022\/04\/locionanticaida-1.jpg","width":800,"height":800,"caption":"Loci\u00f3n Anticaida 1948 Barberscience"},{"@type":"BreadcrumbList","@id":"https:\/\/www.barberiayciencia.com\/pt-pt\/producto\/locao-anti-queda-de-cabelo\/#breadcrumb","itemListElement":[{"@type":"ListItem","position":1,"name":"Portada","item":"https:\/\/www.barberiayciencia.com\/pt-pt\/"},{"@type":"ListItem","position":2,"name":"Loja online","item":"https:\/\/www.barberiayciencia.com\/pt-pt\/tienda-online\/"},{"@type":"ListItem","position":3,"name":"LO\u00c7\u00c3O ANTI-QUEDA DE CABELO"}]},{"@type":"WebSite","@id":"https:\/\/www.barberiayciencia.com\/#website","url":"https:\/\/www.barberiayciencia.com\/","name":"1948 BARBERSCIENCE","description":"Alta Cosm\u00e9tica Capilar para Barbershops","publisher":{"@id":"https:\/\/www.barberiayciencia.com\/#organization"},"potentialAction":[{"@type":"SearchAction","target":{"@type":"EntryPoint","urlTemplate":"https:\/\/www.barberiayciencia.com\/?s={search_term_string}"},"query-input":{"@type":"PropertyValueSpecification","valueRequired":true,"valueName":"search_term_string"}}],"inLanguage":"pt-PT"},{"@type":"Organization","@id":"https:\/\/www.barberiayciencia.com\/#organization","name":"1948 BARBERSCIENCE","url":"https:\/\/www.barberiayciencia.com\/","logo":{"@type":"ImageObject","inLanguage":"pt-PT","@id":"https:\/\/www.barberiayciencia.com\/#\/schema\/logo\/image\/","url":"https:\/\/www.barberiayciencia.com\/wp-content\/uploads\/2023\/06\/logo-300x159bn.png","contentUrl":"https:\/\/www.barberiayciencia.com\/wp-content\/uploads\/2023\/06\/logo-300x159bn.png","width":300,"height":159,"caption":"1948 BARBERSCIENCE"},"image":{"@id":"https:\/\/www.barberiayciencia.com\/#\/schema\/logo\/image\/"},"sameAs":["https:\/\/www.facebook.com\/1948barberscience","https:\/\/www.instagram.com\/1948barberscience\/"]}]}},"_links":{"self":[{"href":"https:\/\/www.barberiayciencia.com\/pt-pt\/wp-json\/wp\/v2\/product\/6237","targetHints":{"allow":["GET"]}}],"collection":[{"href":"https:\/\/www.barberiayciencia.com\/pt-pt\/wp-json\/wp\/v2\/product"}],"about":[{"href":"https:\/\/www.barberiayciencia.com\/pt-pt\/wp-json\/wp\/v2\/types\/product"}],"replies":[{"embeddable":true,"href":"https:\/\/www.barberiayciencia.com\/pt-pt\/wp-json\/wp\/v2\/comments?post=6237"}],"wp:featuredmedia":[{"embeddable":true,"href":"https:\/\/www.barberiayciencia.com\/pt-pt\/wp-json\/wp\/v2\/media\/6238"}],"wp:attachment":[{"href":"https:\/\/www.barberiayciencia.com\/pt-pt\/wp-json\/wp\/v2\/media?parent=6237"}],"wp:term":[{"taxonomy":"product_brand","embeddable":true,"href":"https:\/\/www.barberiayciencia.com\/pt-pt\/wp-json\/wp\/v2\/product_brand?post=6237"},{"taxonomy":"product_cat","embeddable":true,"href":"https:\/\/www.barberiayciencia.com\/pt-pt\/wp-json\/wp\/v2\/product_cat?post=6237"},{"taxonomy":"product_tag","embeddable":true,"href":"https:\/\/www.barberiayciencia.com\/pt-pt\/wp-json\/wp\/v2\/product_tag?post=6237"}],"curies":[{"name":"wp","href":"https:\/\/api.w.org\/{rel}","templated":true}]}}