{"id":6225,"date":"2023-03-26T20:00:45","date_gmt":"2023-03-26T18:00:45","guid":{"rendered":"https:\/\/www.barberiayciencia.com\/producto\/cannabis-barber-powder\/"},"modified":"2025-07-18T19:17:57","modified_gmt":"2025-07-18T17:17:57","slug":"cannabis-barber-powder","status":"publish","type":"product","link":"https:\/\/www.barberiayciencia.com\/pt-pt\/producto\/cannabis-barber-powder\/","title":{"rendered":"THERAPEUTIC BARBER POWDER CANNAIBS"},"content":{"rendered":"<p>O Therapeutic Barber Powder \u00e9 o primeiro e \u00fanico p\u00f3 terap\u00eautico para penteados do mundo. O p\u00f3 de CBD, como mostram os estudos cient\u00edficos, \u00e9 uma terapia eficaz para a sa\u00fade geral do couro cabeludo e do cabelo, sendo um coadjuvante perfeito na luta contra a alopecia androgen\u00e9tica, bem como outras doen\u00e7as do couro cabeludo.<\/p>\n<p>P\u00f3 para penteados ultra-matte e volumizador com uma fixa\u00e7\u00e3o altamente flex\u00edvel.<\/p>\n<p>F\u00f3rmula exclusiva para evitar a secura do couro cabeludo.<\/p>\n<p>O primeiro a incorporar um sistema mec\u00e2nico anti-aglomera\u00e7\u00e3o, que garante a aus\u00eancia de aglomera\u00e7\u00e3o e uma textura fina e dispersa, qualidade essencial para uma fus\u00e3o homog\u00e9nea perfeita com o cabelo desde a raiz.<\/p>\n<p><strong>O QUE NUNCA TE DISSERAM SOBRE OS P\u00d3S PARA PENTEAR&#8230;<\/strong><\/p>\n<p>1948 BARBERSCIENCE garante a N\u00c3O secagem do cabelo para evitar o efeito &#8220;cabelo esparto&#8221;, assim como evita a secagem muito prejudicial do couro cabeludo, que produz micro-inflama\u00e7\u00e3o nas proximidades do fol\u00edculo piloso, resultando na acelera\u00e7\u00e3o da alopecia androgen\u00e9tica, assim como in\u00fameros danos \u00e0 sa\u00fade geral do couro cabeludo e do cabelo.<\/p>\n<p><strong>SABIAS QUE&#8230;<\/strong><\/p>\n<p>No livro PLANTA CARA A TU ALOPECIA, dos prestigiados m\u00e9dicos capilares LAURA SIM\u00d3N e DAVID MARTINEZ, s\u00e3o publicados os resultados cient\u00edficos com o p\u00f3 de CBD em pacientes com alopecia androgen\u00e9tica.<\/p>\n<h6><strong>Resumo dos resultados para o CBD em p\u00f3:<\/strong><\/h6>\n<h6><strong>Crescimento do cabelo:<\/strong> at\u00e9 93,5% de aumento nas zonas tratadas.<br \/>\n<strong>Redu\u00e7\u00e3o da produ\u00e7\u00e3o de sebo:<\/strong> entre 30% e 60%.<br \/>\n<strong>Redu\u00e7\u00e3o da inflama\u00e7\u00e3o:<\/strong> entre 50% e 70%.<\/h6>\n<h6>Recomendamos-te que consultes o livro PLANTA CARA A TU ALOPECIA onde poder\u00e1s encontrar informa\u00e7\u00e3o extensa e detalhada sobre a efic\u00e1cia do p\u00f3 de CBD para o tratamento da alopecia androgen\u00e9tica e geral com dados cient\u00edficos comprovados.<\/h6>\n","protected":false},"excerpt":{"rendered":"<p>CANNABIS BARBER POWDER 25 gr.<\/p>\n","protected":false},"featured_media":6459,"comment_status":"open","ping_status":"closed","template":"","meta":{"_joinchat":[]},"product_brand":[],"product_cat":[277,282],"product_tag":[],"class_list":{"0":"post-6225","1":"product","2":"type-product","3":"status-publish","4":"has-post-thumbnail","6":"product_cat-acabado-y-fijacion-pt-pt","7":"product_cat-volumen-y-textura-pt-pt","9":"first","10":"instock","11":"featured","12":"taxable","13":"shipping-taxable","14":"purchasable","15":"product-type-simple"},"yoast_head":"<!-- This site is optimized with the Yoast SEO plugin v27.2 - https:\/\/yoast.com\/product\/yoast-seo-wordpress\/ -->\n<title>THERAPEUTIC BARBER POWDER CANNAIBS - 1948 BARBERSCIENCE<\/title>\n<meta name=\"description\" content=\"CANNABIS BARBER POWDER com extrato natural de Cannabis. N\u00e3o h\u00e1 nada mais amigo do cabelo do que tu. Proporciona fixa\u00e7\u00e3o, volume e facilidade de pentear.\" \/>\n<meta name=\"robots\" content=\"index, follow, max-snippet:-1, max-image-preview:large, max-video-preview:-1\" \/>\n<link rel=\"canonical\" href=\"https:\/\/www.barberiayciencia.com\/pt-pt\/producto\/cannabis-barber-powder\/\" \/>\n<meta property=\"og:locale\" content=\"pt_PT\" \/>\n<meta property=\"og:type\" content=\"article\" \/>\n<meta property=\"og:title\" content=\"THERAPEUTIC BARBER POWDER CANNAIBS - 1948 BARBERSCIENCE\" \/>\n<meta property=\"og:description\" content=\"CANNABIS BARBER POWDER com extrato natural de Cannabis. N\u00e3o h\u00e1 nada mais amigo do cabelo do que tu. Proporciona fixa\u00e7\u00e3o, volume e facilidade de pentear.\" \/>\n<meta property=\"og:url\" content=\"https:\/\/www.barberiayciencia.com\/pt-pt\/producto\/cannabis-barber-powder\/\" \/>\n<meta property=\"og:site_name\" content=\"1948 BARBERSCIENCE\" \/>\n<meta property=\"article:publisher\" content=\"https:\/\/www.facebook.com\/1948barberscience\" \/>\n<meta property=\"article:modified_time\" content=\"2025-07-18T17:17:57+00:00\" \/>\n<meta property=\"og:image\" content=\"https:\/\/www.barberiayciencia.com\/wp-content\/uploads\/2023\/03\/therapeuticbarberpowder.jpg\" \/>\n\t<meta property=\"og:image:width\" content=\"800\" \/>\n\t<meta property=\"og:image:height\" content=\"800\" \/>\n\t<meta property=\"og:image:type\" content=\"image\/jpeg\" \/>\n<meta name=\"twitter:card\" content=\"summary_large_image\" \/>\n<meta name=\"twitter:label1\" content=\"Tempo estimado de leitura\" \/>\n\t<meta name=\"twitter:data1\" content=\"2 minutos\" \/>\n<script type=\"application\/ld+json\" class=\"yoast-schema-graph\">{\"@context\":\"https:\/\/schema.org\",\"@graph\":[{\"@type\":\"WebPage\",\"@id\":\"https:\/\/www.barberiayciencia.com\/pt-pt\/producto\/cannabis-barber-powder\/\",\"url\":\"https:\/\/www.barberiayciencia.com\/pt-pt\/producto\/cannabis-barber-powder\/\",\"name\":\"THERAPEUTIC BARBER POWDER CANNAIBS - 1948 BARBERSCIENCE\",\"isPartOf\":{\"@id\":\"https:\/\/www.barberiayciencia.com\/#website\"},\"primaryImageOfPage\":{\"@id\":\"https:\/\/www.barberiayciencia.com\/pt-pt\/producto\/cannabis-barber-powder\/#primaryimage\"},\"image\":{\"@id\":\"https:\/\/www.barberiayciencia.com\/pt-pt\/producto\/cannabis-barber-powder\/#primaryimage\"},\"thumbnailUrl\":\"https:\/\/www.barberiayciencia.com\/wp-content\/uploads\/2023\/03\/therapeuticbarberpowder.jpg\",\"datePublished\":\"2023-03-26T18:00:45+00:00\",\"dateModified\":\"2025-07-18T17:17:57+00:00\",\"description\":\"CANNABIS BARBER POWDER com extrato natural de Cannabis. N\u00e3o h\u00e1 nada mais amigo do cabelo do que tu. Proporciona fixa\u00e7\u00e3o, volume e facilidade de pentear.\",\"breadcrumb\":{\"@id\":\"https:\/\/www.barberiayciencia.com\/pt-pt\/producto\/cannabis-barber-powder\/#breadcrumb\"},\"inLanguage\":\"pt-PT\",\"potentialAction\":[{\"@type\":\"ReadAction\",\"target\":[\"https:\/\/www.barberiayciencia.com\/pt-pt\/producto\/cannabis-barber-powder\/\"]}]},{\"@type\":\"ImageObject\",\"inLanguage\":\"pt-PT\",\"@id\":\"https:\/\/www.barberiayciencia.com\/pt-pt\/producto\/cannabis-barber-powder\/#primaryimage\",\"url\":\"https:\/\/www.barberiayciencia.com\/wp-content\/uploads\/2023\/03\/therapeuticbarberpowder.jpg\",\"contentUrl\":\"https:\/\/www.barberiayciencia.com\/wp-content\/uploads\/2023\/03\/therapeuticbarberpowder.jpg\",\"width\":800,\"height\":800,\"caption\":\"P\u00d3 DE BARBEIRO TERAP\u00caUTICO CAN\u00c1BIS\"},{\"@type\":\"BreadcrumbList\",\"@id\":\"https:\/\/www.barberiayciencia.com\/pt-pt\/producto\/cannabis-barber-powder\/#breadcrumb\",\"itemListElement\":[{\"@type\":\"ListItem\",\"position\":1,\"name\":\"Portada\",\"item\":\"https:\/\/www.barberiayciencia.com\/pt-pt\/\"},{\"@type\":\"ListItem\",\"position\":2,\"name\":\"Loja online\",\"item\":\"https:\/\/www.barberiayciencia.com\/pt-pt\/tienda-online\/\"},{\"@type\":\"ListItem\",\"position\":3,\"name\":\"THERAPEUTIC BARBER POWDER CANNAIBS\"}]},{\"@type\":\"WebSite\",\"@id\":\"https:\/\/www.barberiayciencia.com\/#website\",\"url\":\"https:\/\/www.barberiayciencia.com\/\",\"name\":\"1948 BARBERSCIENCE\",\"description\":\"Alta Cosm\u00e9tica Capilar para Barbershops\",\"publisher\":{\"@id\":\"https:\/\/www.barberiayciencia.com\/#organization\"},\"potentialAction\":[{\"@type\":\"SearchAction\",\"target\":{\"@type\":\"EntryPoint\",\"urlTemplate\":\"https:\/\/www.barberiayciencia.com\/?s={search_term_string}\"},\"query-input\":{\"@type\":\"PropertyValueSpecification\",\"valueRequired\":true,\"valueName\":\"search_term_string\"}}],\"inLanguage\":\"pt-PT\"},{\"@type\":\"Organization\",\"@id\":\"https:\/\/www.barberiayciencia.com\/#organization\",\"name\":\"1948 BARBERSCIENCE\",\"url\":\"https:\/\/www.barberiayciencia.com\/\",\"logo\":{\"@type\":\"ImageObject\",\"inLanguage\":\"pt-PT\",\"@id\":\"https:\/\/www.barberiayciencia.com\/#\/schema\/logo\/image\/\",\"url\":\"https:\/\/www.barberiayciencia.com\/wp-content\/uploads\/2023\/06\/logo-300x159bn.png\",\"contentUrl\":\"https:\/\/www.barberiayciencia.com\/wp-content\/uploads\/2023\/06\/logo-300x159bn.png\",\"width\":300,\"height\":159,\"caption\":\"1948 BARBERSCIENCE\"},\"image\":{\"@id\":\"https:\/\/www.barberiayciencia.com\/#\/schema\/logo\/image\/\"},\"sameAs\":[\"https:\/\/www.facebook.com\/1948barberscience\",\"https:\/\/www.instagram.com\/1948barberscience\/\"]}]}<\/script>\n<!-- \/ Yoast SEO plugin. -->","yoast_head_json":{"title":"THERAPEUTIC BARBER POWDER CANNAIBS - 1948 BARBERSCIENCE","description":"CANNABIS BARBER POWDER com extrato natural de Cannabis. N\u00e3o h\u00e1 nada mais amigo do cabelo do que tu. Proporciona fixa\u00e7\u00e3o, volume e facilidade de pentear.","robots":{"index":"index","follow":"follow","max-snippet":"max-snippet:-1","max-image-preview":"max-image-preview:large","max-video-preview":"max-video-preview:-1"},"canonical":"https:\/\/www.barberiayciencia.com\/pt-pt\/producto\/cannabis-barber-powder\/","og_locale":"pt_PT","og_type":"article","og_title":"THERAPEUTIC BARBER POWDER CANNAIBS - 1948 BARBERSCIENCE","og_description":"CANNABIS BARBER POWDER com extrato natural de Cannabis. N\u00e3o h\u00e1 nada mais amigo do cabelo do que tu. Proporciona fixa\u00e7\u00e3o, volume e facilidade de pentear.","og_url":"https:\/\/www.barberiayciencia.com\/pt-pt\/producto\/cannabis-barber-powder\/","og_site_name":"1948 BARBERSCIENCE","article_publisher":"https:\/\/www.facebook.com\/1948barberscience","article_modified_time":"2025-07-18T17:17:57+00:00","og_image":[{"width":800,"height":800,"url":"https:\/\/www.barberiayciencia.com\/wp-content\/uploads\/2023\/03\/therapeuticbarberpowder.jpg","type":"image\/jpeg"}],"twitter_card":"summary_large_image","twitter_misc":{"Tempo estimado de leitura":"2 minutos"},"schema":{"@context":"https:\/\/schema.org","@graph":[{"@type":"WebPage","@id":"https:\/\/www.barberiayciencia.com\/pt-pt\/producto\/cannabis-barber-powder\/","url":"https:\/\/www.barberiayciencia.com\/pt-pt\/producto\/cannabis-barber-powder\/","name":"THERAPEUTIC BARBER POWDER CANNAIBS - 1948 BARBERSCIENCE","isPartOf":{"@id":"https:\/\/www.barberiayciencia.com\/#website"},"primaryImageOfPage":{"@id":"https:\/\/www.barberiayciencia.com\/pt-pt\/producto\/cannabis-barber-powder\/#primaryimage"},"image":{"@id":"https:\/\/www.barberiayciencia.com\/pt-pt\/producto\/cannabis-barber-powder\/#primaryimage"},"thumbnailUrl":"https:\/\/www.barberiayciencia.com\/wp-content\/uploads\/2023\/03\/therapeuticbarberpowder.jpg","datePublished":"2023-03-26T18:00:45+00:00","dateModified":"2025-07-18T17:17:57+00:00","description":"CANNABIS BARBER POWDER com extrato natural de Cannabis. N\u00e3o h\u00e1 nada mais amigo do cabelo do que tu. Proporciona fixa\u00e7\u00e3o, volume e facilidade de pentear.","breadcrumb":{"@id":"https:\/\/www.barberiayciencia.com\/pt-pt\/producto\/cannabis-barber-powder\/#breadcrumb"},"inLanguage":"pt-PT","potentialAction":[{"@type":"ReadAction","target":["https:\/\/www.barberiayciencia.com\/pt-pt\/producto\/cannabis-barber-powder\/"]}]},{"@type":"ImageObject","inLanguage":"pt-PT","@id":"https:\/\/www.barberiayciencia.com\/pt-pt\/producto\/cannabis-barber-powder\/#primaryimage","url":"https:\/\/www.barberiayciencia.com\/wp-content\/uploads\/2023\/03\/therapeuticbarberpowder.jpg","contentUrl":"https:\/\/www.barberiayciencia.com\/wp-content\/uploads\/2023\/03\/therapeuticbarberpowder.jpg","width":800,"height":800,"caption":"P\u00d3 DE BARBEIRO TERAP\u00caUTICO CAN\u00c1BIS"},{"@type":"BreadcrumbList","@id":"https:\/\/www.barberiayciencia.com\/pt-pt\/producto\/cannabis-barber-powder\/#breadcrumb","itemListElement":[{"@type":"ListItem","position":1,"name":"Portada","item":"https:\/\/www.barberiayciencia.com\/pt-pt\/"},{"@type":"ListItem","position":2,"name":"Loja online","item":"https:\/\/www.barberiayciencia.com\/pt-pt\/tienda-online\/"},{"@type":"ListItem","position":3,"name":"THERAPEUTIC BARBER POWDER CANNAIBS"}]},{"@type":"WebSite","@id":"https:\/\/www.barberiayciencia.com\/#website","url":"https:\/\/www.barberiayciencia.com\/","name":"1948 BARBERSCIENCE","description":"Alta Cosm\u00e9tica Capilar para Barbershops","publisher":{"@id":"https:\/\/www.barberiayciencia.com\/#organization"},"potentialAction":[{"@type":"SearchAction","target":{"@type":"EntryPoint","urlTemplate":"https:\/\/www.barberiayciencia.com\/?s={search_term_string}"},"query-input":{"@type":"PropertyValueSpecification","valueRequired":true,"valueName":"search_term_string"}}],"inLanguage":"pt-PT"},{"@type":"Organization","@id":"https:\/\/www.barberiayciencia.com\/#organization","name":"1948 BARBERSCIENCE","url":"https:\/\/www.barberiayciencia.com\/","logo":{"@type":"ImageObject","inLanguage":"pt-PT","@id":"https:\/\/www.barberiayciencia.com\/#\/schema\/logo\/image\/","url":"https:\/\/www.barberiayciencia.com\/wp-content\/uploads\/2023\/06\/logo-300x159bn.png","contentUrl":"https:\/\/www.barberiayciencia.com\/wp-content\/uploads\/2023\/06\/logo-300x159bn.png","width":300,"height":159,"caption":"1948 BARBERSCIENCE"},"image":{"@id":"https:\/\/www.barberiayciencia.com\/#\/schema\/logo\/image\/"},"sameAs":["https:\/\/www.facebook.com\/1948barberscience","https:\/\/www.instagram.com\/1948barberscience\/"]}]}},"_links":{"self":[{"href":"https:\/\/www.barberiayciencia.com\/pt-pt\/wp-json\/wp\/v2\/product\/6225","targetHints":{"allow":["GET"]}}],"collection":[{"href":"https:\/\/www.barberiayciencia.com\/pt-pt\/wp-json\/wp\/v2\/product"}],"about":[{"href":"https:\/\/www.barberiayciencia.com\/pt-pt\/wp-json\/wp\/v2\/types\/product"}],"replies":[{"embeddable":true,"href":"https:\/\/www.barberiayciencia.com\/pt-pt\/wp-json\/wp\/v2\/comments?post=6225"}],"wp:featuredmedia":[{"embeddable":true,"href":"https:\/\/www.barberiayciencia.com\/pt-pt\/wp-json\/wp\/v2\/media\/6459"}],"wp:attachment":[{"href":"https:\/\/www.barberiayciencia.com\/pt-pt\/wp-json\/wp\/v2\/media?parent=6225"}],"wp:term":[{"taxonomy":"product_brand","embeddable":true,"href":"https:\/\/www.barberiayciencia.com\/pt-pt\/wp-json\/wp\/v2\/product_brand?post=6225"},{"taxonomy":"product_cat","embeddable":true,"href":"https:\/\/www.barberiayciencia.com\/pt-pt\/wp-json\/wp\/v2\/product_cat?post=6225"},{"taxonomy":"product_tag","embeddable":true,"href":"https:\/\/www.barberiayciencia.com\/pt-pt\/wp-json\/wp\/v2\/product_tag?post=6225"}],"curies":[{"name":"wp","href":"https:\/\/api.w.org\/{rel}","templated":true}]}}