{"id":6204,"date":"2022-04-06T09:43:27","date_gmt":"2022-04-06T07:43:27","guid":{"rendered":"https:\/\/www.barberiayciencia.com\/producto\/soft-pomade-cannabis\/"},"modified":"2025-03-17T14:21:50","modified_gmt":"2025-03-17T13:21:50","slug":"soft-pomade-cannabis","status":"publish","type":"product","link":"https:\/\/www.barberiayciencia.com\/pt-pt\/producto\/soft-pomade-cannabis\/","title":{"rendered":"SOFT POMADE CANNABIS"},"content":{"rendered":"<p style=\"text-align: justify;\">Nossa Soft Pomade Cannabis possui uma fixa\u00e7\u00e3o extraordin\u00e1ria. Permite que seu penteado dure o dia todo, com alta perfumaria masculina, sem res\u00edduos nem part\u00edculas, e com filtro solar U.V para proteger seu cabelo ao longo do dia. Al\u00e9m disso, oferece todos os benef\u00edcios do cannabis, enriquecida com uma fragr\u00e2ncia masculina de alta perfumaria.<\/p>\n<p style=\"text-align: justify;\">Proporciona beleza ao cabelo, estimula o crescimento, melhora a sa\u00fade do couro cabeludo, previne e trata o excesso de oleosidade e caspa, al\u00e9m de estimular a circula\u00e7\u00e3o sangu\u00ednea, que \u00e9 vital para prolongar a sa\u00fade do bulbo capilar e combater a queda do cabelo.<\/p>\n<p style=\"text-align: justify;\">Por sua vez, possui um alto teor de amino\u00e1cidos, \u00e1cido fen\u00f3lico, Vitamina E, Arginina e antioxidantes. Apresenta uma grande capacidade de absor\u00e7\u00e3o celular, caracter\u00edstica fundamental para a efic\u00e1cia dos \u00e1cidos graxos \u00f4mega 3, 6 e 9, assim como dos demais princ\u00edpios ativos.<\/p>\n<p style=\"text-align: justify;\">O cannabis tamb\u00e9m \u00e9 um potente condicionador e reparador da fibra capilar, gra\u00e7as ao seu alto teor de \u00e1cidos gama-linol\u00eanicos, que desempenham essa fun\u00e7\u00e3o de forma excepcional.<\/p>\n<p>Voc\u00ea pode descobrir todos os&#8230; <a href=\"https:\/\/okdiario.com\/look\/estilo\/principales-beneficios-del-cannabis-piel-cabello-932279\">benef\u00edcios do cannabis para o seu cabelo.<\/a> atrav\u00e9s deste link. Se voc\u00ea procura uma pomada com cannabis revolucion\u00e1ria, inovadora e exclusiva, este \u00e9 o seu produto. Na verdade, fomos pioneiros em incluir o extrato natural de cannabis em um produto fixador de penteado.<\/p>\n<p>&nbsp;<\/p>\n","protected":false},"excerpt":{"rendered":"<p style=\"text-align: justify;\">Sem \u00e1lcool, sem parabenos, sem silicones. Envasado a frio para preservar a sa\u00fade testicular e tireoidiana, seguro para o couro cabeludo e cabelo. Reestrutura\u00e7\u00e3o cuticular com resultados vis\u00edveis em poucas aplica\u00e7\u00f5es. Fixa\u00e7\u00e3o m\u00e1xima com efeito brilho acetinado. O primeiro fixador do mundo focado na sa\u00fade e vitalidade do cabelo, al\u00e9m de proporcionar os melhores resultados para os penteados mais exigentes.<br \/>\nEmbalagem de 280 ml.<\/p>\n","protected":false},"featured_media":6201,"comment_status":"closed","ping_status":"closed","template":"","meta":{"_joinchat":[]},"product_brand":[],"product_cat":[277,281],"product_tag":[309,310],"class_list":{"0":"post-6204","1":"product","2":"type-product","3":"status-publish","4":"has-post-thumbnail","6":"product_cat-acabado-y-fijacion-pt-pt","7":"product_cat-soft-pomade-pt-pt","8":"product_tag-gomina-con-cannabis-pt-pt","9":"product_tag-gomina-de-cannabis-pt-pt","11":"first","12":"instock","13":"featured","14":"taxable","15":"shipping-taxable","16":"purchasable","17":"product-type-simple"},"yoast_head":"<!-- This site is optimized with the Yoast SEO plugin v27.2 - https:\/\/yoast.com\/product\/yoast-seo-wordpress\/ -->\n<title>SOFT POMADE CANNABIS - 1948 BARBERSCIENCE<\/title>\n<meta name=\"description\" content=\"SOFT POMADE CANNABIS. Proporciona beleza ao cabelo, estimula o crescimento, melhora a sa\u00fade do couro cabeludo, previne e trata o excesso de oleosidade e caspa, estimula a circula\u00e7\u00e3o sangu\u00ednea.\" \/>\n<meta name=\"robots\" content=\"index, follow, max-snippet:-1, max-image-preview:large, max-video-preview:-1\" \/>\n<link rel=\"canonical\" href=\"https:\/\/www.barberiayciencia.com\/pt-pt\/producto\/soft-pomade-cannabis\/\" \/>\n<meta property=\"og:locale\" content=\"pt_PT\" \/>\n<meta property=\"og:type\" content=\"article\" \/>\n<meta property=\"og:title\" content=\"SOFT POMADE CANNABIS - 1948 BARBERSCIENCE\" \/>\n<meta property=\"og:description\" content=\"SOFT POMADE CANNABIS. Proporciona beleza ao cabelo, estimula o crescimento, melhora a sa\u00fade do couro cabeludo, previne e trata o excesso de oleosidade e caspa, estimula a circula\u00e7\u00e3o sangu\u00ednea.\" \/>\n<meta property=\"og:url\" content=\"https:\/\/www.barberiayciencia.com\/pt-pt\/producto\/soft-pomade-cannabis\/\" \/>\n<meta property=\"og:site_name\" content=\"1948 BARBERSCIENCE\" \/>\n<meta property=\"article:publisher\" content=\"https:\/\/www.facebook.com\/1948barberscience\" \/>\n<meta property=\"article:modified_time\" content=\"2025-03-17T13:21:50+00:00\" \/>\n<meta property=\"og:image\" content=\"https:\/\/www.barberiayciencia.com\/wp-content\/uploads\/2022\/04\/SOFT-CANNABIS-280.jpg\" \/>\n\t<meta property=\"og:image:width\" content=\"800\" \/>\n\t<meta property=\"og:image:height\" content=\"800\" \/>\n\t<meta property=\"og:image:type\" content=\"image\/jpeg\" \/>\n<meta name=\"twitter:card\" content=\"summary_large_image\" \/>\n<meta name=\"twitter:label1\" content=\"Tempo estimado de leitura\" \/>\n\t<meta name=\"twitter:data1\" content=\"2 minutos\" \/>\n<script type=\"application\/ld+json\" class=\"yoast-schema-graph\">{\"@context\":\"https:\/\/schema.org\",\"@graph\":[{\"@type\":\"WebPage\",\"@id\":\"https:\/\/www.barberiayciencia.com\/pt-pt\/producto\/soft-pomade-cannabis\/\",\"url\":\"https:\/\/www.barberiayciencia.com\/pt-pt\/producto\/soft-pomade-cannabis\/\",\"name\":\"SOFT POMADE CANNABIS - 1948 BARBERSCIENCE\",\"isPartOf\":{\"@id\":\"https:\/\/www.barberiayciencia.com\/#website\"},\"primaryImageOfPage\":{\"@id\":\"https:\/\/www.barberiayciencia.com\/pt-pt\/producto\/soft-pomade-cannabis\/#primaryimage\"},\"image\":{\"@id\":\"https:\/\/www.barberiayciencia.com\/pt-pt\/producto\/soft-pomade-cannabis\/#primaryimage\"},\"thumbnailUrl\":\"https:\/\/www.barberiayciencia.com\/wp-content\/uploads\/2022\/04\/SOFT-CANNABIS-280.jpg\",\"datePublished\":\"2022-04-06T07:43:27+00:00\",\"dateModified\":\"2025-03-17T13:21:50+00:00\",\"description\":\"SOFT POMADE CANNABIS. Proporciona beleza ao cabelo, estimula o crescimento, melhora a sa\u00fade do couro cabeludo, previne e trata o excesso de oleosidade e caspa, estimula a circula\u00e7\u00e3o sangu\u00ednea.\",\"breadcrumb\":{\"@id\":\"https:\/\/www.barberiayciencia.com\/pt-pt\/producto\/soft-pomade-cannabis\/#breadcrumb\"},\"inLanguage\":\"pt-PT\",\"potentialAction\":[{\"@type\":\"ReadAction\",\"target\":[\"https:\/\/www.barberiayciencia.com\/pt-pt\/producto\/soft-pomade-cannabis\/\"]}]},{\"@type\":\"ImageObject\",\"inLanguage\":\"pt-PT\",\"@id\":\"https:\/\/www.barberiayciencia.com\/pt-pt\/producto\/soft-pomade-cannabis\/#primaryimage\",\"url\":\"https:\/\/www.barberiayciencia.com\/wp-content\/uploads\/2022\/04\/SOFT-CANNABIS-280.jpg\",\"contentUrl\":\"https:\/\/www.barberiayciencia.com\/wp-content\/uploads\/2022\/04\/SOFT-CANNABIS-280.jpg\",\"width\":800,\"height\":800},{\"@type\":\"BreadcrumbList\",\"@id\":\"https:\/\/www.barberiayciencia.com\/pt-pt\/producto\/soft-pomade-cannabis\/#breadcrumb\",\"itemListElement\":[{\"@type\":\"ListItem\",\"position\":1,\"name\":\"Portada\",\"item\":\"https:\/\/www.barberiayciencia.com\/pt-pt\/\"},{\"@type\":\"ListItem\",\"position\":2,\"name\":\"Loja online\",\"item\":\"https:\/\/www.barberiayciencia.com\/pt-pt\/tienda-online\/\"},{\"@type\":\"ListItem\",\"position\":3,\"name\":\"SOFT POMADE CANNABIS\"}]},{\"@type\":\"WebSite\",\"@id\":\"https:\/\/www.barberiayciencia.com\/#website\",\"url\":\"https:\/\/www.barberiayciencia.com\/\",\"name\":\"1948 BARBERSCIENCE\",\"description\":\"Alta Cosm\u00e9tica Capilar para Barbershops\",\"publisher\":{\"@id\":\"https:\/\/www.barberiayciencia.com\/#organization\"},\"potentialAction\":[{\"@type\":\"SearchAction\",\"target\":{\"@type\":\"EntryPoint\",\"urlTemplate\":\"https:\/\/www.barberiayciencia.com\/?s={search_term_string}\"},\"query-input\":{\"@type\":\"PropertyValueSpecification\",\"valueRequired\":true,\"valueName\":\"search_term_string\"}}],\"inLanguage\":\"pt-PT\"},{\"@type\":\"Organization\",\"@id\":\"https:\/\/www.barberiayciencia.com\/#organization\",\"name\":\"1948 BARBERSCIENCE\",\"url\":\"https:\/\/www.barberiayciencia.com\/\",\"logo\":{\"@type\":\"ImageObject\",\"inLanguage\":\"pt-PT\",\"@id\":\"https:\/\/www.barberiayciencia.com\/#\/schema\/logo\/image\/\",\"url\":\"https:\/\/www.barberiayciencia.com\/wp-content\/uploads\/2023\/06\/logo-300x159bn.png\",\"contentUrl\":\"https:\/\/www.barberiayciencia.com\/wp-content\/uploads\/2023\/06\/logo-300x159bn.png\",\"width\":300,\"height\":159,\"caption\":\"1948 BARBERSCIENCE\"},\"image\":{\"@id\":\"https:\/\/www.barberiayciencia.com\/#\/schema\/logo\/image\/\"},\"sameAs\":[\"https:\/\/www.facebook.com\/1948barberscience\",\"https:\/\/www.instagram.com\/1948barberscience\/\"]}]}<\/script>\n<!-- \/ Yoast SEO plugin. -->","yoast_head_json":{"title":"SOFT POMADE CANNABIS - 1948 BARBERSCIENCE","description":"SOFT POMADE CANNABIS. Proporciona beleza ao cabelo, estimula o crescimento, melhora a sa\u00fade do couro cabeludo, previne e trata o excesso de oleosidade e caspa, estimula a circula\u00e7\u00e3o sangu\u00ednea.","robots":{"index":"index","follow":"follow","max-snippet":"max-snippet:-1","max-image-preview":"max-image-preview:large","max-video-preview":"max-video-preview:-1"},"canonical":"https:\/\/www.barberiayciencia.com\/pt-pt\/producto\/soft-pomade-cannabis\/","og_locale":"pt_PT","og_type":"article","og_title":"SOFT POMADE CANNABIS - 1948 BARBERSCIENCE","og_description":"SOFT POMADE CANNABIS. Proporciona beleza ao cabelo, estimula o crescimento, melhora a sa\u00fade do couro cabeludo, previne e trata o excesso de oleosidade e caspa, estimula a circula\u00e7\u00e3o sangu\u00ednea.","og_url":"https:\/\/www.barberiayciencia.com\/pt-pt\/producto\/soft-pomade-cannabis\/","og_site_name":"1948 BARBERSCIENCE","article_publisher":"https:\/\/www.facebook.com\/1948barberscience","article_modified_time":"2025-03-17T13:21:50+00:00","og_image":[{"width":800,"height":800,"url":"https:\/\/www.barberiayciencia.com\/wp-content\/uploads\/2022\/04\/SOFT-CANNABIS-280.jpg","type":"image\/jpeg"}],"twitter_card":"summary_large_image","twitter_misc":{"Tempo estimado de leitura":"2 minutos"},"schema":{"@context":"https:\/\/schema.org","@graph":[{"@type":"WebPage","@id":"https:\/\/www.barberiayciencia.com\/pt-pt\/producto\/soft-pomade-cannabis\/","url":"https:\/\/www.barberiayciencia.com\/pt-pt\/producto\/soft-pomade-cannabis\/","name":"SOFT POMADE CANNABIS - 1948 BARBERSCIENCE","isPartOf":{"@id":"https:\/\/www.barberiayciencia.com\/#website"},"primaryImageOfPage":{"@id":"https:\/\/www.barberiayciencia.com\/pt-pt\/producto\/soft-pomade-cannabis\/#primaryimage"},"image":{"@id":"https:\/\/www.barberiayciencia.com\/pt-pt\/producto\/soft-pomade-cannabis\/#primaryimage"},"thumbnailUrl":"https:\/\/www.barberiayciencia.com\/wp-content\/uploads\/2022\/04\/SOFT-CANNABIS-280.jpg","datePublished":"2022-04-06T07:43:27+00:00","dateModified":"2025-03-17T13:21:50+00:00","description":"SOFT POMADE CANNABIS. Proporciona beleza ao cabelo, estimula o crescimento, melhora a sa\u00fade do couro cabeludo, previne e trata o excesso de oleosidade e caspa, estimula a circula\u00e7\u00e3o sangu\u00ednea.","breadcrumb":{"@id":"https:\/\/www.barberiayciencia.com\/pt-pt\/producto\/soft-pomade-cannabis\/#breadcrumb"},"inLanguage":"pt-PT","potentialAction":[{"@type":"ReadAction","target":["https:\/\/www.barberiayciencia.com\/pt-pt\/producto\/soft-pomade-cannabis\/"]}]},{"@type":"ImageObject","inLanguage":"pt-PT","@id":"https:\/\/www.barberiayciencia.com\/pt-pt\/producto\/soft-pomade-cannabis\/#primaryimage","url":"https:\/\/www.barberiayciencia.com\/wp-content\/uploads\/2022\/04\/SOFT-CANNABIS-280.jpg","contentUrl":"https:\/\/www.barberiayciencia.com\/wp-content\/uploads\/2022\/04\/SOFT-CANNABIS-280.jpg","width":800,"height":800},{"@type":"BreadcrumbList","@id":"https:\/\/www.barberiayciencia.com\/pt-pt\/producto\/soft-pomade-cannabis\/#breadcrumb","itemListElement":[{"@type":"ListItem","position":1,"name":"Portada","item":"https:\/\/www.barberiayciencia.com\/pt-pt\/"},{"@type":"ListItem","position":2,"name":"Loja online","item":"https:\/\/www.barberiayciencia.com\/pt-pt\/tienda-online\/"},{"@type":"ListItem","position":3,"name":"SOFT POMADE CANNABIS"}]},{"@type":"WebSite","@id":"https:\/\/www.barberiayciencia.com\/#website","url":"https:\/\/www.barberiayciencia.com\/","name":"1948 BARBERSCIENCE","description":"Alta Cosm\u00e9tica Capilar para Barbershops","publisher":{"@id":"https:\/\/www.barberiayciencia.com\/#organization"},"potentialAction":[{"@type":"SearchAction","target":{"@type":"EntryPoint","urlTemplate":"https:\/\/www.barberiayciencia.com\/?s={search_term_string}"},"query-input":{"@type":"PropertyValueSpecification","valueRequired":true,"valueName":"search_term_string"}}],"inLanguage":"pt-PT"},{"@type":"Organization","@id":"https:\/\/www.barberiayciencia.com\/#organization","name":"1948 BARBERSCIENCE","url":"https:\/\/www.barberiayciencia.com\/","logo":{"@type":"ImageObject","inLanguage":"pt-PT","@id":"https:\/\/www.barberiayciencia.com\/#\/schema\/logo\/image\/","url":"https:\/\/www.barberiayciencia.com\/wp-content\/uploads\/2023\/06\/logo-300x159bn.png","contentUrl":"https:\/\/www.barberiayciencia.com\/wp-content\/uploads\/2023\/06\/logo-300x159bn.png","width":300,"height":159,"caption":"1948 BARBERSCIENCE"},"image":{"@id":"https:\/\/www.barberiayciencia.com\/#\/schema\/logo\/image\/"},"sameAs":["https:\/\/www.facebook.com\/1948barberscience","https:\/\/www.instagram.com\/1948barberscience\/"]}]}},"_links":{"self":[{"href":"https:\/\/www.barberiayciencia.com\/pt-pt\/wp-json\/wp\/v2\/product\/6204","targetHints":{"allow":["GET"]}}],"collection":[{"href":"https:\/\/www.barberiayciencia.com\/pt-pt\/wp-json\/wp\/v2\/product"}],"about":[{"href":"https:\/\/www.barberiayciencia.com\/pt-pt\/wp-json\/wp\/v2\/types\/product"}],"replies":[{"embeddable":true,"href":"https:\/\/www.barberiayciencia.com\/pt-pt\/wp-json\/wp\/v2\/comments?post=6204"}],"wp:featuredmedia":[{"embeddable":true,"href":"https:\/\/www.barberiayciencia.com\/pt-pt\/wp-json\/wp\/v2\/media\/6201"}],"wp:attachment":[{"href":"https:\/\/www.barberiayciencia.com\/pt-pt\/wp-json\/wp\/v2\/media?parent=6204"}],"wp:term":[{"taxonomy":"product_brand","embeddable":true,"href":"https:\/\/www.barberiayciencia.com\/pt-pt\/wp-json\/wp\/v2\/product_brand?post=6204"},{"taxonomy":"product_cat","embeddable":true,"href":"https:\/\/www.barberiayciencia.com\/pt-pt\/wp-json\/wp\/v2\/product_cat?post=6204"},{"taxonomy":"product_tag","embeddable":true,"href":"https:\/\/www.barberiayciencia.com\/pt-pt\/wp-json\/wp\/v2\/product_tag?post=6204"}],"curies":[{"name":"wp","href":"https:\/\/api.w.org\/{rel}","templated":true}]}}