{"id":6120,"date":"2025-02-15T12:53:50","date_gmt":"2025-02-15T11:53:50","guid":{"rendered":"https:\/\/www.barberiayciencia.com\/producto\/laca-grafixion-erba-pura\/"},"modified":"2025-04-03T09:30:30","modified_gmt":"2025-04-03T07:30:30","slug":"laca-grafixion-erba-pura","status":"publish","type":"product","link":"https:\/\/www.barberiayciencia.com\/pt-pt\/producto\/laca-grafixion-erba-pura\/","title":{"rendered":"LACA GRAFIXION ERBA PURA"},"content":{"rendered":"<p>GRAFIXION ERBA PURA \u00e9 um spray de fixa\u00e7\u00e3o com CBD que proporciona uma fixa\u00e7\u00e3o extraordin\u00e1ria sem ressecar, gra\u00e7as ao seu baixo teor de \u00e1lcool de evapora\u00e7\u00e3o r\u00e1pida. Al\u00e9m disso, \u00e9 um eficiente reestruturador capilar cuticular, com resultados vis\u00edveis, mesmo nos cabelos mais danificados pelas descolora\u00e7\u00f5es. N\u00e3o pesa nem umedece.<\/p>\n<p>O CBD em GRAFIXION ERBA PURA oferece v\u00e1rios benef\u00edcios, especialmente quando combinado com ingredientes de qualidade.<\/p>\n<p>Seus principais efeitos positivos s\u00e3o:<\/p>\n<p><strong>1. Cuidado e Sa\u00fade do Cabelo <\/strong><\/p>\n<p><strong>Hidrata\u00e7\u00e3o profunda<\/strong> \u2013 O CBD cont\u00e9m \u00e1cidos graxos essenciais (\u00d4mega 3, 6 e 9) que nutrem o cabelo e previnem o ressecamento.<\/p>\n<p><strong>Fortalecimento<\/strong> \u2013 Suas propriedades refor\u00e7am a fibra capilar, reduzindo a quebra e o enfraquecimento do cabelo.<\/p>\n<p><strong>Regenera\u00e7\u00e3o capilar<\/strong> \u2013 Estimula o couro cabeludo e ajuda a melhorar a sa\u00fade do fol\u00edculo piloso, promovendo um crescimento mais forte e saud\u00e1vel.<\/p>\n<p><strong>2. Benef\u00edcios para o Couro Cabeludo<\/strong><\/p>\n<p><strong>Efeito calmante e anti-inflamat\u00f3rio<\/strong> \u2013 Ideal para pessoas com couro cabeludo sens\u00edvel, ajuda a reduzir irrita\u00e7\u00f5es e coceiras.<\/p>\n<p><strong>Controle do sebo<\/strong> \u2013 Regula a produ\u00e7\u00e3o de oleosidade, evitando um aspecto pesado sem ressecar.<\/p>\n<p><strong>3. Qualidade na Fixa\u00e7\u00e3o e Acabamento<\/strong><\/p>\n<p><strong>Fixa\u00e7\u00e3o sem ressecar<\/strong> \u2013 Ao contr\u00e1rio das lacas com \u00e1lcoois agressivos, o CBD mant\u00e9m a flexibilidade do cabelo sem deix\u00e1-lo r\u00edgido.<\/p>\n<p><strong>Brilho e aspecto saud\u00e1vel<\/strong> \u2013 Real\u00e7a o brilho natural do cabelo sem deixar uma sensa\u00e7\u00e3o oleosa.<\/p>\n","protected":false},"excerpt":{"rendered":"<p style=\"text-align: justify;\">GRAFIXION ERBA PURA \u00e9 um spray de fixa\u00e7\u00e3o com CBD que proporciona uma fixa\u00e7\u00e3o extraordin\u00e1ria sem ressecar, gra\u00e7as ao seu baixo teor de \u00e1lcool de evapora\u00e7\u00e3o r\u00e1pida. Al\u00e9m disso, \u00e9 um eficiente reestruturador capilar cuticular, com resultados vis\u00edveis, mesmo nos cabelos mais danificados por descolora\u00e7\u00f5es. N\u00e3o pesa nem umedece.<\/p>\n<p>Frasco de 500 ml.<\/p>\n","protected":false},"featured_media":6121,"comment_status":"open","ping_status":"closed","template":"","meta":{"_joinchat":[]},"product_brand":[],"product_cat":[277,279],"product_tag":[],"class_list":{"0":"post-6120","1":"product","2":"type-product","3":"status-publish","4":"has-post-thumbnail","6":"product_cat-acabado-y-fijacion-pt-pt","7":"product_cat-laca-pt-pt","9":"first","10":"instock","11":"featured","12":"taxable","13":"shipping-taxable","14":"purchasable","15":"product-type-simple"},"yoast_head":"<!-- This site is optimized with the Yoast SEO plugin v27.2 - https:\/\/yoast.com\/product\/yoast-seo-wordpress\/ -->\n<title>LACA GRAFIXION ERBA PURA - 1948 BARBERSCIENCE<\/title>\n<meta name=\"description\" content=\"Descubra a laca GRAFIXION ERBA PURA, uma laca revolucion\u00e1ria que cuida e reestrutura o seu cabelo com uma fragr\u00e2ncia incompar\u00e1vel e uma fixa\u00e7\u00e3o excelente.\" \/>\n<meta name=\"robots\" content=\"index, follow, max-snippet:-1, max-image-preview:large, max-video-preview:-1\" \/>\n<link rel=\"canonical\" href=\"https:\/\/www.barberiayciencia.com\/pt-pt\/producto\/laca-grafixion-erba-pura\/\" \/>\n<meta property=\"og:locale\" content=\"pt_PT\" \/>\n<meta property=\"og:type\" content=\"article\" \/>\n<meta property=\"og:title\" content=\"LACA GRAFIXION ERBA PURA - 1948 BARBERSCIENCE\" \/>\n<meta property=\"og:description\" content=\"Descubra a laca GRAFIXION ERBA PURA, uma laca revolucion\u00e1ria que cuida e reestrutura o seu cabelo com uma fragr\u00e2ncia incompar\u00e1vel e uma fixa\u00e7\u00e3o excelente.\" \/>\n<meta property=\"og:url\" content=\"https:\/\/www.barberiayciencia.com\/pt-pt\/producto\/laca-grafixion-erba-pura\/\" \/>\n<meta property=\"og:site_name\" content=\"1948 BARBERSCIENCE\" \/>\n<meta property=\"article:publisher\" content=\"https:\/\/www.facebook.com\/1948barberscience\" \/>\n<meta property=\"article:modified_time\" content=\"2025-04-03T07:30:30+00:00\" \/>\n<meta property=\"og:image\" content=\"https:\/\/www.barberiayciencia.com\/wp-content\/uploads\/2025\/02\/laca-grafixion.jpg\" \/>\n\t<meta property=\"og:image:width\" content=\"800\" \/>\n\t<meta property=\"og:image:height\" content=\"800\" \/>\n\t<meta property=\"og:image:type\" content=\"image\/jpeg\" \/>\n<meta name=\"twitter:card\" content=\"summary_large_image\" \/>\n<meta name=\"twitter:label1\" content=\"Tempo estimado de leitura\" \/>\n\t<meta name=\"twitter:data1\" content=\"2 minutos\" \/>\n<script type=\"application\/ld+json\" class=\"yoast-schema-graph\">{\"@context\":\"https:\/\/schema.org\",\"@graph\":[{\"@type\":\"WebPage\",\"@id\":\"https:\/\/www.barberiayciencia.com\/pt-pt\/producto\/laca-grafixion-erba-pura\/\",\"url\":\"https:\/\/www.barberiayciencia.com\/pt-pt\/producto\/laca-grafixion-erba-pura\/\",\"name\":\"LACA GRAFIXION ERBA PURA - 1948 BARBERSCIENCE\",\"isPartOf\":{\"@id\":\"https:\/\/www.barberiayciencia.com\/#website\"},\"primaryImageOfPage\":{\"@id\":\"https:\/\/www.barberiayciencia.com\/pt-pt\/producto\/laca-grafixion-erba-pura\/#primaryimage\"},\"image\":{\"@id\":\"https:\/\/www.barberiayciencia.com\/pt-pt\/producto\/laca-grafixion-erba-pura\/#primaryimage\"},\"thumbnailUrl\":\"https:\/\/www.barberiayciencia.com\/wp-content\/uploads\/2025\/02\/laca-grafixion.jpg\",\"datePublished\":\"2025-02-15T11:53:50+00:00\",\"dateModified\":\"2025-04-03T07:30:30+00:00\",\"description\":\"Descubra a laca GRAFIXION ERBA PURA, uma laca revolucion\u00e1ria que cuida e reestrutura o seu cabelo com uma fragr\u00e2ncia incompar\u00e1vel e uma fixa\u00e7\u00e3o excelente.\",\"breadcrumb\":{\"@id\":\"https:\/\/www.barberiayciencia.com\/pt-pt\/producto\/laca-grafixion-erba-pura\/#breadcrumb\"},\"inLanguage\":\"pt-PT\",\"potentialAction\":[{\"@type\":\"ReadAction\",\"target\":[\"https:\/\/www.barberiayciencia.com\/pt-pt\/producto\/laca-grafixion-erba-pura\/\"]}]},{\"@type\":\"ImageObject\",\"inLanguage\":\"pt-PT\",\"@id\":\"https:\/\/www.barberiayciencia.com\/pt-pt\/producto\/laca-grafixion-erba-pura\/#primaryimage\",\"url\":\"https:\/\/www.barberiayciencia.com\/wp-content\/uploads\/2025\/02\/laca-grafixion.jpg\",\"contentUrl\":\"https:\/\/www.barberiayciencia.com\/wp-content\/uploads\/2025\/02\/laca-grafixion.jpg\",\"width\":800,\"height\":800,\"caption\":\"LACA GRAFIXION\"},{\"@type\":\"BreadcrumbList\",\"@id\":\"https:\/\/www.barberiayciencia.com\/pt-pt\/producto\/laca-grafixion-erba-pura\/#breadcrumb\",\"itemListElement\":[{\"@type\":\"ListItem\",\"position\":1,\"name\":\"Portada\",\"item\":\"https:\/\/www.barberiayciencia.com\/pt-pt\/\"},{\"@type\":\"ListItem\",\"position\":2,\"name\":\"Loja online\",\"item\":\"https:\/\/www.barberiayciencia.com\/pt-pt\/tienda-online\/\"},{\"@type\":\"ListItem\",\"position\":3,\"name\":\"LACA GRAFIXION ERBA PURA\"}]},{\"@type\":\"WebSite\",\"@id\":\"https:\/\/www.barberiayciencia.com\/#website\",\"url\":\"https:\/\/www.barberiayciencia.com\/\",\"name\":\"1948 BARBERSCIENCE\",\"description\":\"Alta Cosm\u00e9tica Capilar para Barbershops\",\"publisher\":{\"@id\":\"https:\/\/www.barberiayciencia.com\/#organization\"},\"potentialAction\":[{\"@type\":\"SearchAction\",\"target\":{\"@type\":\"EntryPoint\",\"urlTemplate\":\"https:\/\/www.barberiayciencia.com\/?s={search_term_string}\"},\"query-input\":{\"@type\":\"PropertyValueSpecification\",\"valueRequired\":true,\"valueName\":\"search_term_string\"}}],\"inLanguage\":\"pt-PT\"},{\"@type\":\"Organization\",\"@id\":\"https:\/\/www.barberiayciencia.com\/#organization\",\"name\":\"1948 BARBERSCIENCE\",\"url\":\"https:\/\/www.barberiayciencia.com\/\",\"logo\":{\"@type\":\"ImageObject\",\"inLanguage\":\"pt-PT\",\"@id\":\"https:\/\/www.barberiayciencia.com\/#\/schema\/logo\/image\/\",\"url\":\"https:\/\/www.barberiayciencia.com\/wp-content\/uploads\/2023\/06\/logo-300x159bn.png\",\"contentUrl\":\"https:\/\/www.barberiayciencia.com\/wp-content\/uploads\/2023\/06\/logo-300x159bn.png\",\"width\":300,\"height\":159,\"caption\":\"1948 BARBERSCIENCE\"},\"image\":{\"@id\":\"https:\/\/www.barberiayciencia.com\/#\/schema\/logo\/image\/\"},\"sameAs\":[\"https:\/\/www.facebook.com\/1948barberscience\",\"https:\/\/www.instagram.com\/1948barberscience\/\"]}]}<\/script>\n<!-- \/ Yoast SEO plugin. -->","yoast_head_json":{"title":"LACA GRAFIXION ERBA PURA - 1948 BARBERSCIENCE","description":"Descubra a laca GRAFIXION ERBA PURA, uma laca revolucion\u00e1ria que cuida e reestrutura o seu cabelo com uma fragr\u00e2ncia incompar\u00e1vel e uma fixa\u00e7\u00e3o excelente.","robots":{"index":"index","follow":"follow","max-snippet":"max-snippet:-1","max-image-preview":"max-image-preview:large","max-video-preview":"max-video-preview:-1"},"canonical":"https:\/\/www.barberiayciencia.com\/pt-pt\/producto\/laca-grafixion-erba-pura\/","og_locale":"pt_PT","og_type":"article","og_title":"LACA GRAFIXION ERBA PURA - 1948 BARBERSCIENCE","og_description":"Descubra a laca GRAFIXION ERBA PURA, uma laca revolucion\u00e1ria que cuida e reestrutura o seu cabelo com uma fragr\u00e2ncia incompar\u00e1vel e uma fixa\u00e7\u00e3o excelente.","og_url":"https:\/\/www.barberiayciencia.com\/pt-pt\/producto\/laca-grafixion-erba-pura\/","og_site_name":"1948 BARBERSCIENCE","article_publisher":"https:\/\/www.facebook.com\/1948barberscience","article_modified_time":"2025-04-03T07:30:30+00:00","og_image":[{"width":800,"height":800,"url":"https:\/\/www.barberiayciencia.com\/wp-content\/uploads\/2025\/02\/laca-grafixion.jpg","type":"image\/jpeg"}],"twitter_card":"summary_large_image","twitter_misc":{"Tempo estimado de leitura":"2 minutos"},"schema":{"@context":"https:\/\/schema.org","@graph":[{"@type":"WebPage","@id":"https:\/\/www.barberiayciencia.com\/pt-pt\/producto\/laca-grafixion-erba-pura\/","url":"https:\/\/www.barberiayciencia.com\/pt-pt\/producto\/laca-grafixion-erba-pura\/","name":"LACA GRAFIXION ERBA PURA - 1948 BARBERSCIENCE","isPartOf":{"@id":"https:\/\/www.barberiayciencia.com\/#website"},"primaryImageOfPage":{"@id":"https:\/\/www.barberiayciencia.com\/pt-pt\/producto\/laca-grafixion-erba-pura\/#primaryimage"},"image":{"@id":"https:\/\/www.barberiayciencia.com\/pt-pt\/producto\/laca-grafixion-erba-pura\/#primaryimage"},"thumbnailUrl":"https:\/\/www.barberiayciencia.com\/wp-content\/uploads\/2025\/02\/laca-grafixion.jpg","datePublished":"2025-02-15T11:53:50+00:00","dateModified":"2025-04-03T07:30:30+00:00","description":"Descubra a laca GRAFIXION ERBA PURA, uma laca revolucion\u00e1ria que cuida e reestrutura o seu cabelo com uma fragr\u00e2ncia incompar\u00e1vel e uma fixa\u00e7\u00e3o excelente.","breadcrumb":{"@id":"https:\/\/www.barberiayciencia.com\/pt-pt\/producto\/laca-grafixion-erba-pura\/#breadcrumb"},"inLanguage":"pt-PT","potentialAction":[{"@type":"ReadAction","target":["https:\/\/www.barberiayciencia.com\/pt-pt\/producto\/laca-grafixion-erba-pura\/"]}]},{"@type":"ImageObject","inLanguage":"pt-PT","@id":"https:\/\/www.barberiayciencia.com\/pt-pt\/producto\/laca-grafixion-erba-pura\/#primaryimage","url":"https:\/\/www.barberiayciencia.com\/wp-content\/uploads\/2025\/02\/laca-grafixion.jpg","contentUrl":"https:\/\/www.barberiayciencia.com\/wp-content\/uploads\/2025\/02\/laca-grafixion.jpg","width":800,"height":800,"caption":"LACA GRAFIXION"},{"@type":"BreadcrumbList","@id":"https:\/\/www.barberiayciencia.com\/pt-pt\/producto\/laca-grafixion-erba-pura\/#breadcrumb","itemListElement":[{"@type":"ListItem","position":1,"name":"Portada","item":"https:\/\/www.barberiayciencia.com\/pt-pt\/"},{"@type":"ListItem","position":2,"name":"Loja online","item":"https:\/\/www.barberiayciencia.com\/pt-pt\/tienda-online\/"},{"@type":"ListItem","position":3,"name":"LACA GRAFIXION ERBA PURA"}]},{"@type":"WebSite","@id":"https:\/\/www.barberiayciencia.com\/#website","url":"https:\/\/www.barberiayciencia.com\/","name":"1948 BARBERSCIENCE","description":"Alta Cosm\u00e9tica Capilar para Barbershops","publisher":{"@id":"https:\/\/www.barberiayciencia.com\/#organization"},"potentialAction":[{"@type":"SearchAction","target":{"@type":"EntryPoint","urlTemplate":"https:\/\/www.barberiayciencia.com\/?s={search_term_string}"},"query-input":{"@type":"PropertyValueSpecification","valueRequired":true,"valueName":"search_term_string"}}],"inLanguage":"pt-PT"},{"@type":"Organization","@id":"https:\/\/www.barberiayciencia.com\/#organization","name":"1948 BARBERSCIENCE","url":"https:\/\/www.barberiayciencia.com\/","logo":{"@type":"ImageObject","inLanguage":"pt-PT","@id":"https:\/\/www.barberiayciencia.com\/#\/schema\/logo\/image\/","url":"https:\/\/www.barberiayciencia.com\/wp-content\/uploads\/2023\/06\/logo-300x159bn.png","contentUrl":"https:\/\/www.barberiayciencia.com\/wp-content\/uploads\/2023\/06\/logo-300x159bn.png","width":300,"height":159,"caption":"1948 BARBERSCIENCE"},"image":{"@id":"https:\/\/www.barberiayciencia.com\/#\/schema\/logo\/image\/"},"sameAs":["https:\/\/www.facebook.com\/1948barberscience","https:\/\/www.instagram.com\/1948barberscience\/"]}]}},"_links":{"self":[{"href":"https:\/\/www.barberiayciencia.com\/pt-pt\/wp-json\/wp\/v2\/product\/6120","targetHints":{"allow":["GET"]}}],"collection":[{"href":"https:\/\/www.barberiayciencia.com\/pt-pt\/wp-json\/wp\/v2\/product"}],"about":[{"href":"https:\/\/www.barberiayciencia.com\/pt-pt\/wp-json\/wp\/v2\/types\/product"}],"replies":[{"embeddable":true,"href":"https:\/\/www.barberiayciencia.com\/pt-pt\/wp-json\/wp\/v2\/comments?post=6120"}],"wp:featuredmedia":[{"embeddable":true,"href":"https:\/\/www.barberiayciencia.com\/pt-pt\/wp-json\/wp\/v2\/media\/6121"}],"wp:attachment":[{"href":"https:\/\/www.barberiayciencia.com\/pt-pt\/wp-json\/wp\/v2\/media?parent=6120"}],"wp:term":[{"taxonomy":"product_brand","embeddable":true,"href":"https:\/\/www.barberiayciencia.com\/pt-pt\/wp-json\/wp\/v2\/product_brand?post=6120"},{"taxonomy":"product_cat","embeddable":true,"href":"https:\/\/www.barberiayciencia.com\/pt-pt\/wp-json\/wp\/v2\/product_cat?post=6120"},{"taxonomy":"product_tag","embeddable":true,"href":"https:\/\/www.barberiayciencia.com\/pt-pt\/wp-json\/wp\/v2\/product_tag?post=6120"}],"curies":[{"name":"wp","href":"https:\/\/api.w.org\/{rel}","templated":true}]}}