{"id":5984,"date":"2021-09-27T12:17:58","date_gmt":"2021-09-27T10:17:58","guid":{"rendered":"https:\/\/www.barberiayciencia.com\/privacidad\/"},"modified":"2025-02-26T08:00:07","modified_gmt":"2025-02-26T07:00:07","slug":"privacidad","status":"publish","type":"page","link":"https:\/\/www.barberiayciencia.com\/pt-pt\/privacidad\/","title":{"rendered":"Privacidade"},"content":{"rendered":"<section class=\"l-section wpb_row height_custom\"><div class=\"l-section-h i-cf\"><div class=\"g-cols vc_row via_flex valign_top type_default stacking_default\"><div class=\"vc_col-sm-12 wpb_column vc_column_container\"><div class=\"vc_column-inner\"><div class=\"wpb_wrapper\"><div class=\"wpb_text_column\"><div class=\"wpb_wrapper\"><p>Em conformidade com o estabelecido na Lei 34\/2002 de 11 de julho, de Servi\u00e7os da Sociedade da Informa\u00e7\u00e3o e do Com\u00e9rcio Eletr\u00f3nico (LSSICE), informa-se sobre os seguintes aspetos legais:<\/p>\n<p>Identifica\u00e7\u00e3o do site: barberiayciencia.com<\/p>\n<p>Respons\u00e1vel pelo site: BARBERIA Y CIENCIA 1948<\/p>\n<p>NIF: E42759167<\/p>\n<p>Endere\u00e7o: Ctra. Palma del R\u00edo, Km.4 420 14005 C\u00d3RDOBA<\/p>\n<p>Email de contacto: barberscience@hotmail.com<\/p>\n<p><strong>Pol\u00edtica de Privacidade<\/strong><\/p>\n<p>A Barber\u00eda y Ciencia 1948 informa que os seus dados recolhidos est\u00e3o incorporados no sistema de tratamento da Barber\u00eda y Ciencia 1948, com a finalidade de lhe enviar publicidade e informa\u00e7\u00f5es sobre os nossos produtos. De acordo com os direitos do REGULAMENTO (UE) 2016\/679 de prote\u00e7\u00e3o de dados pessoais, poder\u00e1 retificar, limitar, eliminar, solicitar a portabilidade e opor-se ao tratamento dos seus dados pessoais por via eletr\u00f3nica atrav\u00e9s do email: barberscience@hotmail.com<\/p>\n<p><strong>Prote\u00e7\u00e3o de Dados<\/strong><br \/>\n<strong>Direito \u00e0 Informa\u00e7\u00e3o<\/strong><\/p>\n<p>A informa\u00e7\u00e3o recebida pela Barber\u00eda y Ciencia 1948 atrav\u00e9s do seu site ser\u00e1 tratada com a m\u00e1xima confidencialidade. A Barber\u00eda y Ciencia 1948 observar\u00e1 em todos os momentos as disposi\u00e7\u00f5es vigentes sobre prote\u00e7\u00e3o de dados, em particular a Lei Org\u00e2nica 15\/1999, de 13 de dezembro, de Prote\u00e7\u00e3o de Dados de Car\u00e1ter Pessoal, e adotar\u00e1 as medidas necess\u00e1rias para evitar a sua altera\u00e7\u00e3o, perda, tratamento e acesso n\u00e3o autorizado, garantindo que os seus funcion\u00e1rios respeitem tais disposi\u00e7\u00f5es, bem como o dever de sigilo e demais obriga\u00e7\u00f5es de confidencialidade vigentes. Compromete-se tamb\u00e9m a n\u00e3o utilizar os dados pessoais dos utilizadores do site para fins distintos dos relacionados com a contrata\u00e7\u00e3o dos servi\u00e7os prestados.<\/p>\n<p>De acordo com a legisla\u00e7\u00e3o vigente, a Barber\u00eda y Ciencia 1948 recolhe dados de car\u00e1ter pessoal dos seus clientes e inclui-os num ficheiro da sua titularidade, cujo tratamento se destina exclusivamente \u00e0 gest\u00e3o das encomendas solicitadas \u00e0 empresa e \u00e0 resposta a consultas feitas pelos utilizadores.<\/p>\n<p>O utilizador deve fornecer os dados e informa\u00e7\u00f5es pessoais necess\u00e1rios para se registar como cliente da empresa e formalizar contratos de compra e venda (nome completo, morada, endere\u00e7o de email, n\u00famero de telefone\/fax). O registo destes dados \u00e9 obrigat\u00f3rio; a falta de fornecimento ou o fornecimento incorreto dos mesmos impossibilitar\u00e1 a Barber\u00eda y Ciencia 1948 de gerir corretamente as encomendas efetuadas. A Barber\u00eda y Ciencia 1948 poder\u00e1 solicitar dados pessoais adicionais para fins estat\u00edsticos, que lhe permitam conhecer melhor o perfil do utilizador. O utilizador pode omitir ou n\u00e3o comunicar qualquer dado ou informa\u00e7\u00e3o pessoal que n\u00e3o seja absolutamente necess\u00e1ria para o registo como cliente ou para a formaliza\u00e7\u00e3o da compra.<\/p>\n<p>Os dados poder\u00e3o ser utilizados pela Barber\u00eda y Ciencia 1948 para enviar ao utilizador informa\u00e7\u00f5es sobre ofertas e publicidade para o email ou morada fornecida, com o consentimento expresso do cliente. No entanto, o cliente pode, a qualquer momento, optar por recusar o envio de tais informa\u00e7\u00f5es enviando um email para barberscience@hotmail.com. Da mesma forma, o cliente consente expressamente que a Barber\u00eda y Ciencia 1948 comunique tais dados a empresas ou bancos para a gest\u00e3o do transporte e do pagamento da encomenda. A Barber\u00eda y Ciencia 1948 poder\u00e1 igualmente realizar outras comunica\u00e7\u00f5es de dados previstas na lei.<\/p>\n<p><strong>Direito de Acesso, Retifica\u00e7\u00e3o, Cancelamento e Oposi\u00e7\u00e3o<\/strong><\/p>\n<p>A Barber\u00eda y Ciencia 1948, entidade destinat\u00e1ria dos dados recolhidos nesta p\u00e1gina, compromete-se a respeitar e a facilitar aos interessados o exerc\u00edcio dos direitos reconhecidos por lei, nomeadamente os direitos de acesso, retifica\u00e7\u00e3o, cancelamento e oposi\u00e7\u00e3o dos dados, quando aplic\u00e1vel. Estes direitos podem ser exercidos pelo utilizador ou, se for o caso, pelo seu representante, atrav\u00e9s de um pedido escrito e assinado, enviado por email para barberscience@hotmail.com ou por correio para: Ctra. Palma del R\u00edo, Km.4 420 14005 C\u00f3rdoba.<\/p>\n<p><strong>Seguran\u00e7a no Tratamento, Processamento Inform\u00e1tico e Prote\u00e7\u00e3o de Dados<\/strong><\/p>\n<p>A Barber\u00eda y Ciencia 1948 declara e garante que mant\u00e9m os n\u00edveis de seguran\u00e7a para a prote\u00e7\u00e3o de dados pessoais conforme estabelecido na legisla\u00e7\u00e3o vigente, e que adotou todas as medidas t\u00e9cnicas ao seu alcance para evitar a perda, uso indevido, altera\u00e7\u00e3o, acesso n\u00e3o autorizado e roubo dos dados fornecidos pelos utilizadores. No entanto, o utilizador aceita expressamente que as medidas de seguran\u00e7a na Internet n\u00e3o s\u00e3o inexpugn\u00e1veis.<\/p>\n<\/div><\/div><\/div><\/div><\/div><\/div><\/div><\/section>\n","protected":false},"excerpt":{"rendered":"Em conformidade com o estabelecido na Lei 34\/2002 de 11 de julho, de Servi\u00e7os da Sociedade da Informa\u00e7\u00e3o e do Com\u00e9rcio Eletr\u00f3nico (LSSICE), informa-se sobre os seguintes aspetos legais: Identifica\u00e7\u00e3o do site: barberiayciencia.com Respons\u00e1vel pelo site: BARBERIA Y CIENCIA 1948 NIF: E42759167 Endere\u00e7o: Ctra. Palma del R\u00edo, Km.4 420 14005 C\u00d3RDOBA Email de contacto: barberscience@hotmail.com...","protected":false},"author":3,"featured_media":0,"parent":0,"menu_order":0,"comment_status":"closed","ping_status":"closed","template":"","meta":{"_joinchat":[],"footnotes":""},"class_list":["post-5984","page","type-page","status-publish","hentry"],"yoast_head":"<!-- This site is optimized with the Yoast SEO plugin v27.2 - https:\/\/yoast.com\/product\/yoast-seo-wordpress\/ -->\n<title>Privacidade - 1948 BARBERSCIENCE<\/title>\n<meta name=\"robots\" content=\"index, follow, max-snippet:-1, max-image-preview:large, max-video-preview:-1\" \/>\n<link rel=\"canonical\" href=\"https:\/\/www.barberiayciencia.com\/pt-pt\/privacidad\/\" \/>\n<meta property=\"og:locale\" content=\"pt_PT\" \/>\n<meta property=\"og:type\" content=\"article\" \/>\n<meta property=\"og:title\" content=\"Privacidade - 1948 BARBERSCIENCE\" \/>\n<meta property=\"og:url\" content=\"https:\/\/www.barberiayciencia.com\/pt-pt\/privacidad\/\" \/>\n<meta property=\"og:site_name\" content=\"1948 BARBERSCIENCE\" \/>\n<meta property=\"article:publisher\" content=\"https:\/\/www.facebook.com\/1948barberscience\" \/>\n<meta property=\"article:modified_time\" content=\"2025-02-26T07:00:07+00:00\" \/>\n<meta name=\"twitter:card\" content=\"summary_large_image\" \/>\n<meta name=\"twitter:label1\" content=\"Tempo estimado de leitura\" \/>\n\t<meta name=\"twitter:data1\" content=\"4 minutos\" \/>\n<script type=\"application\/ld+json\" class=\"yoast-schema-graph\">{\"@context\":\"https:\/\/schema.org\",\"@graph\":[{\"@type\":\"WebPage\",\"@id\":\"https:\/\/www.barberiayciencia.com\/pt-pt\/privacidad\/\",\"url\":\"https:\/\/www.barberiayciencia.com\/pt-pt\/privacidad\/\",\"name\":\"Privacidade - 1948 BARBERSCIENCE\",\"isPartOf\":{\"@id\":\"https:\/\/www.barberiayciencia.com\/#website\"},\"datePublished\":\"2021-09-27T10:17:58+00:00\",\"dateModified\":\"2025-02-26T07:00:07+00:00\",\"breadcrumb\":{\"@id\":\"https:\/\/www.barberiayciencia.com\/pt-pt\/privacidad\/#breadcrumb\"},\"inLanguage\":\"pt-PT\",\"potentialAction\":[{\"@type\":\"ReadAction\",\"target\":[\"https:\/\/www.barberiayciencia.com\/pt-pt\/privacidad\/\"]}]},{\"@type\":\"BreadcrumbList\",\"@id\":\"https:\/\/www.barberiayciencia.com\/pt-pt\/privacidad\/#breadcrumb\",\"itemListElement\":[{\"@type\":\"ListItem\",\"position\":1,\"name\":\"Portada\",\"item\":\"https:\/\/www.barberiayciencia.com\/pt-pt\/\"},{\"@type\":\"ListItem\",\"position\":2,\"name\":\"Privacidade\"}]},{\"@type\":\"WebSite\",\"@id\":\"https:\/\/www.barberiayciencia.com\/#website\",\"url\":\"https:\/\/www.barberiayciencia.com\/\",\"name\":\"1948 BARBERSCIENCE\",\"description\":\"Alta Cosm\u00e9tica Capilar para Barbershops\",\"publisher\":{\"@id\":\"https:\/\/www.barberiayciencia.com\/#organization\"},\"potentialAction\":[{\"@type\":\"SearchAction\",\"target\":{\"@type\":\"EntryPoint\",\"urlTemplate\":\"https:\/\/www.barberiayciencia.com\/?s={search_term_string}\"},\"query-input\":{\"@type\":\"PropertyValueSpecification\",\"valueRequired\":true,\"valueName\":\"search_term_string\"}}],\"inLanguage\":\"pt-PT\"},{\"@type\":\"Organization\",\"@id\":\"https:\/\/www.barberiayciencia.com\/#organization\",\"name\":\"1948 BARBERSCIENCE\",\"url\":\"https:\/\/www.barberiayciencia.com\/\",\"logo\":{\"@type\":\"ImageObject\",\"inLanguage\":\"pt-PT\",\"@id\":\"https:\/\/www.barberiayciencia.com\/#\/schema\/logo\/image\/\",\"url\":\"https:\/\/www.barberiayciencia.com\/wp-content\/uploads\/2023\/06\/logo-300x159bn.png\",\"contentUrl\":\"https:\/\/www.barberiayciencia.com\/wp-content\/uploads\/2023\/06\/logo-300x159bn.png\",\"width\":300,\"height\":159,\"caption\":\"1948 BARBERSCIENCE\"},\"image\":{\"@id\":\"https:\/\/www.barberiayciencia.com\/#\/schema\/logo\/image\/\"},\"sameAs\":[\"https:\/\/www.facebook.com\/1948barberscience\",\"https:\/\/www.instagram.com\/1948barberscience\/\"]}]}<\/script>\n<!-- \/ Yoast SEO plugin. -->","yoast_head_json":{"title":"Privacidade - 1948 BARBERSCIENCE","robots":{"index":"index","follow":"follow","max-snippet":"max-snippet:-1","max-image-preview":"max-image-preview:large","max-video-preview":"max-video-preview:-1"},"canonical":"https:\/\/www.barberiayciencia.com\/pt-pt\/privacidad\/","og_locale":"pt_PT","og_type":"article","og_title":"Privacidade - 1948 BARBERSCIENCE","og_url":"https:\/\/www.barberiayciencia.com\/pt-pt\/privacidad\/","og_site_name":"1948 BARBERSCIENCE","article_publisher":"https:\/\/www.facebook.com\/1948barberscience","article_modified_time":"2025-02-26T07:00:07+00:00","twitter_card":"summary_large_image","twitter_misc":{"Tempo estimado de leitura":"4 minutos"},"schema":{"@context":"https:\/\/schema.org","@graph":[{"@type":"WebPage","@id":"https:\/\/www.barberiayciencia.com\/pt-pt\/privacidad\/","url":"https:\/\/www.barberiayciencia.com\/pt-pt\/privacidad\/","name":"Privacidade - 1948 BARBERSCIENCE","isPartOf":{"@id":"https:\/\/www.barberiayciencia.com\/#website"},"datePublished":"2021-09-27T10:17:58+00:00","dateModified":"2025-02-26T07:00:07+00:00","breadcrumb":{"@id":"https:\/\/www.barberiayciencia.com\/pt-pt\/privacidad\/#breadcrumb"},"inLanguage":"pt-PT","potentialAction":[{"@type":"ReadAction","target":["https:\/\/www.barberiayciencia.com\/pt-pt\/privacidad\/"]}]},{"@type":"BreadcrumbList","@id":"https:\/\/www.barberiayciencia.com\/pt-pt\/privacidad\/#breadcrumb","itemListElement":[{"@type":"ListItem","position":1,"name":"Portada","item":"https:\/\/www.barberiayciencia.com\/pt-pt\/"},{"@type":"ListItem","position":2,"name":"Privacidade"}]},{"@type":"WebSite","@id":"https:\/\/www.barberiayciencia.com\/#website","url":"https:\/\/www.barberiayciencia.com\/","name":"1948 BARBERSCIENCE","description":"Alta Cosm\u00e9tica Capilar para Barbershops","publisher":{"@id":"https:\/\/www.barberiayciencia.com\/#organization"},"potentialAction":[{"@type":"SearchAction","target":{"@type":"EntryPoint","urlTemplate":"https:\/\/www.barberiayciencia.com\/?s={search_term_string}"},"query-input":{"@type":"PropertyValueSpecification","valueRequired":true,"valueName":"search_term_string"}}],"inLanguage":"pt-PT"},{"@type":"Organization","@id":"https:\/\/www.barberiayciencia.com\/#organization","name":"1948 BARBERSCIENCE","url":"https:\/\/www.barberiayciencia.com\/","logo":{"@type":"ImageObject","inLanguage":"pt-PT","@id":"https:\/\/www.barberiayciencia.com\/#\/schema\/logo\/image\/","url":"https:\/\/www.barberiayciencia.com\/wp-content\/uploads\/2023\/06\/logo-300x159bn.png","contentUrl":"https:\/\/www.barberiayciencia.com\/wp-content\/uploads\/2023\/06\/logo-300x159bn.png","width":300,"height":159,"caption":"1948 BARBERSCIENCE"},"image":{"@id":"https:\/\/www.barberiayciencia.com\/#\/schema\/logo\/image\/"},"sameAs":["https:\/\/www.facebook.com\/1948barberscience","https:\/\/www.instagram.com\/1948barberscience\/"]}]}},"_links":{"self":[{"href":"https:\/\/www.barberiayciencia.com\/pt-pt\/wp-json\/wp\/v2\/pages\/5984","targetHints":{"allow":["GET"]}}],"collection":[{"href":"https:\/\/www.barberiayciencia.com\/pt-pt\/wp-json\/wp\/v2\/pages"}],"about":[{"href":"https:\/\/www.barberiayciencia.com\/pt-pt\/wp-json\/wp\/v2\/types\/page"}],"author":[{"embeddable":true,"href":"https:\/\/www.barberiayciencia.com\/pt-pt\/wp-json\/wp\/v2\/users\/3"}],"replies":[{"embeddable":true,"href":"https:\/\/www.barberiayciencia.com\/pt-pt\/wp-json\/wp\/v2\/comments?post=5984"}],"version-history":[{"count":1,"href":"https:\/\/www.barberiayciencia.com\/pt-pt\/wp-json\/wp\/v2\/pages\/5984\/revisions"}],"predecessor-version":[{"id":5986,"href":"https:\/\/www.barberiayciencia.com\/pt-pt\/wp-json\/wp\/v2\/pages\/5984\/revisions\/5986"}],"wp:attachment":[{"href":"https:\/\/www.barberiayciencia.com\/pt-pt\/wp-json\/wp\/v2\/media?parent=5984"}],"curies":[{"name":"wp","href":"https:\/\/api.w.org\/{rel}","templated":true}]}}