{"id":5975,"date":"2021-07-07T05:27:51","date_gmt":"2021-07-07T03:27:51","guid":{"rendered":"https:\/\/www.barberiayciencia.com\/nosotros\/"},"modified":"2025-03-03T10:40:03","modified_gmt":"2025-03-03T09:40:03","slug":"nosotros","status":"publish","type":"page","link":"https:\/\/www.barberiayciencia.com\/pt-pt\/nosotros\/","title":{"rendered":"N\u00f3s"},"content":{"rendered":"<section class=\"l-section wpb_row height_custom with_img\"><div class=\"l-section-img\" role=\"img\" aria-label=\"Imagem\" data-img-width=\"600\" data-img-height=\"318\" style=\"background-image: url(https:\/\/www.barberiayciencia.com\/wp-content\/uploads\/2022\/04\/logo.png);background-position: center left;background-repeat: no-repeat;background-size: auto;\"><\/div><div class=\"l-section-overlay\" style=\"background:rgba(255,255,255,0.85)\"><\/div><div class=\"l-section-h i-cf\"><div class=\"g-cols vc_row via_flex valign_top type_default stacking_default\"><div class=\"vc_col-sm-8 wpb_column vc_column_container\"><div class=\"vc_column-inner\"><div class=\"wpb_wrapper\"><div class=\"wpb_text_column\"><div class=\"wpb_wrapper\"><p style=\"text-align: justify;\">Os nossos produtos foram desenvolvidos utilizando f\u00f3rmulas tradicionais usadas por barbeiros de todo o mundo, que submetemos ao campo da ci\u00eancia e tecnologia capilar de \u00faltima gera\u00e7\u00e3o para as adaptar \u00e0s exig\u00eancias do homem atual. Todos os nossos produtos foram elaborados juntamente com profissionais reconhecidos, que contribu\u00edram com o seu conhecimento e experi\u00eancia com um objetivo claro: satisfazer as necessidades dos profissionais para oferecer um produto de alta cosm\u00e9tica capilar com esp\u00edrito pr\u00f3prio aos seus clientes.<\/p>\n<p style=\"text-align: justify;\"><strong>1948 BARBERSCIENCE<\/strong> apresenta a sua gama de produtos concebidos para atender \u00e0s necessidades dos profissionais e das barbearias mais exigentes, unindo ci\u00eancia e tecnologia num \u00fanico conceito.<\/p>\n<p style=\"text-align: justify;\">Oferece aos teus clientes a m\u00e1xima qualidade a pre\u00e7os muito competitivos para tornar o teu neg\u00f3cio uma aposta s\u00f3lida e rent\u00e1vel, adaptada ao tipo de mercado atual.<\/p>\n<\/div><\/div><div class=\"w-separator size_small\"><\/div><\/div><\/div><\/div><div class=\"vc_col-sm-4 wpb_column vc_column_container\"><div class=\"vc_column-inner\"><div class=\"wpb_wrapper\"><div class=\"w-image style_shadow-1 align_center\"><div class=\"w-image-h\"><img decoding=\"async\" width=\"1000\" height=\"667\" src=\"https:\/\/www.barberiayciencia.com\/wp-content\/uploads\/2022\/04\/nosotros.jpg\" class=\"attachment-full size-full\" alt=\"\" loading=\"lazy\" srcset=\"https:\/\/www.barberiayciencia.com\/wp-content\/uploads\/2022\/04\/nosotros.jpg 1000w, https:\/\/www.barberiayciencia.com\/wp-content\/uploads\/2022\/04\/nosotros-300x200.jpg 300w, https:\/\/www.barberiayciencia.com\/wp-content\/uploads\/2022\/04\/nosotros-600x400.jpg 600w\" sizes=\"auto, (max-width: 1000px) 100vw, 1000px\" \/><\/div><\/div><\/div><\/div><\/div><div class=\"vc_col-sm-12 wpb_column vc_column_container\"><div class=\"vc_column-inner\"><div class=\"wpb_wrapper\"><div class=\"g-cols wpb_row via_flex valign_top type_default stacking_default\"><div class=\"vc_col-sm-6 wpb_column vc_column_container\"><div class=\"vc_column-inner\"><div class=\"wpb_wrapper\"><div class=\"w-iconbox iconpos_top style_circle color_primary align_center no_text\"><a href=\"https:\/\/www.barberiayciencia.com\/pt-pt\/categoria-producto\/acabado-y-fijacion-pt-pt\/\" class=\"w-iconbox-link\" aria-label=\"Produtos de finaliza\u00e7\u00e3o e fixa\u00e7\u00e3o.\"><div class=\"w-iconbox-icon\" style=\"font-size:2rem;\"><i class=\"far fa-check\"><\/i><\/div><\/a><div class=\"w-iconbox-meta\"><h4 class=\"w-iconbox-title\"><a href=\"https:\/\/www.barberiayciencia.com\/pt-pt\/categoria-producto\/acabado-y-fijacion-pt-pt\/\" class=\"w-iconbox-link\" aria-label=\"Produtos de finaliza\u00e7\u00e3o e fixa\u00e7\u00e3o.\">Produtos de finaliza\u00e7\u00e3o e fixa\u00e7\u00e3o.<\/a><\/h4><\/div><\/div><div class=\"w-separator size_small\"><\/div><div class=\"w-iconbox iconpos_top style_circle color_primary align_center no_text\"><a href=\"https:\/\/www.barberiayciencia.com\/pt-pt\/categoria-producto\/tratamientos-pt-pt\/\" class=\"w-iconbox-link\" aria-label=\"Tratamentos capilares.\"><div class=\"w-iconbox-icon\" style=\"font-size:2rem;\"><i class=\"far fa-check\"><\/i><\/div><\/a><div class=\"w-iconbox-meta\"><h4 class=\"w-iconbox-title\"><a href=\"https:\/\/www.barberiayciencia.com\/pt-pt\/categoria-producto\/tratamientos-pt-pt\/\" class=\"w-iconbox-link\" aria-label=\"Tratamentos capilares.\">Tratamentos capilares.<\/a><\/h4><\/div><\/div><\/div><\/div><\/div><div class=\"vc_col-sm-6 wpb_column vc_column_container\"><div class=\"vc_column-inner\"><div class=\"wpb_wrapper\"><div class=\"w-iconbox iconpos_top style_circle color_primary align_center no_text\"><a href=\"https:\/\/www.barberiayciencia.com\/pt-pt\/categoria-producto\/barba-y-afeitado-pt-pt\/\" class=\"w-iconbox-link\" aria-label=\"Linha para barba e barbear.\"><div class=\"w-iconbox-icon\" style=\"font-size:2rem;\"><i class=\"far fa-check\"><\/i><\/div><\/a><div class=\"w-iconbox-meta\"><h4 class=\"w-iconbox-title\"><a href=\"https:\/\/www.barberiayciencia.com\/pt-pt\/categoria-producto\/barba-y-afeitado-pt-pt\/\" class=\"w-iconbox-link\" aria-label=\"Linha para barba e barbear.\">Linha para barba e barbear.<\/a><\/h4><\/div><\/div><div class=\"w-separator size_small\"><\/div><div class=\"w-iconbox iconpos_top style_circle color_primary align_center no_text\"><a href=\"https:\/\/www.barberiayciencia.com\/categoria-producto\/mantenimiento\/\" class=\"w-iconbox-link\" aria-label=\"Manuten\u00e7\u00e3o t\u00e9cnica.\"><div class=\"w-iconbox-icon\" style=\"font-size:2rem;\"><i class=\"far fa-check\"><\/i><\/div><\/a><div class=\"w-iconbox-meta\"><h4 class=\"w-iconbox-title\"><a href=\"https:\/\/www.barberiayciencia.com\/categoria-producto\/mantenimiento\/\" class=\"w-iconbox-link\" aria-label=\"Manuten\u00e7\u00e3o t\u00e9cnica.\">Manuten\u00e7\u00e3o t\u00e9cnica.<\/a><\/h4><\/div><\/div><\/div><\/div><\/div><\/div><div class=\"w-separator size_small\"><\/div><div class=\"wpb_text_column\"><div class=\"wpb_wrapper\"><blockquote>\n<p style=\"text-align: center;\"><strong>Junta-te a n\u00f3s e d\u00e1 o passo para a alta cosm\u00e9tica. Centenas de profissionais j\u00e1 fazem parte da nossa cultura de barbearia.<\/strong><\/p>\n<\/blockquote>\n<\/div><\/div><\/div><\/div><\/div><\/div><\/div><\/section><section class=\"l-section wpb_row height_custom with_video\"><div id=\"us_bg_video_a977\" class=\"l-section-video\"><script id=\"us_bg_video_a977-script\">!function(w){var node = document.getElementById( 'us_bg_video_a977' );if ( w.innerWidth <= 600 ) { node.remove() }}(window);<\/script><style>@media(max-width:600px){#us_bg_video_a977{display:none!important}}<\/style><video  autoplay loop muted playsinline preload=\"auto\" tabindex=\"-1\"><source type=\"video\/mp4\" src=\"https:\/\/www.barberiayciencia.com\/wp-content\/uploads\/2022\/04\/barber2.mp4\" \/><\/video><\/div><div class=\"l-section-overlay\" style=\"background:rgba(255,255,255,0.75)\"><\/div><div class=\"l-section-h i-cf\"><div class=\"g-cols vc_row via_flex valign_top type_default stacking_default\"><div class=\"vc_col-sm-12 wpb_column vc_column_container\"><div class=\"vc_column-inner\"><div class=\"wpb_wrapper\"><div class=\"wpb_text_column\"><div class=\"wpb_wrapper\"><h3 style=\"text-align: center;\"><strong>Alguns dados de interesse<\/strong><\/h3>\n<p style=\"text-align: center;\">A nossa experi\u00eancia \u00e9 comprovada pelos seguintes dados.<\/p>\n<\/div><\/div><\/div><\/div><\/div><div class=\"vc_col-sm-12 wpb_column vc_column_container\"><div class=\"vc_column-inner\"><div class=\"wpb_wrapper\"><div class=\"g-cols wpb_row via_flex valign_top type_default stacking_default\"><div class=\"vc_col-sm-3 wpb_column vc_column_container\"><div class=\"vc_column-inner\"><div class=\"wpb_wrapper\"><div class=\"w-counter color_primary align_center animation_none\" data-duration=\"2\" style=\"--w-counter-duration: 2s;\"><div class=\"w-counter-value\" aria-label=\"+10\"><span class=\"w-counter-value-part final\" aria-hidden=\"true\">+10<\/span><span class=\"w-counter-value-part hidden type_text\" aria-hidden=\"true\" data-final=\"+\"><\/span><span class=\"w-counter-value-part hidden type_number\" aria-hidden=\"true\" data-final=\"10\">0<\/span><span class=\"w-counter-value-part hidden type_text\" aria-hidden=\"true\" data-final><\/span><\/div><h5 class=\"w-counter-title\" style=\"font-size:20px;\"><strong>Anos de Experi\u00eancia<\/strong><\/h5><\/div><\/div><\/div><\/div><div class=\"vc_col-sm-3 wpb_column vc_column_container\"><div class=\"vc_column-inner\"><div class=\"wpb_wrapper\"><div class=\"w-counter color_primary align_center animation_none\" data-duration=\"2\" style=\"--w-counter-duration: 2s;\"><div class=\"w-counter-value\" aria-label=\"100%\"><span class=\"w-counter-value-part final\" aria-hidden=\"true\">100%<\/span><span class=\"w-counter-value-part hidden type_text\" aria-hidden=\"true\" data-final><\/span><span class=\"w-counter-value-part hidden type_number\" aria-hidden=\"true\" data-final=\"100\">0<\/span><span class=\"w-counter-value-part hidden type_text\" aria-hidden=\"true\" data-final=\"%\"><\/span><\/div><h5 class=\"w-counter-title\" style=\"font-size:20px;\"><strong>Atendimento Personalizado<\/strong><\/h5><\/div><\/div><\/div><\/div><div class=\"vc_col-sm-3 wpb_column vc_column_container\"><div class=\"vc_column-inner\"><div class=\"wpb_wrapper\"><div class=\"w-counter color_primary align_center animation_none\" data-duration=\"2\" style=\"--w-counter-duration: 2s;\"><div class=\"w-counter-value\" aria-label=\"99%\"><span class=\"w-counter-value-part final\" aria-hidden=\"true\">99%<\/span><span class=\"w-counter-value-part hidden type_text\" aria-hidden=\"true\" data-final><\/span><span class=\"w-counter-value-part hidden type_number\" aria-hidden=\"true\" data-final=\"99\">0<\/span><span class=\"w-counter-value-part hidden type_text\" aria-hidden=\"true\" data-final=\"%\"><\/span><\/div><h5 class=\"w-counter-title\" style=\"font-size:20px;\"><strong>Clientes Satisfeitos<\/strong><\/h5><\/div><\/div><\/div><\/div><div class=\"vc_col-sm-3 wpb_column vc_column_container\"><div class=\"vc_column-inner\"><div class=\"wpb_wrapper\"><div class=\"w-counter color_primary align_center animation_none\" data-duration=\"2\" style=\"--w-counter-duration: 2s;\"><div class=\"w-counter-value\" aria-label=\"+20\"><span class=\"w-counter-value-part final\" aria-hidden=\"true\">+20<\/span><span class=\"w-counter-value-part hidden type_text\" aria-hidden=\"true\" data-final=\"+\"><\/span><span class=\"w-counter-value-part hidden type_number\" aria-hidden=\"true\" data-final=\"20\">0<\/span><span class=\"w-counter-value-part hidden type_text\" aria-hidden=\"true\" data-final><\/span><\/div><h5 class=\"w-counter-title\" style=\"font-size:20px;\"><strong>Produtos Dispon\u00edveis<\/strong><\/h5><\/div><\/div><\/div><\/div><\/div><\/div><\/div><\/div><\/div><\/div><\/section><section class=\"l-section wpb_row height_medium\"><div class=\"l-section-h i-cf\"><div class=\"g-cols vc_row via_flex valign_top type_default stacking_default\"><div class=\"vc_col-sm-12 wpb_column vc_column_container\"><div class=\"vc_column-inner\"><div class=\"wpb_wrapper\"><div class=\"wpb_text_column\"><div class=\"wpb_wrapper\"><h3 style=\"text-align: center;\"><strong>Raz\u00f5es para escolher-nos<\/strong><\/h3>\n<p style=\"text-align: center;\">6 motivos de peso para nos escolher.<\/p>\n<\/div><\/div><\/div><\/div><\/div><div class=\"vc_col-sm-12 wpb_column vc_column_container\"><div class=\"vc_column-inner\"><div class=\"wpb_wrapper\"><div class=\"g-cols wpb_row via_flex valign_top type_default stacking_default\"><div class=\"vc_col-sm-4 wpb_column vc_column_container\"><div class=\"vc_column-inner\"><div class=\"wpb_wrapper\"><div class=\"w-iconbox iconpos_top style_circle color_primary align_center no_text\"><div class=\"w-iconbox-icon\" style=\"font-size:40px;\"><i class=\"fal fa-tag\"><\/i><\/div><div class=\"w-iconbox-meta\"><h4 class=\"w-iconbox-title\">Pre\u00e7os Competitivos<\/h4><\/div><\/div><\/div><\/div><\/div><div class=\"vc_col-sm-4 wpb_column vc_column_container\"><div class=\"vc_column-inner\"><div class=\"wpb_wrapper\"><div class=\"w-iconbox iconpos_top style_circle color_primary align_center no_text\"><div class=\"w-iconbox-icon\" style=\"font-size:40px;\"><i class=\"far fa-tachometer-fast\"><\/i><\/div><div class=\"w-iconbox-meta\"><h4 class=\"w-iconbox-title\">Entrega em 24\/48 Horas<\/h4><\/div><\/div><\/div><\/div><\/div><div class=\"vc_col-sm-4 wpb_column vc_column_container\"><div class=\"vc_column-inner\"><div class=\"wpb_wrapper\"><div class=\"w-iconbox iconpos_top style_circle color_primary align_center no_text\"><div class=\"w-iconbox-icon\" style=\"font-size:40px;\"><i class=\"far fa-boxes-alt\"><\/i><\/div><div class=\"w-iconbox-meta\"><h4 class=\"w-iconbox-title\">M\u00faltiplos Produtos<\/h4><\/div><\/div><\/div><\/div><\/div><\/div><div class=\"w-separator size_medium\"><\/div><div class=\"g-cols wpb_row via_flex valign_top type_default stacking_default\"><div class=\"vc_col-sm-4 wpb_column vc_column_container\"><div class=\"vc_column-inner\"><div class=\"wpb_wrapper\"><div class=\"w-iconbox iconpos_top style_circle color_primary align_center no_text\"><div class=\"w-iconbox-icon\" style=\"font-size:40px;\"><i class=\"fal fa-users\"><\/i><\/div><div class=\"w-iconbox-meta\"><h4 class=\"w-iconbox-title\">Profissionais Qualificados<\/h4><\/div><\/div><\/div><\/div><\/div><div class=\"vc_col-sm-4 wpb_column vc_column_container\"><div class=\"vc_column-inner\"><div class=\"wpb_wrapper\"><div class=\"w-iconbox iconpos_top style_circle color_primary align_center no_text\"><div class=\"w-iconbox-icon\" style=\"font-size:40px;\"><i class=\"far fa-file-certificate\"><\/i><\/div><div class=\"w-iconbox-meta\"><h4 class=\"w-iconbox-title\">100% Produtos Garantidos<\/h4><\/div><\/div><\/div><\/div><\/div><div class=\"vc_col-sm-4 wpb_column vc_column_container\"><div class=\"vc_column-inner\"><div class=\"wpb_wrapper\"><div class=\"w-iconbox iconpos_top style_circle color_primary align_center no_text\"><div class=\"w-iconbox-icon\" style=\"font-size:40px;\"><i class=\"fal fa-handshake-alt\"><\/i><\/div><div class=\"w-iconbox-meta\"><h4 class=\"w-iconbox-title\">Servi\u00e7o P\u00f3s-Venda<\/h4><\/div><\/div><\/div><\/div><\/div><\/div><\/div><\/div><\/div><\/div><\/div><\/section><section class=\"l-section wpb_row height_medium color_alternate\"><div class=\"l-section-overlay\" style=\"background:#F5F5F5\"><\/div><div class=\"l-section-h i-cf\"><div class=\"g-cols vc_row via_flex valign_top type_default stacking_default\"><div class=\"vc_col-sm-12 wpb_column vc_column_container us_animate_afc\" style=\"animation-delay:0.4s\"><div class=\"vc_column-inner\"><div class=\"wpb_wrapper\"><div class=\"w-actionbox color_light controls_right\"><div class=\"w-actionbox-text\"><h2 class=\"w-actionbox-title\"><b>Tens alguma d\u00favida?<\/b><\/h2><div class=\"w-actionbox-description\"><p>Se quiseres esclarecer qualquer d\u00favida sobre os nossos produtos, convida-mo-lo a entrar em contacto connosco <b>SEM COMPROMISSO<\/b>.<\/p>\n<\/div><\/div><div class=\"w-actionbox-controls\"><a class=\"w-btn us-btn-style_1 icon_atleft\" style=\"font-size:16px\" href=\"https:\/\/www.barberiayciencia.com\/pt-pt\/contacto\/\"><i class=\"far fa-mobile-android-alt\"><\/i><span class=\"w-btn-label\">Contacto<\/span><\/a><\/div><\/div><\/div><\/div><\/div><\/div><\/div><\/section>\n","protected":false},"excerpt":{"rendered":"Os nossos produtos foram desenvolvidos utilizando f\u00f3rmulas tradicionais usadas por barbeiros de todo o mundo, que submetemos ao campo da ci\u00eancia e tecnologia capilar de \u00faltima gera\u00e7\u00e3o para as adaptar \u00e0s exig\u00eancias do homem atual. Todos os nossos produtos foram elaborados juntamente com profissionais reconhecidos, que contribu\u00edram com o seu conhecimento e experi\u00eancia com um...","protected":false},"author":3,"featured_media":5964,"parent":0,"menu_order":0,"comment_status":"closed","ping_status":"closed","template":"","meta":{"_joinchat":[],"footnotes":""},"class_list":["post-5975","page","type-page","status-publish","has-post-thumbnail","hentry"],"yoast_head":"<!-- This site is optimized with the Yoast SEO plugin v27.2 - https:\/\/yoast.com\/product\/yoast-seo-wordpress\/ -->\n<title>N\u00f3s - 1948 BARBERSCIENCE<\/title>\n<meta name=\"description\" content=\"1948 BARBERSCIENCE presentamos nuestra gama de productos dise\u00f1ados para cubrir las necesidades del profesional y barber\u00edas m\u00e1s exigentes, uniendo ciencia y tecnolog\u00eda en un mismo concepto.\" \/>\n<meta name=\"robots\" content=\"index, follow, max-snippet:-1, max-image-preview:large, max-video-preview:-1\" \/>\n<link rel=\"canonical\" href=\"https:\/\/www.barberiayciencia.com\/pt-pt\/nosotros\/\" \/>\n<meta property=\"og:locale\" content=\"pt_PT\" \/>\n<meta property=\"og:type\" content=\"article\" \/>\n<meta property=\"og:title\" content=\"N\u00f3s - 1948 BARBERSCIENCE\" \/>\n<meta property=\"og:description\" content=\"1948 BARBERSCIENCE presentamos nuestra gama de productos dise\u00f1ados para cubrir las necesidades del profesional y barber\u00edas m\u00e1s exigentes, uniendo ciencia y tecnolog\u00eda en un mismo concepto.\" \/>\n<meta property=\"og:url\" content=\"https:\/\/www.barberiayciencia.com\/pt-pt\/nosotros\/\" \/>\n<meta property=\"og:site_name\" content=\"1948 BARBERSCIENCE\" \/>\n<meta property=\"article:publisher\" content=\"https:\/\/www.facebook.com\/1948barberscience\" \/>\n<meta property=\"article:modified_time\" content=\"2025-03-03T09:40:03+00:00\" \/>\n<meta property=\"og:image\" content=\"https:\/\/www.barberiayciencia.com\/wp-content\/uploads\/2022\/04\/soporte.jpg\" \/>\n\t<meta property=\"og:image:width\" content=\"1104\" \/>\n\t<meta property=\"og:image:height\" content=\"1253\" \/>\n\t<meta property=\"og:image:type\" content=\"image\/jpeg\" \/>\n<meta name=\"twitter:card\" content=\"summary_large_image\" \/>\n<meta name=\"twitter:label1\" content=\"Tempo estimado de leitura\" \/>\n\t<meta name=\"twitter:data1\" content=\"2 minutos\" \/>\n<script type=\"application\/ld+json\" class=\"yoast-schema-graph\">{\"@context\":\"https:\/\/schema.org\",\"@graph\":[{\"@type\":\"WebPage\",\"@id\":\"https:\/\/www.barberiayciencia.com\/pt-pt\/nosotros\/\",\"url\":\"https:\/\/www.barberiayciencia.com\/pt-pt\/nosotros\/\",\"name\":\"N\u00f3s - 1948 BARBERSCIENCE\",\"isPartOf\":{\"@id\":\"https:\/\/www.barberiayciencia.com\/#website\"},\"primaryImageOfPage\":{\"@id\":\"https:\/\/www.barberiayciencia.com\/pt-pt\/nosotros\/#primaryimage\"},\"image\":{\"@id\":\"https:\/\/www.barberiayciencia.com\/pt-pt\/nosotros\/#primaryimage\"},\"thumbnailUrl\":\"https:\/\/www.barberiayciencia.com\/wp-content\/uploads\/2022\/04\/soporte.jpg\",\"datePublished\":\"2021-07-07T03:27:51+00:00\",\"dateModified\":\"2025-03-03T09:40:03+00:00\",\"description\":\"1948 BARBERSCIENCE presentamos nuestra gama de productos dise\u00f1ados para cubrir las necesidades del profesional y barber\u00edas m\u00e1s exigentes, uniendo ciencia y tecnolog\u00eda en un mismo concepto.\",\"breadcrumb\":{\"@id\":\"https:\/\/www.barberiayciencia.com\/pt-pt\/nosotros\/#breadcrumb\"},\"inLanguage\":\"pt-PT\",\"potentialAction\":[{\"@type\":\"ReadAction\",\"target\":[\"https:\/\/www.barberiayciencia.com\/pt-pt\/nosotros\/\"]}]},{\"@type\":\"ImageObject\",\"inLanguage\":\"pt-PT\",\"@id\":\"https:\/\/www.barberiayciencia.com\/pt-pt\/nosotros\/#primaryimage\",\"url\":\"https:\/\/www.barberiayciencia.com\/wp-content\/uploads\/2022\/04\/soporte.jpg\",\"contentUrl\":\"https:\/\/www.barberiayciencia.com\/wp-content\/uploads\/2022\/04\/soporte.jpg\",\"width\":1104,\"height\":1253},{\"@type\":\"BreadcrumbList\",\"@id\":\"https:\/\/www.barberiayciencia.com\/pt-pt\/nosotros\/#breadcrumb\",\"itemListElement\":[{\"@type\":\"ListItem\",\"position\":1,\"name\":\"Portada\",\"item\":\"https:\/\/www.barberiayciencia.com\/pt-pt\/\"},{\"@type\":\"ListItem\",\"position\":2,\"name\":\"N\u00f3s\"}]},{\"@type\":\"WebSite\",\"@id\":\"https:\/\/www.barberiayciencia.com\/#website\",\"url\":\"https:\/\/www.barberiayciencia.com\/\",\"name\":\"1948 BARBERSCIENCE\",\"description\":\"Alta Cosm\u00e9tica Capilar para Barbershops\",\"publisher\":{\"@id\":\"https:\/\/www.barberiayciencia.com\/#organization\"},\"potentialAction\":[{\"@type\":\"SearchAction\",\"target\":{\"@type\":\"EntryPoint\",\"urlTemplate\":\"https:\/\/www.barberiayciencia.com\/?s={search_term_string}\"},\"query-input\":{\"@type\":\"PropertyValueSpecification\",\"valueRequired\":true,\"valueName\":\"search_term_string\"}}],\"inLanguage\":\"pt-PT\"},{\"@type\":\"Organization\",\"@id\":\"https:\/\/www.barberiayciencia.com\/#organization\",\"name\":\"1948 BARBERSCIENCE\",\"url\":\"https:\/\/www.barberiayciencia.com\/\",\"logo\":{\"@type\":\"ImageObject\",\"inLanguage\":\"pt-PT\",\"@id\":\"https:\/\/www.barberiayciencia.com\/#\/schema\/logo\/image\/\",\"url\":\"https:\/\/www.barberiayciencia.com\/wp-content\/uploads\/2023\/06\/logo-300x159bn.png\",\"contentUrl\":\"https:\/\/www.barberiayciencia.com\/wp-content\/uploads\/2023\/06\/logo-300x159bn.png\",\"width\":300,\"height\":159,\"caption\":\"1948 BARBERSCIENCE\"},\"image\":{\"@id\":\"https:\/\/www.barberiayciencia.com\/#\/schema\/logo\/image\/\"},\"sameAs\":[\"https:\/\/www.facebook.com\/1948barberscience\",\"https:\/\/www.instagram.com\/1948barberscience\/\"]}]}<\/script>\n<!-- \/ Yoast SEO plugin. -->","yoast_head_json":{"title":"N\u00f3s - 1948 BARBERSCIENCE","description":"1948 BARBERSCIENCE presentamos nuestra gama de productos dise\u00f1ados para cubrir las necesidades del profesional y barber\u00edas m\u00e1s exigentes, uniendo ciencia y tecnolog\u00eda en un mismo concepto.","robots":{"index":"index","follow":"follow","max-snippet":"max-snippet:-1","max-image-preview":"max-image-preview:large","max-video-preview":"max-video-preview:-1"},"canonical":"https:\/\/www.barberiayciencia.com\/pt-pt\/nosotros\/","og_locale":"pt_PT","og_type":"article","og_title":"N\u00f3s - 1948 BARBERSCIENCE","og_description":"1948 BARBERSCIENCE presentamos nuestra gama de productos dise\u00f1ados para cubrir las necesidades del profesional y barber\u00edas m\u00e1s exigentes, uniendo ciencia y tecnolog\u00eda en un mismo concepto.","og_url":"https:\/\/www.barberiayciencia.com\/pt-pt\/nosotros\/","og_site_name":"1948 BARBERSCIENCE","article_publisher":"https:\/\/www.facebook.com\/1948barberscience","article_modified_time":"2025-03-03T09:40:03+00:00","og_image":[{"width":1104,"height":1253,"url":"https:\/\/www.barberiayciencia.com\/wp-content\/uploads\/2022\/04\/soporte.jpg","type":"image\/jpeg"}],"twitter_card":"summary_large_image","twitter_misc":{"Tempo estimado de leitura":"2 minutos"},"schema":{"@context":"https:\/\/schema.org","@graph":[{"@type":"WebPage","@id":"https:\/\/www.barberiayciencia.com\/pt-pt\/nosotros\/","url":"https:\/\/www.barberiayciencia.com\/pt-pt\/nosotros\/","name":"N\u00f3s - 1948 BARBERSCIENCE","isPartOf":{"@id":"https:\/\/www.barberiayciencia.com\/#website"},"primaryImageOfPage":{"@id":"https:\/\/www.barberiayciencia.com\/pt-pt\/nosotros\/#primaryimage"},"image":{"@id":"https:\/\/www.barberiayciencia.com\/pt-pt\/nosotros\/#primaryimage"},"thumbnailUrl":"https:\/\/www.barberiayciencia.com\/wp-content\/uploads\/2022\/04\/soporte.jpg","datePublished":"2021-07-07T03:27:51+00:00","dateModified":"2025-03-03T09:40:03+00:00","description":"1948 BARBERSCIENCE presentamos nuestra gama de productos dise\u00f1ados para cubrir las necesidades del profesional y barber\u00edas m\u00e1s exigentes, uniendo ciencia y tecnolog\u00eda en un mismo concepto.","breadcrumb":{"@id":"https:\/\/www.barberiayciencia.com\/pt-pt\/nosotros\/#breadcrumb"},"inLanguage":"pt-PT","potentialAction":[{"@type":"ReadAction","target":["https:\/\/www.barberiayciencia.com\/pt-pt\/nosotros\/"]}]},{"@type":"ImageObject","inLanguage":"pt-PT","@id":"https:\/\/www.barberiayciencia.com\/pt-pt\/nosotros\/#primaryimage","url":"https:\/\/www.barberiayciencia.com\/wp-content\/uploads\/2022\/04\/soporte.jpg","contentUrl":"https:\/\/www.barberiayciencia.com\/wp-content\/uploads\/2022\/04\/soporte.jpg","width":1104,"height":1253},{"@type":"BreadcrumbList","@id":"https:\/\/www.barberiayciencia.com\/pt-pt\/nosotros\/#breadcrumb","itemListElement":[{"@type":"ListItem","position":1,"name":"Portada","item":"https:\/\/www.barberiayciencia.com\/pt-pt\/"},{"@type":"ListItem","position":2,"name":"N\u00f3s"}]},{"@type":"WebSite","@id":"https:\/\/www.barberiayciencia.com\/#website","url":"https:\/\/www.barberiayciencia.com\/","name":"1948 BARBERSCIENCE","description":"Alta Cosm\u00e9tica Capilar para Barbershops","publisher":{"@id":"https:\/\/www.barberiayciencia.com\/#organization"},"potentialAction":[{"@type":"SearchAction","target":{"@type":"EntryPoint","urlTemplate":"https:\/\/www.barberiayciencia.com\/?s={search_term_string}"},"query-input":{"@type":"PropertyValueSpecification","valueRequired":true,"valueName":"search_term_string"}}],"inLanguage":"pt-PT"},{"@type":"Organization","@id":"https:\/\/www.barberiayciencia.com\/#organization","name":"1948 BARBERSCIENCE","url":"https:\/\/www.barberiayciencia.com\/","logo":{"@type":"ImageObject","inLanguage":"pt-PT","@id":"https:\/\/www.barberiayciencia.com\/#\/schema\/logo\/image\/","url":"https:\/\/www.barberiayciencia.com\/wp-content\/uploads\/2023\/06\/logo-300x159bn.png","contentUrl":"https:\/\/www.barberiayciencia.com\/wp-content\/uploads\/2023\/06\/logo-300x159bn.png","width":300,"height":159,"caption":"1948 BARBERSCIENCE"},"image":{"@id":"https:\/\/www.barberiayciencia.com\/#\/schema\/logo\/image\/"},"sameAs":["https:\/\/www.facebook.com\/1948barberscience","https:\/\/www.instagram.com\/1948barberscience\/"]}]}},"_links":{"self":[{"href":"https:\/\/www.barberiayciencia.com\/pt-pt\/wp-json\/wp\/v2\/pages\/5975","targetHints":{"allow":["GET"]}}],"collection":[{"href":"https:\/\/www.barberiayciencia.com\/pt-pt\/wp-json\/wp\/v2\/pages"}],"about":[{"href":"https:\/\/www.barberiayciencia.com\/pt-pt\/wp-json\/wp\/v2\/types\/page"}],"author":[{"embeddable":true,"href":"https:\/\/www.barberiayciencia.com\/pt-pt\/wp-json\/wp\/v2\/users\/3"}],"replies":[{"embeddable":true,"href":"https:\/\/www.barberiayciencia.com\/pt-pt\/wp-json\/wp\/v2\/comments?post=5975"}],"version-history":[{"count":4,"href":"https:\/\/www.barberiayciencia.com\/pt-pt\/wp-json\/wp\/v2\/pages\/5975\/revisions"}],"predecessor-version":[{"id":6082,"href":"https:\/\/www.barberiayciencia.com\/pt-pt\/wp-json\/wp\/v2\/pages\/5975\/revisions\/6082"}],"wp:featuredmedia":[{"embeddable":true,"href":"https:\/\/www.barberiayciencia.com\/pt-pt\/wp-json\/wp\/v2\/media\/5964"}],"wp:attachment":[{"href":"https:\/\/www.barberiayciencia.com\/pt-pt\/wp-json\/wp\/v2\/media?parent=5975"}],"curies":[{"name":"wp","href":"https:\/\/api.w.org\/{rel}","templated":true}]}}