{"id":5970,"date":"2020-01-20T15:42:22","date_gmt":"2020-01-20T14:42:22","guid":{"rendered":"https:\/\/www.barberiayciencia.com\/formas-de-pago\/"},"modified":"2025-02-26T07:52:36","modified_gmt":"2025-02-26T06:52:36","slug":"formas-de-pago","status":"publish","type":"page","link":"https:\/\/www.barberiayciencia.com\/pt-pt\/formas-de-pago\/","title":{"rendered":"M\u00e9todos de pagamento"},"content":{"rendered":"<section class=\"l-section wpb_row height_custom\"><div class=\"l-section-h i-cf\"><div class=\"g-cols vc_row via_flex valign_top type_default stacking_default\"><div class=\"vc_col-sm-2 wpb_column vc_column_container\"><div class=\"vc_column-inner\"><div class=\"wpb_wrapper\"><div class=\"w-iconbox iconpos_left style_default color_primary align_left no_text no_title\"><div class=\"w-iconbox-icon\" style=\"font-size:4rem;\"><i class=\"far fa-cash-register\"><\/i><\/div><div class=\"w-iconbox-meta\"><\/div><\/div><\/div><\/div><\/div><div class=\"vc_col-sm-10 wpb_column vc_column_container\"><div class=\"vc_column-inner\"><div class=\"wpb_wrapper\"><div class=\"wpb_text_column\"><div class=\"wpb_wrapper\"><h4>Formas de pagamento aceites<\/h4>\n<p><strong>Visa\/Mastercard\/Paypal<\/strong><\/p>\n<p>Podes pagar com cart\u00e3o de cr\u00e9dito (Visa, Mastercard, etc.). Tamb\u00e9m oferecemos a possibilidade de pagar atrav\u00e9s do PayPal, que permite um pagamento simples e seguro sem necessidade de criar uma conta no PayPal.<\/p>\n<p>O PayPal protege a tua informa\u00e7\u00e3o financeira com sistemas de preven\u00e7\u00e3o de fraudes e seguran\u00e7a l\u00edderes no setor. PayPal \u00e9 um sistema de pagamento online de prest\u00edgio internacional. Ao utilizar PayPal, a tua informa\u00e7\u00e3o financeira nunca \u00e9 partilhada com o vendedor. Assim que o pagamento for conclu\u00eddo, receber\u00e1s um recibo da transa\u00e7\u00e3o por e-mail.<\/p>\n<p><strong>Transfer\u00eancia Banc\u00e1ria<\/strong><\/p>\n<p>Tamb\u00e9m podes realizar pagamentos atrav\u00e9s de transfer\u00eancia banc\u00e1ria.<\/p>\n<p>A transfer\u00eancia banc\u00e1ria ou dep\u00f3sito em conta \u00e9 o m\u00e9todo preferido por quem tem d\u00favidas sobre pagamentos online ou sobre o uso de cart\u00f5es de cr\u00e9dito na Internet. O pagamento por transfer\u00eancia banc\u00e1ria ou dep\u00f3sito em conta \u00e9 o m\u00e9todo mais seguro, embora esteja a ser gradualmente substitu\u00eddo por outras formas de pagamento mais r\u00e1pidas e eficientes.<\/p>\n<p>A transfer\u00eancia banc\u00e1ria ou dep\u00f3sito em conta pode causar um atraso na gest\u00e3o da tua compra, pois a encomenda s\u00f3 ser\u00e1 processada depois de confirmada a transfer\u00eancia.<\/p>\n<p>Os dados necess\u00e1rios para efetuar a transfer\u00eancia aparecer\u00e3o assim que a encomenda for confirmada.<\/p>\n<p>Sugerimos que indiques o n\u00famero da encomenda ou o nome do comprador na descri\u00e7\u00e3o da transa\u00e7\u00e3o banc\u00e1ria. Tamb\u00e9m tens a op\u00e7\u00e3o de enviar uma c\u00f3pia do comprovativo atrav\u00e9s do nosso formul\u00e1rio de contacto. As transfer\u00eancias banc\u00e1rias costumam demorar entre 1 a 2 dias \u00fateis.<\/p>\n<p class=\"wysiwyg-text-align-justify\"><strong>Pagamento Contra Reembolso<\/strong><\/p>\n<p>Com esta forma de pagamento, podes pagar o valor total da encomenda ao transportador no momento da entrega.<\/p>\n<p>A empresa de transporte n\u00e3o \u00e9 obrigada a levar troco, por isso recomendamos que tenhas o montante exato preparado.<\/p>\n<p>Para finalizar a compra, basta efetuar a encomenda no carrinho de compras e escolher o m\u00e9todo de pagamento. Assim que o pagamento for realizado, a encomenda ser\u00e1 automaticamente processada para envio. Quaisquer custos adicionais da transfer\u00eancia ser\u00e3o da responsabilidade do cliente.<\/p>\n<\/div><\/div><\/div><\/div><\/div><\/div><\/div><\/section><section class=\"l-section wpb_row height_custom\"><div class=\"l-section-h i-cf\"><div class=\"g-cols vc_row via_flex valign_top type_default stacking_default\"><div class=\"vc_col-sm-2 wpb_column vc_column_container\"><div class=\"vc_column-inner\"><div class=\"wpb_wrapper\"><div class=\"w-iconbox iconpos_left style_default color_primary align_left no_text no_title\"><div class=\"w-iconbox-icon\" style=\"font-size:4rem;\"><i class=\"far fa-user-lock\"><\/i><\/div><div class=\"w-iconbox-meta\"><\/div><\/div><\/div><\/div><\/div><div class=\"vc_col-sm-10 wpb_column vc_column_container\"><div class=\"vc_column-inner\"><div class=\"wpb_wrapper\"><div class=\"wpb_text_column\"><div class=\"wpb_wrapper\"><h4>Seguran\u00e7a no Pagamento<\/h4>\n<p>A 1948 BARBERSCIENCE garante a seguran\u00e7a das transa\u00e7\u00f5es e dos pagamentos com os nossos clientes e trabalhamos com os m\u00e9todos de pagamento mais seguros (VISA, PayPal, transfer\u00eancia banc\u00e1ria). N\u00e3o te preocupes com os teus dados pessoais, pois est\u00e3o protegidos e seguros atrav\u00e9s do certificado SSL.<\/p>\n<\/div><\/div><\/div><\/div><\/div><\/div><\/div><\/section>\n","protected":false},"excerpt":{"rendered":"Formas de pagamento aceites Visa\/Mastercard\/Paypal Podes pagar com cart\u00e3o de cr\u00e9dito (Visa, Mastercard, etc.). Tamb\u00e9m oferecemos a possibilidade de pagar atrav\u00e9s do PayPal, que permite um pagamento simples e seguro sem necessidade de criar uma conta no PayPal. O PayPal protege a tua informa\u00e7\u00e3o financeira com sistemas de preven\u00e7\u00e3o de fraudes e seguran\u00e7a l\u00edderes no...","protected":false},"author":3,"featured_media":0,"parent":0,"menu_order":0,"comment_status":"closed","ping_status":"closed","template":"","meta":{"_joinchat":[],"footnotes":""},"class_list":["post-5970","page","type-page","status-publish","hentry"],"yoast_head":"<!-- This site is optimized with the Yoast SEO plugin v27.2 - https:\/\/yoast.com\/product\/yoast-seo-wordpress\/ -->\n<title>M\u00e9todos de pagamento - 1948 BARBERSCIENCE<\/title>\n<meta name=\"robots\" content=\"index, follow, max-snippet:-1, max-image-preview:large, max-video-preview:-1\" \/>\n<link rel=\"canonical\" href=\"https:\/\/www.barberiayciencia.com\/pt-pt\/formas-de-pago\/\" \/>\n<meta property=\"og:locale\" content=\"pt_PT\" \/>\n<meta property=\"og:type\" content=\"article\" \/>\n<meta property=\"og:title\" content=\"M\u00e9todos de pagamento - 1948 BARBERSCIENCE\" \/>\n<meta property=\"og:url\" content=\"https:\/\/www.barberiayciencia.com\/pt-pt\/formas-de-pago\/\" \/>\n<meta property=\"og:site_name\" content=\"1948 BARBERSCIENCE\" \/>\n<meta property=\"article:publisher\" content=\"https:\/\/www.facebook.com\/1948barberscience\" \/>\n<meta property=\"article:modified_time\" content=\"2025-02-26T06:52:36+00:00\" \/>\n<meta name=\"twitter:card\" content=\"summary_large_image\" \/>\n<meta name=\"twitter:label1\" content=\"Tempo estimado de leitura\" \/>\n\t<meta name=\"twitter:data1\" content=\"2 minutos\" \/>\n<script type=\"application\/ld+json\" class=\"yoast-schema-graph\">{\"@context\":\"https:\/\/schema.org\",\"@graph\":[{\"@type\":\"WebPage\",\"@id\":\"https:\/\/www.barberiayciencia.com\/pt-pt\/formas-de-pago\/\",\"url\":\"https:\/\/www.barberiayciencia.com\/pt-pt\/formas-de-pago\/\",\"name\":\"M\u00e9todos de pagamento - 1948 BARBERSCIENCE\",\"isPartOf\":{\"@id\":\"https:\/\/www.barberiayciencia.com\/#website\"},\"datePublished\":\"2020-01-20T14:42:22+00:00\",\"dateModified\":\"2025-02-26T06:52:36+00:00\",\"breadcrumb\":{\"@id\":\"https:\/\/www.barberiayciencia.com\/pt-pt\/formas-de-pago\/#breadcrumb\"},\"inLanguage\":\"pt-PT\",\"potentialAction\":[{\"@type\":\"ReadAction\",\"target\":[\"https:\/\/www.barberiayciencia.com\/pt-pt\/formas-de-pago\/\"]}]},{\"@type\":\"BreadcrumbList\",\"@id\":\"https:\/\/www.barberiayciencia.com\/pt-pt\/formas-de-pago\/#breadcrumb\",\"itemListElement\":[{\"@type\":\"ListItem\",\"position\":1,\"name\":\"Portada\",\"item\":\"https:\/\/www.barberiayciencia.com\/pt-pt\/\"},{\"@type\":\"ListItem\",\"position\":2,\"name\":\"M\u00e9todos de pagamento\"}]},{\"@type\":\"WebSite\",\"@id\":\"https:\/\/www.barberiayciencia.com\/#website\",\"url\":\"https:\/\/www.barberiayciencia.com\/\",\"name\":\"1948 BARBERSCIENCE\",\"description\":\"Alta Cosm\u00e9tica Capilar para Barbershops\",\"publisher\":{\"@id\":\"https:\/\/www.barberiayciencia.com\/#organization\"},\"potentialAction\":[{\"@type\":\"SearchAction\",\"target\":{\"@type\":\"EntryPoint\",\"urlTemplate\":\"https:\/\/www.barberiayciencia.com\/?s={search_term_string}\"},\"query-input\":{\"@type\":\"PropertyValueSpecification\",\"valueRequired\":true,\"valueName\":\"search_term_string\"}}],\"inLanguage\":\"pt-PT\"},{\"@type\":\"Organization\",\"@id\":\"https:\/\/www.barberiayciencia.com\/#organization\",\"name\":\"1948 BARBERSCIENCE\",\"url\":\"https:\/\/www.barberiayciencia.com\/\",\"logo\":{\"@type\":\"ImageObject\",\"inLanguage\":\"pt-PT\",\"@id\":\"https:\/\/www.barberiayciencia.com\/#\/schema\/logo\/image\/\",\"url\":\"https:\/\/www.barberiayciencia.com\/wp-content\/uploads\/2023\/06\/logo-300x159bn.png\",\"contentUrl\":\"https:\/\/www.barberiayciencia.com\/wp-content\/uploads\/2023\/06\/logo-300x159bn.png\",\"width\":300,\"height\":159,\"caption\":\"1948 BARBERSCIENCE\"},\"image\":{\"@id\":\"https:\/\/www.barberiayciencia.com\/#\/schema\/logo\/image\/\"},\"sameAs\":[\"https:\/\/www.facebook.com\/1948barberscience\",\"https:\/\/www.instagram.com\/1948barberscience\/\"]}]}<\/script>\n<!-- \/ Yoast SEO plugin. -->","yoast_head_json":{"title":"M\u00e9todos de pagamento - 1948 BARBERSCIENCE","robots":{"index":"index","follow":"follow","max-snippet":"max-snippet:-1","max-image-preview":"max-image-preview:large","max-video-preview":"max-video-preview:-1"},"canonical":"https:\/\/www.barberiayciencia.com\/pt-pt\/formas-de-pago\/","og_locale":"pt_PT","og_type":"article","og_title":"M\u00e9todos de pagamento - 1948 BARBERSCIENCE","og_url":"https:\/\/www.barberiayciencia.com\/pt-pt\/formas-de-pago\/","og_site_name":"1948 BARBERSCIENCE","article_publisher":"https:\/\/www.facebook.com\/1948barberscience","article_modified_time":"2025-02-26T06:52:36+00:00","twitter_card":"summary_large_image","twitter_misc":{"Tempo estimado de leitura":"2 minutos"},"schema":{"@context":"https:\/\/schema.org","@graph":[{"@type":"WebPage","@id":"https:\/\/www.barberiayciencia.com\/pt-pt\/formas-de-pago\/","url":"https:\/\/www.barberiayciencia.com\/pt-pt\/formas-de-pago\/","name":"M\u00e9todos de pagamento - 1948 BARBERSCIENCE","isPartOf":{"@id":"https:\/\/www.barberiayciencia.com\/#website"},"datePublished":"2020-01-20T14:42:22+00:00","dateModified":"2025-02-26T06:52:36+00:00","breadcrumb":{"@id":"https:\/\/www.barberiayciencia.com\/pt-pt\/formas-de-pago\/#breadcrumb"},"inLanguage":"pt-PT","potentialAction":[{"@type":"ReadAction","target":["https:\/\/www.barberiayciencia.com\/pt-pt\/formas-de-pago\/"]}]},{"@type":"BreadcrumbList","@id":"https:\/\/www.barberiayciencia.com\/pt-pt\/formas-de-pago\/#breadcrumb","itemListElement":[{"@type":"ListItem","position":1,"name":"Portada","item":"https:\/\/www.barberiayciencia.com\/pt-pt\/"},{"@type":"ListItem","position":2,"name":"M\u00e9todos de pagamento"}]},{"@type":"WebSite","@id":"https:\/\/www.barberiayciencia.com\/#website","url":"https:\/\/www.barberiayciencia.com\/","name":"1948 BARBERSCIENCE","description":"Alta Cosm\u00e9tica Capilar para Barbershops","publisher":{"@id":"https:\/\/www.barberiayciencia.com\/#organization"},"potentialAction":[{"@type":"SearchAction","target":{"@type":"EntryPoint","urlTemplate":"https:\/\/www.barberiayciencia.com\/?s={search_term_string}"},"query-input":{"@type":"PropertyValueSpecification","valueRequired":true,"valueName":"search_term_string"}}],"inLanguage":"pt-PT"},{"@type":"Organization","@id":"https:\/\/www.barberiayciencia.com\/#organization","name":"1948 BARBERSCIENCE","url":"https:\/\/www.barberiayciencia.com\/","logo":{"@type":"ImageObject","inLanguage":"pt-PT","@id":"https:\/\/www.barberiayciencia.com\/#\/schema\/logo\/image\/","url":"https:\/\/www.barberiayciencia.com\/wp-content\/uploads\/2023\/06\/logo-300x159bn.png","contentUrl":"https:\/\/www.barberiayciencia.com\/wp-content\/uploads\/2023\/06\/logo-300x159bn.png","width":300,"height":159,"caption":"1948 BARBERSCIENCE"},"image":{"@id":"https:\/\/www.barberiayciencia.com\/#\/schema\/logo\/image\/"},"sameAs":["https:\/\/www.facebook.com\/1948barberscience","https:\/\/www.instagram.com\/1948barberscience\/"]}]}},"_links":{"self":[{"href":"https:\/\/www.barberiayciencia.com\/pt-pt\/wp-json\/wp\/v2\/pages\/5970","targetHints":{"allow":["GET"]}}],"collection":[{"href":"https:\/\/www.barberiayciencia.com\/pt-pt\/wp-json\/wp\/v2\/pages"}],"about":[{"href":"https:\/\/www.barberiayciencia.com\/pt-pt\/wp-json\/wp\/v2\/types\/page"}],"author":[{"embeddable":true,"href":"https:\/\/www.barberiayciencia.com\/pt-pt\/wp-json\/wp\/v2\/users\/3"}],"replies":[{"embeddable":true,"href":"https:\/\/www.barberiayciencia.com\/pt-pt\/wp-json\/wp\/v2\/comments?post=5970"}],"version-history":[{"count":1,"href":"https:\/\/www.barberiayciencia.com\/pt-pt\/wp-json\/wp\/v2\/pages\/5970\/revisions"}],"predecessor-version":[{"id":5972,"href":"https:\/\/www.barberiayciencia.com\/pt-pt\/wp-json\/wp\/v2\/pages\/5970\/revisions\/5972"}],"wp:attachment":[{"href":"https:\/\/www.barberiayciencia.com\/pt-pt\/wp-json\/wp\/v2\/media?parent=5970"}],"curies":[{"name":"wp","href":"https:\/\/api.w.org\/{rel}","templated":true}]}}