{"id":5966,"date":"2020-01-20T14:45:09","date_gmt":"2020-01-20T13:45:09","guid":{"rendered":"https:\/\/www.barberiayciencia.com\/devoluciones\/"},"modified":"2025-02-26T07:50:29","modified_gmt":"2025-02-26T06:50:29","slug":"devoluciones","status":"publish","type":"page","link":"https:\/\/www.barberiayciencia.com\/pt-pt\/devoluciones\/","title":{"rendered":"Devolu\u00e7\u00f5es"},"content":{"rendered":"<section class=\"l-section wpb_row height_custom\"><div class=\"l-section-h i-cf\"><div class=\"g-cols vc_row via_flex valign_top type_default stacking_default\"><div class=\"vc_col-sm-2 wpb_column vc_column_container\"><div class=\"vc_column-inner\"><div class=\"wpb_wrapper\"><div class=\"w-iconbox iconpos_left style_default color_primary align_left no_text no_title\"><div class=\"w-iconbox-icon\" style=\"font-size:4rem;\"><i class=\"far fa-handshake-alt\"><\/i><\/div><div class=\"w-iconbox-meta\"><\/div><\/div><\/div><\/div><\/div><div class=\"vc_col-sm-10 wpb_column vc_column_container\"><div class=\"vc_column-inner\"><div class=\"wpb_wrapper\"><div class=\"wpb_text_column\"><div class=\"wpb_wrapper\"><h4>Pol\u00edtica de Devolu\u00e7\u00f5es<\/h4>\n<p class=\"page-subheading\">Se a tua encomenda sofreu algum dano devido ao transporte ou tem algum defeito de fabrico, tens um prazo de 14 dias corridos para a devolver a partir do dia da entrega. No entanto, para que a reclama\u00e7\u00e3o seja v\u00e1lida, deves contactar-nos no prazo de 24 horas para nos informar sobre a ocorr\u00eancia.<\/p>\n<p class=\"page-subheading\">Os custos de envio da devolu\u00e7\u00e3o ser\u00e3o suportados pelo cliente, exceto se o motivo da devolu\u00e7\u00e3o for um erro por parte da Barber\u00eda y Ciencia 1948, caso em que a nossa transportadora recolher\u00e1 a mercadoria com portes pagos (o transportador verificar\u00e1 que a mercadoria devolvida est\u00e1 em perfeito estado, sem uso e na sua embalagem original). Em caso de devolu\u00e7\u00e3o, o produto devolvido ser\u00e1 substitu\u00eddo por um artigo com a mesma refer\u00eancia.<\/p>\n<\/div><\/div><\/div><\/div><\/div><\/div><\/div><\/section><section class=\"l-section wpb_row height_custom\"><div class=\"l-section-h i-cf\"><div class=\"g-cols vc_row via_flex valign_top type_default stacking_default\"><div class=\"vc_col-sm-2 wpb_column vc_column_container\"><div class=\"vc_column-inner\"><div class=\"wpb_wrapper\"><div class=\"w-iconbox iconpos_left style_default color_primary align_left no_text no_title\"><div class=\"w-iconbox-icon\" style=\"font-size:4rem;\"><i class=\"far fa-file-certificate\"><\/i><\/div><div class=\"w-iconbox-meta\"><\/div><\/div><\/div><\/div><\/div><div class=\"vc_col-sm-10 wpb_column vc_column_container\"><div class=\"vc_column-inner\"><div class=\"wpb_wrapper\"><div class=\"wpb_text_column\"><div class=\"wpb_wrapper\"><h4>Garantia<\/h4>\n<p>Os produtos est\u00e3o garantidos pelo fabricante, e essa garantia entra em vigor a partir do dia em que o cliente recebe o produto. Cada fabricante tem a sua pr\u00f3pria pol\u00edtica de garantia. Quando o produto ou material \u00e9 destinado a uso profissional, a garantia pode estender-se at\u00e9 24 meses. No entanto, a garantia depende de cada fabricante, e esta informa\u00e7\u00e3o est\u00e1 inclu\u00edda nos produtos.<\/p>\n<p>A garantia n\u00e3o cobre os custos de envio nem de rece\u00e7\u00e3o do material, tanto de ida como de volta. O cliente ser\u00e1 respons\u00e1vel pelo envio da mercadoria para os nossos armaz\u00e9ns, assim como dever\u00e1 pagar os custos de envio para o seu domic\u00edlio, mesmo que o produto esteja dentro da garantia.<\/p>\n<p>Se um produto ou material estiver defeituoso ou avariado e coberto pela garantia, deves comunicar-nos o mais rapidamente poss\u00edvel por e-mail para info@barberiayciencia.com, incluindo uma c\u00f3pia da fatura, nome, apelido e n\u00famero de telefone, bem como uma descri\u00e7\u00e3o da avaria. Posteriormente, www.barberiayciencia.com entrar\u00e1 em contacto para informar sobre os pr\u00f3ximos passos.<\/p>\n<p>A Barber\u00eda y Ciencia enviar\u00e1 o produto ao servi\u00e7o t\u00e9cnico oficial da marca correspondente, que determinar\u00e1 as causas e avarias dos aparelhos.<\/p>\n<\/div><\/div><\/div><\/div><\/div><\/div><\/div><\/section>\n","protected":false},"excerpt":{"rendered":"Pol\u00edtica de Devolu\u00e7\u00f5es Se a tua encomenda sofreu algum dano devido ao transporte ou tem algum defeito de fabrico, tens um prazo de 14 dias corridos para a devolver a partir do dia da entrega. No entanto, para que a reclama\u00e7\u00e3o seja v\u00e1lida, deves contactar-nos no prazo de 24 horas para nos informar sobre a...","protected":false},"author":3,"featured_media":0,"parent":0,"menu_order":0,"comment_status":"closed","ping_status":"closed","template":"","meta":{"_joinchat":[],"footnotes":""},"class_list":["post-5966","page","type-page","status-publish","hentry"],"yoast_head":"<!-- This site is optimized with the Yoast SEO plugin v27.2 - https:\/\/yoast.com\/product\/yoast-seo-wordpress\/ -->\n<title>Devolu\u00e7\u00f5es - 1948 BARBERSCIENCE<\/title>\n<meta name=\"robots\" content=\"index, follow, max-snippet:-1, max-image-preview:large, max-video-preview:-1\" \/>\n<link rel=\"canonical\" href=\"https:\/\/www.barberiayciencia.com\/pt-pt\/devoluciones\/\" \/>\n<meta property=\"og:locale\" content=\"pt_PT\" \/>\n<meta property=\"og:type\" content=\"article\" \/>\n<meta property=\"og:title\" content=\"Devolu\u00e7\u00f5es - 1948 BARBERSCIENCE\" \/>\n<meta property=\"og:url\" content=\"https:\/\/www.barberiayciencia.com\/pt-pt\/devoluciones\/\" \/>\n<meta property=\"og:site_name\" content=\"1948 BARBERSCIENCE\" \/>\n<meta property=\"article:publisher\" content=\"https:\/\/www.facebook.com\/1948barberscience\" \/>\n<meta property=\"article:modified_time\" content=\"2025-02-26T06:50:29+00:00\" \/>\n<meta name=\"twitter:card\" content=\"summary_large_image\" \/>\n<meta name=\"twitter:label1\" content=\"Tempo estimado de leitura\" \/>\n\t<meta name=\"twitter:data1\" content=\"2 minutos\" \/>\n<script type=\"application\/ld+json\" class=\"yoast-schema-graph\">{\"@context\":\"https:\/\/schema.org\",\"@graph\":[{\"@type\":\"WebPage\",\"@id\":\"https:\/\/www.barberiayciencia.com\/pt-pt\/devoluciones\/\",\"url\":\"https:\/\/www.barberiayciencia.com\/pt-pt\/devoluciones\/\",\"name\":\"Devolu\u00e7\u00f5es - 1948 BARBERSCIENCE\",\"isPartOf\":{\"@id\":\"https:\/\/www.barberiayciencia.com\/#website\"},\"datePublished\":\"2020-01-20T13:45:09+00:00\",\"dateModified\":\"2025-02-26T06:50:29+00:00\",\"breadcrumb\":{\"@id\":\"https:\/\/www.barberiayciencia.com\/pt-pt\/devoluciones\/#breadcrumb\"},\"inLanguage\":\"pt-PT\",\"potentialAction\":[{\"@type\":\"ReadAction\",\"target\":[\"https:\/\/www.barberiayciencia.com\/pt-pt\/devoluciones\/\"]}]},{\"@type\":\"BreadcrumbList\",\"@id\":\"https:\/\/www.barberiayciencia.com\/pt-pt\/devoluciones\/#breadcrumb\",\"itemListElement\":[{\"@type\":\"ListItem\",\"position\":1,\"name\":\"Portada\",\"item\":\"https:\/\/www.barberiayciencia.com\/pt-pt\/\"},{\"@type\":\"ListItem\",\"position\":2,\"name\":\"Devolu\u00e7\u00f5es\"}]},{\"@type\":\"WebSite\",\"@id\":\"https:\/\/www.barberiayciencia.com\/#website\",\"url\":\"https:\/\/www.barberiayciencia.com\/\",\"name\":\"1948 BARBERSCIENCE\",\"description\":\"Alta Cosm\u00e9tica Capilar para Barbershops\",\"publisher\":{\"@id\":\"https:\/\/www.barberiayciencia.com\/#organization\"},\"potentialAction\":[{\"@type\":\"SearchAction\",\"target\":{\"@type\":\"EntryPoint\",\"urlTemplate\":\"https:\/\/www.barberiayciencia.com\/?s={search_term_string}\"},\"query-input\":{\"@type\":\"PropertyValueSpecification\",\"valueRequired\":true,\"valueName\":\"search_term_string\"}}],\"inLanguage\":\"pt-PT\"},{\"@type\":\"Organization\",\"@id\":\"https:\/\/www.barberiayciencia.com\/#organization\",\"name\":\"1948 BARBERSCIENCE\",\"url\":\"https:\/\/www.barberiayciencia.com\/\",\"logo\":{\"@type\":\"ImageObject\",\"inLanguage\":\"pt-PT\",\"@id\":\"https:\/\/www.barberiayciencia.com\/#\/schema\/logo\/image\/\",\"url\":\"https:\/\/www.barberiayciencia.com\/wp-content\/uploads\/2023\/06\/logo-300x159bn.png\",\"contentUrl\":\"https:\/\/www.barberiayciencia.com\/wp-content\/uploads\/2023\/06\/logo-300x159bn.png\",\"width\":300,\"height\":159,\"caption\":\"1948 BARBERSCIENCE\"},\"image\":{\"@id\":\"https:\/\/www.barberiayciencia.com\/#\/schema\/logo\/image\/\"},\"sameAs\":[\"https:\/\/www.facebook.com\/1948barberscience\",\"https:\/\/www.instagram.com\/1948barberscience\/\"]}]}<\/script>\n<!-- \/ Yoast SEO plugin. -->","yoast_head_json":{"title":"Devolu\u00e7\u00f5es - 1948 BARBERSCIENCE","robots":{"index":"index","follow":"follow","max-snippet":"max-snippet:-1","max-image-preview":"max-image-preview:large","max-video-preview":"max-video-preview:-1"},"canonical":"https:\/\/www.barberiayciencia.com\/pt-pt\/devoluciones\/","og_locale":"pt_PT","og_type":"article","og_title":"Devolu\u00e7\u00f5es - 1948 BARBERSCIENCE","og_url":"https:\/\/www.barberiayciencia.com\/pt-pt\/devoluciones\/","og_site_name":"1948 BARBERSCIENCE","article_publisher":"https:\/\/www.facebook.com\/1948barberscience","article_modified_time":"2025-02-26T06:50:29+00:00","twitter_card":"summary_large_image","twitter_misc":{"Tempo estimado de leitura":"2 minutos"},"schema":{"@context":"https:\/\/schema.org","@graph":[{"@type":"WebPage","@id":"https:\/\/www.barberiayciencia.com\/pt-pt\/devoluciones\/","url":"https:\/\/www.barberiayciencia.com\/pt-pt\/devoluciones\/","name":"Devolu\u00e7\u00f5es - 1948 BARBERSCIENCE","isPartOf":{"@id":"https:\/\/www.barberiayciencia.com\/#website"},"datePublished":"2020-01-20T13:45:09+00:00","dateModified":"2025-02-26T06:50:29+00:00","breadcrumb":{"@id":"https:\/\/www.barberiayciencia.com\/pt-pt\/devoluciones\/#breadcrumb"},"inLanguage":"pt-PT","potentialAction":[{"@type":"ReadAction","target":["https:\/\/www.barberiayciencia.com\/pt-pt\/devoluciones\/"]}]},{"@type":"BreadcrumbList","@id":"https:\/\/www.barberiayciencia.com\/pt-pt\/devoluciones\/#breadcrumb","itemListElement":[{"@type":"ListItem","position":1,"name":"Portada","item":"https:\/\/www.barberiayciencia.com\/pt-pt\/"},{"@type":"ListItem","position":2,"name":"Devolu\u00e7\u00f5es"}]},{"@type":"WebSite","@id":"https:\/\/www.barberiayciencia.com\/#website","url":"https:\/\/www.barberiayciencia.com\/","name":"1948 BARBERSCIENCE","description":"Alta Cosm\u00e9tica Capilar para Barbershops","publisher":{"@id":"https:\/\/www.barberiayciencia.com\/#organization"},"potentialAction":[{"@type":"SearchAction","target":{"@type":"EntryPoint","urlTemplate":"https:\/\/www.barberiayciencia.com\/?s={search_term_string}"},"query-input":{"@type":"PropertyValueSpecification","valueRequired":true,"valueName":"search_term_string"}}],"inLanguage":"pt-PT"},{"@type":"Organization","@id":"https:\/\/www.barberiayciencia.com\/#organization","name":"1948 BARBERSCIENCE","url":"https:\/\/www.barberiayciencia.com\/","logo":{"@type":"ImageObject","inLanguage":"pt-PT","@id":"https:\/\/www.barberiayciencia.com\/#\/schema\/logo\/image\/","url":"https:\/\/www.barberiayciencia.com\/wp-content\/uploads\/2023\/06\/logo-300x159bn.png","contentUrl":"https:\/\/www.barberiayciencia.com\/wp-content\/uploads\/2023\/06\/logo-300x159bn.png","width":300,"height":159,"caption":"1948 BARBERSCIENCE"},"image":{"@id":"https:\/\/www.barberiayciencia.com\/#\/schema\/logo\/image\/"},"sameAs":["https:\/\/www.facebook.com\/1948barberscience","https:\/\/www.instagram.com\/1948barberscience\/"]}]}},"_links":{"self":[{"href":"https:\/\/www.barberiayciencia.com\/pt-pt\/wp-json\/wp\/v2\/pages\/5966","targetHints":{"allow":["GET"]}}],"collection":[{"href":"https:\/\/www.barberiayciencia.com\/pt-pt\/wp-json\/wp\/v2\/pages"}],"about":[{"href":"https:\/\/www.barberiayciencia.com\/pt-pt\/wp-json\/wp\/v2\/types\/page"}],"author":[{"embeddable":true,"href":"https:\/\/www.barberiayciencia.com\/pt-pt\/wp-json\/wp\/v2\/users\/3"}],"replies":[{"embeddable":true,"href":"https:\/\/www.barberiayciencia.com\/pt-pt\/wp-json\/wp\/v2\/comments?post=5966"}],"version-history":[{"count":1,"href":"https:\/\/www.barberiayciencia.com\/pt-pt\/wp-json\/wp\/v2\/pages\/5966\/revisions"}],"predecessor-version":[{"id":5968,"href":"https:\/\/www.barberiayciencia.com\/pt-pt\/wp-json\/wp\/v2\/pages\/5966\/revisions\/5968"}],"wp:attachment":[{"href":"https:\/\/www.barberiayciencia.com\/pt-pt\/wp-json\/wp\/v2\/media?parent=5966"}],"curies":[{"name":"wp","href":"https:\/\/api.w.org\/{rel}","templated":true}]}}