{"id":5963,"date":"2016-09-30T07:52:15","date_gmt":"2016-09-30T05:52:15","guid":{"rendered":"https:\/\/www.barberiayciencia.com\/contacto\/"},"modified":"2025-02-26T09:18:24","modified_gmt":"2025-02-26T08:18:24","slug":"contacto","status":"publish","type":"page","link":"https:\/\/www.barberiayciencia.com\/pt-pt\/contacto\/","title":{"rendered":"Contato"},"content":{"rendered":"<section class=\"l-section wpb_row height_custom\"><div class=\"l-section-h i-cf\"><div class=\"g-cols vc_row via_flex valign_top type_default stacking_default\"><div class=\"vc_col-sm-6 wpb_column vc_column_container\"><div class=\"vc_column-inner\"><div class=\"wpb_wrapper\"><div class=\"wpb_text_column\"><div class=\"wpb_wrapper\"><h3>Telefones<\/h3>\n<p><strong><a href=\"tel:+34670731200\" target=\"_blank\" rel=\"noopener\">670 731 200<\/a> <\/strong>\u2014 Atendimento ao Cliente<br \/>\n<a href=\"https:\/\/api.whatsapp.com\/send?phone=34651466445\" target=\"_blank\" rel=\"noopener\"><strong>651 466 445 <\/strong><\/a>\u2014 Consultas T\u00e9cnicas<strong><br \/>\n<\/strong><\/p>\n<\/div><\/div><\/div><\/div><\/div><div class=\"vc_col-sm-6 wpb_column vc_column_container\"><div class=\"vc_column-inner\"><div class=\"wpb_wrapper\"><div class=\"wpb_text_column\"><div class=\"wpb_wrapper\"><h3>E-Mails<\/h3>\n<p>Para qualquer quest\u00e3o sobre um produto ou encomenda realizada, pode enviar um e-mail para <a class=\"dropdown\" href=\"mailto:info@barberiayciencia.com\" target=\"_blank\" rel=\"noopener\">info@barberiayciencia.com<\/a><\/p>\n<h3>Redes Sociais<\/h3>\n<p>Aceda a todas as nossas redes sociais dispon\u00edveis:<br \/>\n<a href=\"https:\/\/www.facebook.com\/1948barberscience\" target=\"_blank\" rel=\"noopener\">FACEBOOK<\/a> | <a href=\"https:\/\/www.instagram.com\/1948barberscience\/\" target=\"_blank\" rel=\"noopener\">INSTAGRAM<\/a> | <a href=\"https:\/\/www.youtube.com\/channel\/UCS2RFsnbXsgcpkGxKGKnCWw\" target=\"_blank\" rel=\"noopener\">YOUTUBE<\/a><\/p>\n<\/div><\/div><\/div><\/div><\/div><\/div><\/div><\/section><section class=\"l-section wpb_row height_custom\"><div class=\"l-section-h i-cf\"><div class=\"g-cols vc_row via_flex valign_top type_default stacking_default\"><div class=\"vc_col-sm-6 wpb_column vc_column_container\"><div class=\"vc_column-inner\"><div class=\"wpb_wrapper\"><div class=\"wpb_text_column\"><div class=\"wpb_wrapper\"><h3>Formul\u00e1rio<\/h3>\n<\/div><\/div><div class=\"w-separator size_small\"><\/div>[vc_raw_html]JTVCZmMlMjBpZCUzRCUyNzclMjclNUQlNUIlMkZmYyU1RA==[\/vc_raw_html]<\/div><\/div><\/div><div class=\"vc_col-sm-6 wpb_column vc_column_container\"><div class=\"vc_column-inner\"><div class=\"wpb_wrapper\"><div class=\"w-image align_center\"><div class=\"w-image-h\"><img decoding=\"async\" width=\"1104\" height=\"1253\" src=\"https:\/\/www.barberiayciencia.com\/wp-content\/uploads\/2022\/04\/soporte.jpg\" class=\"attachment-full size-full\" alt=\"\" loading=\"lazy\" srcset=\"https:\/\/www.barberiayciencia.com\/wp-content\/uploads\/2022\/04\/soporte.jpg 1104w, https:\/\/www.barberiayciencia.com\/wp-content\/uploads\/2022\/04\/soporte-264x300.jpg 264w, https:\/\/www.barberiayciencia.com\/wp-content\/uploads\/2022\/04\/soporte-902x1024.jpg 902w, https:\/\/www.barberiayciencia.com\/wp-content\/uploads\/2022\/04\/soporte-600x681.jpg 600w\" sizes=\"auto, (max-width: 1104px) 100vw, 1104px\" \/><\/div><\/div><\/div><\/div><\/div><\/div><\/div><\/section>\n","protected":false},"excerpt":{"rendered":"Telefones 670 731 200 \u2014 Atendimento ao Cliente 651 466 445 \u2014 Consultas T\u00e9cnicas E-Mails Para qualquer quest\u00e3o sobre um produto ou encomenda realizada, pode enviar um e-mail para info@barberiayciencia.com Redes Sociais Aceda a todas as nossas redes sociais dispon\u00edveis: FACEBOOK | INSTAGRAM | YOUTUBE Formul\u00e1rio [vc_raw_html]JTVCZmMlMjBpZCUzRCUyNzclMjclNUQlNUIlMkZmYyU1RA==[\/vc_raw_html]","protected":false},"author":3,"featured_media":5947,"parent":0,"menu_order":0,"comment_status":"closed","ping_status":"closed","template":"","meta":{"_joinchat":[],"footnotes":""},"class_list":["post-5963","page","type-page","status-publish","has-post-thumbnail","hentry"],"yoast_head":"<!-- This site is optimized with the Yoast SEO plugin v27.2 - https:\/\/yoast.com\/product\/yoast-seo-wordpress\/ -->\n<title>Contato - 1948 BARBERSCIENCE<\/title>\n<meta name=\"description\" content=\"Mayorista para peluquer\u00edas. Si est\u00e1 buscando un distribuidor mayorista de productos para peluquer\u00edas y barber\u00edas, LO ACABAS DE ENCONTRAR.\" \/>\n<meta name=\"robots\" content=\"index, follow, max-snippet:-1, max-image-preview:large, max-video-preview:-1\" \/>\n<link rel=\"canonical\" href=\"https:\/\/www.barberiayciencia.com\/pt-pt\/contacto\/\" \/>\n<meta property=\"og:locale\" content=\"pt_PT\" \/>\n<meta property=\"og:type\" content=\"article\" \/>\n<meta property=\"og:title\" content=\"Contato - 1948 BARBERSCIENCE\" \/>\n<meta property=\"og:description\" content=\"Mayorista para peluquer\u00edas. Si est\u00e1 buscando un distribuidor mayorista de productos para peluquer\u00edas y barber\u00edas, LO ACABAS DE ENCONTRAR.\" \/>\n<meta property=\"og:url\" content=\"https:\/\/www.barberiayciencia.com\/pt-pt\/contacto\/\" \/>\n<meta property=\"og:site_name\" content=\"1948 BARBERSCIENCE\" \/>\n<meta property=\"article:publisher\" content=\"https:\/\/www.facebook.com\/1948barberscience\" \/>\n<meta property=\"article:modified_time\" content=\"2025-02-26T08:18:24+00:00\" \/>\n<meta property=\"og:image\" content=\"https:\/\/www.barberiayciencia.com\/wp-content\/uploads\/2022\/10\/peluqueria.jpg\" \/>\n\t<meta property=\"og:image:width\" content=\"1080\" \/>\n\t<meta property=\"og:image:height\" content=\"1080\" \/>\n\t<meta property=\"og:image:type\" content=\"image\/jpeg\" \/>\n<meta name=\"twitter:card\" content=\"summary_large_image\" \/>\n<meta name=\"twitter:label1\" content=\"Tempo estimado de leitura\" \/>\n\t<meta name=\"twitter:data1\" content=\"1 minuto\" \/>\n<script type=\"application\/ld+json\" class=\"yoast-schema-graph\">{\"@context\":\"https:\/\/schema.org\",\"@graph\":[{\"@type\":\"WebPage\",\"@id\":\"https:\/\/www.barberiayciencia.com\/pt-pt\/contacto\/\",\"url\":\"https:\/\/www.barberiayciencia.com\/pt-pt\/contacto\/\",\"name\":\"Contato - 1948 BARBERSCIENCE\",\"isPartOf\":{\"@id\":\"https:\/\/www.barberiayciencia.com\/#website\"},\"primaryImageOfPage\":{\"@id\":\"https:\/\/www.barberiayciencia.com\/pt-pt\/contacto\/#primaryimage\"},\"image\":{\"@id\":\"https:\/\/www.barberiayciencia.com\/pt-pt\/contacto\/#primaryimage\"},\"thumbnailUrl\":\"https:\/\/www.barberiayciencia.com\/wp-content\/uploads\/2022\/10\/peluqueria.jpg\",\"datePublished\":\"2016-09-30T05:52:15+00:00\",\"dateModified\":\"2025-02-26T08:18:24+00:00\",\"description\":\"Mayorista para peluquer\u00edas. Si est\u00e1 buscando un distribuidor mayorista de productos para peluquer\u00edas y barber\u00edas, LO ACABAS DE ENCONTRAR.\",\"breadcrumb\":{\"@id\":\"https:\/\/www.barberiayciencia.com\/pt-pt\/contacto\/#breadcrumb\"},\"inLanguage\":\"pt-PT\",\"potentialAction\":[{\"@type\":\"ReadAction\",\"target\":[\"https:\/\/www.barberiayciencia.com\/pt-pt\/contacto\/\"]}]},{\"@type\":\"ImageObject\",\"inLanguage\":\"pt-PT\",\"@id\":\"https:\/\/www.barberiayciencia.com\/pt-pt\/contacto\/#primaryimage\",\"url\":\"https:\/\/www.barberiayciencia.com\/wp-content\/uploads\/2022\/10\/peluqueria.jpg\",\"contentUrl\":\"https:\/\/www.barberiayciencia.com\/wp-content\/uploads\/2022\/10\/peluqueria.jpg\",\"width\":1080,\"height\":1080},{\"@type\":\"BreadcrumbList\",\"@id\":\"https:\/\/www.barberiayciencia.com\/pt-pt\/contacto\/#breadcrumb\",\"itemListElement\":[{\"@type\":\"ListItem\",\"position\":1,\"name\":\"Portada\",\"item\":\"https:\/\/www.barberiayciencia.com\/pt-pt\/\"},{\"@type\":\"ListItem\",\"position\":2,\"name\":\"Contato\"}]},{\"@type\":\"WebSite\",\"@id\":\"https:\/\/www.barberiayciencia.com\/#website\",\"url\":\"https:\/\/www.barberiayciencia.com\/\",\"name\":\"1948 BARBERSCIENCE\",\"description\":\"Alta Cosm\u00e9tica Capilar para Barbershops\",\"publisher\":{\"@id\":\"https:\/\/www.barberiayciencia.com\/#organization\"},\"potentialAction\":[{\"@type\":\"SearchAction\",\"target\":{\"@type\":\"EntryPoint\",\"urlTemplate\":\"https:\/\/www.barberiayciencia.com\/?s={search_term_string}\"},\"query-input\":{\"@type\":\"PropertyValueSpecification\",\"valueRequired\":true,\"valueName\":\"search_term_string\"}}],\"inLanguage\":\"pt-PT\"},{\"@type\":\"Organization\",\"@id\":\"https:\/\/www.barberiayciencia.com\/#organization\",\"name\":\"1948 BARBERSCIENCE\",\"url\":\"https:\/\/www.barberiayciencia.com\/\",\"logo\":{\"@type\":\"ImageObject\",\"inLanguage\":\"pt-PT\",\"@id\":\"https:\/\/www.barberiayciencia.com\/#\/schema\/logo\/image\/\",\"url\":\"https:\/\/www.barberiayciencia.com\/wp-content\/uploads\/2023\/06\/logo-300x159bn.png\",\"contentUrl\":\"https:\/\/www.barberiayciencia.com\/wp-content\/uploads\/2023\/06\/logo-300x159bn.png\",\"width\":300,\"height\":159,\"caption\":\"1948 BARBERSCIENCE\"},\"image\":{\"@id\":\"https:\/\/www.barberiayciencia.com\/#\/schema\/logo\/image\/\"},\"sameAs\":[\"https:\/\/www.facebook.com\/1948barberscience\",\"https:\/\/www.instagram.com\/1948barberscience\/\"]}]}<\/script>\n<!-- \/ Yoast SEO plugin. -->","yoast_head_json":{"title":"Contato - 1948 BARBERSCIENCE","description":"Mayorista para peluquer\u00edas. Si est\u00e1 buscando un distribuidor mayorista de productos para peluquer\u00edas y barber\u00edas, LO ACABAS DE ENCONTRAR.","robots":{"index":"index","follow":"follow","max-snippet":"max-snippet:-1","max-image-preview":"max-image-preview:large","max-video-preview":"max-video-preview:-1"},"canonical":"https:\/\/www.barberiayciencia.com\/pt-pt\/contacto\/","og_locale":"pt_PT","og_type":"article","og_title":"Contato - 1948 BARBERSCIENCE","og_description":"Mayorista para peluquer\u00edas. Si est\u00e1 buscando un distribuidor mayorista de productos para peluquer\u00edas y barber\u00edas, LO ACABAS DE ENCONTRAR.","og_url":"https:\/\/www.barberiayciencia.com\/pt-pt\/contacto\/","og_site_name":"1948 BARBERSCIENCE","article_publisher":"https:\/\/www.facebook.com\/1948barberscience","article_modified_time":"2025-02-26T08:18:24+00:00","og_image":[{"width":1080,"height":1080,"url":"https:\/\/www.barberiayciencia.com\/wp-content\/uploads\/2022\/10\/peluqueria.jpg","type":"image\/jpeg"}],"twitter_card":"summary_large_image","twitter_misc":{"Tempo estimado de leitura":"1 minuto"},"schema":{"@context":"https:\/\/schema.org","@graph":[{"@type":"WebPage","@id":"https:\/\/www.barberiayciencia.com\/pt-pt\/contacto\/","url":"https:\/\/www.barberiayciencia.com\/pt-pt\/contacto\/","name":"Contato - 1948 BARBERSCIENCE","isPartOf":{"@id":"https:\/\/www.barberiayciencia.com\/#website"},"primaryImageOfPage":{"@id":"https:\/\/www.barberiayciencia.com\/pt-pt\/contacto\/#primaryimage"},"image":{"@id":"https:\/\/www.barberiayciencia.com\/pt-pt\/contacto\/#primaryimage"},"thumbnailUrl":"https:\/\/www.barberiayciencia.com\/wp-content\/uploads\/2022\/10\/peluqueria.jpg","datePublished":"2016-09-30T05:52:15+00:00","dateModified":"2025-02-26T08:18:24+00:00","description":"Mayorista para peluquer\u00edas. Si est\u00e1 buscando un distribuidor mayorista de productos para peluquer\u00edas y barber\u00edas, LO ACABAS DE ENCONTRAR.","breadcrumb":{"@id":"https:\/\/www.barberiayciencia.com\/pt-pt\/contacto\/#breadcrumb"},"inLanguage":"pt-PT","potentialAction":[{"@type":"ReadAction","target":["https:\/\/www.barberiayciencia.com\/pt-pt\/contacto\/"]}]},{"@type":"ImageObject","inLanguage":"pt-PT","@id":"https:\/\/www.barberiayciencia.com\/pt-pt\/contacto\/#primaryimage","url":"https:\/\/www.barberiayciencia.com\/wp-content\/uploads\/2022\/10\/peluqueria.jpg","contentUrl":"https:\/\/www.barberiayciencia.com\/wp-content\/uploads\/2022\/10\/peluqueria.jpg","width":1080,"height":1080},{"@type":"BreadcrumbList","@id":"https:\/\/www.barberiayciencia.com\/pt-pt\/contacto\/#breadcrumb","itemListElement":[{"@type":"ListItem","position":1,"name":"Portada","item":"https:\/\/www.barberiayciencia.com\/pt-pt\/"},{"@type":"ListItem","position":2,"name":"Contato"}]},{"@type":"WebSite","@id":"https:\/\/www.barberiayciencia.com\/#website","url":"https:\/\/www.barberiayciencia.com\/","name":"1948 BARBERSCIENCE","description":"Alta Cosm\u00e9tica Capilar para Barbershops","publisher":{"@id":"https:\/\/www.barberiayciencia.com\/#organization"},"potentialAction":[{"@type":"SearchAction","target":{"@type":"EntryPoint","urlTemplate":"https:\/\/www.barberiayciencia.com\/?s={search_term_string}"},"query-input":{"@type":"PropertyValueSpecification","valueRequired":true,"valueName":"search_term_string"}}],"inLanguage":"pt-PT"},{"@type":"Organization","@id":"https:\/\/www.barberiayciencia.com\/#organization","name":"1948 BARBERSCIENCE","url":"https:\/\/www.barberiayciencia.com\/","logo":{"@type":"ImageObject","inLanguage":"pt-PT","@id":"https:\/\/www.barberiayciencia.com\/#\/schema\/logo\/image\/","url":"https:\/\/www.barberiayciencia.com\/wp-content\/uploads\/2023\/06\/logo-300x159bn.png","contentUrl":"https:\/\/www.barberiayciencia.com\/wp-content\/uploads\/2023\/06\/logo-300x159bn.png","width":300,"height":159,"caption":"1948 BARBERSCIENCE"},"image":{"@id":"https:\/\/www.barberiayciencia.com\/#\/schema\/logo\/image\/"},"sameAs":["https:\/\/www.facebook.com\/1948barberscience","https:\/\/www.instagram.com\/1948barberscience\/"]}]}},"_links":{"self":[{"href":"https:\/\/www.barberiayciencia.com\/pt-pt\/wp-json\/wp\/v2\/pages\/5963","targetHints":{"allow":["GET"]}}],"collection":[{"href":"https:\/\/www.barberiayciencia.com\/pt-pt\/wp-json\/wp\/v2\/pages"}],"about":[{"href":"https:\/\/www.barberiayciencia.com\/pt-pt\/wp-json\/wp\/v2\/types\/page"}],"author":[{"embeddable":true,"href":"https:\/\/www.barberiayciencia.com\/pt-pt\/wp-json\/wp\/v2\/users\/3"}],"replies":[{"embeddable":true,"href":"https:\/\/www.barberiayciencia.com\/pt-pt\/wp-json\/wp\/v2\/comments?post=5963"}],"version-history":[{"count":3,"href":"https:\/\/www.barberiayciencia.com\/pt-pt\/wp-json\/wp\/v2\/pages\/5963\/revisions"}],"predecessor-version":[{"id":6075,"href":"https:\/\/www.barberiayciencia.com\/pt-pt\/wp-json\/wp\/v2\/pages\/5963\/revisions\/6075"}],"wp:featuredmedia":[{"embeddable":true,"href":"https:\/\/www.barberiayciencia.com\/pt-pt\/wp-json\/wp\/v2\/media\/5947"}],"wp:attachment":[{"href":"https:\/\/www.barberiayciencia.com\/pt-pt\/wp-json\/wp\/v2\/media?parent=5963"}],"curies":[{"name":"wp","href":"https:\/\/api.w.org\/{rel}","templated":true}]}}