{"id":5960,"date":"2019-09-04T10:49:46","date_gmt":"2019-09-04T08:49:46","guid":{"rendered":"https:\/\/www.barberiayciencia.com\/condiciones-generales-de-venta\/"},"modified":"2025-02-26T07:47:24","modified_gmt":"2025-02-26T06:47:24","slug":"condiciones-generales-de-venta","status":"publish","type":"page","link":"https:\/\/www.barberiayciencia.com\/pt-pt\/condiciones-generales-de-venta\/","title":{"rendered":"Condi\u00e7\u00f5es Gerais de Venda"},"content":{"rendered":"<section class=\"l-section wpb_row height_custom\"><div class=\"l-section-h i-cf\"><div class=\"g-cols vc_row via_flex valign_top type_default stacking_default\"><div class=\"vc_col-sm-2 wpb_column vc_column_container\"><div class=\"vc_column-inner\"><div class=\"wpb_wrapper\"><div class=\"w-iconbox iconpos_left style_default color_primary align_left no_text no_title\"><div class=\"w-iconbox-icon\" style=\"font-size:4rem;\"><i class=\"far fa-shipping-fast\"><\/i><\/div><div class=\"w-iconbox-meta\"><\/div><\/div><\/div><\/div><\/div><div class=\"vc_col-sm-10 wpb_column vc_column_container\"><div class=\"vc_column-inner\"><div class=\"wpb_wrapper\"><div class=\"wpb_text_column\"><div class=\"wpb_wrapper\"><h4>Condi\u00e7\u00f5es gerais de venda e envios.<\/h4>\n<p style=\"text-align: justify;\">O cliente compromete-se a ler e rever as condi\u00e7\u00f5es de compra atrav\u00e9s do site www.barberiayciencia.com. Assim que o processo de compra estiver conclu\u00eddo, entende-se que o cliente aceita e concorda com todas elas.<\/p>\n<p>Como regra geral, os pacotes s\u00e3o enviados dentro de 48 horas ap\u00f3s a rece\u00e7\u00e3o do pagamento, atrav\u00e9s de Ag\u00eancias de Transporte expresso, com n\u00famero de rastreamento.\u00a0Independentemente do m\u00e9todo de envio que escolheres, forneceremos um link para que possas acompanhar o teu pedido online.<\/p>\n<p>Os custos de envio incluem despesas de manuseamento e embalagem, bem como os custos postais. As despesas de manuseamento t\u00eam um pre\u00e7o fixo, enquanto os custos de transporte podem variar consoante o peso total do pacote. Aconselhamos que agrupes todos os teus artigos numa \u00fanica encomenda. N\u00e3o podemos combinar duas encomendas diferentes, e os custos de envio ser\u00e3o aplicados individualmente a cada uma. N\u00e3o nos responsabilizamos por eventuais danos que o teu pacote possa sofrer ap\u00f3s o envio, mas fazemos tudo o poss\u00edvel para proteger todos os artigos fr\u00e1geis.<\/p>\n<h4 class=\"page-subheading\">Entrega<\/h4>\n<p class=\"page-subheading\">Barbearia e Ci\u00eancia 1948\u00a0faz todos os esfor\u00e7os para garantir que a informa\u00e7\u00e3o apresentada neste site \u00e9 correta e est\u00e1 atualizada. Barbearia e Ci\u00eancia 1948 n\u00e3o se responsabiliza por erros ou omiss\u00f5es que possam existir na p\u00e1gina. Salvo acordo particular, os produtos do site ser\u00e3o entregues dentro dos prazos acordados a partir do dia do pagamento ou da aceita\u00e7\u00e3o da encomenda por parte da Barbearia e Ci\u00eancia 1948. No caso de pagamento diferido, os prazos de entrega depender\u00e3o da disponibilidade de cada produto; no entanto, o nosso compromisso \u00e9 que a entrega ocorra no menor prazo poss\u00edvel, nunca superior a 30 dias a contar do dia seguinte \u00e0 confirma\u00e7\u00e3o da encomenda. O cliente ser\u00e1 informado prontamente caso ocorra um atraso na entrega da encomenda adquirida.<\/p>\n<h4 class=\"page-subheading\">Custos de Envio<\/h4>\n<p class=\"page-subheading\">As encomendas da Barbearia e Ci\u00eancia 1948 s\u00e3o enviadas atrav\u00e9s de servi\u00e7o de correio expresso, e o custo do envio variar\u00e1 consoante o peso da encomenda.<\/p>\n<p class=\"page-subheading\">No entanto, informamos que:\u00a0 <strong>As encomendas superiores a 100\u20ac+IVA s\u00e3o enviadas com PORTES PAGOS, ficando isentas de custos de envio.<\/strong><\/p>\n<h3 class=\"page-subheading\"><\/h3>\n<p class=\"page-subheading\"><strong>IMPORTANTE:<\/strong><\/p>\n<p class=\"page-subheading\">N\u00c3O REALIZAMOS ENVIOS PARA AS ILHAS CAN\u00c1RIAS, CEUTA, MELILLA OU OUTROS PA\u00cdSES.<\/p>\n<\/div><\/div><\/div><\/div><\/div><\/div><\/div><\/section>\n","protected":false},"excerpt":{"rendered":"Condi\u00e7\u00f5es gerais de venda e envios. O cliente compromete-se a ler e rever as condi\u00e7\u00f5es de compra atrav\u00e9s do site www.barberiayciencia.com. Assim que o processo de compra estiver conclu\u00eddo, entende-se que o cliente aceita e concorda com todas elas. Como regra geral, os pacotes s\u00e3o enviados dentro de 48 horas ap\u00f3s a rece\u00e7\u00e3o do pagamento,...","protected":false},"author":3,"featured_media":0,"parent":0,"menu_order":0,"comment_status":"closed","ping_status":"closed","template":"","meta":{"_joinchat":[],"footnotes":""},"class_list":["post-5960","page","type-page","status-publish","hentry"],"yoast_head":"<!-- This site is optimized with the Yoast SEO plugin v27.2 - https:\/\/yoast.com\/product\/yoast-seo-wordpress\/ -->\n<title>Condi\u00e7\u00f5es Gerais de Venda - 1948 BARBERSCIENCE<\/title>\n<meta name=\"robots\" content=\"index, follow, max-snippet:-1, max-image-preview:large, max-video-preview:-1\" \/>\n<link rel=\"canonical\" href=\"https:\/\/www.barberiayciencia.com\/pt-pt\/condiciones-generales-de-venta\/\" \/>\n<meta property=\"og:locale\" content=\"pt_PT\" \/>\n<meta property=\"og:type\" content=\"article\" \/>\n<meta property=\"og:title\" content=\"Condi\u00e7\u00f5es Gerais de Venda - 1948 BARBERSCIENCE\" \/>\n<meta property=\"og:url\" content=\"https:\/\/www.barberiayciencia.com\/pt-pt\/condiciones-generales-de-venta\/\" \/>\n<meta property=\"og:site_name\" content=\"1948 BARBERSCIENCE\" \/>\n<meta property=\"article:publisher\" content=\"https:\/\/www.facebook.com\/1948barberscience\" \/>\n<meta property=\"article:modified_time\" content=\"2025-02-26T06:47:24+00:00\" \/>\n<meta name=\"twitter:card\" content=\"summary_large_image\" \/>\n<meta name=\"twitter:label1\" content=\"Tempo estimado de leitura\" \/>\n\t<meta name=\"twitter:data1\" content=\"2 minutos\" \/>\n<script type=\"application\/ld+json\" class=\"yoast-schema-graph\">{\"@context\":\"https:\/\/schema.org\",\"@graph\":[{\"@type\":\"WebPage\",\"@id\":\"https:\/\/www.barberiayciencia.com\/pt-pt\/condiciones-generales-de-venta\/\",\"url\":\"https:\/\/www.barberiayciencia.com\/pt-pt\/condiciones-generales-de-venta\/\",\"name\":\"Condi\u00e7\u00f5es Gerais de Venda - 1948 BARBERSCIENCE\",\"isPartOf\":{\"@id\":\"https:\/\/www.barberiayciencia.com\/#website\"},\"datePublished\":\"2019-09-04T08:49:46+00:00\",\"dateModified\":\"2025-02-26T06:47:24+00:00\",\"breadcrumb\":{\"@id\":\"https:\/\/www.barberiayciencia.com\/pt-pt\/condiciones-generales-de-venta\/#breadcrumb\"},\"inLanguage\":\"pt-PT\",\"potentialAction\":[{\"@type\":\"ReadAction\",\"target\":[\"https:\/\/www.barberiayciencia.com\/pt-pt\/condiciones-generales-de-venta\/\"]}]},{\"@type\":\"BreadcrumbList\",\"@id\":\"https:\/\/www.barberiayciencia.com\/pt-pt\/condiciones-generales-de-venta\/#breadcrumb\",\"itemListElement\":[{\"@type\":\"ListItem\",\"position\":1,\"name\":\"Portada\",\"item\":\"https:\/\/www.barberiayciencia.com\/pt-pt\/\"},{\"@type\":\"ListItem\",\"position\":2,\"name\":\"Condi\u00e7\u00f5es Gerais de Venda\"}]},{\"@type\":\"WebSite\",\"@id\":\"https:\/\/www.barberiayciencia.com\/#website\",\"url\":\"https:\/\/www.barberiayciencia.com\/\",\"name\":\"1948 BARBERSCIENCE\",\"description\":\"Alta Cosm\u00e9tica Capilar para Barbershops\",\"publisher\":{\"@id\":\"https:\/\/www.barberiayciencia.com\/#organization\"},\"potentialAction\":[{\"@type\":\"SearchAction\",\"target\":{\"@type\":\"EntryPoint\",\"urlTemplate\":\"https:\/\/www.barberiayciencia.com\/?s={search_term_string}\"},\"query-input\":{\"@type\":\"PropertyValueSpecification\",\"valueRequired\":true,\"valueName\":\"search_term_string\"}}],\"inLanguage\":\"pt-PT\"},{\"@type\":\"Organization\",\"@id\":\"https:\/\/www.barberiayciencia.com\/#organization\",\"name\":\"1948 BARBERSCIENCE\",\"url\":\"https:\/\/www.barberiayciencia.com\/\",\"logo\":{\"@type\":\"ImageObject\",\"inLanguage\":\"pt-PT\",\"@id\":\"https:\/\/www.barberiayciencia.com\/#\/schema\/logo\/image\/\",\"url\":\"https:\/\/www.barberiayciencia.com\/wp-content\/uploads\/2023\/06\/logo-300x159bn.png\",\"contentUrl\":\"https:\/\/www.barberiayciencia.com\/wp-content\/uploads\/2023\/06\/logo-300x159bn.png\",\"width\":300,\"height\":159,\"caption\":\"1948 BARBERSCIENCE\"},\"image\":{\"@id\":\"https:\/\/www.barberiayciencia.com\/#\/schema\/logo\/image\/\"},\"sameAs\":[\"https:\/\/www.facebook.com\/1948barberscience\",\"https:\/\/www.instagram.com\/1948barberscience\/\"]}]}<\/script>\n<!-- \/ Yoast SEO plugin. -->","yoast_head_json":{"title":"Condi\u00e7\u00f5es Gerais de Venda - 1948 BARBERSCIENCE","robots":{"index":"index","follow":"follow","max-snippet":"max-snippet:-1","max-image-preview":"max-image-preview:large","max-video-preview":"max-video-preview:-1"},"canonical":"https:\/\/www.barberiayciencia.com\/pt-pt\/condiciones-generales-de-venta\/","og_locale":"pt_PT","og_type":"article","og_title":"Condi\u00e7\u00f5es Gerais de Venda - 1948 BARBERSCIENCE","og_url":"https:\/\/www.barberiayciencia.com\/pt-pt\/condiciones-generales-de-venta\/","og_site_name":"1948 BARBERSCIENCE","article_publisher":"https:\/\/www.facebook.com\/1948barberscience","article_modified_time":"2025-02-26T06:47:24+00:00","twitter_card":"summary_large_image","twitter_misc":{"Tempo estimado de leitura":"2 minutos"},"schema":{"@context":"https:\/\/schema.org","@graph":[{"@type":"WebPage","@id":"https:\/\/www.barberiayciencia.com\/pt-pt\/condiciones-generales-de-venta\/","url":"https:\/\/www.barberiayciencia.com\/pt-pt\/condiciones-generales-de-venta\/","name":"Condi\u00e7\u00f5es Gerais de Venda - 1948 BARBERSCIENCE","isPartOf":{"@id":"https:\/\/www.barberiayciencia.com\/#website"},"datePublished":"2019-09-04T08:49:46+00:00","dateModified":"2025-02-26T06:47:24+00:00","breadcrumb":{"@id":"https:\/\/www.barberiayciencia.com\/pt-pt\/condiciones-generales-de-venta\/#breadcrumb"},"inLanguage":"pt-PT","potentialAction":[{"@type":"ReadAction","target":["https:\/\/www.barberiayciencia.com\/pt-pt\/condiciones-generales-de-venta\/"]}]},{"@type":"BreadcrumbList","@id":"https:\/\/www.barberiayciencia.com\/pt-pt\/condiciones-generales-de-venta\/#breadcrumb","itemListElement":[{"@type":"ListItem","position":1,"name":"Portada","item":"https:\/\/www.barberiayciencia.com\/pt-pt\/"},{"@type":"ListItem","position":2,"name":"Condi\u00e7\u00f5es Gerais de Venda"}]},{"@type":"WebSite","@id":"https:\/\/www.barberiayciencia.com\/#website","url":"https:\/\/www.barberiayciencia.com\/","name":"1948 BARBERSCIENCE","description":"Alta Cosm\u00e9tica Capilar para Barbershops","publisher":{"@id":"https:\/\/www.barberiayciencia.com\/#organization"},"potentialAction":[{"@type":"SearchAction","target":{"@type":"EntryPoint","urlTemplate":"https:\/\/www.barberiayciencia.com\/?s={search_term_string}"},"query-input":{"@type":"PropertyValueSpecification","valueRequired":true,"valueName":"search_term_string"}}],"inLanguage":"pt-PT"},{"@type":"Organization","@id":"https:\/\/www.barberiayciencia.com\/#organization","name":"1948 BARBERSCIENCE","url":"https:\/\/www.barberiayciencia.com\/","logo":{"@type":"ImageObject","inLanguage":"pt-PT","@id":"https:\/\/www.barberiayciencia.com\/#\/schema\/logo\/image\/","url":"https:\/\/www.barberiayciencia.com\/wp-content\/uploads\/2023\/06\/logo-300x159bn.png","contentUrl":"https:\/\/www.barberiayciencia.com\/wp-content\/uploads\/2023\/06\/logo-300x159bn.png","width":300,"height":159,"caption":"1948 BARBERSCIENCE"},"image":{"@id":"https:\/\/www.barberiayciencia.com\/#\/schema\/logo\/image\/"},"sameAs":["https:\/\/www.facebook.com\/1948barberscience","https:\/\/www.instagram.com\/1948barberscience\/"]}]}},"_links":{"self":[{"href":"https:\/\/www.barberiayciencia.com\/pt-pt\/wp-json\/wp\/v2\/pages\/5960","targetHints":{"allow":["GET"]}}],"collection":[{"href":"https:\/\/www.barberiayciencia.com\/pt-pt\/wp-json\/wp\/v2\/pages"}],"about":[{"href":"https:\/\/www.barberiayciencia.com\/pt-pt\/wp-json\/wp\/v2\/types\/page"}],"author":[{"embeddable":true,"href":"https:\/\/www.barberiayciencia.com\/pt-pt\/wp-json\/wp\/v2\/users\/3"}],"replies":[{"embeddable":true,"href":"https:\/\/www.barberiayciencia.com\/pt-pt\/wp-json\/wp\/v2\/comments?post=5960"}],"version-history":[{"count":1,"href":"https:\/\/www.barberiayciencia.com\/pt-pt\/wp-json\/wp\/v2\/pages\/5960\/revisions"}],"predecessor-version":[{"id":5962,"href":"https:\/\/www.barberiayciencia.com\/pt-pt\/wp-json\/wp\/v2\/pages\/5960\/revisions\/5962"}],"wp:attachment":[{"href":"https:\/\/www.barberiayciencia.com\/pt-pt\/wp-json\/wp\/v2\/media?parent=5960"}],"curies":[{"name":"wp","href":"https:\/\/api.w.org\/{rel}","templated":true}]}}