{"id":5957,"date":"2021-08-31T12:41:08","date_gmt":"2021-08-31T10:41:08","guid":{"rendered":"https:\/\/www.barberiayciencia.com\/actualidad\/"},"modified":"2025-02-26T07:16:28","modified_gmt":"2025-02-26T06:16:28","slug":"actualidad","status":"publish","type":"page","link":"https:\/\/www.barberiayciencia.com\/pt-pt\/actualidad\/","title":{"rendered":"CI\u00caNCIA BARBEIRA"},"content":{"rendered":"<section class=\"l-section wpb_row height_small\"><div class=\"l-section-h i-cf\"><div class=\"g-cols vc_row via_flex valign_top type_default stacking_default\"><div class=\"vc_col-sm-12 wpb_column vc_column_container us_animate_afb\" style=\"animation-delay:0.4s\"><div class=\"vc_column-inner\"><div class=\"wpb_wrapper\"><div class=\"wpb_text_column\"><div class=\"wpb_wrapper\"><p style=\"text-align: center;\">Toda a atualidade da nossa empresa<\/p>\n<\/div><\/div><div class=\"w-separator size_small\"><\/div><div class=\"w-grid us_grid type_grid layout_4045 cols_3 pagination_ajax overflow_hidden preload_style_spinner\" id=\"us_grid_1\" style=\"--columns:3;--gap:1.5rem;\" data-filterable=\"true\"><style>@media (max-width:1024px){#us_grid_1{--columns:2!important}}@media (max-width:600px){#us_grid_1{--columns:1!important}}.layout_4045 .w-grid-item-h{background:var(--color-content-bg);color:var(--color-content-heading);border-radius:0.3rem;box-shadow:0 0.03rem 0.06rem rgba(0,0,0,0.1),0 0.1rem 0.3rem rgba(0,0,0,0.1);transition-duration:0.3s}.no-touch .layout_4045 .w-grid-item-h:hover{box-shadow:0 0.12rem 0.24rem rgba(0,0,0,0.1),0 0.4rem 1.2rem rgba(0,0,0,0.15);z-index:4}.layout_4045 .usg_vwrapper_1{padding:0.8rem 1.5rem 1.0rem 1.5rem!important}.layout_4045 .usg_hwrapper_1{margin-bottom:0.3rem!important}.layout_4045 .usg_post_taxonomy_1{color:#b4b4b4!important;font-size:12px!important;font-weight:700!important;text-transform:uppercase!important;margin-right:0.6rem!important}.layout_4045 .usg_post_date_1{color:var(--color-content-faded)!important;font-size:12px!important}.layout_4045 .usg_post_title_1{color:inherit!important;font-weight:700!important;font-size:1.0rem!important}.layout_4045 .usg_vwrapper_2{margin:0% 2% 3% 2%!important}@media (max-width:600px){.layout_4045 .usg_post_title_1{font-size:1.2rem!important}}<\/style><div class=\"w-grid-list\">\t<article class=\"w-grid-item size_1x1 post-5991 post type-post status-publish format-video has-post-thumbnail hentry category-actualidad-pt-pt tag-nuestra-identidad-pt-pt post_format-post-format-video\" data-id=\"5991\">\r\n\t\t<div class=\"w-grid-item-h\">\r\n\t\t\t\t\t\t<div class=\"w-post-elm post_image usg_post_image_1 stretched\"><a href=\"https:\/\/www.barberiayciencia.com\/pt-pt\/nuestra-identidad\/\" aria-label=\"A NOSSA IDENTIDADE\"><img loading=\"lazy\" decoding=\"async\" width=\"1920\" height=\"1080\" src=\"https:\/\/www.barberiayciencia.com\/wp-content\/uploads\/2024\/06\/Snapshot.jpg\" class=\"attachment-full size-full wp-post-image\" alt=\"\" srcset=\"https:\/\/www.barberiayciencia.com\/wp-content\/uploads\/2024\/06\/Snapshot.jpg 1920w, https:\/\/www.barberiayciencia.com\/wp-content\/uploads\/2024\/06\/Snapshot-300x169.jpg 300w, https:\/\/www.barberiayciencia.com\/wp-content\/uploads\/2024\/06\/Snapshot-1024x576.jpg 1024w, https:\/\/www.barberiayciencia.com\/wp-content\/uploads\/2024\/06\/Snapshot-600x338.jpg 600w\" sizes=\"auto, (max-width: 1920px) 100vw, 1920px\" \/><\/a><\/div><div class=\"w-vwrapper usg_vwrapper_1 align_center valign_middle\"><div class=\"w-hwrapper usg_hwrapper_1 align_left valign_top\"><div class=\"w-post-elm post_taxonomy usg_post_taxonomy_1 has_text_color style_simple\"><span class=\"term-274 term-actualidad-pt-pt\">Actualidad<\/span><\/div><time class=\"w-post-elm post_date usg_post_date_1 has_text_color entry-date published\" datetime=\"2024-06-03T16:27:17+02:00\">03\/06\/2024<\/time><\/div><h1 class=\"w-post-elm post_title usg_post_title_1 has_text_color align_left entry-title color_link_inherit\"><a href=\"https:\/\/www.barberiayciencia.com\/pt-pt\/nuestra-identidad\/\">A NOSSA IDENTIDADE<\/a><\/h1><\/div><div class=\"w-vwrapper usg_vwrapper_2 align_center valign_middle\" style=\"--vwrapper-gap:0.4rem\"><a class=\"w-btn us-btn-style_1 usg_btn_1\" href=\"https:\/\/www.barberiayciencia.com\/pt-pt\/nuestra-identidad\/\"><span class=\"w-btn-label\">+ INFO<\/span><\/a><\/div>\t\t<\/div>\r\n\t\t\t<\/article>\r\n\t<article class=\"w-grid-item size_1x1 post-5995 post type-post status-publish format-video has-post-thumbnail hentry category-actualidad-pt-pt post_format-post-format-video\" data-id=\"5995\">\r\n\t\t<div class=\"w-grid-item-h\">\r\n\t\t\t\t\t\t<div class=\"w-post-elm post_image usg_post_image_1 stretched\"><a href=\"https:\/\/www.barberiayciencia.com\/pt-pt\/nuestra-filosofia\/\" aria-label=\"A NOSSA FILOSOFIA\"><img loading=\"lazy\" decoding=\"async\" width=\"1920\" height=\"1080\" src=\"https:\/\/www.barberiayciencia.com\/wp-content\/uploads\/2024\/06\/Snapshot.png\" class=\"attachment-full size-full wp-post-image\" alt=\"\" srcset=\"https:\/\/www.barberiayciencia.com\/wp-content\/uploads\/2024\/06\/Snapshot.png 1920w, https:\/\/www.barberiayciencia.com\/wp-content\/uploads\/2024\/06\/Snapshot-300x169.png 300w, https:\/\/www.barberiayciencia.com\/wp-content\/uploads\/2024\/06\/Snapshot-1024x576.png 1024w, https:\/\/www.barberiayciencia.com\/wp-content\/uploads\/2024\/06\/Snapshot-600x338.png 600w\" sizes=\"auto, (max-width: 1920px) 100vw, 1920px\" \/><\/a><\/div><div class=\"w-vwrapper usg_vwrapper_1 align_center valign_middle\"><div class=\"w-hwrapper usg_hwrapper_1 align_left valign_top\"><div class=\"w-post-elm post_taxonomy usg_post_taxonomy_1 has_text_color style_simple\"><span class=\"term-274 term-actualidad-pt-pt\">Actualidad<\/span><\/div><time class=\"w-post-elm post_date usg_post_date_1 has_text_color entry-date published\" datetime=\"2024-06-03T09:43:43+02:00\">03\/06\/2024<\/time><\/div><h1 class=\"w-post-elm post_title usg_post_title_1 has_text_color align_left entry-title color_link_inherit\"><a href=\"https:\/\/www.barberiayciencia.com\/pt-pt\/nuestra-filosofia\/\">A NOSSA FILOSOFIA<\/a><\/h1><\/div><div class=\"w-vwrapper usg_vwrapper_2 align_center valign_middle\" style=\"--vwrapper-gap:0.4rem\"><a class=\"w-btn us-btn-style_1 usg_btn_1\" href=\"https:\/\/www.barberiayciencia.com\/pt-pt\/nuestra-filosofia\/\"><span class=\"w-btn-label\">+ INFO<\/span><\/a><\/div>\t\t<\/div>\r\n\t\t\t<\/article>\r\n\t<article class=\"w-grid-item size_1x1 post-5998 post type-post status-publish format-video has-post-thumbnail hentry category-actualidad-pt-pt post_format-post-format-video\" data-id=\"5998\">\r\n\t\t<div class=\"w-grid-item-h\">\r\n\t\t\t\t\t\t<div class=\"w-post-elm post_image usg_post_image_1 stretched\"><a href=\"https:\/\/www.barberiayciencia.com\/pt-pt\/el-valor-del-cristal\/\" aria-label=\"O VALOR DO CRISTAL\"><img loading=\"lazy\" decoding=\"async\" width=\"1000\" height=\"667\" src=\"https:\/\/www.barberiayciencia.com\/wp-content\/uploads\/2024\/05\/cristal.jpg\" class=\"attachment-full size-full wp-post-image\" alt=\"\" srcset=\"https:\/\/www.barberiayciencia.com\/wp-content\/uploads\/2024\/05\/cristal.jpg 1000w, https:\/\/www.barberiayciencia.com\/wp-content\/uploads\/2024\/05\/cristal-300x200.jpg 300w, https:\/\/www.barberiayciencia.com\/wp-content\/uploads\/2024\/05\/cristal-600x400.jpg 600w\" sizes=\"auto, (max-width: 1000px) 100vw, 1000px\" \/><\/a><\/div><div class=\"w-vwrapper usg_vwrapper_1 align_center valign_middle\"><div class=\"w-hwrapper usg_hwrapper_1 align_left valign_top\"><div class=\"w-post-elm post_taxonomy usg_post_taxonomy_1 has_text_color style_simple\"><span class=\"term-274 term-actualidad-pt-pt\">Actualidad<\/span><\/div><time class=\"w-post-elm post_date usg_post_date_1 has_text_color entry-date published\" datetime=\"2024-05-15T18:19:16+02:00\">15\/05\/2024<\/time><\/div><h1 class=\"w-post-elm post_title usg_post_title_1 has_text_color align_left entry-title color_link_inherit\"><a href=\"https:\/\/www.barberiayciencia.com\/pt-pt\/el-valor-del-cristal\/\">O VALOR DO CRISTAL<\/a><\/h1><\/div><div class=\"w-vwrapper usg_vwrapper_2 align_center valign_middle\" style=\"--vwrapper-gap:0.4rem\"><a class=\"w-btn us-btn-style_1 usg_btn_1\" href=\"https:\/\/www.barberiayciencia.com\/pt-pt\/el-valor-del-cristal\/\"><span class=\"w-btn-label\">+ INFO<\/span><\/a><\/div>\t\t<\/div>\r\n\t\t\t<\/article>\r\n\t<article class=\"w-grid-item size_1x1 post-6002 post type-post status-publish format-video has-post-thumbnail hentry category-actualidad-pt-pt post_format-post-format-video\" data-id=\"6002\">\r\n\t\t<div class=\"w-grid-item-h\">\r\n\t\t\t\t\t\t<div class=\"w-post-elm post_image usg_post_image_1 stretched\"><a href=\"https:\/\/www.barberiayciencia.com\/pt-pt\/tu-madre-tenia-razon\/\" aria-label=\"A SUA M\u00c3E ESTAVA CERTA\"><img loading=\"lazy\" decoding=\"async\" width=\"1000\" height=\"667\" src=\"https:\/\/www.barberiayciencia.com\/wp-content\/uploads\/2024\/05\/tumadre.jpg\" class=\"attachment-full size-full wp-post-image\" alt=\"\" srcset=\"https:\/\/www.barberiayciencia.com\/wp-content\/uploads\/2024\/05\/tumadre.jpg 1000w, https:\/\/www.barberiayciencia.com\/wp-content\/uploads\/2024\/05\/tumadre-300x200.jpg 300w, https:\/\/www.barberiayciencia.com\/wp-content\/uploads\/2024\/05\/tumadre-600x400.jpg 600w\" sizes=\"auto, (max-width: 1000px) 100vw, 1000px\" \/><\/a><\/div><div class=\"w-vwrapper usg_vwrapper_1 align_center valign_middle\"><div class=\"w-hwrapper usg_hwrapper_1 align_left valign_top\"><div class=\"w-post-elm post_taxonomy usg_post_taxonomy_1 has_text_color style_simple\"><span class=\"term-274 term-actualidad-pt-pt\">Actualidad<\/span><\/div><time class=\"w-post-elm post_date usg_post_date_1 has_text_color entry-date published\" datetime=\"2024-05-15T17:57:29+02:00\">15\/05\/2024<\/time><\/div><h1 class=\"w-post-elm post_title usg_post_title_1 has_text_color align_left entry-title color_link_inherit\"><a href=\"https:\/\/www.barberiayciencia.com\/pt-pt\/tu-madre-tenia-razon\/\">A SUA M\u00c3E ESTAVA CERTA<\/a><\/h1><\/div><div class=\"w-vwrapper usg_vwrapper_2 align_center valign_middle\" style=\"--vwrapper-gap:0.4rem\"><a class=\"w-btn us-btn-style_1 usg_btn_1\" href=\"https:\/\/www.barberiayciencia.com\/pt-pt\/tu-madre-tenia-razon\/\"><span class=\"w-btn-label\">+ INFO<\/span><\/a><\/div>\t\t<\/div>\r\n\t\t\t<\/article>\r\n\t<article class=\"w-grid-item size_1x1 post-6005 post type-post status-publish format-standard has-post-thumbnail hentry category-actualidad-pt-pt\" data-id=\"6005\">\r\n\t\t<div class=\"w-grid-item-h\">\r\n\t\t\t\t\t\t<div class=\"w-post-elm post_image usg_post_image_1 stretched\"><a href=\"https:\/\/www.barberiayciencia.com\/pt-pt\/presentamos-nuestra-banda-sonora\/\" aria-label=\"Apresentamos a nossa banda sonora\"><img loading=\"lazy\" decoding=\"async\" width=\"1000\" height=\"667\" src=\"https:\/\/www.barberiayciencia.com\/wp-content\/uploads\/2022\/04\/e4.jpg\" class=\"attachment-full size-full wp-post-image\" alt=\"\" srcset=\"https:\/\/www.barberiayciencia.com\/wp-content\/uploads\/2022\/04\/e4.jpg 1000w, https:\/\/www.barberiayciencia.com\/wp-content\/uploads\/2022\/04\/e4-300x200.jpg 300w, https:\/\/www.barberiayciencia.com\/wp-content\/uploads\/2022\/04\/e4-600x400.jpg 600w\" sizes=\"auto, (max-width: 1000px) 100vw, 1000px\" \/><\/a><\/div><div class=\"w-vwrapper usg_vwrapper_1 align_center valign_middle\"><div class=\"w-hwrapper usg_hwrapper_1 align_left valign_top\"><div class=\"w-post-elm post_taxonomy usg_post_taxonomy_1 has_text_color style_simple\"><span class=\"term-274 term-actualidad-pt-pt\">Actualidad<\/span><\/div><time class=\"w-post-elm post_date usg_post_date_1 has_text_color entry-date published\" datetime=\"2022-04-26T07:29:42+02:00\">26\/04\/2022<\/time><\/div><h1 class=\"w-post-elm post_title usg_post_title_1 has_text_color align_left entry-title color_link_inherit\"><a href=\"https:\/\/www.barberiayciencia.com\/pt-pt\/presentamos-nuestra-banda-sonora\/\">Apresentamos a nossa banda sonora<\/a><\/h1><\/div><div class=\"w-vwrapper usg_vwrapper_2 align_center valign_middle\" style=\"--vwrapper-gap:0.4rem\"><a class=\"w-btn us-btn-style_1 usg_btn_1\" href=\"https:\/\/www.barberiayciencia.com\/pt-pt\/presentamos-nuestra-banda-sonora\/\"><span class=\"w-btn-label\">+ INFO<\/span><\/a><\/div>\t\t<\/div>\r\n\t\t\t<\/article>\r\n<\/div>\t<div class=\"w-grid-preloader\">\r\n\t\t<div class=\"g-preloader type_1\">\r\n\t\t\t<div><\/div>\r\n\t\t<\/div>\r\n\t<\/div>\r\n\t\t<div class=\"w-grid-json hidden\" onclick='return {&quot;action&quot;:&quot;us_ajax_grid&quot;,&quot;infinite_scroll&quot;:0,&quot;max_num_pages&quot;:1,&quot;pagination&quot;:&quot;ajax&quot;,&quot;template_vars&quot;:{&quot;columns&quot;:&quot;3&quot;,&quot;exclude_items&quot;:&quot;none&quot;,&quot;img_size&quot;:&quot;full&quot;,&quot;ignore_items_size&quot;:0,&quot;items_layout&quot;:&quot;4045&quot;,&quot;items_offset&quot;:&quot;1&quot;,&quot;load_animation&quot;:&quot;none&quot;,&quot;overriding_link&quot;:&quot;{\\&quot;url\\&quot;:\\&quot;\\&quot;}&quot;,&quot;post_id&quot;:0,&quot;query_args&quot;:{&quot;post_type&quot;:[&quot;post&quot;],&quot;tax_query&quot;:[{&quot;taxonomy&quot;:&quot;category&quot;,&quot;field&quot;:&quot;slug&quot;,&quot;terms&quot;:[&quot;novedades&quot;,&quot;actualidad&quot;,&quot;noticias&quot;,&quot;blog&quot;]}],&quot;post_status&quot;:[&quot;publish&quot;],&quot;posts_per_page&quot;:&quot;6&quot;},&quot;orderby_query_args&quot;:{&quot;orderby&quot;:{&quot;date&quot;:&quot;DESC&quot;}},&quot;type&quot;:&quot;grid&quot;,&quot;us_grid_post_type&quot;:&quot;post&quot;,&quot;us_grid_ajax_index&quot;:1,&quot;us_grid_filter_query_string&quot;:null,&quot;us_grid_index&quot;:1,&quot;page_args&quot;:[],&quot;lang&quot;:&quot;pt-pt&quot;}}'><\/div>\r\n\t<\/div><\/div><\/div><\/div><\/div><\/div><\/section>\n","protected":false},"excerpt":{"rendered":"Es para n\u00f3s um grande prazer poder apresentar-vos a nossa banda sonora oficial de 1948 BARBERSCIENCE. Podem desfrutar da nossa banda sonora atrav\u00e9s do seguinte link:","protected":false},"author":3,"featured_media":5938,"parent":0,"menu_order":0,"comment_status":"closed","ping_status":"closed","template":"","meta":{"_joinchat":[],"footnotes":""},"class_list":["post-5957","page","type-page","status-publish","has-post-thumbnail","hentry"],"yoast_head":"<!-- This site is optimized with the Yoast SEO plugin v27.2 - https:\/\/yoast.com\/product\/yoast-seo-wordpress\/ -->\n<title>CI\u00caNCIA BARBEIRA - 1948 BARBERSCIENCE<\/title>\n<meta name=\"description\" content=\"Noticias peluquer\u00edas. Conozca toda la actualidad de nuestra empresa en la secci\u00f3n de noticias con ofertas y promociones de inter\u00e9s.\" \/>\n<meta name=\"robots\" content=\"index, follow, max-snippet:-1, max-image-preview:large, max-video-preview:-1\" \/>\n<link rel=\"canonical\" href=\"https:\/\/www.barberiayciencia.com\/pt-pt\/actualidad\/\" \/>\n<meta property=\"og:locale\" content=\"pt_PT\" \/>\n<meta property=\"og:type\" content=\"article\" \/>\n<meta property=\"og:title\" content=\"CI\u00caNCIA BARBEIRA - 1948 BARBERSCIENCE\" \/>\n<meta property=\"og:description\" content=\"Noticias peluquer\u00edas. Conozca toda la actualidad de nuestra empresa en la secci\u00f3n de noticias con ofertas y promociones de inter\u00e9s.\" \/>\n<meta property=\"og:url\" content=\"https:\/\/www.barberiayciencia.com\/pt-pt\/actualidad\/\" \/>\n<meta property=\"og:site_name\" content=\"1948 BARBERSCIENCE\" \/>\n<meta property=\"article:publisher\" content=\"https:\/\/www.facebook.com\/1948barberscience\" \/>\n<meta property=\"article:modified_time\" content=\"2025-02-26T06:16:28+00:00\" \/>\n<meta property=\"og:image\" content=\"https:\/\/www.barberiayciencia.com\/wp-content\/uploads\/2022\/04\/fondobg.jpg\" \/>\n\t<meta property=\"og:image:width\" content=\"1000\" \/>\n\t<meta property=\"og:image:height\" content=\"667\" \/>\n\t<meta property=\"og:image:type\" content=\"image\/jpeg\" \/>\n<meta name=\"twitter:card\" content=\"summary_large_image\" \/>\n<meta name=\"twitter:label1\" content=\"Tempo estimado de leitura\" \/>\n\t<meta name=\"twitter:data1\" content=\"1 minuto\" \/>\n<script type=\"application\/ld+json\" class=\"yoast-schema-graph\">{\"@context\":\"https:\/\/schema.org\",\"@graph\":[{\"@type\":\"WebPage\",\"@id\":\"https:\/\/www.barberiayciencia.com\/pt-pt\/actualidad\/\",\"url\":\"https:\/\/www.barberiayciencia.com\/pt-pt\/actualidad\/\",\"name\":\"CI\u00caNCIA BARBEIRA - 1948 BARBERSCIENCE\",\"isPartOf\":{\"@id\":\"https:\/\/www.barberiayciencia.com\/#website\"},\"primaryImageOfPage\":{\"@id\":\"https:\/\/www.barberiayciencia.com\/pt-pt\/actualidad\/#primaryimage\"},\"image\":{\"@id\":\"https:\/\/www.barberiayciencia.com\/pt-pt\/actualidad\/#primaryimage\"},\"thumbnailUrl\":\"https:\/\/www.barberiayciencia.com\/wp-content\/uploads\/2022\/04\/fondobg.jpg\",\"datePublished\":\"2021-08-31T10:41:08+00:00\",\"dateModified\":\"2025-02-26T06:16:28+00:00\",\"description\":\"Noticias peluquer\u00edas. Conozca toda la actualidad de nuestra empresa en la secci\u00f3n de noticias con ofertas y promociones de inter\u00e9s.\",\"breadcrumb\":{\"@id\":\"https:\/\/www.barberiayciencia.com\/pt-pt\/actualidad\/#breadcrumb\"},\"inLanguage\":\"pt-PT\",\"potentialAction\":[{\"@type\":\"ReadAction\",\"target\":[\"https:\/\/www.barberiayciencia.com\/pt-pt\/actualidad\/\"]}]},{\"@type\":\"ImageObject\",\"inLanguage\":\"pt-PT\",\"@id\":\"https:\/\/www.barberiayciencia.com\/pt-pt\/actualidad\/#primaryimage\",\"url\":\"https:\/\/www.barberiayciencia.com\/wp-content\/uploads\/2022\/04\/fondobg.jpg\",\"contentUrl\":\"https:\/\/www.barberiayciencia.com\/wp-content\/uploads\/2022\/04\/fondobg.jpg\",\"width\":1000,\"height\":667},{\"@type\":\"BreadcrumbList\",\"@id\":\"https:\/\/www.barberiayciencia.com\/pt-pt\/actualidad\/#breadcrumb\",\"itemListElement\":[{\"@type\":\"ListItem\",\"position\":1,\"name\":\"Portada\",\"item\":\"https:\/\/www.barberiayciencia.com\/pt-pt\/\"},{\"@type\":\"ListItem\",\"position\":2,\"name\":\"CI\u00caNCIA BARBEIRA\"}]},{\"@type\":\"WebSite\",\"@id\":\"https:\/\/www.barberiayciencia.com\/#website\",\"url\":\"https:\/\/www.barberiayciencia.com\/\",\"name\":\"1948 BARBERSCIENCE\",\"description\":\"Alta Cosm\u00e9tica Capilar para Barbershops\",\"publisher\":{\"@id\":\"https:\/\/www.barberiayciencia.com\/#organization\"},\"potentialAction\":[{\"@type\":\"SearchAction\",\"target\":{\"@type\":\"EntryPoint\",\"urlTemplate\":\"https:\/\/www.barberiayciencia.com\/?s={search_term_string}\"},\"query-input\":{\"@type\":\"PropertyValueSpecification\",\"valueRequired\":true,\"valueName\":\"search_term_string\"}}],\"inLanguage\":\"pt-PT\"},{\"@type\":\"Organization\",\"@id\":\"https:\/\/www.barberiayciencia.com\/#organization\",\"name\":\"1948 BARBERSCIENCE\",\"url\":\"https:\/\/www.barberiayciencia.com\/\",\"logo\":{\"@type\":\"ImageObject\",\"inLanguage\":\"pt-PT\",\"@id\":\"https:\/\/www.barberiayciencia.com\/#\/schema\/logo\/image\/\",\"url\":\"https:\/\/www.barberiayciencia.com\/wp-content\/uploads\/2023\/06\/logo-300x159bn.png\",\"contentUrl\":\"https:\/\/www.barberiayciencia.com\/wp-content\/uploads\/2023\/06\/logo-300x159bn.png\",\"width\":300,\"height\":159,\"caption\":\"1948 BARBERSCIENCE\"},\"image\":{\"@id\":\"https:\/\/www.barberiayciencia.com\/#\/schema\/logo\/image\/\"},\"sameAs\":[\"https:\/\/www.facebook.com\/1948barberscience\",\"https:\/\/www.instagram.com\/1948barberscience\/\"]}]}<\/script>\n<!-- \/ Yoast SEO plugin. -->","yoast_head_json":{"title":"CI\u00caNCIA BARBEIRA - 1948 BARBERSCIENCE","description":"Noticias peluquer\u00edas. Conozca toda la actualidad de nuestra empresa en la secci\u00f3n de noticias con ofertas y promociones de inter\u00e9s.","robots":{"index":"index","follow":"follow","max-snippet":"max-snippet:-1","max-image-preview":"max-image-preview:large","max-video-preview":"max-video-preview:-1"},"canonical":"https:\/\/www.barberiayciencia.com\/pt-pt\/actualidad\/","og_locale":"pt_PT","og_type":"article","og_title":"CI\u00caNCIA BARBEIRA - 1948 BARBERSCIENCE","og_description":"Noticias peluquer\u00edas. Conozca toda la actualidad de nuestra empresa en la secci\u00f3n de noticias con ofertas y promociones de inter\u00e9s.","og_url":"https:\/\/www.barberiayciencia.com\/pt-pt\/actualidad\/","og_site_name":"1948 BARBERSCIENCE","article_publisher":"https:\/\/www.facebook.com\/1948barberscience","article_modified_time":"2025-02-26T06:16:28+00:00","og_image":[{"width":1000,"height":667,"url":"https:\/\/www.barberiayciencia.com\/wp-content\/uploads\/2022\/04\/fondobg.jpg","type":"image\/jpeg"}],"twitter_card":"summary_large_image","twitter_misc":{"Tempo estimado de leitura":"1 minuto"},"schema":{"@context":"https:\/\/schema.org","@graph":[{"@type":"WebPage","@id":"https:\/\/www.barberiayciencia.com\/pt-pt\/actualidad\/","url":"https:\/\/www.barberiayciencia.com\/pt-pt\/actualidad\/","name":"CI\u00caNCIA BARBEIRA - 1948 BARBERSCIENCE","isPartOf":{"@id":"https:\/\/www.barberiayciencia.com\/#website"},"primaryImageOfPage":{"@id":"https:\/\/www.barberiayciencia.com\/pt-pt\/actualidad\/#primaryimage"},"image":{"@id":"https:\/\/www.barberiayciencia.com\/pt-pt\/actualidad\/#primaryimage"},"thumbnailUrl":"https:\/\/www.barberiayciencia.com\/wp-content\/uploads\/2022\/04\/fondobg.jpg","datePublished":"2021-08-31T10:41:08+00:00","dateModified":"2025-02-26T06:16:28+00:00","description":"Noticias peluquer\u00edas. Conozca toda la actualidad de nuestra empresa en la secci\u00f3n de noticias con ofertas y promociones de inter\u00e9s.","breadcrumb":{"@id":"https:\/\/www.barberiayciencia.com\/pt-pt\/actualidad\/#breadcrumb"},"inLanguage":"pt-PT","potentialAction":[{"@type":"ReadAction","target":["https:\/\/www.barberiayciencia.com\/pt-pt\/actualidad\/"]}]},{"@type":"ImageObject","inLanguage":"pt-PT","@id":"https:\/\/www.barberiayciencia.com\/pt-pt\/actualidad\/#primaryimage","url":"https:\/\/www.barberiayciencia.com\/wp-content\/uploads\/2022\/04\/fondobg.jpg","contentUrl":"https:\/\/www.barberiayciencia.com\/wp-content\/uploads\/2022\/04\/fondobg.jpg","width":1000,"height":667},{"@type":"BreadcrumbList","@id":"https:\/\/www.barberiayciencia.com\/pt-pt\/actualidad\/#breadcrumb","itemListElement":[{"@type":"ListItem","position":1,"name":"Portada","item":"https:\/\/www.barberiayciencia.com\/pt-pt\/"},{"@type":"ListItem","position":2,"name":"CI\u00caNCIA BARBEIRA"}]},{"@type":"WebSite","@id":"https:\/\/www.barberiayciencia.com\/#website","url":"https:\/\/www.barberiayciencia.com\/","name":"1948 BARBERSCIENCE","description":"Alta Cosm\u00e9tica Capilar para Barbershops","publisher":{"@id":"https:\/\/www.barberiayciencia.com\/#organization"},"potentialAction":[{"@type":"SearchAction","target":{"@type":"EntryPoint","urlTemplate":"https:\/\/www.barberiayciencia.com\/?s={search_term_string}"},"query-input":{"@type":"PropertyValueSpecification","valueRequired":true,"valueName":"search_term_string"}}],"inLanguage":"pt-PT"},{"@type":"Organization","@id":"https:\/\/www.barberiayciencia.com\/#organization","name":"1948 BARBERSCIENCE","url":"https:\/\/www.barberiayciencia.com\/","logo":{"@type":"ImageObject","inLanguage":"pt-PT","@id":"https:\/\/www.barberiayciencia.com\/#\/schema\/logo\/image\/","url":"https:\/\/www.barberiayciencia.com\/wp-content\/uploads\/2023\/06\/logo-300x159bn.png","contentUrl":"https:\/\/www.barberiayciencia.com\/wp-content\/uploads\/2023\/06\/logo-300x159bn.png","width":300,"height":159,"caption":"1948 BARBERSCIENCE"},"image":{"@id":"https:\/\/www.barberiayciencia.com\/#\/schema\/logo\/image\/"},"sameAs":["https:\/\/www.facebook.com\/1948barberscience","https:\/\/www.instagram.com\/1948barberscience\/"]}]}},"_links":{"self":[{"href":"https:\/\/www.barberiayciencia.com\/pt-pt\/wp-json\/wp\/v2\/pages\/5957","targetHints":{"allow":["GET"]}}],"collection":[{"href":"https:\/\/www.barberiayciencia.com\/pt-pt\/wp-json\/wp\/v2\/pages"}],"about":[{"href":"https:\/\/www.barberiayciencia.com\/pt-pt\/wp-json\/wp\/v2\/types\/page"}],"author":[{"embeddable":true,"href":"https:\/\/www.barberiayciencia.com\/pt-pt\/wp-json\/wp\/v2\/users\/3"}],"replies":[{"embeddable":true,"href":"https:\/\/www.barberiayciencia.com\/pt-pt\/wp-json\/wp\/v2\/comments?post=5957"}],"version-history":[{"count":2,"href":"https:\/\/www.barberiayciencia.com\/pt-pt\/wp-json\/wp\/v2\/pages\/5957\/revisions"}],"predecessor-version":[{"id":5959,"href":"https:\/\/www.barberiayciencia.com\/pt-pt\/wp-json\/wp\/v2\/pages\/5957\/revisions\/5959"}],"wp:featuredmedia":[{"embeddable":true,"href":"https:\/\/www.barberiayciencia.com\/pt-pt\/wp-json\/wp\/v2\/media\/5938"}],"wp:attachment":[{"href":"https:\/\/www.barberiayciencia.com\/pt-pt\/wp-json\/wp\/v2\/media?parent=5957"}],"curies":[{"name":"wp","href":"https:\/\/api.w.org\/{rel}","templated":true}]}}