{"id":5950,"date":"2019-09-04T10:49:16","date_gmt":"2019-09-04T08:49:16","guid":{"rendered":"https:\/\/www.barberiayciencia.com\/aviso-legal\/"},"modified":"2025-02-26T07:10:33","modified_gmt":"2025-02-26T06:10:33","slug":"aviso-legal","status":"publish","type":"page","link":"https:\/\/www.barberiayciencia.com\/pt-pt\/aviso-legal\/","title":{"rendered":"Aviso legal"},"content":{"rendered":"<section class=\"l-section wpb_row height_custom\"><div class=\"l-section-h i-cf\"><div class=\"g-cols vc_row via_flex valign_top type_default stacking_default\"><div class=\"vc_col-sm-12 wpb_column vc_column_container\"><div class=\"vc_column-inner\"><div class=\"wpb_wrapper\"><div class=\"wpb_text_column\"><div class=\"wpb_wrapper\"><p>Por favor, leia atentamente as seguintes informa\u00e7\u00f5es sobre direitos de autor antes de utilizar este site. Ao utilizar esta p\u00e1gina web, aceita os termos e condi\u00e7\u00f5es desta informa\u00e7\u00e3o de copyright. Caso contr\u00e1rio, pedimos que abandone este site.<\/p>\n<p>1. Este site \u00e9 propriedade da Barber\u00eda y Ciencia 1948 com CIF E42759167 e sede na C\/ Descubridor Am\u00e9rico Vespucio, 10 &#8211; 14013 (C\u00f3rdoba). Todas as imagens, textos, gr\u00e1ficos, etc., contidos neste site est\u00e3o protegidos por direitos de autor, direitos de design e\/ou outros direitos de propriedade intelectual, salvo especifica\u00e7\u00e3o em contr\u00e1rio, e s\u00f3 podem ser utilizados de acordo com estes Termos e Condi\u00e7\u00f5es. A Barber\u00eda y Ciencia 1948 n\u00e3o garante nem declara que o conte\u00fado deste site n\u00e3o viola direitos de terceiros que n\u00e3o pertencem nem est\u00e3o associados \u00e0 Barber\u00eda y Ciencia 1948. Fotografias, ilustra\u00e7\u00f5es, gr\u00e1ficos, textos, etc., s\u00e3o propriedade da Barber\u00eda y Ciencia 1948 ou de terceiros que cederam os seus direitos \u00e0 Barber\u00eda y Ciencia 1948. Est\u00e1 proibida a utiliza\u00e7\u00e3o deste material, salvo para os fins expressamente autorizados nestes Termos e Condi\u00e7\u00f5es. Qualquer utiliza\u00e7\u00e3o n\u00e3o autorizada de material gr\u00e1fico pode violar leis de direitos de autor, marcas registadas e\/ou outras normas e regulamentos.<\/p>\n<p>2. As marcas registadas, log\u00f3tipos e desenhos apresentados neste site s\u00e3o propriedade da Barber\u00eda y Ciencia 1948 ou de terceiros que cederam os seus direitos \u00e0 Barber\u00eda y Ciencia 1948. Nenhum conte\u00fado deste site pode ser interpretado como concedendo, por implica\u00e7\u00e3o, omiss\u00e3o (estoppel) ou de outra forma, uma licen\u00e7a ou direito de utilizar as marcas registadas apresentadas no site sem autoriza\u00e7\u00e3o escrita da Barber\u00eda y Ciencia 1948 ou dos terceiros propriet\u00e1rios das marcas registadas mencionadas neste site.<\/p>\n<p>3. Pode transferir, imprimir e guardar determinadas partes do conte\u00fado deste site, desde que:<\/p>\n<ul>\n<li>Use as c\u00f3pias apenas para uso pessoal e n\u00e3o comercial.<\/li>\n<li>N\u00e3o copie nem publique o conte\u00fado em computadores ligados em rede ou o difunda nos meios de comunica\u00e7\u00e3o.<\/li>\n<li>N\u00e3o modifique nem altere o conte\u00fado de qualquer forma.<\/li>\n<\/ul>\n<p>O facto de transferir material n\u00e3o implica a transfer\u00eancia de qualquer direito, titularidade ou interesse sobre o material descarregado. A Barber\u00eda y Ciencia 1948 reserva todos os direitos de propriedade intelectual sobre todo o material que descarrega deste site. Salvo o acima mencionado, n\u00e3o est\u00e1 autorizado a copiar, transferir, reproduzir, modificar, publicar, distribuir, transmitir, transferir ou criar obras derivadas do conte\u00fado deste site sem autoriza\u00e7\u00e3o escrita pr\u00e9via da Barber\u00eda y Ciencia 1948.<\/p>\n<p>4. A Barber\u00eda y Ciencia 1948 n\u00e3o verificou todos os sites ligados a este portal e n\u00e3o se responsabiliza pelo seu conte\u00fado nem pelo de qualquer outro site acedido atrav\u00e9s de um link presente neste portal. O uso desses links \u00e9 da sua exclusiva responsabilidade.<\/p>\n<p>5. Este site pode conter links para outros portais web operados por terceiros alheios \u00e0 Barber\u00eda y Ciencia 1948. Estes links s\u00e3o fornecidos apenas para conveni\u00eancia do utilizador. A Barber\u00eda y Ciencia 1948 n\u00e3o controla esses portais nem se responsabiliza pelo seu conte\u00fado. A inclus\u00e3o de links para outros sites n\u00e3o significa que a Barber\u00eda y Ciencia 1948 aprova, concorda ou recomenda esses sites, nem implica qualquer rela\u00e7\u00e3o com os seus operadores. A Barber\u00eda y Ciencia 1948 rejeita qualquer responsabilidade por garantias -expl\u00edcitas ou impl\u00edcitas- relativas \u00e0 exatid\u00e3o, legalidade, fiabilidade ou validade do conte\u00fado de qualquer outro site web, assim como qualquer responsabilidade por perdas, danos, reclama\u00e7\u00f5es, responsabilidade civil ou preju\u00edzos de qualquer tipo que possam resultar do uso ou do conte\u00fado de sites de terceiros acedidos direta ou indiretamente atrav\u00e9s de links no site da Barber\u00eda y Ciencia 1948.<\/p>\n<p>6. A Barber\u00eda y Ciencia 1948 reserva-se o direito de rever e modificar estes Termos e Condi\u00e7\u00f5es a qualquer momento ap\u00f3s a sua publica\u00e7\u00e3o. Como qualquer modifica\u00e7\u00e3o destes Termos e Condi\u00e7\u00f5es \u00e9 vinculativa para si, recomendamos que visite periodicamente este site para consultar os Termos e Condi\u00e7\u00f5es atualizados a que est\u00e1 sujeito.<\/p>\n<p>7. Os presentes Termos e Condi\u00e7\u00f5es s\u00e3o regulados e interpretados de acordo com a legisla\u00e7\u00e3o espanhola, sem considerar conflitos com o direito internacional. Qualquer reclama\u00e7\u00e3o relativa a atividades sujeitas a estes Termos e Condi\u00e7\u00f5es deve ser apresentada no prazo de um ano ap\u00f3s o facto que originou a a\u00e7\u00e3o judicial. A decis\u00e3o sobre todas as reclama\u00e7\u00f5es relacionadas com produtos adquiridos atrav\u00e9s do site \u00e9 da compet\u00eancia dos tribunais espanh\u00f3is. O comprador aceita submeter-se a estes tribunais e renuncia a qualquer a\u00e7\u00e3o que, por qualquer raz\u00e3o, possa estar fora da sua jurisdi\u00e7\u00e3o.<\/p>\n<\/div><\/div><\/div><\/div><\/div><\/div><\/div><\/section>\n","protected":false},"excerpt":{"rendered":"Por favor, leia atentamente as seguintes informa\u00e7\u00f5es sobre direitos de autor antes de utilizar este site. Ao utilizar esta p\u00e1gina web, aceita os termos e condi\u00e7\u00f5es desta informa\u00e7\u00e3o de copyright. Caso contr\u00e1rio, pedimos que abandone este site. 1. Este site \u00e9 propriedade da Barber\u00eda y Ciencia 1948 com CIF E42759167 e sede na C\/ Descubridor...","protected":false},"author":3,"featured_media":0,"parent":0,"menu_order":0,"comment_status":"closed","ping_status":"closed","template":"","meta":{"_joinchat":[],"footnotes":""},"class_list":["post-5950","page","type-page","status-publish","hentry"],"yoast_head":"<!-- This site is optimized with the Yoast SEO plugin v27.2 - https:\/\/yoast.com\/product\/yoast-seo-wordpress\/ -->\n<title>Aviso legal - 1948 BARBERSCIENCE<\/title>\n<meta name=\"robots\" content=\"index, follow, max-snippet:-1, max-image-preview:large, max-video-preview:-1\" \/>\n<link rel=\"canonical\" href=\"https:\/\/www.barberiayciencia.com\/pt-pt\/aviso-legal\/\" \/>\n<meta property=\"og:locale\" content=\"pt_PT\" \/>\n<meta property=\"og:type\" content=\"article\" \/>\n<meta property=\"og:title\" content=\"Aviso legal - 1948 BARBERSCIENCE\" \/>\n<meta property=\"og:url\" content=\"https:\/\/www.barberiayciencia.com\/pt-pt\/aviso-legal\/\" \/>\n<meta property=\"og:site_name\" content=\"1948 BARBERSCIENCE\" \/>\n<meta property=\"article:publisher\" content=\"https:\/\/www.facebook.com\/1948barberscience\" \/>\n<meta property=\"article:modified_time\" content=\"2025-02-26T06:10:33+00:00\" \/>\n<meta name=\"twitter:card\" content=\"summary_large_image\" \/>\n<meta name=\"twitter:label1\" content=\"Tempo estimado de leitura\" \/>\n\t<meta name=\"twitter:data1\" content=\"4 minutos\" \/>\n<script type=\"application\/ld+json\" class=\"yoast-schema-graph\">{\"@context\":\"https:\/\/schema.org\",\"@graph\":[{\"@type\":\"WebPage\",\"@id\":\"https:\/\/www.barberiayciencia.com\/pt-pt\/aviso-legal\/\",\"url\":\"https:\/\/www.barberiayciencia.com\/pt-pt\/aviso-legal\/\",\"name\":\"Aviso legal - 1948 BARBERSCIENCE\",\"isPartOf\":{\"@id\":\"https:\/\/www.barberiayciencia.com\/#website\"},\"datePublished\":\"2019-09-04T08:49:16+00:00\",\"dateModified\":\"2025-02-26T06:10:33+00:00\",\"breadcrumb\":{\"@id\":\"https:\/\/www.barberiayciencia.com\/pt-pt\/aviso-legal\/#breadcrumb\"},\"inLanguage\":\"pt-PT\",\"potentialAction\":[{\"@type\":\"ReadAction\",\"target\":[\"https:\/\/www.barberiayciencia.com\/pt-pt\/aviso-legal\/\"]}]},{\"@type\":\"BreadcrumbList\",\"@id\":\"https:\/\/www.barberiayciencia.com\/pt-pt\/aviso-legal\/#breadcrumb\",\"itemListElement\":[{\"@type\":\"ListItem\",\"position\":1,\"name\":\"Portada\",\"item\":\"https:\/\/www.barberiayciencia.com\/pt-pt\/\"},{\"@type\":\"ListItem\",\"position\":2,\"name\":\"Aviso legal\"}]},{\"@type\":\"WebSite\",\"@id\":\"https:\/\/www.barberiayciencia.com\/#website\",\"url\":\"https:\/\/www.barberiayciencia.com\/\",\"name\":\"1948 BARBERSCIENCE\",\"description\":\"Alta Cosm\u00e9tica Capilar para Barbershops\",\"publisher\":{\"@id\":\"https:\/\/www.barberiayciencia.com\/#organization\"},\"potentialAction\":[{\"@type\":\"SearchAction\",\"target\":{\"@type\":\"EntryPoint\",\"urlTemplate\":\"https:\/\/www.barberiayciencia.com\/?s={search_term_string}\"},\"query-input\":{\"@type\":\"PropertyValueSpecification\",\"valueRequired\":true,\"valueName\":\"search_term_string\"}}],\"inLanguage\":\"pt-PT\"},{\"@type\":\"Organization\",\"@id\":\"https:\/\/www.barberiayciencia.com\/#organization\",\"name\":\"1948 BARBERSCIENCE\",\"url\":\"https:\/\/www.barberiayciencia.com\/\",\"logo\":{\"@type\":\"ImageObject\",\"inLanguage\":\"pt-PT\",\"@id\":\"https:\/\/www.barberiayciencia.com\/#\/schema\/logo\/image\/\",\"url\":\"https:\/\/www.barberiayciencia.com\/wp-content\/uploads\/2023\/06\/logo-300x159bn.png\",\"contentUrl\":\"https:\/\/www.barberiayciencia.com\/wp-content\/uploads\/2023\/06\/logo-300x159bn.png\",\"width\":300,\"height\":159,\"caption\":\"1948 BARBERSCIENCE\"},\"image\":{\"@id\":\"https:\/\/www.barberiayciencia.com\/#\/schema\/logo\/image\/\"},\"sameAs\":[\"https:\/\/www.facebook.com\/1948barberscience\",\"https:\/\/www.instagram.com\/1948barberscience\/\"]}]}<\/script>\n<!-- \/ Yoast SEO plugin. -->","yoast_head_json":{"title":"Aviso legal - 1948 BARBERSCIENCE","robots":{"index":"index","follow":"follow","max-snippet":"max-snippet:-1","max-image-preview":"max-image-preview:large","max-video-preview":"max-video-preview:-1"},"canonical":"https:\/\/www.barberiayciencia.com\/pt-pt\/aviso-legal\/","og_locale":"pt_PT","og_type":"article","og_title":"Aviso legal - 1948 BARBERSCIENCE","og_url":"https:\/\/www.barberiayciencia.com\/pt-pt\/aviso-legal\/","og_site_name":"1948 BARBERSCIENCE","article_publisher":"https:\/\/www.facebook.com\/1948barberscience","article_modified_time":"2025-02-26T06:10:33+00:00","twitter_card":"summary_large_image","twitter_misc":{"Tempo estimado de leitura":"4 minutos"},"schema":{"@context":"https:\/\/schema.org","@graph":[{"@type":"WebPage","@id":"https:\/\/www.barberiayciencia.com\/pt-pt\/aviso-legal\/","url":"https:\/\/www.barberiayciencia.com\/pt-pt\/aviso-legal\/","name":"Aviso legal - 1948 BARBERSCIENCE","isPartOf":{"@id":"https:\/\/www.barberiayciencia.com\/#website"},"datePublished":"2019-09-04T08:49:16+00:00","dateModified":"2025-02-26T06:10:33+00:00","breadcrumb":{"@id":"https:\/\/www.barberiayciencia.com\/pt-pt\/aviso-legal\/#breadcrumb"},"inLanguage":"pt-PT","potentialAction":[{"@type":"ReadAction","target":["https:\/\/www.barberiayciencia.com\/pt-pt\/aviso-legal\/"]}]},{"@type":"BreadcrumbList","@id":"https:\/\/www.barberiayciencia.com\/pt-pt\/aviso-legal\/#breadcrumb","itemListElement":[{"@type":"ListItem","position":1,"name":"Portada","item":"https:\/\/www.barberiayciencia.com\/pt-pt\/"},{"@type":"ListItem","position":2,"name":"Aviso legal"}]},{"@type":"WebSite","@id":"https:\/\/www.barberiayciencia.com\/#website","url":"https:\/\/www.barberiayciencia.com\/","name":"1948 BARBERSCIENCE","description":"Alta Cosm\u00e9tica Capilar para Barbershops","publisher":{"@id":"https:\/\/www.barberiayciencia.com\/#organization"},"potentialAction":[{"@type":"SearchAction","target":{"@type":"EntryPoint","urlTemplate":"https:\/\/www.barberiayciencia.com\/?s={search_term_string}"},"query-input":{"@type":"PropertyValueSpecification","valueRequired":true,"valueName":"search_term_string"}}],"inLanguage":"pt-PT"},{"@type":"Organization","@id":"https:\/\/www.barberiayciencia.com\/#organization","name":"1948 BARBERSCIENCE","url":"https:\/\/www.barberiayciencia.com\/","logo":{"@type":"ImageObject","inLanguage":"pt-PT","@id":"https:\/\/www.barberiayciencia.com\/#\/schema\/logo\/image\/","url":"https:\/\/www.barberiayciencia.com\/wp-content\/uploads\/2023\/06\/logo-300x159bn.png","contentUrl":"https:\/\/www.barberiayciencia.com\/wp-content\/uploads\/2023\/06\/logo-300x159bn.png","width":300,"height":159,"caption":"1948 BARBERSCIENCE"},"image":{"@id":"https:\/\/www.barberiayciencia.com\/#\/schema\/logo\/image\/"},"sameAs":["https:\/\/www.facebook.com\/1948barberscience","https:\/\/www.instagram.com\/1948barberscience\/"]}]}},"_links":{"self":[{"href":"https:\/\/www.barberiayciencia.com\/pt-pt\/wp-json\/wp\/v2\/pages\/5950","targetHints":{"allow":["GET"]}}],"collection":[{"href":"https:\/\/www.barberiayciencia.com\/pt-pt\/wp-json\/wp\/v2\/pages"}],"about":[{"href":"https:\/\/www.barberiayciencia.com\/pt-pt\/wp-json\/wp\/v2\/types\/page"}],"author":[{"embeddable":true,"href":"https:\/\/www.barberiayciencia.com\/pt-pt\/wp-json\/wp\/v2\/users\/3"}],"replies":[{"embeddable":true,"href":"https:\/\/www.barberiayciencia.com\/pt-pt\/wp-json\/wp\/v2\/comments?post=5950"}],"version-history":[{"count":2,"href":"https:\/\/www.barberiayciencia.com\/pt-pt\/wp-json\/wp\/v2\/pages\/5950\/revisions"}],"predecessor-version":[{"id":5953,"href":"https:\/\/www.barberiayciencia.com\/pt-pt\/wp-json\/wp\/v2\/pages\/5950\/revisions\/5953"}],"wp:attachment":[{"href":"https:\/\/www.barberiayciencia.com\/pt-pt\/wp-json\/wp\/v2\/media?parent=5950"}],"curies":[{"name":"wp","href":"https:\/\/api.w.org\/{rel}","templated":true}]}}