{"id":5681,"date":"2023-03-26T20:00:45","date_gmt":"2023-03-26T18:00:45","guid":{"rendered":"https:\/\/www.barberiayciencia.com\/producto\/cannabis-barber-powder\/"},"modified":"2025-07-18T19:16:53","modified_gmt":"2025-07-18T17:16:53","slug":"cannabis-barber-powder","status":"publish","type":"product","link":"https:\/\/www.barberiayciencia.com\/en\/producto\/cannabis-barber-powder\/","title":{"rendered":"THERAPEUTIC BARBER POWDER CANNABIS"},"content":{"rendered":"<p>Powder Wax THERAPEUTIC BARBER POWDER with natural Cannabis extract. Gentle on hair like no other. Offers hold, volume, and manageability with a natural matte effect. The only one with the &#8220;anti-clump system&#8221; that guarantees fine powder every time. The only powder on the market with active ingredients that treat and care for your hair. Shake before each use.<\/p>\n<blockquote class=\"instagram-media\" style=\"background: #FFF; border: 0; border-radius: 3px; box-shadow: 0 0 1px 0 rgba(0,0,0,0.5),0 1px 10px 0 rgba(0,0,0,0.15); margin: 1px; max-width: 540px; min-width: 326px; padding: 0; width: calc(100% - 2px);\" data-instgrm-captioned=\"\" data-instgrm-permalink=\"https:\/\/www.instagram.com\/p\/CqNi7kHgJQ5\/?utm_source=ig_embed&amp;utm_campaign=loading\" data-instgrm-version=\"14\">\n<div style=\"padding: 16px;\">\n<div style=\"display: flex; flex-direction: row; align-items: center;\">\n<div style=\"background-color: #f4f4f4; border-radius: 50%; flex-grow: 0; height: 40px; margin-right: 14px; width: 40px;\"><\/div>\n<div style=\"display: flex; flex-direction: column; flex-grow: 1; justify-content: center;\">\n<div style=\"background-color: #f4f4f4; border-radius: 4px; flex-grow: 0; height: 14px; margin-bottom: 6px; width: 100px;\"><\/div>\n<div style=\"background-color: #f4f4f4; border-radius: 4px; flex-grow: 0; height: 14px; width: 60px;\"><\/div>\n<\/div>\n<\/div>\n<div style=\"padding: 19% 0;\"><\/div>\n<div style=\"display: block; height: 50px; margin: 0 auto 12px; width: 50px;\"><\/div>\n<div style=\"padding-top: 8px;\">\n<div style=\"color: #3897f0; font-family: Arial,sans-serif; font-size: 14px; font-style: normal; font-weight: 550; line-height: 18px;\">View this post on Instagram<\/div>\n<\/div>\n<div style=\"padding: 12.5% 0;\"><\/div>\n<div style=\"display: flex; flex-direction: row; margin-bottom: 14px; align-items: center;\">\n<div>\n<div style=\"background-color: #f4f4f4; border-radius: 50%; height: 12.5px; width: 12.5px; transform: translateX(0px) translateY(7px);\"><\/div>\n<div style=\"background-color: #f4f4f4; height: 12.5px; transform: rotate(-45deg) translateX(3px) translateY(1px); width: 12.5px; flex-grow: 0; margin-right: 14px; margin-left: 2px;\"><\/div>\n<div style=\"background-color: #f4f4f4; border-radius: 50%; height: 12.5px; width: 12.5px; transform: translateX(9px) translateY(-18px);\"><\/div>\n<\/div>\n<div style=\"margin-left: 8px;\">\n<div style=\"background-color: #f4f4f4; border-radius: 50%; flex-grow: 0; height: 20px; width: 20px;\"><\/div>\n<div style=\"width: 0; height: 0; border-top: 2px solid transparent; border-left: 6px solid #f4f4f4; border-bottom: 2px solid transparent; transform: translateX(16px) translateY(-4px) rotate(30deg);\"><\/div>\n<\/div>\n<div style=\"margin-left: auto;\">\n<div style=\"width: 0px; border-top: 8px solid #F4F4F4; border-right: 8px solid transparent; transform: translateY(16px);\"><\/div>\n<div style=\"background-color: #f4f4f4; flex-grow: 0; height: 12px; width: 16px; transform: translateY(-4px);\"><\/div>\n<div style=\"width: 0; height: 0; border-top: 8px solid #F4F4F4; border-left: 8px solid transparent; transform: translateY(-4px) translateX(8px);\"><\/div>\n<\/div>\n<\/div>\n<div style=\"display: flex; flex-direction: column; flex-grow: 1; justify-content: center; margin-bottom: 24px;\">\n<div style=\"background-color: #f4f4f4; border-radius: 4px; flex-grow: 0; height: 14px; margin-bottom: 6px; width: 224px;\"><\/div>\n<div style=\"background-color: #f4f4f4; border-radius: 4px; flex-grow: 0; height: 14px; width: 144px;\"><\/div>\n<\/div>\n<p>&nbsp;<\/p>\n<p style=\"color: #c9c8cd; font-family: Arial,sans-serif; font-size: 14px; line-height: 17px; margin-bottom: 0; margin-top: 8px; overflow: hidden; padding: 8px 0 7px; text-align: center; text-overflow: ellipsis; white-space: nowrap;\"><a style=\"color: #c9c8cd; font-family: Arial,sans-serif; font-size: 14px; font-style: normal; font-weight: normal; line-height: 17px; text-decoration: none;\" href=\"https:\/\/www.instagram.com\/p\/CqNi7kHgJQ5\/?utm_source=ig_embed&amp;utm_campaign=loading\" target=\"_blank\" rel=\"noopener\">A post shared by 1948 BARBERSCIENCE (@1948barberscience)<\/a><\/p>\n<\/div>\n<\/blockquote>\n<p><script async src=\"\/\/www.instagram.com\/embed.js\"><\/script><\/p>\n","protected":false},"excerpt":{"rendered":"<p>CANNABIS BARBER POWDER 25 gr.<\/p>\n","protected":false},"featured_media":6458,"comment_status":"open","ping_status":"closed","template":"","meta":{"_joinchat":[]},"product_brand":[],"product_cat":[231,234],"product_tag":[],"class_list":{"0":"post-5681","1":"product","2":"type-product","3":"status-publish","4":"has-post-thumbnail","6":"product_cat-acabado-y-fijacion-en","7":"product_cat-volumen-y-textura-en","9":"first","10":"instock","11":"featured","12":"taxable","13":"shipping-taxable","14":"purchasable","15":"product-type-simple"},"yoast_head":"<!-- This site is optimized with the Yoast SEO plugin v27.2 - https:\/\/yoast.com\/product\/yoast-seo-wordpress\/ -->\n<title>THERAPEUTIC BARBER POWDER CANNABIS - 1948 BARBERSCIENCE<\/title>\n<meta name=\"description\" content=\"Cera en polvo CANNABIS BARBER POWDER con extracto natural de Cannabis. Respetuoso con el cabello como ninguno. Ofrece fijaci\u00f3n, volumen y peinabilidad con efecto natural y mate. El \u00fanico con &quot;sistema antigrumos&quot; que garantiza polvo fino siempre. El \u00fanico polvo del mercado con principios activos que tratan y cuidan tu cabello.\u00a0 Agitar antes de cada uso.\" \/>\n<meta name=\"robots\" content=\"index, follow, max-snippet:-1, max-image-preview:large, max-video-preview:-1\" \/>\n<link rel=\"canonical\" href=\"https:\/\/www.barberiayciencia.com\/en\/producto\/cannabis-barber-powder\/\" \/>\n<meta property=\"og:locale\" content=\"en_US\" \/>\n<meta property=\"og:type\" content=\"article\" \/>\n<meta property=\"og:title\" content=\"THERAPEUTIC BARBER POWDER CANNABIS - 1948 BARBERSCIENCE\" \/>\n<meta property=\"og:description\" content=\"Cera en polvo CANNABIS BARBER POWDER con extracto natural de Cannabis. Respetuoso con el cabello como ninguno. Ofrece fijaci\u00f3n, volumen y peinabilidad con efecto natural y mate. El \u00fanico con &quot;sistema antigrumos&quot; que garantiza polvo fino siempre. El \u00fanico polvo del mercado con principios activos que tratan y cuidan tu cabello.\u00a0 Agitar antes de cada uso.\" \/>\n<meta property=\"og:url\" content=\"https:\/\/www.barberiayciencia.com\/en\/producto\/cannabis-barber-powder\/\" \/>\n<meta property=\"og:site_name\" content=\"1948 BARBERSCIENCE\" \/>\n<meta property=\"article:publisher\" content=\"https:\/\/www.facebook.com\/1948barberscience\" \/>\n<meta property=\"article:modified_time\" content=\"2025-07-18T17:16:53+00:00\" \/>\n<meta property=\"og:image\" content=\"https:\/\/www.barberiayciencia.com\/wp-content\/uploads\/2023\/03\/therapeuticbarberpowder.jpg\" \/>\n\t<meta property=\"og:image:width\" content=\"800\" \/>\n\t<meta property=\"og:image:height\" content=\"800\" \/>\n\t<meta property=\"og:image:type\" content=\"image\/jpeg\" \/>\n<meta name=\"twitter:card\" content=\"summary_large_image\" \/>\n<meta name=\"twitter:label1\" content=\"Est. reading time\" \/>\n\t<meta name=\"twitter:data1\" content=\"1 minute\" \/>\n<script type=\"application\/ld+json\" class=\"yoast-schema-graph\">{\"@context\":\"https:\/\/schema.org\",\"@graph\":[{\"@type\":\"WebPage\",\"@id\":\"https:\/\/www.barberiayciencia.com\/en\/producto\/cannabis-barber-powder\/\",\"url\":\"https:\/\/www.barberiayciencia.com\/en\/producto\/cannabis-barber-powder\/\",\"name\":\"THERAPEUTIC BARBER POWDER CANNABIS - 1948 BARBERSCIENCE\",\"isPartOf\":{\"@id\":\"https:\/\/www.barberiayciencia.com\/#website\"},\"primaryImageOfPage\":{\"@id\":\"https:\/\/www.barberiayciencia.com\/en\/producto\/cannabis-barber-powder\/#primaryimage\"},\"image\":{\"@id\":\"https:\/\/www.barberiayciencia.com\/en\/producto\/cannabis-barber-powder\/#primaryimage\"},\"thumbnailUrl\":\"https:\/\/www.barberiayciencia.com\/wp-content\/uploads\/2023\/03\/therapeuticbarberpowder.jpg\",\"datePublished\":\"2023-03-26T18:00:45+00:00\",\"dateModified\":\"2025-07-18T17:16:53+00:00\",\"description\":\"Cera en polvo CANNABIS BARBER POWDER con extracto natural de Cannabis. Respetuoso con el cabello como ninguno. Ofrece fijaci\u00f3n, volumen y peinabilidad con efecto natural y mate. El \u00fanico con \\\"sistema antigrumos\\\" que garantiza polvo fino siempre. El \u00fanico polvo del mercado con principios activos que tratan y cuidan tu cabello.\u00a0 Agitar antes de cada uso.\",\"breadcrumb\":{\"@id\":\"https:\/\/www.barberiayciencia.com\/en\/producto\/cannabis-barber-powder\/#breadcrumb\"},\"inLanguage\":\"en-US\",\"potentialAction\":[{\"@type\":\"ReadAction\",\"target\":[\"https:\/\/www.barberiayciencia.com\/en\/producto\/cannabis-barber-powder\/\"]}]},{\"@type\":\"ImageObject\",\"inLanguage\":\"en-US\",\"@id\":\"https:\/\/www.barberiayciencia.com\/en\/producto\/cannabis-barber-powder\/#primaryimage\",\"url\":\"https:\/\/www.barberiayciencia.com\/wp-content\/uploads\/2023\/03\/therapeuticbarberpowder.jpg\",\"contentUrl\":\"https:\/\/www.barberiayciencia.com\/wp-content\/uploads\/2023\/03\/therapeuticbarberpowder.jpg\",\"width\":800,\"height\":800,\"caption\":\"THERAPEUTIC BARBER POWDER CANNABIS\"},{\"@type\":\"BreadcrumbList\",\"@id\":\"https:\/\/www.barberiayciencia.com\/en\/producto\/cannabis-barber-powder\/#breadcrumb\",\"itemListElement\":[{\"@type\":\"ListItem\",\"position\":1,\"name\":\"Portada\",\"item\":\"https:\/\/www.barberiayciencia.com\/en\/\"},{\"@type\":\"ListItem\",\"position\":2,\"name\":\"Online Store\",\"item\":\"https:\/\/www.barberiayciencia.com\/en\/tienda-online\/\"},{\"@type\":\"ListItem\",\"position\":3,\"name\":\"THERAPEUTIC BARBER POWDER CANNABIS\"}]},{\"@type\":\"WebSite\",\"@id\":\"https:\/\/www.barberiayciencia.com\/#website\",\"url\":\"https:\/\/www.barberiayciencia.com\/\",\"name\":\"1948 BARBERSCIENCE\",\"description\":\"Alta Cosm\u00e9tica Capilar para Barbershops\",\"publisher\":{\"@id\":\"https:\/\/www.barberiayciencia.com\/#organization\"},\"potentialAction\":[{\"@type\":\"SearchAction\",\"target\":{\"@type\":\"EntryPoint\",\"urlTemplate\":\"https:\/\/www.barberiayciencia.com\/?s={search_term_string}\"},\"query-input\":{\"@type\":\"PropertyValueSpecification\",\"valueRequired\":true,\"valueName\":\"search_term_string\"}}],\"inLanguage\":\"en-US\"},{\"@type\":\"Organization\",\"@id\":\"https:\/\/www.barberiayciencia.com\/#organization\",\"name\":\"1948 BARBERSCIENCE\",\"url\":\"https:\/\/www.barberiayciencia.com\/\",\"logo\":{\"@type\":\"ImageObject\",\"inLanguage\":\"en-US\",\"@id\":\"https:\/\/www.barberiayciencia.com\/#\/schema\/logo\/image\/\",\"url\":\"https:\/\/www.barberiayciencia.com\/wp-content\/uploads\/2023\/06\/logo-300x159bn.png\",\"contentUrl\":\"https:\/\/www.barberiayciencia.com\/wp-content\/uploads\/2023\/06\/logo-300x159bn.png\",\"width\":300,\"height\":159,\"caption\":\"1948 BARBERSCIENCE\"},\"image\":{\"@id\":\"https:\/\/www.barberiayciencia.com\/#\/schema\/logo\/image\/\"},\"sameAs\":[\"https:\/\/www.facebook.com\/1948barberscience\",\"https:\/\/www.instagram.com\/1948barberscience\/\"]}]}<\/script>\n<!-- \/ Yoast SEO plugin. -->","yoast_head_json":{"title":"THERAPEUTIC BARBER POWDER CANNABIS - 1948 BARBERSCIENCE","description":"Cera en polvo CANNABIS BARBER POWDER con extracto natural de Cannabis. Respetuoso con el cabello como ninguno. Ofrece fijaci\u00f3n, volumen y peinabilidad con efecto natural y mate. El \u00fanico con \"sistema antigrumos\" que garantiza polvo fino siempre. El \u00fanico polvo del mercado con principios activos que tratan y cuidan tu cabello.\u00a0 Agitar antes de cada uso.","robots":{"index":"index","follow":"follow","max-snippet":"max-snippet:-1","max-image-preview":"max-image-preview:large","max-video-preview":"max-video-preview:-1"},"canonical":"https:\/\/www.barberiayciencia.com\/en\/producto\/cannabis-barber-powder\/","og_locale":"en_US","og_type":"article","og_title":"THERAPEUTIC BARBER POWDER CANNABIS - 1948 BARBERSCIENCE","og_description":"Cera en polvo CANNABIS BARBER POWDER con extracto natural de Cannabis. Respetuoso con el cabello como ninguno. Ofrece fijaci\u00f3n, volumen y peinabilidad con efecto natural y mate. El \u00fanico con \"sistema antigrumos\" que garantiza polvo fino siempre. El \u00fanico polvo del mercado con principios activos que tratan y cuidan tu cabello.\u00a0 Agitar antes de cada uso.","og_url":"https:\/\/www.barberiayciencia.com\/en\/producto\/cannabis-barber-powder\/","og_site_name":"1948 BARBERSCIENCE","article_publisher":"https:\/\/www.facebook.com\/1948barberscience","article_modified_time":"2025-07-18T17:16:53+00:00","og_image":[{"width":800,"height":800,"url":"https:\/\/www.barberiayciencia.com\/wp-content\/uploads\/2023\/03\/therapeuticbarberpowder.jpg","type":"image\/jpeg"}],"twitter_card":"summary_large_image","twitter_misc":{"Est. reading time":"1 minute"},"schema":{"@context":"https:\/\/schema.org","@graph":[{"@type":"WebPage","@id":"https:\/\/www.barberiayciencia.com\/en\/producto\/cannabis-barber-powder\/","url":"https:\/\/www.barberiayciencia.com\/en\/producto\/cannabis-barber-powder\/","name":"THERAPEUTIC BARBER POWDER CANNABIS - 1948 BARBERSCIENCE","isPartOf":{"@id":"https:\/\/www.barberiayciencia.com\/#website"},"primaryImageOfPage":{"@id":"https:\/\/www.barberiayciencia.com\/en\/producto\/cannabis-barber-powder\/#primaryimage"},"image":{"@id":"https:\/\/www.barberiayciencia.com\/en\/producto\/cannabis-barber-powder\/#primaryimage"},"thumbnailUrl":"https:\/\/www.barberiayciencia.com\/wp-content\/uploads\/2023\/03\/therapeuticbarberpowder.jpg","datePublished":"2023-03-26T18:00:45+00:00","dateModified":"2025-07-18T17:16:53+00:00","description":"Cera en polvo CANNABIS BARBER POWDER con extracto natural de Cannabis. Respetuoso con el cabello como ninguno. Ofrece fijaci\u00f3n, volumen y peinabilidad con efecto natural y mate. El \u00fanico con \"sistema antigrumos\" que garantiza polvo fino siempre. El \u00fanico polvo del mercado con principios activos que tratan y cuidan tu cabello.\u00a0 Agitar antes de cada uso.","breadcrumb":{"@id":"https:\/\/www.barberiayciencia.com\/en\/producto\/cannabis-barber-powder\/#breadcrumb"},"inLanguage":"en-US","potentialAction":[{"@type":"ReadAction","target":["https:\/\/www.barberiayciencia.com\/en\/producto\/cannabis-barber-powder\/"]}]},{"@type":"ImageObject","inLanguage":"en-US","@id":"https:\/\/www.barberiayciencia.com\/en\/producto\/cannabis-barber-powder\/#primaryimage","url":"https:\/\/www.barberiayciencia.com\/wp-content\/uploads\/2023\/03\/therapeuticbarberpowder.jpg","contentUrl":"https:\/\/www.barberiayciencia.com\/wp-content\/uploads\/2023\/03\/therapeuticbarberpowder.jpg","width":800,"height":800,"caption":"THERAPEUTIC BARBER POWDER CANNABIS"},{"@type":"BreadcrumbList","@id":"https:\/\/www.barberiayciencia.com\/en\/producto\/cannabis-barber-powder\/#breadcrumb","itemListElement":[{"@type":"ListItem","position":1,"name":"Portada","item":"https:\/\/www.barberiayciencia.com\/en\/"},{"@type":"ListItem","position":2,"name":"Online Store","item":"https:\/\/www.barberiayciencia.com\/en\/tienda-online\/"},{"@type":"ListItem","position":3,"name":"THERAPEUTIC BARBER POWDER CANNABIS"}]},{"@type":"WebSite","@id":"https:\/\/www.barberiayciencia.com\/#website","url":"https:\/\/www.barberiayciencia.com\/","name":"1948 BARBERSCIENCE","description":"Alta Cosm\u00e9tica Capilar para Barbershops","publisher":{"@id":"https:\/\/www.barberiayciencia.com\/#organization"},"potentialAction":[{"@type":"SearchAction","target":{"@type":"EntryPoint","urlTemplate":"https:\/\/www.barberiayciencia.com\/?s={search_term_string}"},"query-input":{"@type":"PropertyValueSpecification","valueRequired":true,"valueName":"search_term_string"}}],"inLanguage":"en-US"},{"@type":"Organization","@id":"https:\/\/www.barberiayciencia.com\/#organization","name":"1948 BARBERSCIENCE","url":"https:\/\/www.barberiayciencia.com\/","logo":{"@type":"ImageObject","inLanguage":"en-US","@id":"https:\/\/www.barberiayciencia.com\/#\/schema\/logo\/image\/","url":"https:\/\/www.barberiayciencia.com\/wp-content\/uploads\/2023\/06\/logo-300x159bn.png","contentUrl":"https:\/\/www.barberiayciencia.com\/wp-content\/uploads\/2023\/06\/logo-300x159bn.png","width":300,"height":159,"caption":"1948 BARBERSCIENCE"},"image":{"@id":"https:\/\/www.barberiayciencia.com\/#\/schema\/logo\/image\/"},"sameAs":["https:\/\/www.facebook.com\/1948barberscience","https:\/\/www.instagram.com\/1948barberscience\/"]}]}},"_links":{"self":[{"href":"https:\/\/www.barberiayciencia.com\/en\/wp-json\/wp\/v2\/product\/5681","targetHints":{"allow":["GET"]}}],"collection":[{"href":"https:\/\/www.barberiayciencia.com\/en\/wp-json\/wp\/v2\/product"}],"about":[{"href":"https:\/\/www.barberiayciencia.com\/en\/wp-json\/wp\/v2\/types\/product"}],"replies":[{"embeddable":true,"href":"https:\/\/www.barberiayciencia.com\/en\/wp-json\/wp\/v2\/comments?post=5681"}],"wp:featuredmedia":[{"embeddable":true,"href":"https:\/\/www.barberiayciencia.com\/en\/wp-json\/wp\/v2\/media\/6458"}],"wp:attachment":[{"href":"https:\/\/www.barberiayciencia.com\/en\/wp-json\/wp\/v2\/media?parent=5681"}],"wp:term":[{"taxonomy":"product_brand","embeddable":true,"href":"https:\/\/www.barberiayciencia.com\/en\/wp-json\/wp\/v2\/product_brand?post=5681"},{"taxonomy":"product_cat","embeddable":true,"href":"https:\/\/www.barberiayciencia.com\/en\/wp-json\/wp\/v2\/product_cat?post=5681"},{"taxonomy":"product_tag","embeddable":true,"href":"https:\/\/www.barberiayciencia.com\/en\/wp-json\/wp\/v2\/product_tag?post=5681"}],"curies":[{"name":"wp","href":"https:\/\/api.w.org\/{rel}","templated":true}]}}