{"id":5610,"date":"2020-01-20T15:42:22","date_gmt":"2020-01-20T14:42:22","guid":{"rendered":"https:\/\/www.barberiayciencia.com\/formas-de-pago\/"},"modified":"2025-02-26T07:51:19","modified_gmt":"2025-02-26T06:51:19","slug":"formas-de-pago","status":"publish","type":"page","link":"https:\/\/www.barberiayciencia.com\/en\/formas-de-pago\/","title":{"rendered":"Payment Methods"},"content":{"rendered":"<section class=\"l-section wpb_row height_custom\"><div class=\"l-section-h i-cf\"><div class=\"g-cols vc_row via_flex valign_top type_default stacking_default\"><div class=\"vc_col-sm-2 wpb_column vc_column_container\"><div class=\"vc_column-inner\"><div class=\"wpb_wrapper\"><div class=\"w-iconbox iconpos_left style_default color_primary align_left no_text no_title\"><div class=\"w-iconbox-icon\" style=\"font-size:4rem;\"><i class=\"far fa-cash-register\"><\/i><\/div><div class=\"w-iconbox-meta\"><\/div><\/div><\/div><\/div><\/div><div class=\"vc_col-sm-10 wpb_column vc_column_container\"><div class=\"vc_column-inner\"><div class=\"wpb_wrapper\"><div class=\"wpb_text_column\"><div class=\"wpb_wrapper\"><h4>Formas de pago aceptadas<\/h4>\n<p><strong>Visa\/Mastercard\/Paypal<\/strong><\/p>\n<p>Se puede pagar con tarjeta de cr\u00e9dito (Visa, Mastercard, etc.). Tambi\u00e9n ofrecemos la posibilidad de pagar mediante Paypal, ya que permite pagar de manera sencilla y segura sin la necesidad de crear una nueva cuenta en PayPal.<\/p>\n<p>PayPal protege su informaci\u00f3n financiera con sistemas de prevenci\u00f3n de fraudes y de seguridad l\u00edderes del sector. PayPal es un sistema de pago online de reconocido prestigio internacional. Cuando se utiliza PayPal, la informaci\u00f3n financiera nunca se comparte con el vendedor. Una vez completado el pago, se le enviar\u00e1 el recibo de la transacci\u00f3n por correo electr\u00f3nico.<\/p>\n<p><strong>Transferencia Bancaria<\/strong><\/p>\n<p>Tambi\u00e9n podr\u00e1s realizar los pagos mediante transferencia bancaria.<\/p>\n<p>La transferencia bancaria o ingreso en cuenta es el sistema preferido por las personas que dudan del pago online o del uso de la tarjeta de cr\u00e9dito en Internet. El pago por transferencia bancaria o ingreso en cuenta es el sistema m\u00e1s seguro, aunque poco a poco se va relegando a un segundo plano debido a la eficacia y r\u00e1pidez de otras formas de pago.<\/p>\n<p>La transferencia bancaria o ingreso en cuenta supone un retraso en la gesti\u00f3n de su compra, ya que el pedido no entrar\u00e1 en el proceso de preparaci\u00f3n hasta que no se haya confirmado la realizaci\u00f3n de la transferencia<\/p>\n<p>Los datos que necesitas para hacer la transferencia te aparecer\u00e1n una vez confirmada el pedido.<\/p>\n<p>Le sugerimos que, haga constar el n\u00famero de pedido o nombre del comprador en la descripci\u00f3n del movimiento bancario. Tambi\u00e9n tiene la opci\u00f3n de enviar mediante nuestro formulario de contacto una copia del resguardo. Las transferencias bancarias suelen tardar entre 1 y 2 d\u00edas laborables.<\/p>\n<p class=\"wysiwyg-text-align-justify\"><strong>Contra Reembolso<\/strong><\/p>\n<p>Con esta forma de pago puedes pagar el importe total del pedido al transportista en el momento de la entrega.<\/p>\n<p>La empresa de mensajer\u00eda no est\u00e1 obligada a llevar cambio, por lo que recomendamos tener el dinero exacto preparado.<\/p>\n<p>Para finalizar la compra, solo tendr\u00e1 que hacer el pedido en el carrito de la compra y escoger la forma de pago. Una vez realizado el pago, el pedido se pondr\u00e1 autom\u00e1ticamente en proceso de env\u00edo. El posible coste de la transferencia corre a cargo del cliente.<\/p>\n<\/div><\/div><\/div><\/div><\/div><\/div><\/div><\/section><section class=\"l-section wpb_row height_custom\"><div class=\"l-section-h i-cf\"><div class=\"g-cols vc_row via_flex valign_top type_default stacking_default\"><div class=\"vc_col-sm-2 wpb_column vc_column_container\"><div class=\"vc_column-inner\"><div class=\"wpb_wrapper\"><div class=\"w-iconbox iconpos_left style_default color_primary align_left no_text no_title\"><div class=\"w-iconbox-icon\" style=\"font-size:4rem;\"><i class=\"far fa-user-lock\"><\/i><\/div><div class=\"w-iconbox-meta\"><\/div><\/div><\/div><\/div><\/div><div class=\"vc_col-sm-10 wpb_column vc_column_container\"><div class=\"vc_column-inner\"><div class=\"wpb_wrapper\"><div class=\"wpb_text_column\"><div class=\"wpb_wrapper\"><h4>Seguridad de Pago<\/h4>\n<p>1948 BARBERSCIENCE garantiza la seguridad de las transacciones y pagos con nuestros clientes y trabajamos con los m\u00e9todos de pago m\u00e1s seguros (VISA, PayPal, transferencia bancaria). No te preocupes por tus datos personales ya que est\u00e1n protegidos y asegurados mediante el certificado SSL.<\/p>\n<\/div><\/div><\/div><\/div><\/div><\/div><\/div><\/section>\n","protected":false},"excerpt":{"rendered":"Formas de pago aceptadas Visa\/Mastercard\/Paypal Se puede pagar con tarjeta de cr\u00e9dito (Visa, Mastercard, etc.). Tambi\u00e9n ofrecemos la posibilidad de pagar mediante Paypal, ya que permite pagar de manera sencilla y segura sin la necesidad de crear una nueva cuenta en PayPal. PayPal protege su informaci\u00f3n financiera con sistemas de prevenci\u00f3n de fraudes y de...","protected":false},"author":3,"featured_media":0,"parent":0,"menu_order":0,"comment_status":"closed","ping_status":"closed","template":"","meta":{"_joinchat":[],"footnotes":""},"class_list":["post-5610","page","type-page","status-publish","hentry"],"yoast_head":"<!-- This site is optimized with the Yoast SEO plugin v27.2 - https:\/\/yoast.com\/product\/yoast-seo-wordpress\/ -->\n<title>Payment Methods - 1948 BARBERSCIENCE<\/title>\n<meta name=\"robots\" content=\"index, follow, max-snippet:-1, max-image-preview:large, max-video-preview:-1\" \/>\n<link rel=\"canonical\" href=\"https:\/\/www.barberiayciencia.com\/formas-de-pago\/\" \/>\n<meta property=\"og:locale\" content=\"en_US\" \/>\n<meta property=\"og:type\" content=\"article\" \/>\n<meta property=\"og:title\" content=\"Payment Methods - 1948 BARBERSCIENCE\" \/>\n<meta property=\"og:url\" content=\"https:\/\/www.barberiayciencia.com\/formas-de-pago\/\" \/>\n<meta property=\"og:site_name\" content=\"1948 BARBERSCIENCE\" \/>\n<meta property=\"article:publisher\" content=\"https:\/\/www.facebook.com\/1948barberscience\" \/>\n<meta property=\"article:modified_time\" content=\"2025-02-26T06:51:19+00:00\" \/>\n<meta name=\"twitter:card\" content=\"summary_large_image\" \/>\n<meta name=\"twitter:label1\" content=\"Est. reading time\" \/>\n\t<meta name=\"twitter:data1\" content=\"2 minutes\" \/>\n<script type=\"application\/ld+json\" class=\"yoast-schema-graph\">{\"@context\":\"https:\/\/schema.org\",\"@graph\":[{\"@type\":\"WebPage\",\"@id\":\"https:\/\/www.barberiayciencia.com\/formas-de-pago\/\",\"url\":\"https:\/\/www.barberiayciencia.com\/formas-de-pago\/\",\"name\":\"Payment Methods - 1948 BARBERSCIENCE\",\"isPartOf\":{\"@id\":\"https:\/\/www.barberiayciencia.com\/#website\"},\"datePublished\":\"2020-01-20T14:42:22+00:00\",\"dateModified\":\"2025-02-26T06:51:19+00:00\",\"breadcrumb\":{\"@id\":\"https:\/\/www.barberiayciencia.com\/formas-de-pago\/#breadcrumb\"},\"inLanguage\":\"en-US\",\"potentialAction\":[{\"@type\":\"ReadAction\",\"target\":[\"https:\/\/www.barberiayciencia.com\/formas-de-pago\/\"]}]},{\"@type\":\"BreadcrumbList\",\"@id\":\"https:\/\/www.barberiayciencia.com\/formas-de-pago\/#breadcrumb\",\"itemListElement\":[{\"@type\":\"ListItem\",\"position\":1,\"name\":\"Portada\",\"item\":\"https:\/\/www.barberiayciencia.com\/en\/\"},{\"@type\":\"ListItem\",\"position\":2,\"name\":\"Payment Methods\"}]},{\"@type\":\"WebSite\",\"@id\":\"https:\/\/www.barberiayciencia.com\/#website\",\"url\":\"https:\/\/www.barberiayciencia.com\/\",\"name\":\"1948 BARBERSCIENCE\",\"description\":\"Alta Cosm\u00e9tica Capilar para Barbershops\",\"publisher\":{\"@id\":\"https:\/\/www.barberiayciencia.com\/#organization\"},\"potentialAction\":[{\"@type\":\"SearchAction\",\"target\":{\"@type\":\"EntryPoint\",\"urlTemplate\":\"https:\/\/www.barberiayciencia.com\/?s={search_term_string}\"},\"query-input\":{\"@type\":\"PropertyValueSpecification\",\"valueRequired\":true,\"valueName\":\"search_term_string\"}}],\"inLanguage\":\"en-US\"},{\"@type\":\"Organization\",\"@id\":\"https:\/\/www.barberiayciencia.com\/#organization\",\"name\":\"1948 BARBERSCIENCE\",\"url\":\"https:\/\/www.barberiayciencia.com\/\",\"logo\":{\"@type\":\"ImageObject\",\"inLanguage\":\"en-US\",\"@id\":\"https:\/\/www.barberiayciencia.com\/#\/schema\/logo\/image\/\",\"url\":\"https:\/\/www.barberiayciencia.com\/wp-content\/uploads\/2023\/06\/logo-300x159bn.png\",\"contentUrl\":\"https:\/\/www.barberiayciencia.com\/wp-content\/uploads\/2023\/06\/logo-300x159bn.png\",\"width\":300,\"height\":159,\"caption\":\"1948 BARBERSCIENCE\"},\"image\":{\"@id\":\"https:\/\/www.barberiayciencia.com\/#\/schema\/logo\/image\/\"},\"sameAs\":[\"https:\/\/www.facebook.com\/1948barberscience\",\"https:\/\/www.instagram.com\/1948barberscience\/\"]}]}<\/script>\n<!-- \/ Yoast SEO plugin. -->","yoast_head_json":{"title":"Payment Methods - 1948 BARBERSCIENCE","robots":{"index":"index","follow":"follow","max-snippet":"max-snippet:-1","max-image-preview":"max-image-preview:large","max-video-preview":"max-video-preview:-1"},"canonical":"https:\/\/www.barberiayciencia.com\/formas-de-pago\/","og_locale":"en_US","og_type":"article","og_title":"Payment Methods - 1948 BARBERSCIENCE","og_url":"https:\/\/www.barberiayciencia.com\/formas-de-pago\/","og_site_name":"1948 BARBERSCIENCE","article_publisher":"https:\/\/www.facebook.com\/1948barberscience","article_modified_time":"2025-02-26T06:51:19+00:00","twitter_card":"summary_large_image","twitter_misc":{"Est. reading time":"2 minutes"},"schema":{"@context":"https:\/\/schema.org","@graph":[{"@type":"WebPage","@id":"https:\/\/www.barberiayciencia.com\/formas-de-pago\/","url":"https:\/\/www.barberiayciencia.com\/formas-de-pago\/","name":"Payment Methods - 1948 BARBERSCIENCE","isPartOf":{"@id":"https:\/\/www.barberiayciencia.com\/#website"},"datePublished":"2020-01-20T14:42:22+00:00","dateModified":"2025-02-26T06:51:19+00:00","breadcrumb":{"@id":"https:\/\/www.barberiayciencia.com\/formas-de-pago\/#breadcrumb"},"inLanguage":"en-US","potentialAction":[{"@type":"ReadAction","target":["https:\/\/www.barberiayciencia.com\/formas-de-pago\/"]}]},{"@type":"BreadcrumbList","@id":"https:\/\/www.barberiayciencia.com\/formas-de-pago\/#breadcrumb","itemListElement":[{"@type":"ListItem","position":1,"name":"Portada","item":"https:\/\/www.barberiayciencia.com\/en\/"},{"@type":"ListItem","position":2,"name":"Payment Methods"}]},{"@type":"WebSite","@id":"https:\/\/www.barberiayciencia.com\/#website","url":"https:\/\/www.barberiayciencia.com\/","name":"1948 BARBERSCIENCE","description":"Alta Cosm\u00e9tica Capilar para Barbershops","publisher":{"@id":"https:\/\/www.barberiayciencia.com\/#organization"},"potentialAction":[{"@type":"SearchAction","target":{"@type":"EntryPoint","urlTemplate":"https:\/\/www.barberiayciencia.com\/?s={search_term_string}"},"query-input":{"@type":"PropertyValueSpecification","valueRequired":true,"valueName":"search_term_string"}}],"inLanguage":"en-US"},{"@type":"Organization","@id":"https:\/\/www.barberiayciencia.com\/#organization","name":"1948 BARBERSCIENCE","url":"https:\/\/www.barberiayciencia.com\/","logo":{"@type":"ImageObject","inLanguage":"en-US","@id":"https:\/\/www.barberiayciencia.com\/#\/schema\/logo\/image\/","url":"https:\/\/www.barberiayciencia.com\/wp-content\/uploads\/2023\/06\/logo-300x159bn.png","contentUrl":"https:\/\/www.barberiayciencia.com\/wp-content\/uploads\/2023\/06\/logo-300x159bn.png","width":300,"height":159,"caption":"1948 BARBERSCIENCE"},"image":{"@id":"https:\/\/www.barberiayciencia.com\/#\/schema\/logo\/image\/"},"sameAs":["https:\/\/www.facebook.com\/1948barberscience","https:\/\/www.instagram.com\/1948barberscience\/"]}]}},"_links":{"self":[{"href":"https:\/\/www.barberiayciencia.com\/en\/wp-json\/wp\/v2\/pages\/5610","targetHints":{"allow":["GET"]}}],"collection":[{"href":"https:\/\/www.barberiayciencia.com\/en\/wp-json\/wp\/v2\/pages"}],"about":[{"href":"https:\/\/www.barberiayciencia.com\/en\/wp-json\/wp\/v2\/types\/page"}],"author":[{"embeddable":true,"href":"https:\/\/www.barberiayciencia.com\/en\/wp-json\/wp\/v2\/users\/3"}],"replies":[{"embeddable":true,"href":"https:\/\/www.barberiayciencia.com\/en\/wp-json\/wp\/v2\/comments?post=5610"}],"version-history":[{"count":3,"href":"https:\/\/www.barberiayciencia.com\/en\/wp-json\/wp\/v2\/pages\/5610\/revisions"}],"predecessor-version":[{"id":5971,"href":"https:\/\/www.barberiayciencia.com\/en\/wp-json\/wp\/v2\/pages\/5610\/revisions\/5971"}],"wp:attachment":[{"href":"https:\/\/www.barberiayciencia.com\/en\/wp-json\/wp\/v2\/media?parent=5610"}],"curies":[{"name":"wp","href":"https:\/\/api.w.org\/{rel}","templated":true}]}}